{"id":20,"date":"2021-10-11T11:58:00","date_gmt":"2021-10-11T11:58:00","guid":{"rendered":"https:\/\/sic-lime.com\/?page_id=20"},"modified":"2022-03-08T08:51:49","modified_gmt":"2022-03-08T08:51:49","slug":"vision-e-mission","status":"publish","type":"page","link":"https:\/\/sic-lime.com\/it\/azienda\/vision-e-mission\/","title":{"rendered":"Vision e mission"},"content":{"rendered":"<h1><strong>AZIENDA<\/strong><\/h1>\n<p>\n    <a href=\"#\"><\/a>\n<\/p>\n<h2><span class=\"rosso\">V<\/span>ISION &#038; <span class=\"rosso\">M<\/span>ISSION<\/h2>\n<div>\n<p><span>Consideriamo il cliente il nostro pi\u00f9 grande patrimonio e la nostra pi\u00f9 importante\u00a0<\/span><strong>fonte di nuove\u00a0esperienze,<span>\u00a0<\/span><\/strong><span>idee e il nostro maggiore stimolo a migliorarci.<\/span><\/p>\n<p><span>Vogliamo che il nostro nome sia sempre<\/span><strong><span>\u00a0<\/span>sinonimo di professionalit\u00e0<span>\u00a0<\/span><\/strong><span>e che rappresenti nel mondo della calce il punto di riferimento.<\/span><\/p>\n<p><span>La risoluzione tempestiva ed efficace ai piccoli problemi dei nostri clienti deve trovare da parte di tutti noi lo stesso impegno che poniamo nell\u2019 esecuzione di un grande progetto.<\/span><\/p>\n<p><span>Il nostro impegno con i nostri clienti non si deve concludere con la firma del\u00a0<\/span><strong>performance test<\/strong><span>, ma questo deve essere solo il primo traguardo di un progetto e deve rappresentare l\u2019 inizio di un rapporto di crescita comune.<\/span><\/p>\n<p><span>Crediamo che\u00a0<\/span><strong>progettare un buon impianto<\/strong> <span>voglia dire, in modo tassativo, realizzare un impianto che rispetti l\u2019ambiente e sia sicuro per la salute di chi vi deve operare.<\/span><\/p>\n<p><span>Il coinvolgimento diretto della propriet\u00e0 aziendale nella gestione della societ\u00e0 rappresenta la garanzia di poter avere subito una risposta e trovare un interlocutore noto e motivato alla\u00a0<\/span><strong>ricerca della soluzione<span>\u00a0<\/span><\/strong><span>per la soddisfazione del cliente.<\/p>\n<p><\/span><\/div>\n<p><img decoding=\"async\" src=\"\/wp-content\/uploads\/2022\/02\/10-scaled.jpg\" alt=\"\"><\/p>\n<div>\n<p><strong><span class=\"rosso\">SIC<\/span> \u00e8 oggi<\/strong> uno dei leader mondiali nella progettazione e costruzione degli impianti e delle macchine per la produzione della calce e dei suoi derivati ed \u00e8 considerata dai suoi clienti, grazie alla sua vasta casistica di esperienze, il &#8220;lime problem solving&#8221; o fonte d&#8217;informazione sul mondo della calce. La nuova sede sociale costruita nel 2007, sin\u00a0dal progetto iniziale, nasce funzionale al tipo di attivit\u00e0 che <strong><span class=\"rosso\">SIC<\/span> <\/strong>svolge e soprattutto alla &#8220;filosofia&#8221; con cui tale attivit\u00e0 deve realizzarsi.<\/p>\n<p>La &#8220;casa&#8221; di <strong><span class=\"rosso\">SIC<\/span> <\/strong>\u00e8 posizionata alle porte della citt\u00e0 di Milano, una delle principali realt\u00e0 economiche e tecnologiche in Europa, la localizzazione nasce dalla necessit\u00e0 di per poter avere accesso a tutte le facilites che solo un grande centro internazionale come Milano pu\u00f2 offrire.<\/p>\n<p>Nell&#8217;ambito di oltre 1000 m2 di uffici trovano la loro collocazione: l\u2019ufficio tecnico \u2013 commerciale, l&#8217;ufficio di progettazione, il centro ricerche, il laboratorio per le prove chimiche e fisiche dei materiali e l&#8217;area controllo e collaudo delle macchine e dei materiali speciali.<\/p>\n<p>Realizzare tutte le attivit\u00e0 critiche in &#8220;casa&#8221;, sotto l\u2019attento controllo del nostro staff tecnico qualificato, pu\u00f2 apparire pi\u00f9 oneroso, ma vogliamo che tutte le funzioni ritenute strategiche siano concentrate presso la nostra sede con una catena di controllo e di responsabilit\u00e0 molto breve.<\/p>\n<p><span>Siamo convinti che la qualit\u00e0 ed il controllo portino complessivamente ad un grande beneficio economico nella realizzazione complessiva del <\/span>progetto per i nostri clienti e per <strong><span class=\"rosso\">SIC<\/span> <\/strong>in termini di ritorno\u00a0d&#8217; immagine.<\/p>\n<p><span>Il continuo sviluppo di<\/span><span>\u00a0tecnologie affini\u00a0<\/span>anche se differenti per alcune loro peculiarit\u00e0, \u00e8 voluto\u00a0per poter garantire ai nostri clienti che sempre, la nostra proposta sia il risultato di una scelta tecnologica e non meramente commerciale.<\/p>\n<\/div>\n<p><!--more--><br \/>\n<!-- {\"type\":\"layout\",\"children\":[{\"type\":\"section\",\"props\":{\"style\":\"default\",\"width\":\"default\",\"vertical_align\":\"middle\",\"title_position\":\"top-left\",\"title_rotation\":\"left\",\"title_breakpoint\":\"xl\",\"image_position\":\"center-center\",\"image\":\"wp-content\\\/uploads\\\/2021\\\/10\\\/christian-wiediger-QNpY_ce4qqA-unsplash-scaled.jpg\",\"header_transparent\":\"light\",\"padding\":\"large\",\"padding_remove_bottom\":true,\"css\":\".uk-container{\\nbackground: rgb(0,0,0);\\nbackground: linear-gradient(0deg, rgba(0,0,0,1) 0%, rgba(0,0,0,0) 53%);\\n    max-width: none;\\n}\",\"class\":\"prima-sezione\"},\"children\":[{\"type\":\"row\",\"children\":[{\"type\":\"column\",\"props\":{\"image_position\":\"center-center\",\"media_overlay_gradient\":\"\",\"vertical_align\":\"bottom\"},\"children\":[{\"type\":\"headline\",\"props\":{\"title_element\":\"h1\",\"content\":\"<strong>AZIENDA<\\\/strong>\",\"text_align\":\"center\",\"css\":\".el-element{\\n\\tcolor: #fff;\\n    text-shadow: 2px 2px 10px rgba(0,0,0,0.5);\\n}\",\"title_style\":\"heading-small\",\"margin_remove_bottom\":false,\"margin\":\"large\"}},{\"type\":\"button\",\"props\":{\"grid_column_gap\":\"small\",\"grid_row_gap\":\"small\",\"margin\":\"default\",\"text_align\":\"center\",\"css\":\"a{\\n\\tborder-radius: 40px;\\n    width: 60px;\\n    height: 60px;\\n    display: flex;\\n    align-items: center;\\n    border: 2px solid #fff;\\n    justify-content: center;\\n}\\n.el-content{\\n\\tpadding: 0px;\\n}\\nsvg{\\n\\twidth: 40px;\\n    height: 40px;\\n}\\n.el-element{\\n\\tposition: absolute;\\n    bottom: -30px;\\n    left: 50%;\\n    z-index: 99;\\n    transform: translate(-50%);\\n}\",\"class\":\"bottone-freccia\"},\"children\":[{\"type\":\"button_item\",\"props\":{\"button_style\":\"default\",\"icon_align\":\"left\",\"link\":\"#\",\"icon\":\"chevron-down\"}}]}]}]}],\"modified\":\"2021-10-27T07:57:33.371Z\",\"name\":\"top-azienda\"},{\"type\":\"section\",\"props\":{\"style\":\"default\",\"width\":\"default\",\"vertical_align\":\"middle\",\"title_position\":\"top-left\",\"title_rotation\":\"left\",\"title_breakpoint\":\"xl\",\"image_position\":\"center-center\"},\"children\":[{\"type\":\"row\",\"children\":[{\"type\":\"column\",\"props\":{\"image_position\":\"center-center\",\"media_overlay_gradient\":\"\"},\"children\":[{\"type\":\"breadcrumbs\",\"props\":{\"show_home\":true,\"show_current\":true}}]}]},{\"type\":\"row\",\"children\":[{\"type\":\"column\",\"props\":{\"image_position\":\"center-center\",\"media_overlay_gradient\":\"\"},\"children\":[{\"type\":\"headline\",\"props\":{\"title_element\":\"h2\",\"text_align\":\"center\",\"margin_remove_top\":true,\"content\":\"<span class=\\\"rosso\\\">V<\\\/span>ISION & <span class=\\\"rosso\\\">M<\\\/span>ISSION\"},\"modified\":\"2021-10-27T08:05:54.071Z\",\"name\":\"titoli\"}]}]},{\"type\":\"row\",\"props\":{\"layout\":\"1-2,1-2\"},\"children\":[{\"type\":\"column\",\"props\":{\"image_position\":\"center-center\",\"media_overlay_gradient\":\"\",\"width_medium\":\"1-2\"},\"children\":[{\"type\":\"text\",\"props\":{\"margin\":\"medium\",\"column_breakpoint\":\"m\",\"content\":\"\n\n<p><span>Consideriamo il cliente il nostro pi\\u00f9 grande patrimonio e la nostra pi\\u00f9 importante\\u00a0<\\\/span><strong>fonte di nuove\\u00a0esperienze,<span>\\u00a0<\\\/span><\\\/strong><span>idee e il nostro maggiore stimolo a migliorarci.<\\\/span><br \\\/><br \\\/><span>Vogliamo che il nostro nome sia sempre<\\\/span><strong><span>\\u00a0<\\\/span>sinonimo di professionalit\\u00e0<span>\\u00a0<\\\/span><\\\/strong><span>e che rappresenti nel mondo della calce il punto di riferimento.<\\\/span><br \\\/><br \\\/><span>La risoluzione tempestiva ed efficace ai piccoli problemi dei nostri clienti deve trovare da parte di tutti noi lo stesso impegno che poniamo nell\\u2019 esecuzione di un grande progetto.<\\\/span><br \\\/><br \\\/><span>Il nostro impegno con i nostri clienti non si deve concludere con la firma del\\u00a0<\\\/span><strong>performance test<\\\/strong><span>, ma questo deve essere solo il primo traguardo di un progetto e deve rappresentare l\\u2019 inizio di un rapporto di crescita comune.<\\\/span><br \\\/><br \\\/><span>Crediamo che\\u00a0<\\\/span><strong>progettare un buon impianto<\\\/strong> <span>voglia dire, in modo tassativo, realizzare un impianto che rispetti l\\u2019ambiente e sia sicuro per la salute di chi vi deve operare.<\\\/span><br \\\/><br \\\/><span>Il coinvolgimento diretto della propriet\\u00e0 aziendale nella gestione della societ\\u00e0 rappresenta la garanzia di poter avere subito una risposta e trovare un interlocutore noto e motivato alla\\u00a0<\\\/span><strong>ricerca della soluzione<span>\\u00a0<\\\/span><\\\/strong><span>per la soddisfazione del cliente.<br \\\/><br \\\/><\\\/span>\",\"text_align\":\"justify\"}}]},{\"type\":\"column\",\"props\":{\"image_position\":\"center-center\",\"media_overlay_gradient\":\"\",\"width_medium\":\"1-2\",\"vertical_align\":\"middle\"},\"children\":[{\"type\":\"image\",\"props\":{\"margin\":\"default\",\"image_svg_color\":\"emphasis\",\"image\":\"wp-content\\\/uploads\\\/2022\\\/02\\\/10-scaled.jpg\",\"image_width\":\"467\",\"text_align\":\"center\",\"image_height\":\"100%\"}}]}]},{\"type\":\"row\",\"props\":{\"row_gap\":\"small\"},\"children\":[{\"type\":\"column\",\"props\":{\"image_position\":\"center-center\",\"media_overlay_gradient\":\"\"},\"children\":[{\"type\":\"text\",\"props\":{\"margin\":\"default\",\"column_breakpoint\":\"m\",\"content\":\"\n\n<p><strong><span class=\\\"rosso\\\">SIC<\\\/span> \\u00e8 oggi<\\\/strong> uno dei leader mondiali nella progettazione e costruzione degli impianti e delle macchine per la produzione della calce e dei suoi derivati ed \\u00e8 considerata dai suoi clienti, grazie alla sua vasta casistica di esperienze, il \\\"lime problem solving\\\" o fonte d'informazione sul mondo della calce. La nuova sede sociale costruita nel 2007, sin\\u00a0dal progetto iniziale, nasce funzionale al tipo di attivit\\u00e0 che <strong><span class=\\\"rosso\\\">SIC<\\\/span> <\\\/strong>svolge e soprattutto alla \\\"filosofia\\\" con cui tale attivit\\u00e0 deve realizzarsi.<\\\/p>\\n\n\n<p>La \\\"casa\\\" di <strong><span class=\\\"rosso\\\">SIC<\\\/span> <\\\/strong>\\u00e8 posizionata alle porte della citt\\u00e0 di Milano, una delle principali realt\\u00e0 economiche e tecnologiche in Europa, la localizzazione nasce dalla necessit\\u00e0 di per poter avere accesso a tutte le facilites che solo un grande centro internazionale come Milano pu\\u00f2 offrire.<\\\/p>\\n\n\n<p>Nell'ambito di oltre 1000 m2 di uffici trovano la loro collocazione: l\\u2019ufficio tecnico \\u2013 commerciale, l'ufficio di progettazione, il centro ricerche, il laboratorio per le prove chimiche e fisiche dei materiali e l'area controllo e collaudo delle macchine e dei materiali speciali.<br \\\/><br \\\/>Realizzare tutte le attivit\\u00e0 critiche in \\\"casa\\\", sotto l\\u2019attento controllo del nostro staff tecnico qualificato, pu\\u00f2 apparire pi\\u00f9 oneroso, ma vogliamo che tutte le funzioni ritenute strategiche siano concentrate presso la nostra sede con una catena di controllo e di responsabilit\\u00e0 molto breve.<\\\/p>\\n\n\n<p><span>Siamo convinti che la qualit\\u00e0 ed il controllo portino complessivamente ad un grande beneficio economico nella realizzazione complessiva del <\\\/span>progetto per i nostri clienti e per <strong><span class=\\\"rosso\\\">SIC<\\\/span> <\\\/strong>in termini di ritorno\\u00a0d' immagine.<\\\/p>\\n\n\n<p><span>Il continuo sviluppo di<\\\/span><span>\\u00a0tecnologie affini\\u00a0<\\\/span>anche se differenti per alcune loro peculiarit\\u00e0, \\u00e8 voluto\\u00a0per poter garantire ai nostri clienti che sempre, la nostra proposta sia il risultato di una scelta tecnologica e non meramente commerciale.<\\\/p>\",\"text_align\":\"justify\",\"css\":\"@media only screen and (max-width:960px) {\\n    .el-element{\\n    margin-top:20px;\\n    }\\n}\"}}]}]}]}],\"version\":\"2.6.5\"} --><\/p>\n","protected":false},"excerpt":{"rendered":"<p>AZIENDA VISION &#038; MISSION Consideriamo il cliente il nostro pi\u00f9 grande patrimonio e la nostra pi\u00f9 importante\u00a0fonte di nuove\u00a0esperienze,\u00a0idee e il nostro maggiore stimolo a migliorarci. Vogliamo che il nostro nome sia sempre\u00a0sinonimo di professionalit\u00e0\u00a0e che rappresenti nel mondo della calce il punto di riferimento. La risoluzione tempestiva ed efficace ai piccoli problemi dei nostri [&hellip;]<\/p>\n","protected":false},"author":1,"featured_media":0,"parent":8,"menu_order":0,"comment_status":"closed","ping_status":"closed","template":"","meta":{"footnotes":""},"class_list":["post-20","page","type-page","status-publish","hentry"],"yoast_head":"<!-- This site is optimized with the Yoast SEO plugin v26.0 - https:\/\/yoast.com\/wordpress\/plugins\/seo\/ -->\n<title>Vision e mission - SIC Lime - Societ\u00e0 Impianti Calce S.r.l.<\/title>\n<meta name=\"robots\" content=\"index, follow, max-snippet:-1, max-image-preview:large, max-video-preview:-1\" \/>\n<link rel=\"canonical\" href=\"https:\/\/sic-lime.com\/it\/azienda\/vision-e-mission\/\" \/>\n<meta property=\"og:locale\" content=\"it_IT\" \/>\n<meta property=\"og:type\" content=\"article\" \/>\n<meta property=\"og:title\" content=\"Vision e mission - SIC Lime - Societ\u00e0 Impianti Calce S.r.l.\" \/>\n<meta property=\"og:description\" content=\"AZIENDA VISION &#038; MISSION Consideriamo il cliente il nostro pi\u00f9 grande patrimonio e la nostra pi\u00f9 importante\u00a0fonte di nuove\u00a0esperienze,\u00a0idee e il nostro maggiore stimolo a migliorarci. Vogliamo che il nostro nome sia sempre\u00a0sinonimo di professionalit\u00e0\u00a0e che rappresenti nel mondo della calce il punto di riferimento. La risoluzione tempestiva ed efficace ai piccoli problemi dei nostri [&hellip;]\" \/>\n<meta property=\"og:url\" content=\"https:\/\/sic-lime.com\/it\/azienda\/vision-e-mission\/\" \/>\n<meta property=\"og:site_name\" content=\"SIC Lime - Societ\u00e0 Impianti Calce S.r.l.\" \/>\n<meta property=\"article:publisher\" content=\"https:\/\/www.facebook.com\/SIC-Lime-Plants-and-Machines-Societ-Impianti-Calce-1667391000056560\/\" \/>\n<meta property=\"article:modified_time\" content=\"2022-03-08T08:51:49+00:00\" \/>\n<meta name=\"twitter:card\" content=\"summary_large_image\" \/>\n<meta name=\"twitter:label1\" content=\"Tempo di lettura stimato\" \/>\n\t<meta name=\"twitter:data1\" content=\"2 minuti\" \/>\n<script type=\"application\/ld+json\" class=\"yoast-schema-graph\">{\"@context\":\"https:\/\/schema.org\",\"@graph\":[{\"@type\":\"WebPage\",\"@id\":\"https:\/\/sic-lime.com\/it\/azienda\/vision-e-mission\/\",\"url\":\"https:\/\/sic-lime.com\/it\/azienda\/vision-e-mission\/\",\"name\":\"Vision e mission - SIC Lime - Societ\u00e0 Impianti Calce S.r.l.\",\"isPartOf\":{\"@id\":\"https:\/\/sic-lime.com\/fr\/#website\"},\"datePublished\":\"2021-10-11T11:58:00+00:00\",\"dateModified\":\"2022-03-08T08:51:49+00:00\",\"breadcrumb\":{\"@id\":\"https:\/\/sic-lime.com\/it\/azienda\/vision-e-mission\/#breadcrumb\"},\"inLanguage\":\"it-IT\",\"potentialAction\":[{\"@type\":\"ReadAction\",\"target\":[\"https:\/\/sic-lime.com\/it\/azienda\/vision-e-mission\/\"]}]},{\"@type\":\"BreadcrumbList\",\"@id\":\"https:\/\/sic-lime.com\/it\/azienda\/vision-e-mission\/#breadcrumb\",\"itemListElement\":[{\"@type\":\"ListItem\",\"position\":1,\"name\":\"Home\",\"item\":\"https:\/\/sic-lime.com\/it\/\"},{\"@type\":\"ListItem\",\"position\":2,\"name\":\"Azienda\",\"item\":\"https:\/\/sic-lime.com\/it\/azienda\/\"},{\"@type\":\"ListItem\",\"position\":3,\"name\":\"Vision e mission\"}]},{\"@type\":\"WebSite\",\"@id\":\"https:\/\/sic-lime.com\/fr\/#website\",\"url\":\"https:\/\/sic-lime.com\/fr\/\",\"name\":\"SIC Lime - Societ\u00e0 Impianti Calce S.r.l.\",\"description\":\"\",\"publisher\":{\"@id\":\"https:\/\/sic-lime.com\/fr\/#organization\"},\"potentialAction\":[{\"@type\":\"SearchAction\",\"target\":{\"@type\":\"EntryPoint\",\"urlTemplate\":\"https:\/\/sic-lime.com\/fr\/?s={search_term_string}\"},\"query-input\":{\"@type\":\"PropertyValueSpecification\",\"valueRequired\":true,\"valueName\":\"search_term_string\"}}],\"inLanguage\":\"it-IT\"},{\"@type\":\"Organization\",\"@id\":\"https:\/\/sic-lime.com\/fr\/#organization\",\"name\":\"SIC - Societ\u00e0 Impianti Calce S.r.l\",\"url\":\"https:\/\/sic-lime.com\/fr\/\",\"logo\":{\"@type\":\"ImageObject\",\"inLanguage\":\"it-IT\",\"@id\":\"https:\/\/sic-lime.com\/fr\/#\/schema\/logo\/image\/\",\"url\":\"https:\/\/sic-lime.com\/wp-content\/uploads\/2021\/10\/logo-rosso-nero.png\",\"contentUrl\":\"https:\/\/sic-lime.com\/wp-content\/uploads\/2021\/10\/logo-rosso-nero.png\",\"width\":685,\"height\":393,\"caption\":\"SIC - Societ\u00e0 Impianti Calce S.r.l\"},\"image\":{\"@id\":\"https:\/\/sic-lime.com\/fr\/#\/schema\/logo\/image\/\"},\"sameAs\":[\"https:\/\/www.facebook.com\/SIC-Lime-Plants-and-Machines-Societ-Impianti-Calce-1667391000056560\/\",\"https:\/\/www.linkedin.com\/company\/societ-impianti-calce-srl\/\"]}]}<\/script>\n<!-- \/ Yoast SEO plugin. -->","yoast_head_json":{"title":"Vision e mission - SIC Lime - Societ\u00e0 Impianti Calce S.r.l.","robots":{"index":"index","follow":"follow","max-snippet":"max-snippet:-1","max-image-preview":"max-image-preview:large","max-video-preview":"max-video-preview:-1"},"canonical":"https:\/\/sic-lime.com\/it\/azienda\/vision-e-mission\/","og_locale":"it_IT","og_type":"article","og_title":"Vision e mission - SIC Lime - Societ\u00e0 Impianti Calce S.r.l.","og_description":"AZIENDA VISION &#038; MISSION Consideriamo il cliente il nostro pi\u00f9 grande patrimonio e la nostra pi\u00f9 importante\u00a0fonte di nuove\u00a0esperienze,\u00a0idee e il nostro maggiore stimolo a migliorarci. Vogliamo che il nostro nome sia sempre\u00a0sinonimo di professionalit\u00e0\u00a0e che rappresenti nel mondo della calce il punto di riferimento. La risoluzione tempestiva ed efficace ai piccoli problemi dei nostri [&hellip;]","og_url":"https:\/\/sic-lime.com\/it\/azienda\/vision-e-mission\/","og_site_name":"SIC Lime - Societ\u00e0 Impianti Calce S.r.l.","article_publisher":"https:\/\/www.facebook.com\/SIC-Lime-Plants-and-Machines-Societ-Impianti-Calce-1667391000056560\/","article_modified_time":"2022-03-08T08:51:49+00:00","twitter_card":"summary_large_image","twitter_misc":{"Tempo di lettura stimato":"2 minuti"},"schema":{"@context":"https:\/\/schema.org","@graph":[{"@type":"WebPage","@id":"https:\/\/sic-lime.com\/it\/azienda\/vision-e-mission\/","url":"https:\/\/sic-lime.com\/it\/azienda\/vision-e-mission\/","name":"Vision e mission - SIC Lime - Societ\u00e0 Impianti Calce S.r.l.","isPartOf":{"@id":"https:\/\/sic-lime.com\/fr\/#website"},"datePublished":"2021-10-11T11:58:00+00:00","dateModified":"2022-03-08T08:51:49+00:00","breadcrumb":{"@id":"https:\/\/sic-lime.com\/it\/azienda\/vision-e-mission\/#breadcrumb"},"inLanguage":"it-IT","potentialAction":[{"@type":"ReadAction","target":["https:\/\/sic-lime.com\/it\/azienda\/vision-e-mission\/"]}]},{"@type":"BreadcrumbList","@id":"https:\/\/sic-lime.com\/it\/azienda\/vision-e-mission\/#breadcrumb","itemListElement":[{"@type":"ListItem","position":1,"name":"Home","item":"https:\/\/sic-lime.com\/it\/"},{"@type":"ListItem","position":2,"name":"Azienda","item":"https:\/\/sic-lime.com\/it\/azienda\/"},{"@type":"ListItem","position":3,"name":"Vision e mission"}]},{"@type":"WebSite","@id":"https:\/\/sic-lime.com\/fr\/#website","url":"https:\/\/sic-lime.com\/fr\/","name":"SIC Lime - Societ\u00e0 Impianti Calce S.r.l.","description":"","publisher":{"@id":"https:\/\/sic-lime.com\/fr\/#organization"},"potentialAction":[{"@type":"SearchAction","target":{"@type":"EntryPoint","urlTemplate":"https:\/\/sic-lime.com\/fr\/?s={search_term_string}"},"query-input":{"@type":"PropertyValueSpecification","valueRequired":true,"valueName":"search_term_string"}}],"inLanguage":"it-IT"},{"@type":"Organization","@id":"https:\/\/sic-lime.com\/fr\/#organization","name":"SIC - Societ\u00e0 Impianti Calce S.r.l","url":"https:\/\/sic-lime.com\/fr\/","logo":{"@type":"ImageObject","inLanguage":"it-IT","@id":"https:\/\/sic-lime.com\/fr\/#\/schema\/logo\/image\/","url":"https:\/\/sic-lime.com\/wp-content\/uploads\/2021\/10\/logo-rosso-nero.png","contentUrl":"https:\/\/sic-lime.com\/wp-content\/uploads\/2021\/10\/logo-rosso-nero.png","width":685,"height":393,"caption":"SIC - Societ\u00e0 Impianti Calce S.r.l"},"image":{"@id":"https:\/\/sic-lime.com\/fr\/#\/schema\/logo\/image\/"},"sameAs":["https:\/\/www.facebook.com\/SIC-Lime-Plants-and-Machines-Societ-Impianti-Calce-1667391000056560\/","https:\/\/www.linkedin.com\/company\/societ-impianti-calce-srl\/"]}]}},"_links":{"self":[{"href":"https:\/\/sic-lime.com\/it\/wp-json\/wp\/v2\/pages\/20","targetHints":{"allow":["GET"]}}],"collection":[{"href":"https:\/\/sic-lime.com\/it\/wp-json\/wp\/v2\/pages"}],"about":[{"href":"https:\/\/sic-lime.com\/it\/wp-json\/wp\/v2\/types\/page"}],"author":[{"embeddable":true,"href":"https:\/\/sic-lime.com\/it\/wp-json\/wp\/v2\/users\/1"}],"replies":[{"embeddable":true,"href":"https:\/\/sic-lime.com\/it\/wp-json\/wp\/v2\/comments?post=20"}],"version-history":[{"count":0,"href":"https:\/\/sic-lime.com\/it\/wp-json\/wp\/v2\/pages\/20\/revisions"}],"up":[{"embeddable":true,"href":"https:\/\/sic-lime.com\/it\/wp-json\/wp\/v2\/pages\/8"}],"wp:attachment":[{"href":"https:\/\/sic-lime.com\/it\/wp-json\/wp\/v2\/media?parent=20"}],"curies":[{"name":"wp","href":"https:\/\/api.w.org\/{rel}","templated":true}]}}