{"id":1437,"date":"2022-01-03T10:56:47","date_gmt":"2022-01-03T10:56:47","guid":{"rendered":"https:\/\/sic-lime.com\/tecnologie\/macchine-ed-equipaggiamenti\/separatori-a-vento-hps-2\/"},"modified":"2023-10-20T10:42:35","modified_gmt":"2023-10-20T08:42:35","slug":"separatori-a-vento-sep","status":"publish","type":"page","link":"https:\/\/sic-lime.com\/it\/tecnologie\/macchine-ed-equipaggiamenti\/separatori-a-vento-sep\/","title":{"rendered":"Separatori a Vento SEP"},"content":{"rendered":"<h1><strong>tecnologie<\/strong><\/h1>\n<p>\n    <a href=\"#\"><\/a>\n<\/p>\n<h2><span class=\"rosso\">M<\/span>acchine ed <span class=\"rosso\">e<\/span>quipaggiamenti<\/h2>\n<h3><span class=\"rosso\">S<\/span>eparatori a <span class=\"rosso\">V<\/span>ento <span class=\"rosso\">S<\/span>EP<\/h3>\n<p><img decoding=\"async\" src=\"\/wp-content\/uploads\/2022\/03\/sep.png\" alt=\"\"><\/p>\n<div>\n<p style=\"text-align: justify;\">I separatori a vento della serie <span class=\"rosso\">\u201c<strong>SEP<\/strong>\u201d<\/span> sono l\u2019ultima evoluzione del classico separatore a circolazione interna d\u2019aria.<\/p>\n<p style=\"text-align: justify;\">I molti anni di utilizzo nel campo della vagliatura dei minerali, la semplicit\u00e0 costruttiva, rendono questa macchina molto efficace ed affidabile nel tempo.<\/p>\n<\/div>\n<p><img decoding=\"async\" src=\"\/wp-content\/uploads\/2022\/01\/sep_2.jpeg\" alt=\"\"><\/p>\n<div>\n<p style=\"text-align: justify;\">Principali pregi dei separatori a vento tipo <strong><span class=\"rosso\">\u201cSEP\u201d<\/span><\/strong> sono il basso costo d\u2019investimento e la possibilit\u00e0 di lavorare grandi quantit\u00e0 di materiale per singola unit\u00e0 installata installate.<\/p>\n<p style=\"text-align: justify;\">Il loro principale campo d\u2019impiego \u00e8 nel range delle granulometrie d97 = 50\u00b5m \u00f7 d97 = 150 \u00b5m.<\/p>\n<\/div>\n<p><img decoding=\"async\" src=\"\/wp-content\/uploads\/2022\/01\/sep1.jpeg\" alt=\"\"><\/p>\n<div>\n<p style=\"text-align: justify;\">Alcuni accorgimenti come la possibilit\u00e0 di controllare la velocit\u00e0 di rotazione del ventilatore interno a mezzo di un inverter consente di poter regolare i valori di finezza del prodotto.<\/p>\n<\/div>\n<p><img decoding=\"async\" src=\"\/wp-content\/uploads\/2022\/03\/pag2_schema_separatori-SEP.jpg\" alt=\"\"><\/p>\n<p><!--more--><br \/>\n<!-- {\"name\":\"separatori\",\"type\":\"layout\",\"children\":[{\"type\":\"section\",\"props\":{\"class\":\"prima-sezione\",\"css\":\".uk-container{\\nbackground: rgb(0,0,0);\\nbackground: linear-gradient(0deg, rgba(0,0,0,1) 0%, rgba(0,0,0,0) 53%);\\n    max-width: none;\\n}\",\"header_transparent\":\"light\",\"image\":\"wp-content\\\/uploads\\\/2022\\\/02\\\/A-scaled.jpg\",\"image_position\":\"center-center\",\"padding\":\"large\",\"padding_remove_bottom\":true,\"style\":\"default\",\"title_breakpoint\":\"xl\",\"title_position\":\"top-left\",\"title_rotation\":\"left\",\"vertical_align\":\"middle\",\"width\":\"default\"},\"children\":[{\"type\":\"row\",\"children\":[{\"type\":\"column\",\"props\":{\"image_position\":\"center-center\",\"media_overlay_gradient\":\"\",\"position_sticky_breakpoint\":\"m\",\"vertical_align\":\"bottom\"},\"children\":[{\"type\":\"headline\",\"props\":{\"content\":\"<strong>tecnologie<\\\/strong>\",\"css\":\".el-element{\\n\\tcolor: #fff;\\n    text-shadow: 2px 2px 10px rgba(0,0,0,0.5);\\n}\",\"margin\":\"large\",\"margin_remove_bottom\":false,\"text_align\":\"center\",\"title_element\":\"h1\",\"title_style\":\"heading-small\"}},{\"type\":\"button\",\"props\":{\"class\":\"bottone-freccia\",\"css\":\"a{\\n\\tborder-radius: 40px;\\n    width: 60px;\\n    height: 60px;\\n    display: flex;\\n    align-items: center;\\n    border: 2px solid #fff;\\n    justify-content: center;\\n}\\n.el-content{\\n\\tpadding: 0px;\\n}\\nsvg{\\n\\twidth: 40px;\\n    height: 40px;\\n}\\n.el-element{\\n\\tposition: absolute;\\n    bottom: -30px;\\n    left: 50%;\\n    z-index: 99;\\n    transform: translate(-50%);\\n}\",\"grid_column_gap\":\"small\",\"grid_row_gap\":\"small\",\"margin\":\"default\",\"text_align\":\"center\"},\"children\":[{\"type\":\"button_item\",\"props\":{\"button_style\":\"default\",\"icon\":\"chevron-down\",\"icon_align\":\"left\",\"link\":\"#\"}}]}]}]}],\"modified\":\"2021-10-27T07:57:33.371Z\",\"name\":\"top-azienda\"},{\"type\":\"section\",\"props\":{\"image_position\":\"center-center\",\"style\":\"default\",\"title_breakpoint\":\"xl\",\"title_position\":\"top-left\",\"title_rotation\":\"left\",\"vertical_align\":\"middle\",\"width\":\"default\"},\"children\":[{\"type\":\"row\",\"children\":[{\"type\":\"column\",\"props\":{\"image_position\":\"center-center\",\"media_overlay_gradient\":\"\",\"position_sticky_breakpoint\":\"m\"},\"children\":[{\"type\":\"breadcrumbs\",\"props\":{\"show_current\":true,\"show_home\":true}}]}],\"props\":{\"margin\":\"medium\"}},{\"type\":\"row\",\"children\":[{\"type\":\"column\",\"props\":{\"image_position\":\"center-center\",\"media_overlay_gradient\":\"\",\"position_sticky_breakpoint\":\"m\"},\"children\":[{\"type\":\"headline\",\"props\":{\"content\":\"<span class=\\\"rosso\\\">M<\\\/span>acchine ed <span class=\\\"rosso\\\">e<\\\/span>quipaggiamenti\",\"margin_remove_top\":true,\"text_align\":\"center\",\"title_element\":\"h2\"},\"modified\":\"2021-10-27T08:05:54.071Z\",\"name\":\"titoli\"},{\"type\":\"headline\",\"props\":{\"content\":\"<span class=\\\"rosso\\\">S<\\\/span>eparatori a <span class=\\\"rosso\\\">V<\\\/span>ento <span class=\\\"rosso\\\">S<\\\/span>EP\",\"margin_remove_top\":true,\"text_align\":\"center\",\"title_element\":\"h3\"},\"modified\":\"2021-10-27T08:05:54.071Z\",\"name\":\"titoli\"}]}]},{\"type\":\"row\",\"props\":{\"layout\":\"1-4,3-4\"},\"children\":[{\"type\":\"column\",\"props\":{\"image_position\":\"center-center\",\"media_overlay_gradient\":\"\",\"position_sticky_breakpoint\":\"m\",\"width_medium\":\"1-4\"},\"children\":[{\"type\":\"image\",\"props\":{\"image\":\"wp-content\\\/uploads\\\/2022\\\/03\\\/sep.png\",\"image_height\":\"200\",\"image_svg_color\":\"emphasis\",\"image_width\":\"244.688\",\"margin\":\"default\",\"text_align\":\"center\"}}]},{\"type\":\"column\",\"props\":{\"image_position\":\"center-center\",\"media_overlay_gradient\":\"\",\"position_sticky_breakpoint\":\"m\",\"vertical_align\":\"middle\",\"width_medium\":\"3-4\"},\"children\":[{\"type\":\"text\",\"props\":{\"column_breakpoint\":\"m\",\"content\":\"\n\n<p style=\\\"text-align: justify;\\\">I separatori a vento della serie <span class=\\\"rosso\\\">\\u201c<strong>SEP<\\\/strong>\\u201d<\\\/span> sono l\\u2019ultima evoluzione del classico separatore a circolazione interna d\\u2019aria.<\\\/p>\\n\n\n<p style=\\\"text-align: justify;\\\">I molti anni di utilizzo nel campo della vagliatura dei minerali, la semplicit\\u00e0 costruttiva, rendono questa macchina molto efficace ed affidabile nel tempo.<\\\/p>\",\"margin\":\"default\"}}]}]},{\"type\":\"row\",\"props\":{\"layout\":\"1-4,3-4\"},\"children\":[{\"type\":\"column\",\"props\":{\"image_position\":\"center-center\",\"media_overlay_gradient\":\"\",\"order_first\":\"\",\"position_sticky_breakpoint\":\"m\",\"width_medium\":\"1-4\"},\"children\":[{\"type\":\"image\",\"props\":{\"image\":\"wp-content\\\/uploads\\\/2022\\\/01\\\/sep_2.jpeg\",\"image_height\":\"200\",\"image_svg_color\":\"emphasis\",\"image_width\":\"244.688\",\"margin\":\"default\",\"text_align\":\"center\"}}]},{\"type\":\"column\",\"props\":{\"image_position\":\"center-center\",\"media_overlay_gradient\":\"\",\"order_first\":\"m\",\"position_sticky_breakpoint\":\"m\",\"vertical_align\":\"middle\",\"width_medium\":\"3-4\"},\"children\":[{\"type\":\"text\",\"props\":{\"column_breakpoint\":\"m\",\"content\":\"\n\n<p style=\\\"text-align: justify;\\\">Principali pregi dei separatori a vento tipo <strong><span class=\\\"rosso\\\">\\u201cSEP\\u201d<\\\/span><\\\/strong> sono il basso costo d\\u2019investimento e la possibilit\\u00e0 di lavorare grandi quantit\\u00e0 di materiale per singola unit\\u00e0 installata installate.<\\\/p>\\n\n\n<p style=\\\"text-align: justify;\\\">Il loro principale campo d\\u2019impiego \\u00e8 nel range delle granulometrie d97 = 50\\u00b5m \\u00f7 d97 = 150 \\u00b5m.<\\\/p>\",\"margin\":\"default\"}}]}]},{\"type\":\"row\",\"props\":{\"layout\":\"1-4,3-4\"},\"children\":[{\"type\":\"column\",\"props\":{\"image_position\":\"center-center\",\"media_overlay_gradient\":\"\",\"position_sticky_breakpoint\":\"m\",\"width_medium\":\"1-4\"},\"children\":[{\"type\":\"image\",\"props\":{\"image\":\"wp-content\\\/uploads\\\/2022\\\/01\\\/sep1.jpeg\",\"image_height\":\"200\",\"image_svg_color\":\"emphasis\",\"image_width\":\"244.688\",\"margin\":\"default\",\"text_align\":\"center\"}}]},{\"type\":\"column\",\"props\":{\"image_position\":\"center-center\",\"media_overlay_gradient\":\"\",\"position_sticky_breakpoint\":\"m\",\"vertical_align\":\"middle\",\"width_medium\":\"3-4\"},\"children\":[{\"type\":\"text\",\"props\":{\"column_breakpoint\":\"m\",\"content\":\"\n\n<p style=\\\"text-align: justify;\\\">Alcuni accorgimenti come la possibilit\\u00e0 di controllare la velocit\\u00e0 di rotazione del ventilatore interno a mezzo di un inverter consente di poter regolare i valori di finezza del prodotto.<\\\/p>\",\"margin\":\"default\"}}]}]},{\"type\":\"row\",\"children\":[{\"type\":\"column\",\"props\":{\"image_position\":\"center-center\",\"media_overlay_gradient\":\"\",\"position_sticky_breakpoint\":\"m\",\"width_medium\":\"\"},\"children\":[{\"type\":\"image\",\"props\":{\"image\":\"wp-content\\\/uploads\\\/2022\\\/03\\\/pag2_schema_separatori-SEP.jpg\",\"image_svg_color\":\"emphasis\",\"margin\":\"medium\",\"text_align\":\"center\"}}]}]}]}],\"version\":\"3.0.25\"} --><\/p>\n","protected":false},"excerpt":{"rendered":"<p>tecnologie Macchine ed equipaggiamenti Separatori a Vento SEP I separatori a vento della serie \u201cSEP\u201d sono l\u2019ultima evoluzione del classico separatore a circolazione interna d\u2019aria. I molti anni di utilizzo nel campo della vagliatura dei minerali, la semplicit\u00e0 costruttiva, rendono questa macchina molto efficace ed affidabile nel tempo. Principali pregi dei separatori a vento tipo [&hellip;]<\/p>\n","protected":false},"author":1,"featured_media":0,"parent":37,"menu_order":0,"comment_status":"closed","ping_status":"closed","template":"","meta":{"footnotes":""},"class_list":["post-1437","page","type-page","status-publish","hentry"],"yoast_head":"<!-- This site is optimized with the Yoast SEO plugin v26.0 - https:\/\/yoast.com\/wordpress\/plugins\/seo\/ -->\n<title>Separatori a Vento SEP - SIC Lime - Societ\u00e0 Impianti Calce S.r.l.<\/title>\n<meta name=\"robots\" content=\"index, follow, max-snippet:-1, max-image-preview:large, max-video-preview:-1\" \/>\n<link rel=\"canonical\" href=\"https:\/\/sic-lime.com\/it\/tecnologie\/macchine-ed-equipaggiamenti\/separatori-a-vento-sep\/\" \/>\n<meta property=\"og:locale\" content=\"it_IT\" \/>\n<meta property=\"og:type\" content=\"article\" \/>\n<meta property=\"og:title\" content=\"Separatori a Vento SEP - SIC Lime - Societ\u00e0 Impianti Calce S.r.l.\" \/>\n<meta property=\"og:description\" content=\"tecnologie Macchine ed equipaggiamenti Separatori a Vento SEP I separatori a vento della serie \u201cSEP\u201d sono l\u2019ultima evoluzione del classico separatore a circolazione interna d\u2019aria. I molti anni di utilizzo nel campo della vagliatura dei minerali, la semplicit\u00e0 costruttiva, rendono questa macchina molto efficace ed affidabile nel tempo. Principali pregi dei separatori a vento tipo [&hellip;]\" \/>\n<meta property=\"og:url\" content=\"https:\/\/sic-lime.com\/it\/tecnologie\/macchine-ed-equipaggiamenti\/separatori-a-vento-sep\/\" \/>\n<meta property=\"og:site_name\" content=\"SIC Lime - Societ\u00e0 Impianti Calce S.r.l.\" \/>\n<meta property=\"article:publisher\" content=\"https:\/\/www.facebook.com\/SIC-Lime-Plants-and-Machines-Societ-Impianti-Calce-1667391000056560\/\" \/>\n<meta property=\"article:modified_time\" content=\"2023-10-20T08:42:35+00:00\" \/>\n<meta name=\"twitter:card\" content=\"summary_large_image\" \/>\n<meta name=\"twitter:label1\" content=\"Tempo di lettura stimato\" \/>\n\t<meta name=\"twitter:data1\" content=\"1 minuto\" \/>\n<script type=\"application\/ld+json\" class=\"yoast-schema-graph\">{\"@context\":\"https:\/\/schema.org\",\"@graph\":[{\"@type\":\"WebPage\",\"@id\":\"https:\/\/sic-lime.com\/it\/tecnologie\/macchine-ed-equipaggiamenti\/separatori-a-vento-sep\/\",\"url\":\"https:\/\/sic-lime.com\/it\/tecnologie\/macchine-ed-equipaggiamenti\/separatori-a-vento-sep\/\",\"name\":\"Separatori a Vento SEP - SIC Lime - Societ\u00e0 Impianti Calce S.r.l.\",\"isPartOf\":{\"@id\":\"https:\/\/sic-lime.com\/fr\/#website\"},\"datePublished\":\"2022-01-03T10:56:47+00:00\",\"dateModified\":\"2023-10-20T08:42:35+00:00\",\"breadcrumb\":{\"@id\":\"https:\/\/sic-lime.com\/it\/tecnologie\/macchine-ed-equipaggiamenti\/separatori-a-vento-sep\/#breadcrumb\"},\"inLanguage\":\"it-IT\",\"potentialAction\":[{\"@type\":\"ReadAction\",\"target\":[\"https:\/\/sic-lime.com\/it\/tecnologie\/macchine-ed-equipaggiamenti\/separatori-a-vento-sep\/\"]}]},{\"@type\":\"BreadcrumbList\",\"@id\":\"https:\/\/sic-lime.com\/it\/tecnologie\/macchine-ed-equipaggiamenti\/separatori-a-vento-sep\/#breadcrumb\",\"itemListElement\":[{\"@type\":\"ListItem\",\"position\":1,\"name\":\"Home\",\"item\":\"https:\/\/sic-lime.com\/it\/\"},{\"@type\":\"ListItem\",\"position\":2,\"name\":\"Tecnologie\",\"item\":\"https:\/\/sic-lime.com\/it\/tecnologie\/\"},{\"@type\":\"ListItem\",\"position\":3,\"name\":\"Macchine ed equipaggiamenti\",\"item\":\"https:\/\/sic-lime.com\/it\/tecnologie\/macchine-ed-equipaggiamenti\/\"},{\"@type\":\"ListItem\",\"position\":4,\"name\":\"Separatori a Vento SEP\"}]},{\"@type\":\"WebSite\",\"@id\":\"https:\/\/sic-lime.com\/fr\/#website\",\"url\":\"https:\/\/sic-lime.com\/fr\/\",\"name\":\"SIC Lime - Societ\u00e0 Impianti Calce S.r.l.\",\"description\":\"\",\"publisher\":{\"@id\":\"https:\/\/sic-lime.com\/fr\/#organization\"},\"potentialAction\":[{\"@type\":\"SearchAction\",\"target\":{\"@type\":\"EntryPoint\",\"urlTemplate\":\"https:\/\/sic-lime.com\/fr\/?s={search_term_string}\"},\"query-input\":{\"@type\":\"PropertyValueSpecification\",\"valueRequired\":true,\"valueName\":\"search_term_string\"}}],\"inLanguage\":\"it-IT\"},{\"@type\":\"Organization\",\"@id\":\"https:\/\/sic-lime.com\/fr\/#organization\",\"name\":\"SIC - Societ\u00e0 Impianti Calce S.r.l\",\"url\":\"https:\/\/sic-lime.com\/fr\/\",\"logo\":{\"@type\":\"ImageObject\",\"inLanguage\":\"it-IT\",\"@id\":\"https:\/\/sic-lime.com\/fr\/#\/schema\/logo\/image\/\",\"url\":\"https:\/\/sic-lime.com\/wp-content\/uploads\/2021\/10\/logo-rosso-nero.png\",\"contentUrl\":\"https:\/\/sic-lime.com\/wp-content\/uploads\/2021\/10\/logo-rosso-nero.png\",\"width\":685,\"height\":393,\"caption\":\"SIC - Societ\u00e0 Impianti Calce S.r.l\"},\"image\":{\"@id\":\"https:\/\/sic-lime.com\/fr\/#\/schema\/logo\/image\/\"},\"sameAs\":[\"https:\/\/www.facebook.com\/SIC-Lime-Plants-and-Machines-Societ-Impianti-Calce-1667391000056560\/\",\"https:\/\/www.linkedin.com\/company\/societ-impianti-calce-srl\/\"]}]}<\/script>\n<!-- \/ Yoast SEO plugin. -->","yoast_head_json":{"title":"Separatori a Vento SEP - SIC Lime - Societ\u00e0 Impianti Calce S.r.l.","robots":{"index":"index","follow":"follow","max-snippet":"max-snippet:-1","max-image-preview":"max-image-preview:large","max-video-preview":"max-video-preview:-1"},"canonical":"https:\/\/sic-lime.com\/it\/tecnologie\/macchine-ed-equipaggiamenti\/separatori-a-vento-sep\/","og_locale":"it_IT","og_type":"article","og_title":"Separatori a Vento SEP - SIC Lime - Societ\u00e0 Impianti Calce S.r.l.","og_description":"tecnologie Macchine ed equipaggiamenti Separatori a Vento SEP I separatori a vento della serie \u201cSEP\u201d sono l\u2019ultima evoluzione del classico separatore a circolazione interna d\u2019aria. I molti anni di utilizzo nel campo della vagliatura dei minerali, la semplicit\u00e0 costruttiva, rendono questa macchina molto efficace ed affidabile nel tempo. Principali pregi dei separatori a vento tipo [&hellip;]","og_url":"https:\/\/sic-lime.com\/it\/tecnologie\/macchine-ed-equipaggiamenti\/separatori-a-vento-sep\/","og_site_name":"SIC Lime - Societ\u00e0 Impianti Calce S.r.l.","article_publisher":"https:\/\/www.facebook.com\/SIC-Lime-Plants-and-Machines-Societ-Impianti-Calce-1667391000056560\/","article_modified_time":"2023-10-20T08:42:35+00:00","twitter_card":"summary_large_image","twitter_misc":{"Tempo di lettura stimato":"1 minuto"},"schema":{"@context":"https:\/\/schema.org","@graph":[{"@type":"WebPage","@id":"https:\/\/sic-lime.com\/it\/tecnologie\/macchine-ed-equipaggiamenti\/separatori-a-vento-sep\/","url":"https:\/\/sic-lime.com\/it\/tecnologie\/macchine-ed-equipaggiamenti\/separatori-a-vento-sep\/","name":"Separatori a Vento SEP - SIC Lime - Societ\u00e0 Impianti Calce S.r.l.","isPartOf":{"@id":"https:\/\/sic-lime.com\/fr\/#website"},"datePublished":"2022-01-03T10:56:47+00:00","dateModified":"2023-10-20T08:42:35+00:00","breadcrumb":{"@id":"https:\/\/sic-lime.com\/it\/tecnologie\/macchine-ed-equipaggiamenti\/separatori-a-vento-sep\/#breadcrumb"},"inLanguage":"it-IT","potentialAction":[{"@type":"ReadAction","target":["https:\/\/sic-lime.com\/it\/tecnologie\/macchine-ed-equipaggiamenti\/separatori-a-vento-sep\/"]}]},{"@type":"BreadcrumbList","@id":"https:\/\/sic-lime.com\/it\/tecnologie\/macchine-ed-equipaggiamenti\/separatori-a-vento-sep\/#breadcrumb","itemListElement":[{"@type":"ListItem","position":1,"name":"Home","item":"https:\/\/sic-lime.com\/it\/"},{"@type":"ListItem","position":2,"name":"Tecnologie","item":"https:\/\/sic-lime.com\/it\/tecnologie\/"},{"@type":"ListItem","position":3,"name":"Macchine ed equipaggiamenti","item":"https:\/\/sic-lime.com\/it\/tecnologie\/macchine-ed-equipaggiamenti\/"},{"@type":"ListItem","position":4,"name":"Separatori a Vento SEP"}]},{"@type":"WebSite","@id":"https:\/\/sic-lime.com\/fr\/#website","url":"https:\/\/sic-lime.com\/fr\/","name":"SIC Lime - Societ\u00e0 Impianti Calce S.r.l.","description":"","publisher":{"@id":"https:\/\/sic-lime.com\/fr\/#organization"},"potentialAction":[{"@type":"SearchAction","target":{"@type":"EntryPoint","urlTemplate":"https:\/\/sic-lime.com\/fr\/?s={search_term_string}"},"query-input":{"@type":"PropertyValueSpecification","valueRequired":true,"valueName":"search_term_string"}}],"inLanguage":"it-IT"},{"@type":"Organization","@id":"https:\/\/sic-lime.com\/fr\/#organization","name":"SIC - Societ\u00e0 Impianti Calce S.r.l","url":"https:\/\/sic-lime.com\/fr\/","logo":{"@type":"ImageObject","inLanguage":"it-IT","@id":"https:\/\/sic-lime.com\/fr\/#\/schema\/logo\/image\/","url":"https:\/\/sic-lime.com\/wp-content\/uploads\/2021\/10\/logo-rosso-nero.png","contentUrl":"https:\/\/sic-lime.com\/wp-content\/uploads\/2021\/10\/logo-rosso-nero.png","width":685,"height":393,"caption":"SIC - Societ\u00e0 Impianti Calce S.r.l"},"image":{"@id":"https:\/\/sic-lime.com\/fr\/#\/schema\/logo\/image\/"},"sameAs":["https:\/\/www.facebook.com\/SIC-Lime-Plants-and-Machines-Societ-Impianti-Calce-1667391000056560\/","https:\/\/www.linkedin.com\/company\/societ-impianti-calce-srl\/"]}]}},"_links":{"self":[{"href":"https:\/\/sic-lime.com\/it\/wp-json\/wp\/v2\/pages\/1437","targetHints":{"allow":["GET"]}}],"collection":[{"href":"https:\/\/sic-lime.com\/it\/wp-json\/wp\/v2\/pages"}],"about":[{"href":"https:\/\/sic-lime.com\/it\/wp-json\/wp\/v2\/types\/page"}],"author":[{"embeddable":true,"href":"https:\/\/sic-lime.com\/it\/wp-json\/wp\/v2\/users\/1"}],"replies":[{"embeddable":true,"href":"https:\/\/sic-lime.com\/it\/wp-json\/wp\/v2\/comments?post=1437"}],"version-history":[{"count":2,"href":"https:\/\/sic-lime.com\/it\/wp-json\/wp\/v2\/pages\/1437\/revisions"}],"predecessor-version":[{"id":6098,"href":"https:\/\/sic-lime.com\/it\/wp-json\/wp\/v2\/pages\/1437\/revisions\/6098"}],"up":[{"embeddable":true,"href":"https:\/\/sic-lime.com\/it\/wp-json\/wp\/v2\/pages\/37"}],"wp:attachment":[{"href":"https:\/\/sic-lime.com\/it\/wp-json\/wp\/v2\/media?parent=1437"}],"curies":[{"name":"wp","href":"https:\/\/api.w.org\/{rel}","templated":true}]}}