{"id":14,"date":"2021-10-11T11:56:53","date_gmt":"2021-10-11T11:56:53","guid":{"rendered":"https:\/\/sic-lime.com\/?page_id=14"},"modified":"2022-05-05T08:08:07","modified_gmt":"2022-05-05T08:08:07","slug":"servizi","status":"publish","type":"page","link":"https:\/\/sic-lime.com\/it\/servizi\/","title":{"rendered":"Servizi"},"content":{"rendered":"<h1><strong>SERVIZI<\/strong><\/h1>\n<p>\n    <a href=\"#\"><\/a>\n<\/p>\n<h2><span class=\"rosso\">S<\/span>ervizi<\/h2>\n<div>\n<p><strong><span class=\"rosso\">SIC<\/span> <\/strong>\u00e8 un riferimento per il mondo della calce a cui vi potete rivolgere per qualsiasi necessit\u00e0, certi di trovare sempre un\u2019assistenza tempestiva, cortesia e professionalit\u00e0.<\/p>\n<p>Assistenza fornita da chi :<\/p>\n<ul>\n<li>per oltre un secolo e mezzo \u00e8 stato produttore di calce ed ha gestito direttamente tre stabilimenti di produzione.<\/li>\n<li>conosce i reali problemi quotidiani di un impianto, per averli vissuti quotidianamente come gestori di cave<\/li>\n<li>ha maturato una conoscenza reale in campo trasformata poi in esperienza<\/li>\n<\/ul>\n<\/div>\n<h3><strong><span class=\"rosso\">S<\/span>PARE PARTS<\/strong><\/h3>\n<div>\n<p>Sappiamo quanto possa essere critico avere informazioni e pezzi di ricambio \u201con time\u201d.<\/p>\n<p>Un archivio storico di dati ci consente di poter rintracciare con sicurezza componenti dei nostri impianti anche se realizzati molti decenni fa.<\/p>\n<p>Conserviamo un archivio codificato di tutti i componenti forniti nei nostri impianti per una un\u2019univoca e rapida tracciabilit\u00e0 dei ricambi.<\/p>\n<p>Nel caso di obsolescenza di alcuni componenti, il nostro ufficio tecnico pu\u00f2 studiarvi soluzioni alternative o migliorative.<\/p>\n<\/div>\n<p><img decoding=\"async\" src=\"\/wp-content\/uploads\/2022\/03\/servizi-B.jpg\" alt=\"\"><br \/>\n<img decoding=\"async\" src=\"\/wp-content\/uploads\/2022\/03\/servizi-2b.jpg\" alt=\"\"><\/p>\n<h3><strong><span class=\"rosso\">A<\/span>NALISI DI LABORATORIO<\/strong><\/h3>\n<div>\n<p>Un laboratorio attrezzato interno ai nostri uffici ci consente di fare specifici test chimici , fisici e di simulazione industriale.<\/p>\n<p>Per le analisi o prove pi\u00f9 complesse siamo affiancati da laboratori specifici del Politecnico di Milano.<\/p>\n<p>Il nostro staff tecnico \u00e8 in grado di interpretare i valori puntuali provenienti dai laboratori traendone indicazioni applicative.<\/p>\n<\/div>\n<p><img decoding=\"async\" src=\"\/wp-content\/uploads\/2022\/05\/ANALISI-DI-LABORATORIO_foto.jpg\" alt=\"\"><br \/>\n<img decoding=\"async\" src=\"\/wp-content\/uploads\/2022\/03\/servizi-D.jpg\" alt=\"\"><\/p>\n<h3><strong><span class=\"rosso\">A<\/span>SSISTENZA TECNICA <\/strong><\/h3>\n<div>\n<p>Uno staff interdisciplinare altamente professionale e preparato \u00e8 sempre a disposizione della nostra clientela per assistenza da remoto o on site.<\/p>\n<p>In impianti gi\u00e0 esistenti,\u00a0 il nostro staff d\u2019ingegneri, pu\u00f2 compiere due diligence per valutare possibilit\u00e0 di ammodernamento o revamping degli impianti al fine di trovare soluzione a problemi o riportarli ad una redditivit\u00e0\u00a0<\/p>\n<\/div>\n<p><img decoding=\"async\" src=\"\/wp-content\/uploads\/2022\/03\/servizi-F.jpg\" alt=\"\"><br \/>\n<img decoding=\"async\" src=\"\/wp-content\/uploads\/2022\/03\/servizi-2F.jpg\" alt=\"\"><\/p>\n<h2><strong><span class=\"rosso\">C<\/span>ORSI DI FORMAZIONE \u2013 TRAINING<\/strong><\/h2>\n<div>\n<p><span>Organizziamo corsi e seminari di formazione, teorici e pratici, per i tecnici dei nostri clienti sia presso la nostra sede che on site.<\/span><\/p>\n<\/div>\n<p><img decoding=\"async\" src=\"\/wp-content\/uploads\/2022\/03\/servizi-G.jpg\" alt=\"\"><br \/>\n<img decoding=\"async\" src=\"\/wp-content\/uploads\/2022\/03\/pdf-H.jpg\" alt=\"\"><\/p>\n<p><!--more--><br \/>\n<!-- {\"name\":\"india\",\"type\":\"layout\",\"children\":[{\"type\":\"section\",\"props\":{\"style\":\"default\",\"width\":\"default\",\"vertical_align\":\"middle\",\"title_position\":\"top-left\",\"title_rotation\":\"left\",\"title_breakpoint\":\"xl\",\"image_position\":\"center-center\",\"image\":\"wp-content\\\/uploads\\\/2021\\\/10\\\/christian-wiediger-QNpY_ce4qqA-unsplash-scaled.jpg\",\"header_transparent\":\"light\",\"padding\":\"large\",\"padding_remove_bottom\":true,\"attributes\":\"\",\"css\":\".uk-container{\\nbackground: rgb(0,0,0);\\nbackground: linear-gradient(0deg, rgba(0,0,0,1) 0%, rgba(0,0,0,0) 53%);\\n    max-width: none;\\n}\",\"class\":\"prima-sezione\"},\"children\":[{\"type\":\"row\",\"children\":[{\"type\":\"column\",\"props\":{\"image_position\":\"center-center\",\"media_overlay_gradient\":\"\",\"vertical_align\":\"bottom\"},\"children\":[{\"type\":\"headline\",\"props\":{\"title_element\":\"h1\",\"content\":\"<strong>SERVIZI<\\\/strong>\",\"text_align\":\"center\",\"css\":\".el-element{\\n\\tcolor: #fff;\\n    text-shadow: 2px 2px 10px rgba(0,0,0,0.5);\\n}\",\"title_style\":\"heading-small\",\"margin_remove_bottom\":false,\"margin\":\"large\"}},{\"type\":\"button\",\"props\":{\"grid_column_gap\":\"small\",\"grid_row_gap\":\"small\",\"margin\":\"default\",\"text_align\":\"center\",\"css\":\"a{\\n\\tborder-radius: 40px;\\n    width: 60px;\\n    height: 60px;\\n    display: flex;\\n    align-items: center;\\n    border: 2px solid #fff;\\n    justify-content: center;\\n}\\n.el-content{\\n\\tpadding: 0px;\\n}\\nsvg{\\n\\twidth: 40px;\\n    height: 40px;\\n}\\n.el-element{\\n\\tposition: absolute;\\n    bottom: -30px;\\n    left: 50%;\\n    z-index: 99;\\n    transform: translate(-50%);\\n}\"},\"children\":[{\"type\":\"button_item\",\"props\":{\"button_style\":\"default\",\"icon_align\":\"left\",\"link\":\"#\",\"icon\":\"chevron-down\"}}]}]}]}],\"modified\":\"2021-10-27T07:57:33.371Z\",\"name\":\"top-azienda\"},{\"type\":\"section\",\"props\":{\"style\":\"default\",\"width\":\"default\",\"vertical_align\":\"middle\",\"title_position\":\"top-left\",\"title_rotation\":\"left\",\"title_breakpoint\":\"xl\",\"image_position\":\"center-center\",\"padding\":\"small\"},\"children\":[{\"type\":\"row\",\"children\":[{\"type\":\"column\",\"props\":{\"image_position\":\"center-center\",\"media_overlay_gradient\":\"\"},\"children\":[{\"type\":\"breadcrumbs\",\"props\":{\"show_home\":true,\"show_current\":true}}]}],\"props\":{\"margin_remove_top\":false,\"margin\":\"medium\"}},{\"type\":\"row\",\"children\":[{\"type\":\"column\",\"props\":{\"image_position\":\"center-center\",\"media_overlay_gradient\":\"\"},\"children\":[{\"type\":\"headline\",\"props\":{\"title_element\":\"h2\",\"text_align\":\"center\",\"margin_remove_top\":true,\"content\":\"<span class=\\\"rosso\\\">S<\\\/span>ervizi\"},\"modified\":\"2021-10-27T08:05:54.071Z\",\"name\":\"titoli\"}]}]},{\"type\":\"row\",\"props\":{\"margin\":\"medium\"},\"children\":[{\"type\":\"column\",\"props\":{\"image_position\":\"center-center\",\"media_overlay_gradient\":\"\",\"width_medium\":\"\",\"vertical_align\":\"middle\"},\"children\":[{\"type\":\"text\",\"props\":{\"margin\":\"default\",\"column_breakpoint\":\"m\",\"content\":\"\n\n<p><strong><span class=\\\"rosso\\\">SIC<\\\/span> <\\\/strong>\\u00e8 un riferimento per il mondo della calce a cui vi potete rivolgere per qualsiasi necessit\\u00e0, certi di trovare sempre un\\u2019assistenza tempestiva, cortesia e professionalit\\u00e0.<br \\\/><br \\\/>Assistenza fornita da chi :<\\\/p>\\n\n\n<ul>\\n\n\n<li>per oltre un secolo e mezzo \\u00e8 stato produttore di calce ed ha gestito direttamente tre stabilimenti di produzione.<\\\/li>\\n\n\n<li>conosce i reali problemi quotidiani di un impianto, per averli vissuti quotidianamente come gestori di cave<\\\/li>\\n\n\n<li>ha maturato una conoscenza reale in campo trasformata poi in esperienza<\\\/li>\\n<\\\/ul>\"}}]}]}]},{\"type\":\"section\",\"props\":{\"style\":\"default\",\"width\":\"default\",\"vertical_align\":\"middle\",\"title_position\":\"top-left\",\"title_rotation\":\"left\",\"title_breakpoint\":\"xl\",\"image_position\":\"center-center\",\"id\":\"spare\",\"padding\":\"small\",\"css\":\"@media(min-width: 960px){\\n    img{\\n        height: 350px!important;\\n        object-fit: cover;\\n        width: 100%;\\n    }\\n}\"},\"children\":[{\"type\":\"row\",\"children\":[{\"type\":\"column\",\"props\":{\"image_position\":\"center-center\",\"media_overlay_gradient\":\"\",\"style\":\"muted\",\"padding\":\"small\"},\"children\":[{\"type\":\"headline\",\"props\":{\"title_element\":\"h3\",\"margin_remove_top\":true,\"content\":\"<strong><span class=\\\"rosso\\\">S<\\\/span>PARE PARTS<\\\/strong>\"},\"modified\":\"2021-10-27T08:05:54.071Z\",\"name\":\"titoli\"},{\"type\":\"text\",\"props\":{\"margin\":\"default\",\"column_breakpoint\":\"m\",\"content\":\"\n\n<p>Sappiamo quanto possa essere critico avere informazioni e pezzi di ricambio \\u201con time\\u201d.<\\\/p>\\n\n\n<p>Un archivio storico di dati ci consente di poter rintracciare con sicurezza componenti dei nostri impianti anche se realizzati molti decenni fa.<\\\/p>\\n\n\n<p>Conserviamo un archivio codificato di tutti i componenti forniti nei nostri impianti per una un\\u2019univoca e rapida tracciabilit\\u00e0 dei ricambi.<\\\/p>\\n\n\n<p>Nel caso di obsolescenza di alcuni componenti, il nostro ufficio tecnico pu\\u00f2 studiarvi soluzioni alternative o migliorative.<\\\/p>\"}}]}]},{\"type\":\"row\",\"props\":{\"layout\":\"1-2,1-2\"},\"children\":[{\"type\":\"column\",\"props\":{\"image_position\":\"center-center\",\"media_overlay_gradient\":\"\",\"width_medium\":\"1-2\",\"vertical_align\":\"middle\"},\"children\":[{\"type\":\"image\",\"props\":{\"margin\":\"default\",\"image_svg_color\":\"emphasis\",\"image\":\"wp-content\\\/uploads\\\/2022\\\/03\\\/servizi-B.jpg\",\"image_width\":\"600\",\"text_align\":\"right\",\"text_align_breakpoint\":\"m\",\"text_align_fallback\":\"center\"}}]},{\"type\":\"column\",\"props\":{\"image_position\":\"center-center\",\"media_overlay_gradient\":\"\",\"width_medium\":\"1-2\",\"vertical_align\":\"middle\"},\"children\":[{\"type\":\"image\",\"props\":{\"margin\":\"default\",\"image_svg_color\":\"emphasis\",\"image\":\"wp-content\\\/uploads\\\/2022\\\/03\\\/servizi-2b.jpg\",\"image_width\":\"600\",\"text_align\":\"right\",\"text_align_breakpoint\":\"m\",\"text_align_fallback\":\"center\"}}]}]}],\"modified\":\"2022-03-22T10:35:48.915Z\",\"name\":\"spare parts\"},{\"type\":\"section\",\"props\":{\"style\":\"default\",\"width\":\"default\",\"vertical_align\":\"middle\",\"title_position\":\"top-left\",\"title_rotation\":\"left\",\"title_breakpoint\":\"xl\",\"image_position\":\"center-center\",\"id\":\"analisi\",\"padding\":\"small\",\"css\":\"@media(min-width: 960px){\\n    img{\\n        height: 350px!important;\\n        object-fit: cover;\\n        width: 100%;\\n    }\\n}\"},\"children\":[{\"type\":\"row\",\"children\":[{\"type\":\"column\",\"props\":{\"image_position\":\"center-center\",\"media_overlay_gradient\":\"\",\"style\":\"muted\",\"padding\":\"small\"},\"children\":[{\"type\":\"headline\",\"props\":{\"title_element\":\"h3\",\"margin_remove_top\":true,\"content\":\"<strong><span class=\\\"rosso\\\">A<\\\/span>NALISI DI LABORATORIO<\\\/strong>\"},\"modified\":\"2021-10-27T08:05:54.071Z\",\"name\":\"titoli\"},{\"type\":\"text\",\"props\":{\"margin\":\"default\",\"column_breakpoint\":\"m\",\"content\":\"\n\n<p>Un laboratorio attrezzato interno ai nostri uffici ci consente di fare specifici test chimici , fisici e di simulazione industriale.<\\\/p>\\n\n\n<p>Per le analisi o prove pi\\u00f9 complesse siamo affiancati da laboratori specifici del Politecnico di Milano.<\\\/p>\\n\n\n<p>Il nostro staff tecnico \\u00e8 in grado di interpretare i valori puntuali provenienti dai laboratori traendone indicazioni applicative.<\\\/p>\"}}]}]},{\"type\":\"row\",\"props\":{\"layout\":\"1-2,1-2\"},\"children\":[{\"type\":\"column\",\"props\":{\"image_position\":\"center-center\",\"media_overlay_gradient\":\"\",\"width_medium\":\"1-2\",\"vertical_align\":\"middle\"},\"children\":[{\"type\":\"image\",\"props\":{\"margin\":\"default\",\"image_svg_color\":\"emphasis\",\"image\":\"wp-content\\\/uploads\\\/2022\\\/05\\\/ANALISI-DI-LABORATORIO_foto.jpg\",\"image_width\":\"600\",\"text_align\":\"right\",\"text_align_breakpoint\":\"m\",\"text_align_fallback\":\"center\"}}]},{\"type\":\"column\",\"props\":{\"image_position\":\"center-center\",\"media_overlay_gradient\":\"\",\"width_medium\":\"1-2\"},\"children\":[{\"type\":\"image\",\"props\":{\"margin\":\"default\",\"image_svg_color\":\"emphasis\",\"image\":\"wp-content\\\/uploads\\\/2022\\\/03\\\/servizi-D.jpg\",\"image_width\":\"600\",\"text_align\":\"right\",\"text_align_breakpoint\":\"m\",\"text_align_fallback\":\"center\"}}]}]}],\"modified\":\"2022-03-22T10:35:48.915Z\",\"name\":\"analisi di laboratorio\"},{\"type\":\"section\",\"props\":{\"style\":\"default\",\"width\":\"default\",\"vertical_align\":\"middle\",\"title_position\":\"top-left\",\"title_rotation\":\"left\",\"title_breakpoint\":\"xl\",\"image_position\":\"center-center\",\"id\":\"assistenza-tecnica\",\"padding\":\"small\",\"css\":\"@media(min-width: 960px){\\n    img{\\n        height: 350px!important;\\n        object-fit: cover;\\n        width: 100%;\\n    }\\n}\",\"status\":\"\"},\"children\":[{\"type\":\"row\",\"children\":[{\"type\":\"column\",\"props\":{\"image_position\":\"center-center\",\"media_overlay_gradient\":\"\",\"style\":\"muted\",\"padding\":\"small\"},\"children\":[{\"type\":\"headline\",\"props\":{\"title_element\":\"h3\",\"margin_remove_top\":true,\"content\":\"<strong><span class=\\\"rosso\\\">A<\\\/span>SSISTENZA TECNICA <\\\/strong>\"},\"modified\":\"2021-10-27T08:05:54.071Z\",\"name\":\"titoli\"},{\"type\":\"text\",\"props\":{\"margin\":\"default\",\"column_breakpoint\":\"m\",\"content\":\"\n\n<p>Uno staff interdisciplinare altamente professionale e preparato \\u00e8 sempre a disposizione della nostra clientela per assistenza da remoto o on site.<\\\/p>\\n\n\n<p>In impianti gi\\u00e0 esistenti,\\u00a0 il nostro staff d\\u2019ingegneri, pu\\u00f2 compiere due diligence per valutare possibilit\\u00e0 di ammodernamento o revamping degli impianti al fine di trovare soluzione a problemi o riportarli ad una redditivit\\u00e0\\u00a0<\\\/p>\"}}]}]},{\"type\":\"row\",\"props\":{\"layout\":\"1-2,1-2\"},\"children\":[{\"type\":\"column\",\"props\":{\"image_position\":\"center-center\",\"media_overlay_gradient\":\"\",\"width_medium\":\"1-2\"},\"children\":[{\"type\":\"image\",\"props\":{\"margin\":\"default\",\"image_svg_color\":\"emphasis\",\"image\":\"wp-content\\\/uploads\\\/2022\\\/03\\\/servizi-F.jpg\",\"image_width\":\"600\",\"text_align\":\"right\",\"text_align_breakpoint\":\"m\",\"text_align_fallback\":\"center\"}}]},{\"type\":\"column\",\"props\":{\"image_position\":\"center-center\",\"media_overlay_gradient\":\"\",\"width_medium\":\"1-2\"},\"children\":[{\"type\":\"image\",\"props\":{\"margin\":\"default\",\"image_svg_color\":\"emphasis\",\"image\":\"wp-content\\\/uploads\\\/2022\\\/03\\\/servizi-2F.jpg\",\"image_width\":\"600\",\"text_align\":\"right\",\"text_align_breakpoint\":\"m\",\"text_align_fallback\":\"center\"}}]}]}],\"modified\":\"2022-03-22T10:35:48.915Z\",\"name\":\"assistenza tecnica\"},{\"type\":\"section\",\"props\":{\"style\":\"default\",\"width\":\"default\",\"vertical_align\":\"middle\",\"title_position\":\"top-left\",\"title_rotation\":\"left\",\"title_breakpoint\":\"xl\",\"image_position\":\"center-center\",\"id\":\"corsi-formazione\",\"css\":\"@media(min-width: 960px){\\n    img{\\n        height: 350px!important;\\n        object-fit: cover;\\n        width: 100%;\\n    }\\n}\",\"padding\":\"small\",\"status\":\"\"},\"children\":[{\"type\":\"row\",\"children\":[{\"type\":\"column\",\"props\":{\"image_position\":\"center-center\",\"media_overlay_gradient\":\"\",\"style\":\"muted\",\"padding\":\"small\"},\"children\":[{\"type\":\"headline\",\"props\":{\"title_element\":\"h2\",\"margin_remove_top\":true,\"content\":\"<strong><span class=\\\"rosso\\\">C<\\\/span>ORSI DI FORMAZIONE \\u2013 TRAINING<\\\/strong>\",\"title_style\":\"h3\"},\"modified\":\"2021-10-27T08:05:54.071Z\",\"name\":\"titoli\"},{\"type\":\"text\",\"props\":{\"margin\":\"default\",\"column_breakpoint\":\"m\",\"content\":\"\n\n<p><span>Organizziamo corsi e seminari di formazione, teorici e pratici, per i tecnici dei nostri clienti sia presso la nostra sede che on site.<\\\/span><\\\/p>\"}}]}]},{\"type\":\"row\",\"props\":{\"layout\":\"1-2,1-2\"},\"children\":[{\"type\":\"column\",\"props\":{\"image_position\":\"center-center\",\"media_overlay_gradient\":\"\",\"width_medium\":\"1-2\",\"vertical_align\":\"middle\"},\"children\":[{\"type\":\"image\",\"props\":{\"margin\":\"default\",\"image_svg_color\":\"emphasis\",\"image\":\"wp-content\\\/uploads\\\/2022\\\/03\\\/servizi-G.jpg\",\"image_width\":\"600\",\"text_align\":\"right\",\"text_align_breakpoint\":\"m\",\"text_align_fallback\":\"center\"}}]},{\"type\":\"column\",\"props\":{\"image_position\":\"center-center\",\"media_overlay_gradient\":\"\",\"width_medium\":\"1-2\",\"vertical_align\":\"middle\"},\"children\":[{\"type\":\"image\",\"props\":{\"margin\":\"default\",\"image_svg_color\":\"emphasis\",\"image\":\"wp-content\\\/uploads\\\/2022\\\/03\\\/pdf-H.jpg\",\"image_width\":\"600\",\"text_align\":\"right\",\"text_align_breakpoint\":\"m\",\"text_align_fallback\":\"center\"}}]}]}],\"modified\":\"2022-03-22T10:35:48.915Z\",\"name\":\"corsi formazione\"}],\"version\":\"2.6.5\"} --><\/p>\n","protected":false},"excerpt":{"rendered":"<p>SERVIZI Servizi SIC \u00e8 un riferimento per il mondo della calce a cui vi potete rivolgere per qualsiasi necessit\u00e0, certi di trovare sempre un\u2019assistenza tempestiva, cortesia e professionalit\u00e0. Assistenza fornita da chi : per oltre un secolo e mezzo \u00e8 stato produttore di calce ed ha gestito direttamente tre stabilimenti di produzione. conosce i reali [&hellip;]<\/p>\n","protected":false},"author":1,"featured_media":0,"parent":0,"menu_order":0,"comment_status":"closed","ping_status":"closed","template":"","meta":{"footnotes":""},"class_list":["post-14","page","type-page","status-publish","hentry"],"yoast_head":"<!-- This site is optimized with the Yoast SEO plugin v26.0 - https:\/\/yoast.com\/wordpress\/plugins\/seo\/ -->\n<title>Servizi - SIC Lime - Societ\u00e0 Impianti Calce S.r.l.<\/title>\n<meta name=\"robots\" content=\"index, follow, max-snippet:-1, max-image-preview:large, max-video-preview:-1\" \/>\n<link rel=\"canonical\" href=\"https:\/\/sic-lime.com\/it\/servizi\/\" \/>\n<meta property=\"og:locale\" content=\"it_IT\" \/>\n<meta property=\"og:type\" content=\"article\" \/>\n<meta property=\"og:title\" content=\"Servizi - SIC Lime - Societ\u00e0 Impianti Calce S.r.l.\" \/>\n<meta property=\"og:description\" content=\"SERVIZI Servizi SIC \u00e8 un riferimento per il mondo della calce a cui vi potete rivolgere per qualsiasi necessit\u00e0, certi di trovare sempre un\u2019assistenza tempestiva, cortesia e professionalit\u00e0. Assistenza fornita da chi : per oltre un secolo e mezzo \u00e8 stato produttore di calce ed ha gestito direttamente tre stabilimenti di produzione. conosce i reali [&hellip;]\" \/>\n<meta property=\"og:url\" content=\"https:\/\/sic-lime.com\/it\/servizi\/\" \/>\n<meta property=\"og:site_name\" content=\"SIC Lime - Societ\u00e0 Impianti Calce S.r.l.\" \/>\n<meta property=\"article:publisher\" content=\"https:\/\/www.facebook.com\/SIC-Lime-Plants-and-Machines-Societ-Impianti-Calce-1667391000056560\/\" \/>\n<meta property=\"article:modified_time\" content=\"2022-05-05T08:08:07+00:00\" \/>\n<meta name=\"twitter:card\" content=\"summary_large_image\" \/>\n<meta name=\"twitter:label1\" content=\"Tempo di lettura stimato\" \/>\n\t<meta name=\"twitter:data1\" content=\"1 minuto\" \/>\n<script type=\"application\/ld+json\" class=\"yoast-schema-graph\">{\"@context\":\"https:\/\/schema.org\",\"@graph\":[{\"@type\":\"WebPage\",\"@id\":\"https:\/\/sic-lime.com\/it\/servizi\/\",\"url\":\"https:\/\/sic-lime.com\/it\/servizi\/\",\"name\":\"Servizi - SIC Lime - Societ\u00e0 Impianti Calce S.r.l.\",\"isPartOf\":{\"@id\":\"https:\/\/sic-lime.com\/fr\/#website\"},\"datePublished\":\"2021-10-11T11:56:53+00:00\",\"dateModified\":\"2022-05-05T08:08:07+00:00\",\"breadcrumb\":{\"@id\":\"https:\/\/sic-lime.com\/it\/servizi\/#breadcrumb\"},\"inLanguage\":\"it-IT\",\"potentialAction\":[{\"@type\":\"ReadAction\",\"target\":[\"https:\/\/sic-lime.com\/it\/servizi\/\"]}]},{\"@type\":\"BreadcrumbList\",\"@id\":\"https:\/\/sic-lime.com\/it\/servizi\/#breadcrumb\",\"itemListElement\":[{\"@type\":\"ListItem\",\"position\":1,\"name\":\"Home\",\"item\":\"https:\/\/sic-lime.com\/it\/\"},{\"@type\":\"ListItem\",\"position\":2,\"name\":\"Servizi\"}]},{\"@type\":\"WebSite\",\"@id\":\"https:\/\/sic-lime.com\/fr\/#website\",\"url\":\"https:\/\/sic-lime.com\/fr\/\",\"name\":\"SIC Lime - Societ\u00e0 Impianti Calce S.r.l.\",\"description\":\"\",\"publisher\":{\"@id\":\"https:\/\/sic-lime.com\/fr\/#organization\"},\"potentialAction\":[{\"@type\":\"SearchAction\",\"target\":{\"@type\":\"EntryPoint\",\"urlTemplate\":\"https:\/\/sic-lime.com\/fr\/?s={search_term_string}\"},\"query-input\":{\"@type\":\"PropertyValueSpecification\",\"valueRequired\":true,\"valueName\":\"search_term_string\"}}],\"inLanguage\":\"it-IT\"},{\"@type\":\"Organization\",\"@id\":\"https:\/\/sic-lime.com\/fr\/#organization\",\"name\":\"SIC - Societ\u00e0 Impianti Calce S.r.l\",\"url\":\"https:\/\/sic-lime.com\/fr\/\",\"logo\":{\"@type\":\"ImageObject\",\"inLanguage\":\"it-IT\",\"@id\":\"https:\/\/sic-lime.com\/fr\/#\/schema\/logo\/image\/\",\"url\":\"https:\/\/sic-lime.com\/wp-content\/uploads\/2021\/10\/logo-rosso-nero.png\",\"contentUrl\":\"https:\/\/sic-lime.com\/wp-content\/uploads\/2021\/10\/logo-rosso-nero.png\",\"width\":685,\"height\":393,\"caption\":\"SIC - Societ\u00e0 Impianti Calce S.r.l\"},\"image\":{\"@id\":\"https:\/\/sic-lime.com\/fr\/#\/schema\/logo\/image\/\"},\"sameAs\":[\"https:\/\/www.facebook.com\/SIC-Lime-Plants-and-Machines-Societ-Impianti-Calce-1667391000056560\/\",\"https:\/\/www.linkedin.com\/company\/societ-impianti-calce-srl\/\"]}]}<\/script>\n<!-- \/ Yoast SEO plugin. -->","yoast_head_json":{"title":"Servizi - SIC Lime - Societ\u00e0 Impianti Calce S.r.l.","robots":{"index":"index","follow":"follow","max-snippet":"max-snippet:-1","max-image-preview":"max-image-preview:large","max-video-preview":"max-video-preview:-1"},"canonical":"https:\/\/sic-lime.com\/it\/servizi\/","og_locale":"it_IT","og_type":"article","og_title":"Servizi - SIC Lime - Societ\u00e0 Impianti Calce S.r.l.","og_description":"SERVIZI Servizi SIC \u00e8 un riferimento per il mondo della calce a cui vi potete rivolgere per qualsiasi necessit\u00e0, certi di trovare sempre un\u2019assistenza tempestiva, cortesia e professionalit\u00e0. Assistenza fornita da chi : per oltre un secolo e mezzo \u00e8 stato produttore di calce ed ha gestito direttamente tre stabilimenti di produzione. conosce i reali [&hellip;]","og_url":"https:\/\/sic-lime.com\/it\/servizi\/","og_site_name":"SIC Lime - Societ\u00e0 Impianti Calce S.r.l.","article_publisher":"https:\/\/www.facebook.com\/SIC-Lime-Plants-and-Machines-Societ-Impianti-Calce-1667391000056560\/","article_modified_time":"2022-05-05T08:08:07+00:00","twitter_card":"summary_large_image","twitter_misc":{"Tempo di lettura stimato":"1 minuto"},"schema":{"@context":"https:\/\/schema.org","@graph":[{"@type":"WebPage","@id":"https:\/\/sic-lime.com\/it\/servizi\/","url":"https:\/\/sic-lime.com\/it\/servizi\/","name":"Servizi - SIC Lime - Societ\u00e0 Impianti Calce S.r.l.","isPartOf":{"@id":"https:\/\/sic-lime.com\/fr\/#website"},"datePublished":"2021-10-11T11:56:53+00:00","dateModified":"2022-05-05T08:08:07+00:00","breadcrumb":{"@id":"https:\/\/sic-lime.com\/it\/servizi\/#breadcrumb"},"inLanguage":"it-IT","potentialAction":[{"@type":"ReadAction","target":["https:\/\/sic-lime.com\/it\/servizi\/"]}]},{"@type":"BreadcrumbList","@id":"https:\/\/sic-lime.com\/it\/servizi\/#breadcrumb","itemListElement":[{"@type":"ListItem","position":1,"name":"Home","item":"https:\/\/sic-lime.com\/it\/"},{"@type":"ListItem","position":2,"name":"Servizi"}]},{"@type":"WebSite","@id":"https:\/\/sic-lime.com\/fr\/#website","url":"https:\/\/sic-lime.com\/fr\/","name":"SIC Lime - Societ\u00e0 Impianti Calce S.r.l.","description":"","publisher":{"@id":"https:\/\/sic-lime.com\/fr\/#organization"},"potentialAction":[{"@type":"SearchAction","target":{"@type":"EntryPoint","urlTemplate":"https:\/\/sic-lime.com\/fr\/?s={search_term_string}"},"query-input":{"@type":"PropertyValueSpecification","valueRequired":true,"valueName":"search_term_string"}}],"inLanguage":"it-IT"},{"@type":"Organization","@id":"https:\/\/sic-lime.com\/fr\/#organization","name":"SIC - Societ\u00e0 Impianti Calce S.r.l","url":"https:\/\/sic-lime.com\/fr\/","logo":{"@type":"ImageObject","inLanguage":"it-IT","@id":"https:\/\/sic-lime.com\/fr\/#\/schema\/logo\/image\/","url":"https:\/\/sic-lime.com\/wp-content\/uploads\/2021\/10\/logo-rosso-nero.png","contentUrl":"https:\/\/sic-lime.com\/wp-content\/uploads\/2021\/10\/logo-rosso-nero.png","width":685,"height":393,"caption":"SIC - Societ\u00e0 Impianti Calce S.r.l"},"image":{"@id":"https:\/\/sic-lime.com\/fr\/#\/schema\/logo\/image\/"},"sameAs":["https:\/\/www.facebook.com\/SIC-Lime-Plants-and-Machines-Societ-Impianti-Calce-1667391000056560\/","https:\/\/www.linkedin.com\/company\/societ-impianti-calce-srl\/"]}]}},"_links":{"self":[{"href":"https:\/\/sic-lime.com\/it\/wp-json\/wp\/v2\/pages\/14","targetHints":{"allow":["GET"]}}],"collection":[{"href":"https:\/\/sic-lime.com\/it\/wp-json\/wp\/v2\/pages"}],"about":[{"href":"https:\/\/sic-lime.com\/it\/wp-json\/wp\/v2\/types\/page"}],"author":[{"embeddable":true,"href":"https:\/\/sic-lime.com\/it\/wp-json\/wp\/v2\/users\/1"}],"replies":[{"embeddable":true,"href":"https:\/\/sic-lime.com\/it\/wp-json\/wp\/v2\/comments?post=14"}],"version-history":[{"count":0,"href":"https:\/\/sic-lime.com\/it\/wp-json\/wp\/v2\/pages\/14\/revisions"}],"wp:attachment":[{"href":"https:\/\/sic-lime.com\/it\/wp-json\/wp\/v2\/media?parent=14"}],"curies":[{"name":"wp","href":"https:\/\/api.w.org\/{rel}","templated":true}]}}