{"id":1173,"date":"2021-11-17T11:12:17","date_gmt":"2021-11-17T11:12:17","guid":{"rendered":"https:\/\/sic-lime.com\/?page_id=1173"},"modified":"2022-05-05T08:44:56","modified_gmt":"2022-05-05T08:44:56","slug":"green","status":"publish","type":"page","link":"https:\/\/sic-lime.com\/it\/green\/","title":{"rendered":"Green"},"content":{"rendered":"<h1><strong>green<\/strong><\/h1>\n<p>\n    <a href=\"#\"><\/a>\n<\/p>\n<h2><span class=\"rosso\">g<\/span>reen<\/h2>\n<div>\n<p>Gli uffici <strong class=\"rosso\">SIC<\/strong> sono posizionati in prossimit\u00e0 di Milano, la pi\u00f9 grande citt\u00e0 industriale e tecnologica d\u2019Italia, per poter avere facile accesso e scambio con tutti i poli di ricerca pi\u00f9 avanzati.<\/p>\n<p>Gli uffici sono stati per\u00f2 realizzati all\u2019interno di un\u2019oasi naturalistica protetta denominata \u201cparco agricolo Sud\u201d nella quale sono stringenti le regolamentazioni ambientali che devono essere rispettate dalle aziende.<\/p>\n<p>Da molti anni ormai <strong class=\"rosso\">SIC<\/strong> lavora per studiare soluzioni tecnologiche che, pur rispettando le necessit\u00e0 di redditivit\u00e0 economica degli impianti, possano operare nel rispetto dell\u2019ambiente.<\/p>\n<\/div>\n<div>\n<p><strong class=\"rosso\">SIC<\/strong> collabora con i principali player mondiale nella realizzazione d\u2019impianti per il trattamento dei fumi e delle acque inquinante.<\/p>\n<ul>\n<li>Impianti d\u2019idratazione per la produzione di idrossido ad alta superficie specifica.<\/li>\n<li>Impianti produzione latte di calce.<\/li>\n<li>Impianti micronizzazione del bicarbonato di sodio per la neutralizzazione dei gas con il processo Solvay.<\/li>\n<li>Impianti di dissoluzione dell\u2019idrato di calce ed arricchimento con carboni attivi.<\/li>\n<\/ul>\n<p>Grazie al suo grande bagaglio di storia della calce <strong class=\"rosso\">SIC<\/strong> collabora con le principali Universit\u00e0 Italiane e centri di ricerca per la riscoperta di materiali tradizionali utilizzati per il restauro o per le bio costruzioni con materiali a basso impatto ambientale.<\/p>\n<ul>\n<li>Grassello di calce<\/li>\n<li>Malte umide<\/li>\n<li>Stucchi veneziani<\/li>\n<li>Pitture a base calce<\/li>\n<li>Calce idraulica<\/li>\n<\/ul>\n<\/div>\n<p><img decoding=\"async\" src=\"\/wp-content\/uploads\/2022\/05\/SIC_FGN-WWT-Eng.jpg\" alt=\"\"><br \/>\n<img decoding=\"async\" src=\"\/wp-content\/uploads\/2022\/05\/Integrated-dedusting-system-Eng.jpg\" alt=\"\"><\/p>\n<p><!--more--><br \/>\n<!-- {\"name\":\"forno singolo tino\",\"type\":\"layout\",\"children\":[{\"type\":\"section\",\"props\":{\"style\":\"default\",\"width\":\"default\",\"vertical_align\":\"middle\",\"title_position\":\"top-left\",\"title_rotation\":\"left\",\"title_breakpoint\":\"xl\",\"image_position\":\"center-center\",\"image\":\"wp-content\\\/uploads\\\/2022\\\/05\\\/green.jpg\",\"header_transparent\":\"light\",\"padding\":\"large\",\"padding_remove_bottom\":true,\"css\":\".uk-container{\\nbackground: rgb(0,0,0);\\nbackground: linear-gradient(0deg, rgba(0,0,0,1) 0%, rgba(0,0,0,0) 53%);\\n    max-width: none;\\n}\",\"class\":\"prima-sezione\",\"image_size\":\"cover\",\"media_overlay\":\"rgba(0, 0, 0, 0.22)\"},\"children\":[{\"type\":\"row\",\"children\":[{\"type\":\"column\",\"props\":{\"image_position\":\"center-center\",\"media_overlay_gradient\":\"\",\"vertical_align\":\"bottom\"},\"children\":[{\"type\":\"headline\",\"props\":{\"title_element\":\"h1\",\"content\":\"<strong>green<\\\/strong>\",\"text_align\":\"center\",\"css\":\".el-element{\\n\\tcolor: #fff;\\n    text-shadow: 2px 2px 10px rgba(0,0,0,0.5);\\n}\",\"title_style\":\"heading-small\",\"margin_remove_bottom\":false,\"margin\":\"large\"}},{\"type\":\"button\",\"props\":{\"grid_column_gap\":\"small\",\"grid_row_gap\":\"small\",\"margin\":\"default\",\"text_align\":\"center\",\"css\":\"a{\\n\\tborder-radius: 40px;\\n    width: 60px;\\n    height: 60px;\\n    display: flex;\\n    align-items: center;\\n    border: 2px solid #fff;\\n    justify-content: center;\\n}\\n.el-content{\\n\\tpadding: 0px;\\n}\\nsvg{\\n\\twidth: 40px;\\n    height: 40px;\\n}\\n.el-element{\\n\\tposition: absolute;\\n    bottom: -30px;\\n    left: 50%;\\n    z-index: 99;\\n    transform: translate(-50%);\\n}\",\"class\":\"bottone-freccia\"},\"children\":[{\"type\":\"button_item\",\"props\":{\"button_style\":\"default\",\"icon_align\":\"left\",\"link\":\"#\",\"icon\":\"chevron-down\"}}]}]}]}],\"modified\":\"2021-10-27T07:57:33.371Z\",\"name\":\"top-azienda\"},{\"type\":\"section\",\"props\":{\"style\":\"default\",\"width\":\"default\",\"vertical_align\":\"middle\",\"title_position\":\"top-left\",\"title_rotation\":\"left\",\"title_breakpoint\":\"xl\",\"image_position\":\"center-center\"},\"children\":[{\"type\":\"row\",\"children\":[{\"type\":\"column\",\"props\":{\"image_position\":\"center-center\",\"media_overlay_gradient\":\"\"},\"children\":[{\"type\":\"breadcrumbs\",\"props\":{\"show_home\":true,\"show_current\":true}}]}]},{\"type\":\"row\",\"children\":[{\"type\":\"column\",\"props\":{\"image_position\":\"center-center\",\"media_overlay_gradient\":\"\"},\"children\":[{\"type\":\"headline\",\"props\":{\"title_element\":\"h2\",\"text_align\":\"center\",\"margin_remove_top\":true,\"content\":\"<span class=\\\"rosso\\\">g<\\\/span>reen\"},\"modified\":\"2021-10-27T08:05:54.071Z\",\"name\":\"titoli\"},{\"type\":\"text\",\"props\":{\"margin\":\"default\",\"column_breakpoint\":\"m\",\"content\":\"\n\n<p>Gli uffici <strong class=\\\"rosso\\\">SIC<\\\/strong> sono posizionati in prossimit\\u00e0 di Milano, la pi\\u00f9 grande citt\\u00e0 industriale e tecnologica d\\u2019Italia, per poter avere facile accesso e scambio con tutti i poli di ricerca pi\\u00f9 avanzati.<\\\/p>\\n\n\n<p>Gli uffici sono stati per\\u00f2 realizzati all\\u2019interno di un\\u2019oasi naturalistica protetta denominata \\u201cparco agricolo Sud\\u201d nella quale sono stringenti le regolamentazioni ambientali che devono essere rispettate dalle aziende.<\\\/p>\\n\n\n<p>Da molti anni ormai <strong class=\\\"rosso\\\">SIC<\\\/strong> lavora per studiare soluzioni tecnologiche che, pur rispettando le necessit\\u00e0 di redditivit\\u00e0 economica degli impianti, possano operare nel rispetto dell\\u2019ambiente.<\\\/p>\",\"text_align\":\"justify\"}},{\"type\":\"text\",\"props\":{\"margin\":\"default\",\"column_breakpoint\":\"m\",\"content\":\"\n\n<p><strong class=\\\"rosso\\\">SIC<\\\/strong> collabora con i principali player mondiale nella realizzazione d\\u2019impianti per il trattamento dei fumi e delle acque inquinante.<\\\/p>\\n\n\n<ul>\\n\n\n<li>Impianti d\\u2019idratazione per la produzione di idrossido ad alta superficie specifica.<\\\/li>\\n\n\n<li>Impianti produzione latte di calce.<\\\/li>\\n\n\n<li>Impianti micronizzazione del bicarbonato di sodio per la neutralizzazione dei gas con il processo Solvay.<\\\/li>\\n\n\n<li>Impianti di dissoluzione dell\\u2019idrato di calce ed arricchimento con carboni attivi.<\\\/li>\\n<\\\/ul>\\n\n\n<p>Grazie al suo grande bagaglio di storia della calce <strong class=\\\"rosso\\\">SIC<\\\/strong> collabora con le principali Universit\\u00e0 Italiane e centri di ricerca per la riscoperta di materiali tradizionali utilizzati per il restauro o per le bio costruzioni con materiali a basso impatto ambientale.<\\\/p>\\n\n\n<ul>\\n\n\n<li>Grassello di calce<\\\/li>\\n\n\n<li>Malte umide<\\\/li>\\n\n\n<li>Stucchi veneziani<\\\/li>\\n\n\n<li>Pitture a base calce<\\\/li>\\n\n\n<li>Calce idraulica<\\\/li>\\n<\\\/ul>\",\"text_align\":\"justify\"}}]}]},{\"type\":\"row\",\"props\":{\"layout\":\"1-2,1-2\"},\"children\":[{\"type\":\"column\",\"props\":{\"image_position\":\"center-center\",\"media_overlay_gradient\":\"\",\"width_medium\":\"1-2\"},\"children\":[{\"type\":\"image\",\"props\":{\"margin\":\"default\",\"image_svg_color\":\"emphasis\",\"image\":\"wp-content\\\/uploads\\\/2022\\\/05\\\/SIC_FGN-WWT-Eng.jpg\"}}]},{\"type\":\"column\",\"props\":{\"image_position\":\"center-center\",\"media_overlay_gradient\":\"\",\"width_medium\":\"1-2\"},\"children\":[{\"type\":\"image\",\"props\":{\"margin\":\"default\",\"image_svg_color\":\"emphasis\",\"image\":\"wp-content\\\/uploads\\\/2022\\\/05\\\/Integrated-dedusting-system-Eng.jpg\"}}]}]}]}],\"version\":\"2.6.5\"} --><\/p>\n","protected":false},"excerpt":{"rendered":"<p>green green Gli uffici SIC sono posizionati in prossimit\u00e0 di Milano, la pi\u00f9 grande citt\u00e0 industriale e tecnologica d\u2019Italia, per poter avere facile accesso e scambio con tutti i poli di ricerca pi\u00f9 avanzati. Gli uffici sono stati per\u00f2 realizzati all\u2019interno di un\u2019oasi naturalistica protetta denominata \u201cparco agricolo Sud\u201d nella quale sono stringenti le regolamentazioni [&hellip;]<\/p>\n","protected":false},"author":1,"featured_media":0,"parent":0,"menu_order":0,"comment_status":"closed","ping_status":"closed","template":"","meta":{"footnotes":""},"class_list":["post-1173","page","type-page","status-publish","hentry"],"yoast_head":"<!-- This site is optimized with the Yoast SEO plugin v26.0 - https:\/\/yoast.com\/wordpress\/plugins\/seo\/ -->\n<title>Green - SIC Lime - Societ\u00e0 Impianti Calce S.r.l.<\/title>\n<meta name=\"robots\" content=\"index, follow, max-snippet:-1, max-image-preview:large, max-video-preview:-1\" \/>\n<link rel=\"canonical\" href=\"https:\/\/sic-lime.com\/it\/green\/\" \/>\n<meta property=\"og:locale\" content=\"it_IT\" \/>\n<meta property=\"og:type\" content=\"article\" \/>\n<meta property=\"og:title\" content=\"Green - SIC Lime - Societ\u00e0 Impianti Calce S.r.l.\" \/>\n<meta property=\"og:description\" content=\"green green Gli uffici SIC sono posizionati in prossimit\u00e0 di Milano, la pi\u00f9 grande citt\u00e0 industriale e tecnologica d\u2019Italia, per poter avere facile accesso e scambio con tutti i poli di ricerca pi\u00f9 avanzati. Gli uffici sono stati per\u00f2 realizzati all\u2019interno di un\u2019oasi naturalistica protetta denominata \u201cparco agricolo Sud\u201d nella quale sono stringenti le regolamentazioni [&hellip;]\" \/>\n<meta property=\"og:url\" content=\"https:\/\/sic-lime.com\/it\/green\/\" \/>\n<meta property=\"og:site_name\" content=\"SIC Lime - Societ\u00e0 Impianti Calce S.r.l.\" \/>\n<meta property=\"article:publisher\" content=\"https:\/\/www.facebook.com\/SIC-Lime-Plants-and-Machines-Societ-Impianti-Calce-1667391000056560\/\" \/>\n<meta property=\"article:modified_time\" content=\"2022-05-05T08:44:56+00:00\" \/>\n<meta name=\"twitter:card\" content=\"summary_large_image\" \/>\n<meta name=\"twitter:label1\" content=\"Tempo di lettura stimato\" \/>\n\t<meta name=\"twitter:data1\" content=\"1 minuto\" \/>\n<script type=\"application\/ld+json\" class=\"yoast-schema-graph\">{\"@context\":\"https:\/\/schema.org\",\"@graph\":[{\"@type\":\"WebPage\",\"@id\":\"https:\/\/sic-lime.com\/it\/green\/\",\"url\":\"https:\/\/sic-lime.com\/it\/green\/\",\"name\":\"Green - SIC Lime - Societ\u00e0 Impianti Calce S.r.l.\",\"isPartOf\":{\"@id\":\"https:\/\/sic-lime.com\/fr\/#website\"},\"datePublished\":\"2021-11-17T11:12:17+00:00\",\"dateModified\":\"2022-05-05T08:44:56+00:00\",\"breadcrumb\":{\"@id\":\"https:\/\/sic-lime.com\/it\/green\/#breadcrumb\"},\"inLanguage\":\"it-IT\",\"potentialAction\":[{\"@type\":\"ReadAction\",\"target\":[\"https:\/\/sic-lime.com\/it\/green\/\"]}]},{\"@type\":\"BreadcrumbList\",\"@id\":\"https:\/\/sic-lime.com\/it\/green\/#breadcrumb\",\"itemListElement\":[{\"@type\":\"ListItem\",\"position\":1,\"name\":\"Home\",\"item\":\"https:\/\/sic-lime.com\/it\/\"},{\"@type\":\"ListItem\",\"position\":2,\"name\":\"Green\"}]},{\"@type\":\"WebSite\",\"@id\":\"https:\/\/sic-lime.com\/fr\/#website\",\"url\":\"https:\/\/sic-lime.com\/fr\/\",\"name\":\"SIC Lime - Societ\u00e0 Impianti Calce S.r.l.\",\"description\":\"\",\"publisher\":{\"@id\":\"https:\/\/sic-lime.com\/fr\/#organization\"},\"potentialAction\":[{\"@type\":\"SearchAction\",\"target\":{\"@type\":\"EntryPoint\",\"urlTemplate\":\"https:\/\/sic-lime.com\/fr\/?s={search_term_string}\"},\"query-input\":{\"@type\":\"PropertyValueSpecification\",\"valueRequired\":true,\"valueName\":\"search_term_string\"}}],\"inLanguage\":\"it-IT\"},{\"@type\":\"Organization\",\"@id\":\"https:\/\/sic-lime.com\/fr\/#organization\",\"name\":\"SIC - Societ\u00e0 Impianti Calce S.r.l\",\"url\":\"https:\/\/sic-lime.com\/fr\/\",\"logo\":{\"@type\":\"ImageObject\",\"inLanguage\":\"it-IT\",\"@id\":\"https:\/\/sic-lime.com\/fr\/#\/schema\/logo\/image\/\",\"url\":\"https:\/\/sic-lime.com\/wp-content\/uploads\/2021\/10\/logo-rosso-nero.png\",\"contentUrl\":\"https:\/\/sic-lime.com\/wp-content\/uploads\/2021\/10\/logo-rosso-nero.png\",\"width\":685,\"height\":393,\"caption\":\"SIC - Societ\u00e0 Impianti Calce S.r.l\"},\"image\":{\"@id\":\"https:\/\/sic-lime.com\/fr\/#\/schema\/logo\/image\/\"},\"sameAs\":[\"https:\/\/www.facebook.com\/SIC-Lime-Plants-and-Machines-Societ-Impianti-Calce-1667391000056560\/\",\"https:\/\/www.linkedin.com\/company\/societ-impianti-calce-srl\/\"]}]}<\/script>\n<!-- \/ Yoast SEO plugin. -->","yoast_head_json":{"title":"Green - SIC Lime - Societ\u00e0 Impianti Calce S.r.l.","robots":{"index":"index","follow":"follow","max-snippet":"max-snippet:-1","max-image-preview":"max-image-preview:large","max-video-preview":"max-video-preview:-1"},"canonical":"https:\/\/sic-lime.com\/it\/green\/","og_locale":"it_IT","og_type":"article","og_title":"Green - SIC Lime - Societ\u00e0 Impianti Calce S.r.l.","og_description":"green green Gli uffici SIC sono posizionati in prossimit\u00e0 di Milano, la pi\u00f9 grande citt\u00e0 industriale e tecnologica d\u2019Italia, per poter avere facile accesso e scambio con tutti i poli di ricerca pi\u00f9 avanzati. Gli uffici sono stati per\u00f2 realizzati all\u2019interno di un\u2019oasi naturalistica protetta denominata \u201cparco agricolo Sud\u201d nella quale sono stringenti le regolamentazioni [&hellip;]","og_url":"https:\/\/sic-lime.com\/it\/green\/","og_site_name":"SIC Lime - Societ\u00e0 Impianti Calce S.r.l.","article_publisher":"https:\/\/www.facebook.com\/SIC-Lime-Plants-and-Machines-Societ-Impianti-Calce-1667391000056560\/","article_modified_time":"2022-05-05T08:44:56+00:00","twitter_card":"summary_large_image","twitter_misc":{"Tempo di lettura stimato":"1 minuto"},"schema":{"@context":"https:\/\/schema.org","@graph":[{"@type":"WebPage","@id":"https:\/\/sic-lime.com\/it\/green\/","url":"https:\/\/sic-lime.com\/it\/green\/","name":"Green - SIC Lime - Societ\u00e0 Impianti Calce S.r.l.","isPartOf":{"@id":"https:\/\/sic-lime.com\/fr\/#website"},"datePublished":"2021-11-17T11:12:17+00:00","dateModified":"2022-05-05T08:44:56+00:00","breadcrumb":{"@id":"https:\/\/sic-lime.com\/it\/green\/#breadcrumb"},"inLanguage":"it-IT","potentialAction":[{"@type":"ReadAction","target":["https:\/\/sic-lime.com\/it\/green\/"]}]},{"@type":"BreadcrumbList","@id":"https:\/\/sic-lime.com\/it\/green\/#breadcrumb","itemListElement":[{"@type":"ListItem","position":1,"name":"Home","item":"https:\/\/sic-lime.com\/it\/"},{"@type":"ListItem","position":2,"name":"Green"}]},{"@type":"WebSite","@id":"https:\/\/sic-lime.com\/fr\/#website","url":"https:\/\/sic-lime.com\/fr\/","name":"SIC Lime - Societ\u00e0 Impianti Calce S.r.l.","description":"","publisher":{"@id":"https:\/\/sic-lime.com\/fr\/#organization"},"potentialAction":[{"@type":"SearchAction","target":{"@type":"EntryPoint","urlTemplate":"https:\/\/sic-lime.com\/fr\/?s={search_term_string}"},"query-input":{"@type":"PropertyValueSpecification","valueRequired":true,"valueName":"search_term_string"}}],"inLanguage":"it-IT"},{"@type":"Organization","@id":"https:\/\/sic-lime.com\/fr\/#organization","name":"SIC - Societ\u00e0 Impianti Calce S.r.l","url":"https:\/\/sic-lime.com\/fr\/","logo":{"@type":"ImageObject","inLanguage":"it-IT","@id":"https:\/\/sic-lime.com\/fr\/#\/schema\/logo\/image\/","url":"https:\/\/sic-lime.com\/wp-content\/uploads\/2021\/10\/logo-rosso-nero.png","contentUrl":"https:\/\/sic-lime.com\/wp-content\/uploads\/2021\/10\/logo-rosso-nero.png","width":685,"height":393,"caption":"SIC - Societ\u00e0 Impianti Calce S.r.l"},"image":{"@id":"https:\/\/sic-lime.com\/fr\/#\/schema\/logo\/image\/"},"sameAs":["https:\/\/www.facebook.com\/SIC-Lime-Plants-and-Machines-Societ-Impianti-Calce-1667391000056560\/","https:\/\/www.linkedin.com\/company\/societ-impianti-calce-srl\/"]}]}},"_links":{"self":[{"href":"https:\/\/sic-lime.com\/it\/wp-json\/wp\/v2\/pages\/1173","targetHints":{"allow":["GET"]}}],"collection":[{"href":"https:\/\/sic-lime.com\/it\/wp-json\/wp\/v2\/pages"}],"about":[{"href":"https:\/\/sic-lime.com\/it\/wp-json\/wp\/v2\/types\/page"}],"author":[{"embeddable":true,"href":"https:\/\/sic-lime.com\/it\/wp-json\/wp\/v2\/users\/1"}],"replies":[{"embeddable":true,"href":"https:\/\/sic-lime.com\/it\/wp-json\/wp\/v2\/comments?post=1173"}],"version-history":[{"count":0,"href":"https:\/\/sic-lime.com\/it\/wp-json\/wp\/v2\/pages\/1173\/revisions"}],"wp:attachment":[{"href":"https:\/\/sic-lime.com\/it\/wp-json\/wp\/v2\/media?parent=1173"}],"curies":[{"name":"wp","href":"https:\/\/api.w.org\/{rel}","templated":true}]}}