{"id":1079,"date":"2021-11-17T09:58:41","date_gmt":"2021-11-17T09:58:41","guid":{"rendered":"https:\/\/sic-lime.com\/?page_id=1079"},"modified":"2023-06-15T16:40:08","modified_gmt":"2023-06-15T14:40:08","slug":"sic-india","status":"publish","type":"page","link":"https:\/\/sic-lime.com\/it\/azienda\/sic-india\/","title":{"rendered":"Sic India"},"content":{"rendered":"<h1><strong>azienda<\/strong><\/h1>\n<p>\n    <a href=\"#\"><\/a>\n<\/p>\n<h2><img decoding=\"async\" src=\"\/wp-content\/uploads\/2021\/10\/logo-rosso.png\" width=\"60\" \/> <span class=\"rosso\">L<\/span>IME <span class=\"rosso\">P<\/span>vt \u2013 <span class=\"rosso\">I<\/span>NDIA<\/h2>\n<p><img decoding=\"async\" src=\"\/wp-content\/uploads\/2023\/06\/WhatsApp-Image-2023-05-17-at-8.41.09-AM-2.jpeg\" alt=\"\"><\/p>\n<div>\n<p>Dopo oltre cinquanta anni di presenza in India \u00e8 stata aperta a Calcutta la <strong>SIC LIME Pvt<\/strong>.<\/p>\n<p>L\u2019apertura <strong>SIC LIME Pvt<\/strong> \u00e8 stata determinata dalla forte crescita che la nostra Societ\u00e0 ha avuto negli ultimi anni nel mercato Indiano oltre che dalla volont\u00e0 di assicurare un servizio d\u2019 eccellenza e prossimit\u00e0 ai nostri clienti Indiani e dei paesi limitrofi.<\/p>\n<p>Volendo mantenere e garantire intatto il <span class=\"rosso\"><strong>SIC<\/strong> <\/span>style anche se lontano dalla sede storica , presso la <strong>SIC<\/strong> <strong>LIME Pvt<\/strong> \u00e8 presente una squadra d\u2019ingegneri altamente qualificati che hanno gi\u00e0 collaborato da oltre un decennio con <span class=\"rosso\"><strong>SIC<\/strong> <\/span>e prima dell\u2019 apertura degli uffici di Calcutta ha passato un periodo di formazione presso la sede di Milano.<\/p>\n<\/div>\n<p><img decoding=\"async\" src=\"\/wp-content\/uploads\/2023\/06\/WhatsApp-Image-2023-05-17-at-8.41.09-AM-1.jpeg\" alt=\"\"><\/p>\n<div>\n<p><strong>SIC LIME Pvt<\/strong> \u00e8 collegata direttamente in rete alla <strong><span class=\"rosso\">SIC <\/span><\/strong> in Italia condividendo pertanto con la sede centrale tutte le informazioni tecniche necessarie a poter supportare in tempo reale la nostra clientela locale con ogni tipo di supporto disponibile.<\/p>\n<\/div>\n<div><strong>SIC LIME PRIVATE LIMITED<\/strong> <br \/>Room 1402 14th floor &#8211; Sidco Global Tower <br \/>CN-8\/2 Sector 5 Salt Lake City -Kolkata-India <br \/>Phone: <a href=\"tel:+918777834067\">+91 877 783 4067<\/a> <br \/>E-mail: <a href=\"mailto:sic@sic-lime.in\">sic@sic-lime.in<\/a><\/p>\n<\/div>\n<p><!--more--><br \/>\n<!-- {\"name\":\"sic india\",\"type\":\"layout\",\"children\":[{\"type\":\"section\",\"props\":{\"attributes\":\"\",\"class\":\"prima-sezione\",\"css\":\".uk-container{\\nbackground: rgb(0,0,0);\\nbackground: linear-gradient(0deg, rgba(0,0,0,1) 0%, rgba(0,0,0,0) 53%);\\n    max-width: none;\\n}\",\"header_transparent\":\"light\",\"image\":\"wp-content\\\/uploads\\\/2021\\\/10\\\/christian-wiediger-QNpY_ce4qqA-unsplash-scaled.jpg\",\"image_position\":\"center-center\",\"padding\":\"large\",\"padding_remove_bottom\":true,\"style\":\"default\",\"title_breakpoint\":\"xl\",\"title_position\":\"top-left\",\"title_rotation\":\"left\",\"vertical_align\":\"middle\",\"width\":\"default\"},\"children\":[{\"type\":\"row\",\"children\":[{\"type\":\"column\",\"props\":{\"image_position\":\"center-center\",\"media_overlay_gradient\":\"\",\"position_sticky_breakpoint\":\"m\",\"vertical_align\":\"bottom\"},\"children\":[{\"type\":\"headline\",\"props\":{\"content\":\"<strong>azienda<\\\/strong>\",\"css\":\".el-element{\\n\\tcolor: #fff;\\n    text-shadow: 2px 2px 10px rgba(0,0,0,0.5);\\n}\",\"margin\":\"large\",\"margin_remove_bottom\":false,\"text_align\":\"center\",\"title_element\":\"h1\",\"title_style\":\"heading-small\"}},{\"type\":\"button\",\"props\":{\"class\":\"bottone-freccia\",\"css\":\"a{\\n\\tborder-radius: 40px;\\n    width: 60px;\\n    height: 60px;\\n    display: flex;\\n    align-items: center;\\n    border: 2px solid #fff;\\n    justify-content: center;\\n}\\n.el-content{\\n\\tpadding: 0px;\\n}\\nsvg{\\n\\twidth: 40px;\\n    height: 40px;\\n}\\n.el-element{\\n\\tposition: absolute;\\n    bottom: -30px;\\n    left: 50%;\\n    z-index: 99;\\n    transform: translate(-50%);\\n}\",\"grid_column_gap\":\"small\",\"grid_row_gap\":\"small\",\"margin\":\"default\",\"text_align\":\"center\"},\"children\":[{\"type\":\"button_item\",\"props\":{\"button_style\":\"default\",\"icon\":\"chevron-down\",\"icon_align\":\"left\",\"link\":\"#\"}}]}]}]}],\"modified\":\"2021-10-27T07:57:33.371Z\",\"name\":\"top-azienda\"},{\"type\":\"section\",\"props\":{\"image_position\":\"center-center\",\"style\":\"default\",\"title_breakpoint\":\"xl\",\"title_position\":\"top-left\",\"title_rotation\":\"left\",\"vertical_align\":\"middle\",\"width\":\"default\"},\"children\":[{\"type\":\"row\",\"children\":[{\"type\":\"column\",\"props\":{\"image_position\":\"center-center\",\"media_overlay_gradient\":\"\",\"position_sticky_breakpoint\":\"m\"},\"children\":[{\"type\":\"breadcrumbs\",\"props\":{\"show_current\":true,\"show_home\":true}}]}]},{\"type\":\"row\",\"children\":[{\"type\":\"column\",\"props\":{\"image_position\":\"center-center\",\"media_overlay_gradient\":\"\",\"position_sticky_breakpoint\":\"m\"},\"children\":[{\"type\":\"headline\",\"props\":{\"content\":\"<img src=\\\"\\\/wp-content\\\/uploads\\\/2021\\\/10\\\/logo-rosso.png\\\" width=\\\"60\\\" \\\/> <span class=\\\"rosso\\\">L<\\\/span>IME <span class=\\\"rosso\\\">P<\\\/span>vt \\u2013 <span class=\\\"rosso\\\">I<\\\/span>NDIA\",\"css\":\"img{\\n\\tmargin-top: -5px;\\n}\",\"margin_remove_top\":true,\"text_align\":\"center\",\"title_element\":\"h2\"},\"modified\":\"2021-10-27T08:05:54.071Z\",\"name\":\"titoli\"}]}]},{\"type\":\"row\",\"props\":{\"layout\":\"1-3,2-3\"},\"children\":[{\"type\":\"column\",\"props\":{\"image_position\":\"center-center\",\"media_overlay_gradient\":\"\",\"position_sticky_breakpoint\":\"m\",\"width_medium\":\"\",\"width_small\":\"1-3\"},\"children\":[{\"type\":\"image\",\"props\":{\"image\":\"wp-content\\\/uploads\\\/2023\\\/06\\\/WhatsApp-Image-2023-05-17-at-8.41.09-AM-2.jpeg\",\"image_svg_color\":\"emphasis\",\"image_width\":\"300\",\"margin\":\"default\",\"text_align\":\"center\"}}]},{\"type\":\"column\",\"props\":{\"image_position\":\"center-center\",\"media_overlay_gradient\":\"\",\"position_sticky_breakpoint\":\"m\",\"vertical_align\":\"middle\",\"width_medium\":\"2-3\",\"width_small\":\"\"},\"children\":[{\"type\":\"text\",\"props\":{\"column_breakpoint\":\"m\",\"content\":\"\n\n<p>Dopo oltre cinquanta anni di presenza in India \\u00e8 stata aperta a Calcutta la <strong>SIC LIME Pvt<\\\/strong>.<\\\/p>\\n\n\n<p>L\\u2019apertura <strong>SIC LIME Pvt<\\\/strong> \\u00e8 stata determinata dalla forte crescita che la nostra Societ\\u00e0 ha avuto negli ultimi anni nel mercato Indiano oltre che dalla volont\\u00e0 di assicurare un servizio d\\u2019 eccellenza e prossimit\\u00e0 ai nostri clienti Indiani e dei paesi limitrofi.<\\\/p>\\n\n\n<p>Volendo mantenere e garantire intatto il <span class=\\\"rosso\\\"><strong>SIC<\\\/strong> <\\\/span>style anche se lontano dalla sede storica , presso la <strong>SIC<\\\/strong> <strong>LIME Pvt<\\\/strong> \\u00e8 presente una squadra d\\u2019ingegneri altamente qualificati che hanno gi\\u00e0 collaborato da oltre un decennio con <span class=\\\"rosso\\\"><strong>SIC<\\\/strong> <\\\/span>e prima dell\\u2019 apertura degli uffici di Calcutta ha passato un periodo di formazione presso la sede di Milano.<\\\/p>\",\"margin\":\"default\",\"text_align\":\"justify\"}}]}]},{\"type\":\"row\",\"props\":{\"layout\":\"1-3,2-3\"},\"children\":[{\"type\":\"column\",\"props\":{\"image_position\":\"center-center\",\"media_overlay_gradient\":\"\",\"order_first\":\"\",\"position_sticky_breakpoint\":\"m\",\"vertical_align\":\"middle\",\"width_medium\":\"1-3\",\"width_small\":\"\"},\"children\":[{\"type\":\"image\",\"props\":{\"image\":\"wp-content\\\/uploads\\\/2023\\\/06\\\/WhatsApp-Image-2023-05-17-at-8.41.09-AM-1.jpeg\",\"image_svg_color\":\"emphasis\",\"image_width\":\"300\",\"margin\":\"default\",\"text_align\":\"center\"}}]},{\"type\":\"column\",\"props\":{\"image_position\":\"center-center\",\"media_overlay_gradient\":\"\",\"order_first\":\"m\",\"position_sticky_breakpoint\":\"m\",\"vertical_align\":\"middle\",\"width_medium\":\"2-3\",\"width_small\":\"\"},\"children\":[{\"type\":\"text\",\"props\":{\"column_breakpoint\":\"m\",\"content\":\"\n\n<p><strong>SIC LIME Pvt<\\\/strong> \\u00e8 collegata direttamente in rete alla <strong><span class=\\\"rosso\\\">SIC <\\\/span><\\\/strong> in Italia condividendo pertanto con la sede centrale tutte le informazioni tecniche necessarie a poter supportare in tempo reale la nostra clientela locale con ogni tipo di supporto disponibile.<\\\/p>\",\"margin\":\"default\",\"text_align\":\"justify\"}}]}]}]},{\"type\":\"section\",\"props\":{\"image_position\":\"center-center\",\"padding_remove_top\":true,\"style\":\"default\",\"title_breakpoint\":\"xl\",\"title_position\":\"top-left\",\"title_rotation\":\"left\",\"vertical_align\":\"middle\",\"width\":\"default\"},\"children\":[{\"type\":\"row\",\"children\":[{\"type\":\"column\",\"props\":{\"image_position\":\"center-center\",\"media_overlay_gradient\":\"\",\"position_sticky_breakpoint\":\"m\"},\"children\":[{\"type\":\"text\",\"props\":{\"column_breakpoint\":\"m\",\"content\":\"<strong>SIC LIME PRIVATE LIMITED<\\\/strong> <br \\\/>Room 1402 14th floor - Sidco Global Tower <br \\\/>CN-8\\\/2 Sector 5 Salt Lake City -Kolkata-India <br \\\/>Phone: <a href=\\\"tel:+918777834067\\\">+91 877 783 4067<\\\/a> <br \\\/>E-mail: <a href=\\\"mailto:sic@sic-lime.in\\\">sic@sic-lime.in<\\\/a><\\\/p>\",\"margin\":\"default\",\"text_align\":\"justify\"}}]}]}]}],\"version\":\"3.0.25\"} --><\/p>\n","protected":false},"excerpt":{"rendered":"<p>azienda LIME Pvt \u2013 INDIA Dopo oltre cinquanta anni di presenza in India \u00e8 stata aperta a Calcutta la SIC LIME Pvt. L\u2019apertura SIC LIME Pvt \u00e8 stata determinata dalla forte crescita che la nostra Societ\u00e0 ha avuto negli ultimi anni nel mercato Indiano oltre che dalla volont\u00e0 di assicurare un servizio d\u2019 eccellenza e [&hellip;]<\/p>\n","protected":false},"author":1,"featured_media":0,"parent":8,"menu_order":0,"comment_status":"closed","ping_status":"closed","template":"","meta":{"footnotes":""},"class_list":["post-1079","page","type-page","status-publish","hentry"],"yoast_head":"<!-- This site is optimized with the Yoast SEO plugin v26.0 - https:\/\/yoast.com\/wordpress\/plugins\/seo\/ -->\n<title>Sic India - SIC Lime - Societ\u00e0 Impianti Calce S.r.l.<\/title>\n<meta name=\"robots\" content=\"index, follow, max-snippet:-1, max-image-preview:large, max-video-preview:-1\" \/>\n<link rel=\"canonical\" href=\"https:\/\/sic-lime.com\/it\/azienda\/sic-india\/\" \/>\n<meta property=\"og:locale\" content=\"it_IT\" \/>\n<meta property=\"og:type\" content=\"article\" \/>\n<meta property=\"og:title\" content=\"Sic India - SIC Lime - Societ\u00e0 Impianti Calce S.r.l.\" \/>\n<meta property=\"og:description\" content=\"azienda LIME Pvt \u2013 INDIA Dopo oltre cinquanta anni di presenza in India \u00e8 stata aperta a Calcutta la SIC LIME Pvt. L\u2019apertura SIC LIME Pvt \u00e8 stata determinata dalla forte crescita che la nostra Societ\u00e0 ha avuto negli ultimi anni nel mercato Indiano oltre che dalla volont\u00e0 di assicurare un servizio d\u2019 eccellenza e [&hellip;]\" \/>\n<meta property=\"og:url\" content=\"https:\/\/sic-lime.com\/it\/azienda\/sic-india\/\" \/>\n<meta property=\"og:site_name\" content=\"SIC Lime - Societ\u00e0 Impianti Calce S.r.l.\" \/>\n<meta property=\"article:publisher\" content=\"https:\/\/www.facebook.com\/SIC-Lime-Plants-and-Machines-Societ-Impianti-Calce-1667391000056560\/\" \/>\n<meta property=\"article:modified_time\" content=\"2023-06-15T14:40:08+00:00\" \/>\n<meta name=\"twitter:card\" content=\"summary_large_image\" \/>\n<meta name=\"twitter:label1\" content=\"Tempo di lettura stimato\" \/>\n\t<meta name=\"twitter:data1\" content=\"1 minuto\" \/>\n<script type=\"application\/ld+json\" class=\"yoast-schema-graph\">{\"@context\":\"https:\/\/schema.org\",\"@graph\":[{\"@type\":\"WebPage\",\"@id\":\"https:\/\/sic-lime.com\/it\/azienda\/sic-india\/\",\"url\":\"https:\/\/sic-lime.com\/it\/azienda\/sic-india\/\",\"name\":\"Sic India - SIC Lime - Societ\u00e0 Impianti Calce S.r.l.\",\"isPartOf\":{\"@id\":\"https:\/\/sic-lime.com\/fr\/#website\"},\"datePublished\":\"2021-11-17T09:58:41+00:00\",\"dateModified\":\"2023-06-15T14:40:08+00:00\",\"breadcrumb\":{\"@id\":\"https:\/\/sic-lime.com\/it\/azienda\/sic-india\/#breadcrumb\"},\"inLanguage\":\"it-IT\",\"potentialAction\":[{\"@type\":\"ReadAction\",\"target\":[\"https:\/\/sic-lime.com\/it\/azienda\/sic-india\/\"]}]},{\"@type\":\"BreadcrumbList\",\"@id\":\"https:\/\/sic-lime.com\/it\/azienda\/sic-india\/#breadcrumb\",\"itemListElement\":[{\"@type\":\"ListItem\",\"position\":1,\"name\":\"Home\",\"item\":\"https:\/\/sic-lime.com\/it\/\"},{\"@type\":\"ListItem\",\"position\":2,\"name\":\"Azienda\",\"item\":\"https:\/\/sic-lime.com\/it\/azienda\/\"},{\"@type\":\"ListItem\",\"position\":3,\"name\":\"Sic India\"}]},{\"@type\":\"WebSite\",\"@id\":\"https:\/\/sic-lime.com\/fr\/#website\",\"url\":\"https:\/\/sic-lime.com\/fr\/\",\"name\":\"SIC Lime - Societ\u00e0 Impianti Calce S.r.l.\",\"description\":\"\",\"publisher\":{\"@id\":\"https:\/\/sic-lime.com\/fr\/#organization\"},\"potentialAction\":[{\"@type\":\"SearchAction\",\"target\":{\"@type\":\"EntryPoint\",\"urlTemplate\":\"https:\/\/sic-lime.com\/fr\/?s={search_term_string}\"},\"query-input\":{\"@type\":\"PropertyValueSpecification\",\"valueRequired\":true,\"valueName\":\"search_term_string\"}}],\"inLanguage\":\"it-IT\"},{\"@type\":\"Organization\",\"@id\":\"https:\/\/sic-lime.com\/fr\/#organization\",\"name\":\"SIC - Societ\u00e0 Impianti Calce S.r.l\",\"url\":\"https:\/\/sic-lime.com\/fr\/\",\"logo\":{\"@type\":\"ImageObject\",\"inLanguage\":\"it-IT\",\"@id\":\"https:\/\/sic-lime.com\/fr\/#\/schema\/logo\/image\/\",\"url\":\"https:\/\/sic-lime.com\/wp-content\/uploads\/2021\/10\/logo-rosso-nero.png\",\"contentUrl\":\"https:\/\/sic-lime.com\/wp-content\/uploads\/2021\/10\/logo-rosso-nero.png\",\"width\":685,\"height\":393,\"caption\":\"SIC - Societ\u00e0 Impianti Calce S.r.l\"},\"image\":{\"@id\":\"https:\/\/sic-lime.com\/fr\/#\/schema\/logo\/image\/\"},\"sameAs\":[\"https:\/\/www.facebook.com\/SIC-Lime-Plants-and-Machines-Societ-Impianti-Calce-1667391000056560\/\",\"https:\/\/www.linkedin.com\/company\/societ-impianti-calce-srl\/\"]}]}<\/script>\n<!-- \/ Yoast SEO plugin. -->","yoast_head_json":{"title":"Sic India - SIC Lime - Societ\u00e0 Impianti Calce S.r.l.","robots":{"index":"index","follow":"follow","max-snippet":"max-snippet:-1","max-image-preview":"max-image-preview:large","max-video-preview":"max-video-preview:-1"},"canonical":"https:\/\/sic-lime.com\/it\/azienda\/sic-india\/","og_locale":"it_IT","og_type":"article","og_title":"Sic India - SIC Lime - Societ\u00e0 Impianti Calce S.r.l.","og_description":"azienda LIME Pvt \u2013 INDIA Dopo oltre cinquanta anni di presenza in India \u00e8 stata aperta a Calcutta la SIC LIME Pvt. L\u2019apertura SIC LIME Pvt \u00e8 stata determinata dalla forte crescita che la nostra Societ\u00e0 ha avuto negli ultimi anni nel mercato Indiano oltre che dalla volont\u00e0 di assicurare un servizio d\u2019 eccellenza e [&hellip;]","og_url":"https:\/\/sic-lime.com\/it\/azienda\/sic-india\/","og_site_name":"SIC Lime - Societ\u00e0 Impianti Calce S.r.l.","article_publisher":"https:\/\/www.facebook.com\/SIC-Lime-Plants-and-Machines-Societ-Impianti-Calce-1667391000056560\/","article_modified_time":"2023-06-15T14:40:08+00:00","twitter_card":"summary_large_image","twitter_misc":{"Tempo di lettura stimato":"1 minuto"},"schema":{"@context":"https:\/\/schema.org","@graph":[{"@type":"WebPage","@id":"https:\/\/sic-lime.com\/it\/azienda\/sic-india\/","url":"https:\/\/sic-lime.com\/it\/azienda\/sic-india\/","name":"Sic India - SIC Lime - Societ\u00e0 Impianti Calce S.r.l.","isPartOf":{"@id":"https:\/\/sic-lime.com\/fr\/#website"},"datePublished":"2021-11-17T09:58:41+00:00","dateModified":"2023-06-15T14:40:08+00:00","breadcrumb":{"@id":"https:\/\/sic-lime.com\/it\/azienda\/sic-india\/#breadcrumb"},"inLanguage":"it-IT","potentialAction":[{"@type":"ReadAction","target":["https:\/\/sic-lime.com\/it\/azienda\/sic-india\/"]}]},{"@type":"BreadcrumbList","@id":"https:\/\/sic-lime.com\/it\/azienda\/sic-india\/#breadcrumb","itemListElement":[{"@type":"ListItem","position":1,"name":"Home","item":"https:\/\/sic-lime.com\/it\/"},{"@type":"ListItem","position":2,"name":"Azienda","item":"https:\/\/sic-lime.com\/it\/azienda\/"},{"@type":"ListItem","position":3,"name":"Sic India"}]},{"@type":"WebSite","@id":"https:\/\/sic-lime.com\/fr\/#website","url":"https:\/\/sic-lime.com\/fr\/","name":"SIC Lime - Societ\u00e0 Impianti Calce S.r.l.","description":"","publisher":{"@id":"https:\/\/sic-lime.com\/fr\/#organization"},"potentialAction":[{"@type":"SearchAction","target":{"@type":"EntryPoint","urlTemplate":"https:\/\/sic-lime.com\/fr\/?s={search_term_string}"},"query-input":{"@type":"PropertyValueSpecification","valueRequired":true,"valueName":"search_term_string"}}],"inLanguage":"it-IT"},{"@type":"Organization","@id":"https:\/\/sic-lime.com\/fr\/#organization","name":"SIC - Societ\u00e0 Impianti Calce S.r.l","url":"https:\/\/sic-lime.com\/fr\/","logo":{"@type":"ImageObject","inLanguage":"it-IT","@id":"https:\/\/sic-lime.com\/fr\/#\/schema\/logo\/image\/","url":"https:\/\/sic-lime.com\/wp-content\/uploads\/2021\/10\/logo-rosso-nero.png","contentUrl":"https:\/\/sic-lime.com\/wp-content\/uploads\/2021\/10\/logo-rosso-nero.png","width":685,"height":393,"caption":"SIC - Societ\u00e0 Impianti Calce S.r.l"},"image":{"@id":"https:\/\/sic-lime.com\/fr\/#\/schema\/logo\/image\/"},"sameAs":["https:\/\/www.facebook.com\/SIC-Lime-Plants-and-Machines-Societ-Impianti-Calce-1667391000056560\/","https:\/\/www.linkedin.com\/company\/societ-impianti-calce-srl\/"]}]}},"_links":{"self":[{"href":"https:\/\/sic-lime.com\/it\/wp-json\/wp\/v2\/pages\/1079","targetHints":{"allow":["GET"]}}],"collection":[{"href":"https:\/\/sic-lime.com\/it\/wp-json\/wp\/v2\/pages"}],"about":[{"href":"https:\/\/sic-lime.com\/it\/wp-json\/wp\/v2\/types\/page"}],"author":[{"embeddable":true,"href":"https:\/\/sic-lime.com\/it\/wp-json\/wp\/v2\/users\/1"}],"replies":[{"embeddable":true,"href":"https:\/\/sic-lime.com\/it\/wp-json\/wp\/v2\/comments?post=1079"}],"version-history":[{"count":2,"href":"https:\/\/sic-lime.com\/it\/wp-json\/wp\/v2\/pages\/1079\/revisions"}],"predecessor-version":[{"id":5992,"href":"https:\/\/sic-lime.com\/it\/wp-json\/wp\/v2\/pages\/1079\/revisions\/5992"}],"up":[{"embeddable":true,"href":"https:\/\/sic-lime.com\/it\/wp-json\/wp\/v2\/pages\/8"}],"wp:attachment":[{"href":"https:\/\/sic-lime.com\/it\/wp-json\/wp\/v2\/media?parent=1079"}],"curies":[{"name":"wp","href":"https:\/\/api.w.org\/{rel}","templated":true}]}}