{"id":4812,"date":"2021-11-17T11:12:17","date_gmt":"2021-11-17T09:12:17","guid":{"rendered":"https:\/\/sic-lime.com\/green\/"},"modified":"2024-05-23T15:00:58","modified_gmt":"2024-05-23T13:00:58","slug":"green","status":"publish","type":"page","link":"https:\/\/sic-lime.com\/fr\/green\/","title":{"rendered":"Green"},"content":{"rendered":"<h1><strong>green<\/strong><\/h1>\n<p>\n    <a href=\"#\"><\/a>\n<\/p>\n<h2><span class=\"rosso\">g<\/span>reen<\/h2>\n<div>\n<p>Les bureaux <strong class=\"rosso\">SIC<\/strong> sont situ\u00e9s \u00e0 proximit\u00e9 de Milan, la plus grande ville industrielle et technologique d\u2019Italie, afin de faciliter l\u2019acc\u00e8s et l\u2019\u00e9change avec tous les p\u00f4les de recherche les plus avanc\u00e9s.<\/p>\n<p>Les bureaux ont cependant \u00e9t\u00e9 r\u00e9alis\u00e9s \u00e0 l\u2019int\u00e9rieur d\u2019une oasis naturelle prot\u00e9g\u00e9e appel\u00e9e \u00ab\u00a0parc agricole Sud\u00a0\u00bb dans laquelle les r\u00e9glementations environnementales qui doivent \u00eatre respect\u00e9es par les entreprises sont strictes.<\/p>\n<p>Depuis de nombreuses ann\u00e9es, <strong class=\"rosso\">SIC<\/strong> travaille pour \u00e9tudier des solutions technologiques qui, tout en respectant les besoins de rentabilit\u00e9 \u00e9conomique des installations, peuvent fonctionner dans le respect de l\u2019environnement.<\/p>\n<\/div>\n<div>\n<p><strong class=\"rosso\">SIC<\/strong> collabore avec les principaux acteurs mondiaux dans la r\u00e9alisation d\u2019installations pour le traitement des fum\u00e9es et des eaux polluantes.<\/p>\n<ul>\n<li>Syst\u00e8mes d\u2019hydratation pour la production d\u2019hydroxyde \u00e0 haute surface sp\u00e9cifique<\/li>\n<li>Installations de production de lait de chaux<\/li>\n<li>Installations de micronisation de bicarbonate de soude pour la neutralisation des gaz par le proc\u00e9d\u00e9 Solvay<\/li>\n<li>Installations de dissolution de l\u2019hydrate de chaux et d\u2019enrichissement par des charbons actifs<\/li>\n<\/ul>\n<p>Gr\u00e2ce \u00e0 son grand bagage d\u2019histoire de la chaux, <strong class=\"rosso\">SIC<\/strong> collabore avec les principales Universit\u00e9s Italiennes et centres de recherche pour la red\u00e9couverte de mat\u00e9riaux traditionnels utilis\u00e9s pour la restauration ou pour les bio constructions avec des mat\u00e9riaux \u00e0 faible impact environnemental.<\/p>\n<ul>\n<li>P\u00e2te de chaux<\/li>\n<li>Mortiers humides<\/li>\n<li>Stucs v\u00e9nitiens<\/li>\n<li>Peintures \u00e0 la chaux<\/li>\n<li>Chaux hydraulique<\/li>\n<\/ul>\n<\/div>\n<p><img decoding=\"async\" src=\"\/wp-content\/uploads\/2022\/05\/FGN-WWT-fr.png\" alt=\"\"><br \/>\n<img decoding=\"async\" src=\"\/wp-content\/uploads\/2022\/05\/Integrated-dedusting-system-Fran.png\" alt=\"\"><\/p>\n<p><!--more--><br \/>\n<!-- {\"name\":\"forno singolo tino\",\"type\":\"layout\",\"children\":[{\"type\":\"section\",\"props\":{\"class\":\"prima-sezione\",\"css\":\".uk-container{\\nbackground: rgb(0,0,0);\\nbackground: linear-gradient(0deg, rgba(0,0,0,1) 0%, rgba(0,0,0,0) 53%);\\n    max-width: none;\\n}\",\"header_transparent\":\"light\",\"image\":\"wp-content\\\/uploads\\\/2022\\\/05\\\/green.jpg\",\"image_position\":\"center-center\",\"image_size\":\"cover\",\"media_overlay\":\"rgba(0, 0, 0, 0.26)\",\"padding\":\"large\",\"padding_remove_bottom\":true,\"style\":\"default\",\"title_breakpoint\":\"xl\",\"title_position\":\"top-left\",\"title_rotation\":\"left\",\"vertical_align\":\"middle\",\"width\":\"default\"},\"children\":[{\"type\":\"row\",\"children\":[{\"type\":\"column\",\"props\":{\"image_position\":\"center-center\",\"media_overlay_gradient\":\"\",\"position_sticky_breakpoint\":\"m\",\"vertical_align\":\"bottom\"},\"children\":[{\"type\":\"headline\",\"props\":{\"content\":\"<strong>green<\\\/strong>\",\"css\":\".el-element{\\n\\tcolor: #fff;\\n    text-shadow: 2px 2px 10px rgba(0,0,0,0.5);\\n}\",\"margin\":\"large\",\"margin_remove_bottom\":false,\"text_align\":\"center\",\"title_element\":\"h1\",\"title_style\":\"heading-small\"}},{\"type\":\"button\",\"props\":{\"class\":\"bottone-freccia\",\"css\":\"a{\\n\\tborder-radius: 40px;\\n    width: 60px;\\n    height: 60px;\\n    display: flex;\\n    align-items: center;\\n    border: 2px solid #fff;\\n    justify-content: center;\\n}\\n.el-content{\\n\\tpadding: 0px;\\n}\\nsvg{\\n\\twidth: 40px;\\n    height: 40px;\\n}\\n.el-element{\\n\\tposition: absolute;\\n    bottom: -30px;\\n    left: 50%;\\n    z-index: 99;\\n    transform: translate(-50%);\\n}\",\"grid_column_gap\":\"small\",\"grid_row_gap\":\"small\",\"margin\":\"default\",\"text_align\":\"center\"},\"children\":[{\"type\":\"button_item\",\"props\":{\"button_style\":\"default\",\"icon\":\"chevron-down\",\"icon_align\":\"left\",\"link\":\"#\"}}]}]}]}],\"modified\":\"2021-10-27T07:57:33.371Z\",\"name\":\"top-azienda\"},{\"type\":\"section\",\"props\":{\"image_position\":\"center-center\",\"style\":\"default\",\"title_breakpoint\":\"xl\",\"title_position\":\"top-left\",\"title_rotation\":\"left\",\"vertical_align\":\"middle\",\"width\":\"default\"},\"children\":[{\"type\":\"row\",\"children\":[{\"type\":\"column\",\"props\":{\"image_position\":\"center-center\",\"media_overlay_gradient\":\"\",\"position_sticky_breakpoint\":\"m\"},\"children\":[{\"type\":\"breadcrumbs\",\"props\":{\"show_current\":true,\"show_home\":true}}]}]},{\"type\":\"row\",\"children\":[{\"type\":\"column\",\"props\":{\"image_position\":\"center-center\",\"media_overlay_gradient\":\"\",\"position_sticky_breakpoint\":\"m\"},\"children\":[{\"type\":\"headline\",\"props\":{\"content\":\"<span class=\\\"rosso\\\">g<\\\/span>reen\",\"margin_remove_top\":true,\"text_align\":\"center\",\"title_element\":\"h2\"},\"modified\":\"2021-10-27T08:05:54.071Z\",\"name\":\"titoli\"},{\"type\":\"text\",\"props\":{\"column_breakpoint\":\"m\",\"content\":\"\n\n<p>Les bureaux <strong class=\\\"rosso\\\">SIC<\\\/strong> sont situ\\u00e9s \\u00e0 proximit\\u00e9 de Milan, la plus grande ville industrielle et technologique d\\u2019Italie, afin de faciliter l\\u2019acc\\u00e8s et l\\u2019\\u00e9change avec tous les p\\u00f4les de recherche les plus avanc\\u00e9s.<br \\\/><br \\\/>Les bureaux ont cependant \\u00e9t\\u00e9 r\\u00e9alis\\u00e9s \\u00e0 l\\u2019int\\u00e9rieur d\\u2019une oasis naturelle prot\\u00e9g\\u00e9e appel\\u00e9e \\\"parc agricole Sud\\\" dans laquelle les r\\u00e9glementations environnementales qui doivent \\u00eatre respect\\u00e9es par les entreprises sont strictes.<br \\\/><br \\\/>Depuis de nombreuses ann\\u00e9es, <strong class=\\\"rosso\\\">SIC<\\\/strong> travaille pour \\u00e9tudier des solutions technologiques qui, tout en respectant les besoins de rentabilit\\u00e9 \\u00e9conomique des installations, peuvent fonctionner dans le respect de l\\u2019environnement.<\\\/p>\",\"margin\":\"default\",\"text_align\":\"justify\"}},{\"type\":\"text\",\"props\":{\"column_breakpoint\":\"m\",\"content\":\"\n\n<p><strong class=\\\"rosso\\\">SIC<\\\/strong> collabore avec les principaux acteurs mondiaux dans la r\\u00e9alisation d\\u2019installations pour le traitement des fum\\u00e9es et des eaux polluantes.<\\\/p>\\n\n\n<ul>\\n\n\n<li>Syst\\u00e8mes d\\u2019hydratation pour la production d\\u2019hydroxyde \\u00e0 haute surface sp\\u00e9cifique<\\\/li>\\n\n\n<li>Installations de production de lait de chaux<\\\/li>\\n\n\n<li>Installations de micronisation de bicarbonate de soude pour la neutralisation des gaz par le proc\\u00e9d\\u00e9 Solvay<\\\/li>\\n\n\n<li>Installations de dissolution de l\\u2019hydrate de chaux et d\\u2019enrichissement par des charbons actifs<\\\/li>\\n<\\\/ul>\\n\n\n<p>Gr\\u00e2ce \\u00e0 son grand bagage d\\u2019histoire de la chaux, <strong class=\\\"rosso\\\">SIC<\\\/strong> collabore avec les principales Universit\\u00e9s Italiennes et centres de recherche pour la red\\u00e9couverte de mat\\u00e9riaux traditionnels utilis\\u00e9s pour la restauration ou pour les bio constructions avec des mat\\u00e9riaux \\u00e0 faible impact environnemental.<\\\/p>\\n\n\n<ul>\\n\n\n<li>P\\u00e2te de chaux<\\\/li>\\n\n\n<li>Mortiers humides<\\\/li>\\n\n\n<li>Stucs v\\u00e9nitiens<\\\/li>\\n\n\n<li>Peintures \\u00e0 la chaux<\\\/li>\\n\n\n<li>Chaux hydraulique<\\\/li>\\n<\\\/ul>\",\"margin\":\"default\",\"text_align\":\"justify\"}}]}]},{\"type\":\"row\",\"props\":{\"layout\":\"1-2,1-2\"},\"children\":[{\"type\":\"column\",\"props\":{\"image_position\":\"center-center\",\"media_overlay_gradient\":\"\",\"position_sticky_breakpoint\":\"m\",\"width_medium\":\"1-2\"},\"children\":[{\"type\":\"image\",\"props\":{\"image\":\"wp-content\\\/uploads\\\/2022\\\/05\\\/FGN-WWT-fr.png\",\"image_height\":\"auto\",\"image_svg_color\":\"emphasis\",\"image_width\":\"auto\",\"margin\":\"default\"}}]},{\"type\":\"column\",\"props\":{\"image_position\":\"center-center\",\"media_overlay_gradient\":\"\",\"position_sticky_breakpoint\":\"m\",\"width_medium\":\"1-2\"},\"children\":[{\"type\":\"image\",\"props\":{\"image\":\"wp-content\\\/uploads\\\/2022\\\/05\\\/Integrated-dedusting-system-Fran.png\",\"image_height\":\"auto\",\"image_svg_color\":\"emphasis\",\"image_width\":\"auto\",\"margin\":\"default\"}}]}]}]}],\"version\":\"3.0.25\"} --><\/p>\n","protected":false},"excerpt":{"rendered":"<p>green green Les bureaux SIC sont situ\u00e9s \u00e0 proximit\u00e9 de Milan, la plus grande ville industrielle et technologique d\u2019Italie, afin de faciliter l\u2019acc\u00e8s et l\u2019\u00e9change avec tous les p\u00f4les de recherche les plus avanc\u00e9s. Les bureaux ont cependant \u00e9t\u00e9 r\u00e9alis\u00e9s \u00e0 l\u2019int\u00e9rieur d\u2019une oasis naturelle prot\u00e9g\u00e9e appel\u00e9e \u00ab\u00a0parc agricole Sud\u00a0\u00bb dans laquelle les r\u00e9glementations environnementales [&hellip;]<\/p>\n","protected":false},"author":1,"featured_media":0,"parent":0,"menu_order":0,"comment_status":"closed","ping_status":"closed","template":"","meta":{"footnotes":""},"class_list":["post-4812","page","type-page","status-publish","hentry"],"yoast_head":"<!-- This site is optimized with the Yoast SEO plugin v26.0 - https:\/\/yoast.com\/wordpress\/plugins\/seo\/ -->\n<title>Green - SIC Lime - Societ\u00e0 Impianti Calce S.r.l.<\/title>\n<meta name=\"robots\" content=\"index, follow, max-snippet:-1, max-image-preview:large, max-video-preview:-1\" \/>\n<link rel=\"canonical\" href=\"https:\/\/sic-lime.com\/fr\/green\/\" \/>\n<meta property=\"og:locale\" content=\"fr_FR\" \/>\n<meta property=\"og:type\" content=\"article\" \/>\n<meta property=\"og:title\" content=\"Green - SIC Lime - Societ\u00e0 Impianti Calce S.r.l.\" \/>\n<meta property=\"og:description\" content=\"green green Les bureaux SIC sont situ\u00e9s \u00e0 proximit\u00e9 de Milan, la plus grande ville industrielle et technologique d\u2019Italie, afin de faciliter l\u2019acc\u00e8s et l\u2019\u00e9change avec tous les p\u00f4les de recherche les plus avanc\u00e9s. Les bureaux ont cependant \u00e9t\u00e9 r\u00e9alis\u00e9s \u00e0 l\u2019int\u00e9rieur d\u2019une oasis naturelle prot\u00e9g\u00e9e appel\u00e9e \u00ab\u00a0parc agricole Sud\u00a0\u00bb dans laquelle les r\u00e9glementations environnementales [&hellip;]\" \/>\n<meta property=\"og:url\" content=\"https:\/\/sic-lime.com\/fr\/green\/\" \/>\n<meta property=\"og:site_name\" content=\"SIC Lime - Societ\u00e0 Impianti Calce S.r.l.\" \/>\n<meta property=\"article:publisher\" content=\"https:\/\/www.facebook.com\/SIC-Lime-Plants-and-Machines-Societ-Impianti-Calce-1667391000056560\/\" \/>\n<meta property=\"article:modified_time\" content=\"2024-05-23T13:00:58+00:00\" \/>\n<meta name=\"twitter:card\" content=\"summary_large_image\" \/>\n<meta name=\"twitter:label1\" content=\"Dur\u00e9e de lecture estim\u00e9e\" \/>\n\t<meta name=\"twitter:data1\" content=\"1 minute\" \/>\n<script type=\"application\/ld+json\" class=\"yoast-schema-graph\">{\"@context\":\"https:\/\/schema.org\",\"@graph\":[{\"@type\":\"WebPage\",\"@id\":\"https:\/\/sic-lime.com\/fr\/green\/\",\"url\":\"https:\/\/sic-lime.com\/fr\/green\/\",\"name\":\"Green - SIC Lime - Societ\u00e0 Impianti Calce S.r.l.\",\"isPartOf\":{\"@id\":\"https:\/\/sic-lime.com\/fr\/#website\"},\"datePublished\":\"2021-11-17T09:12:17+00:00\",\"dateModified\":\"2024-05-23T13:00:58+00:00\",\"breadcrumb\":{\"@id\":\"https:\/\/sic-lime.com\/fr\/green\/#breadcrumb\"},\"inLanguage\":\"fr-FR\",\"potentialAction\":[{\"@type\":\"ReadAction\",\"target\":[\"https:\/\/sic-lime.com\/fr\/green\/\"]}]},{\"@type\":\"BreadcrumbList\",\"@id\":\"https:\/\/sic-lime.com\/fr\/green\/#breadcrumb\",\"itemListElement\":[{\"@type\":\"ListItem\",\"position\":1,\"name\":\"Home\",\"item\":\"https:\/\/sic-lime.com\/fr\/\"},{\"@type\":\"ListItem\",\"position\":2,\"name\":\"Green\"}]},{\"@type\":\"WebSite\",\"@id\":\"https:\/\/sic-lime.com\/fr\/#website\",\"url\":\"https:\/\/sic-lime.com\/fr\/\",\"name\":\"SIC Lime - Societ\u00e0 Impianti Calce S.r.l.\",\"description\":\"\",\"publisher\":{\"@id\":\"https:\/\/sic-lime.com\/fr\/#organization\"},\"potentialAction\":[{\"@type\":\"SearchAction\",\"target\":{\"@type\":\"EntryPoint\",\"urlTemplate\":\"https:\/\/sic-lime.com\/fr\/?s={search_term_string}\"},\"query-input\":{\"@type\":\"PropertyValueSpecification\",\"valueRequired\":true,\"valueName\":\"search_term_string\"}}],\"inLanguage\":\"fr-FR\"},{\"@type\":\"Organization\",\"@id\":\"https:\/\/sic-lime.com\/fr\/#organization\",\"name\":\"SIC - Societ\u00e0 Impianti Calce S.r.l\",\"url\":\"https:\/\/sic-lime.com\/fr\/\",\"logo\":{\"@type\":\"ImageObject\",\"inLanguage\":\"fr-FR\",\"@id\":\"https:\/\/sic-lime.com\/fr\/#\/schema\/logo\/image\/\",\"url\":\"https:\/\/sic-lime.com\/wp-content\/uploads\/2021\/10\/logo-rosso-nero.png\",\"contentUrl\":\"https:\/\/sic-lime.com\/wp-content\/uploads\/2021\/10\/logo-rosso-nero.png\",\"width\":685,\"height\":393,\"caption\":\"SIC - Societ\u00e0 Impianti Calce S.r.l\"},\"image\":{\"@id\":\"https:\/\/sic-lime.com\/fr\/#\/schema\/logo\/image\/\"},\"sameAs\":[\"https:\/\/www.facebook.com\/SIC-Lime-Plants-and-Machines-Societ-Impianti-Calce-1667391000056560\/\",\"https:\/\/www.linkedin.com\/company\/societ-impianti-calce-srl\/\"]}]}<\/script>\n<!-- \/ Yoast SEO plugin. -->","yoast_head_json":{"title":"Green - SIC Lime - Societ\u00e0 Impianti Calce S.r.l.","robots":{"index":"index","follow":"follow","max-snippet":"max-snippet:-1","max-image-preview":"max-image-preview:large","max-video-preview":"max-video-preview:-1"},"canonical":"https:\/\/sic-lime.com\/fr\/green\/","og_locale":"fr_FR","og_type":"article","og_title":"Green - SIC Lime - Societ\u00e0 Impianti Calce S.r.l.","og_description":"green green Les bureaux SIC sont situ\u00e9s \u00e0 proximit\u00e9 de Milan, la plus grande ville industrielle et technologique d\u2019Italie, afin de faciliter l\u2019acc\u00e8s et l\u2019\u00e9change avec tous les p\u00f4les de recherche les plus avanc\u00e9s. Les bureaux ont cependant \u00e9t\u00e9 r\u00e9alis\u00e9s \u00e0 l\u2019int\u00e9rieur d\u2019une oasis naturelle prot\u00e9g\u00e9e appel\u00e9e \u00ab\u00a0parc agricole Sud\u00a0\u00bb dans laquelle les r\u00e9glementations environnementales [&hellip;]","og_url":"https:\/\/sic-lime.com\/fr\/green\/","og_site_name":"SIC Lime - Societ\u00e0 Impianti Calce S.r.l.","article_publisher":"https:\/\/www.facebook.com\/SIC-Lime-Plants-and-Machines-Societ-Impianti-Calce-1667391000056560\/","article_modified_time":"2024-05-23T13:00:58+00:00","twitter_card":"summary_large_image","twitter_misc":{"Dur\u00e9e de lecture estim\u00e9e":"1 minute"},"schema":{"@context":"https:\/\/schema.org","@graph":[{"@type":"WebPage","@id":"https:\/\/sic-lime.com\/fr\/green\/","url":"https:\/\/sic-lime.com\/fr\/green\/","name":"Green - SIC Lime - Societ\u00e0 Impianti Calce S.r.l.","isPartOf":{"@id":"https:\/\/sic-lime.com\/fr\/#website"},"datePublished":"2021-11-17T09:12:17+00:00","dateModified":"2024-05-23T13:00:58+00:00","breadcrumb":{"@id":"https:\/\/sic-lime.com\/fr\/green\/#breadcrumb"},"inLanguage":"fr-FR","potentialAction":[{"@type":"ReadAction","target":["https:\/\/sic-lime.com\/fr\/green\/"]}]},{"@type":"BreadcrumbList","@id":"https:\/\/sic-lime.com\/fr\/green\/#breadcrumb","itemListElement":[{"@type":"ListItem","position":1,"name":"Home","item":"https:\/\/sic-lime.com\/fr\/"},{"@type":"ListItem","position":2,"name":"Green"}]},{"@type":"WebSite","@id":"https:\/\/sic-lime.com\/fr\/#website","url":"https:\/\/sic-lime.com\/fr\/","name":"SIC Lime - Societ\u00e0 Impianti Calce S.r.l.","description":"","publisher":{"@id":"https:\/\/sic-lime.com\/fr\/#organization"},"potentialAction":[{"@type":"SearchAction","target":{"@type":"EntryPoint","urlTemplate":"https:\/\/sic-lime.com\/fr\/?s={search_term_string}"},"query-input":{"@type":"PropertyValueSpecification","valueRequired":true,"valueName":"search_term_string"}}],"inLanguage":"fr-FR"},{"@type":"Organization","@id":"https:\/\/sic-lime.com\/fr\/#organization","name":"SIC - Societ\u00e0 Impianti Calce S.r.l","url":"https:\/\/sic-lime.com\/fr\/","logo":{"@type":"ImageObject","inLanguage":"fr-FR","@id":"https:\/\/sic-lime.com\/fr\/#\/schema\/logo\/image\/","url":"https:\/\/sic-lime.com\/wp-content\/uploads\/2021\/10\/logo-rosso-nero.png","contentUrl":"https:\/\/sic-lime.com\/wp-content\/uploads\/2021\/10\/logo-rosso-nero.png","width":685,"height":393,"caption":"SIC - Societ\u00e0 Impianti Calce S.r.l"},"image":{"@id":"https:\/\/sic-lime.com\/fr\/#\/schema\/logo\/image\/"},"sameAs":["https:\/\/www.facebook.com\/SIC-Lime-Plants-and-Machines-Societ-Impianti-Calce-1667391000056560\/","https:\/\/www.linkedin.com\/company\/societ-impianti-calce-srl\/"]}]}},"_links":{"self":[{"href":"https:\/\/sic-lime.com\/fr\/wp-json\/wp\/v2\/pages\/4812","targetHints":{"allow":["GET"]}}],"collection":[{"href":"https:\/\/sic-lime.com\/fr\/wp-json\/wp\/v2\/pages"}],"about":[{"href":"https:\/\/sic-lime.com\/fr\/wp-json\/wp\/v2\/types\/page"}],"author":[{"embeddable":true,"href":"https:\/\/sic-lime.com\/fr\/wp-json\/wp\/v2\/users\/1"}],"replies":[{"embeddable":true,"href":"https:\/\/sic-lime.com\/fr\/wp-json\/wp\/v2\/comments?post=4812"}],"version-history":[{"count":23,"href":"https:\/\/sic-lime.com\/fr\/wp-json\/wp\/v2\/pages\/4812\/revisions"}],"predecessor-version":[{"id":6352,"href":"https:\/\/sic-lime.com\/fr\/wp-json\/wp\/v2\/pages\/4812\/revisions\/6352"}],"wp:attachment":[{"href":"https:\/\/sic-lime.com\/fr\/wp-json\/wp\/v2\/media?parent=4812"}],"curies":[{"name":"wp","href":"https:\/\/api.w.org\/{rel}","templated":true}]}}