{"id":4771,"date":"2022-01-03T11:32:14","date_gmt":"2022-01-03T09:32:14","guid":{"rendered":"https:\/\/sic-lime.com\/technologies\/fours\/fours-a-cuve-unique\/c-b-k-s-central-burner-kiln-special\/"},"modified":"2022-07-28T11:04:38","modified_gmt":"2022-07-28T09:04:38","slug":"c-b-k-s-central-burner-kiln-special","status":"publish","type":"page","link":"https:\/\/sic-lime.com\/fr\/technologies\/fours\/fours-a-cuve-unique\/c-b-k-s-central-burner-kiln-special\/","title":{"rendered":"C.B.K.S central burner kiln special"},"content":{"rendered":"<h1><strong>technologies<\/strong><\/h1>\n<p>\n    <a href=\"#\"><\/a>\n<\/p>\n<h2><span class=\"rosso\">S<\/span>INGLE <span class=\"rosso\">S<\/span>HAFT <span class=\"rosso\">K<\/span>ILNS<\/p>\n<\/h2>\n<h3><span class=\"rosso\">C<\/span>.B.K.S. <span class=\"rosso\">C<\/span>ENTRAL <span class=\"rosso\">B<\/span>URNER <span class=\"rosso\">K<\/span>ILN <span class=\"rosso\">S<\/span>PECIAL<\/h3>\n<p><img decoding=\"async\" src=\"\/wp-content\/uploads\/2022\/04\/C.B.K.S..jpg\" alt=\"\"><\/p>\n<h4><strong>NOTES TECHNOLOGIQUES<\/strong><\/h4>\n<div>\n<table>\n<tbody>\n<tr>\n<td>\n<p>Les fours de la s\u00e9rie C.B.K.S ont \u00e9t\u00e9 d\u00e9velopp\u00e9s en utilisant comme base la technologie des fours C.B.K. et en ins\u00e9rant certains d\u00e9tails de conception sp\u00e9cifiques qui permettent la production de produits sp\u00e9ciaux tels que \u00ab\u00a0chaux hydraulique\u00a0\u00bb, \u00ab\u00a0chaux \u00e0 tr\u00e8s faible r\u00e9activit\u00e9 \u00ab\u00a0, \u00ab\u00a0Dolomite calcin\u00e9e \u00e0 mort\u00a0\u00bb et \u00ab\u00a0r\u00e9sidus de la production d\u2019huile de schiste\u00a0\u00bb.<\/p>\n<p>Les fours C.B.K.S. en plus d\u2019utiliser un profil interne particulier pour les r\u00e9fractaires, utilisent un dispositif de d\u00e9charge sp\u00e9cifique qui permet la cuisson de mat\u00e9riaux ayant une tendance \u00e0 l\u2019agglom\u00e9ration.<\/p>\n<\/td>\n<\/tr>\n<\/tbody>\n<\/table>\n<\/div>\n<h4><strong>FACTEURS DE SUCC\u00c8S <\/strong><\/h4>\n<div>\n<ul>\n<li>Productions de \u00ab\u00a0chaux sp\u00e9ciales\u00a0\u00bb<\/li>\n<li>Faible co\u00fbt d\u2019entretien<\/li>\n<li>Simplicit\u00e9 de gestion (ne n\u00e9cessite pas de personnel d\u00e9di\u00e9)<\/li>\n<\/ul>\n<\/div>\n<p><img decoding=\"async\" src=\"\/wp-content\/uploads\/2022\/04\/20140315_112932.jpg\" alt=\"\"><\/p>\n<h4><strong>DONN\u00c9ES TECHNIQUES<\/strong><\/h4>\n<div>\n<table border=\"0\" width=\"350\">\n<tbody>\n<tr>\n<td><strong>Taille calcaire<\/strong><\/td>\n<td>30 \u00f7 120 mm<\/td>\n<\/tr>\n<tr>\n<td><strong>Production <\/strong><\/td>\n<td>30 \u00f7 150 Tonnes CaO\/D<\/td>\n<\/tr>\n<tr>\n<td><strong>Combustibles<\/strong><\/td>\n<td>Gaz et\/ou combustibles partiellement pulv\u00e9ris\u00e9s<\/td>\n<\/tr>\n<\/tbody>\n<\/table>\n<\/div>\n<p><!--more--><br \/>\n<!-- {\"name\":\"forno singolo tino\",\"type\":\"layout\",\"children\":[{\"type\":\"section\",\"props\":{\"style\":\"default\",\"width\":\"default\",\"vertical_align\":\"middle\",\"title_position\":\"top-left\",\"title_rotation\":\"left\",\"title_breakpoint\":\"xl\",\"image_position\":\"center-center\",\"image\":\"wp-content\\\/uploads\\\/2022\\\/04\\\/CBK.jpg\",\"header_transparent\":\"light\",\"padding\":\"large\",\"padding_remove_bottom\":true,\"css\":\".uk-container{\\nbackground: rgb(0,0,0);\\nbackground: linear-gradient(0deg, rgba(0,0,0,1) 0%, rgba(0,0,0,0) 53%);\\n    max-width: none;\\n}\",\"class\":\"prima-sezione\",\"image_size\":\"cover\"},\"children\":[{\"type\":\"row\",\"children\":[{\"type\":\"column\",\"props\":{\"image_position\":\"center-center\",\"media_overlay_gradient\":\"\",\"vertical_align\":\"bottom\",\"position_sticky_breakpoint\":\"m\"},\"children\":[{\"type\":\"headline\",\"props\":{\"title_element\":\"h1\",\"content\":\"<strong>technologies<\\\/strong>\",\"text_align\":\"center\",\"css\":\".el-element{\\n\\tcolor: #fff;\\n    text-shadow: 2px 2px 10px rgba(0,0,0,0.5);\\n}\",\"title_style\":\"heading-small\",\"margin_remove_bottom\":false,\"margin\":\"large\"}},{\"type\":\"button\",\"props\":{\"grid_column_gap\":\"small\",\"grid_row_gap\":\"small\",\"margin\":\"default\",\"text_align\":\"center\",\"css\":\"a{\\n\\tborder-radius: 40px;\\n    width: 60px;\\n    height: 60px;\\n    display: flex;\\n    align-items: center;\\n    border: 2px solid #fff;\\n    justify-content: center;\\n}\\n.el-content{\\n\\tpadding: 0px;\\n}\\nsvg{\\n\\twidth: 40px;\\n    height: 40px;\\n}\\n.el-element{\\n\\tposition: absolute;\\n    bottom: -30px;\\n    left: 50%;\\n    z-index: 99;\\n    transform: translate(-50%);\\n}\",\"class\":\"bottone-freccia\"},\"children\":[{\"type\":\"button_item\",\"props\":{\"button_style\":\"default\",\"icon_align\":\"left\",\"link\":\"#\",\"icon\":\"chevron-down\"}}]}]}]}],\"modified\":\"2021-10-27T07:57:33.371Z\",\"name\":\"top-azienda\"},{\"type\":\"section\",\"props\":{\"style\":\"default\",\"width\":\"default\",\"vertical_align\":\"middle\",\"title_position\":\"top-left\",\"title_rotation\":\"left\",\"title_breakpoint\":\"xl\",\"image_position\":\"center-center\"},\"children\":[{\"type\":\"row\",\"children\":[{\"type\":\"column\",\"props\":{\"image_position\":\"center-center\",\"media_overlay_gradient\":\"\",\"position_sticky_breakpoint\":\"m\"},\"children\":[{\"type\":\"breadcrumbs\",\"props\":{\"show_home\":true,\"show_current\":true}}]}]},{\"type\":\"row\",\"children\":[{\"type\":\"column\",\"props\":{\"image_position\":\"center-center\",\"media_overlay_gradient\":\"\",\"position_sticky_breakpoint\":\"m\"},\"children\":[{\"type\":\"headline\",\"props\":{\"title_element\":\"h2\",\"text_align\":\"center\",\"margin_remove_top\":true,\"content\":\"<span class=\\\"rosso\\\">S<\\\/span>INGLE <span class=\\\"rosso\\\">S<\\\/span>HAFT <span class=\\\"rosso\\\">K<\\\/span>ILNS\\n\\n\"},\"modified\":\"2021-10-27T08:05:54.071Z\",\"name\":\"titoli\"},{\"type\":\"headline\",\"props\":{\"title_element\":\"h3\",\"text_align\":\"center\",\"margin_remove_top\":true,\"content\":\"<span class=\\\"rosso\\\">C<\\\/span>.B.K.S. <span class=\\\"rosso\\\">C<\\\/span>ENTRAL <span class=\\\"rosso\\\">B<\\\/span>URNER <span class=\\\"rosso\\\">K<\\\/span>ILN <span class=\\\"rosso\\\">S<\\\/span>PECIAL\"},\"modified\":\"2021-10-27T08:05:54.071Z\",\"name\":\"titoli\"}]}]},{\"type\":\"row\",\"props\":{\"layout\":\"1-5,4-5\",\"margin\":\"medium\"},\"children\":[{\"type\":\"column\",\"props\":{\"image_position\":\"center-center\",\"media_overlay_gradient\":\"\",\"width_medium\":\"1-5\",\"position_sticky_breakpoint\":\"m\"},\"children\":[{\"type\":\"image\",\"props\":{\"margin\":\"default\",\"image_svg_color\":\"emphasis\",\"image\":\"wp-content\\\/uploads\\\/2022\\\/04\\\/C.B.K.S..jpg\",\"text_align\":\"left\",\"text_align_breakpoint\":\"m\",\"text_align_fallback\":\"center\"}}]},{\"type\":\"column\",\"props\":{\"image_position\":\"center-center\",\"media_overlay_gradient\":\"\",\"width_medium\":\"4-5\",\"vertical_align\":\"middle\",\"position_sticky_breakpoint\":\"m\"},\"children\":[{\"type\":\"headline\",\"props\":{\"title_element\":\"h4\",\"margin_remove_top\":true,\"content\":\"<strong>NOTES TECHNOLOGIQUES<\\\/strong>\"},\"modified\":\"2021-10-27T08:05:54.071Z\",\"name\":\"titoli\"},{\"type\":\"text\",\"props\":{\"margin\":\"default\",\"column_breakpoint\":\"m\",\"content\":\"\n\n<table>\\n\n\n<tbody>\\n\n\n<tr>\\n\n\n<td>\\n\n\n<p>Les fours de la s\\u00e9rie C.B.K.S ont \\u00e9t\\u00e9 d\\u00e9velopp\\u00e9s en utilisant comme base la technologie des fours C.B.K. et en ins\\u00e9rant certains d\\u00e9tails de conception sp\\u00e9cifiques qui permettent la production de produits sp\\u00e9ciaux tels que \\\"chaux hydraulique\\\", \\\"chaux \\u00e0 tr\\u00e8s faible r\\u00e9activit\\u00e9 \\\", \\\"Dolomite calcin\\u00e9e \\u00e0 mort\\\" et \\\"r\\u00e9sidus de la production d\\u2019huile de schiste\\\".<\\\/p>\\n\n\n<p>Les fours C.B.K.S. en plus d\\u2019utiliser un profil interne particulier pour les r\\u00e9fractaires, utilisent un dispositif de d\\u00e9charge sp\\u00e9cifique qui permet la cuisson de mat\\u00e9riaux ayant une tendance \\u00e0 l\\u2019agglom\\u00e9ration.<\\\/p>\\n<\\\/td>\\n<\\\/tr>\\n<\\\/tbody>\\n<\\\/table>\",\"text_align\":\"justify\"}}]}]},{\"type\":\"row\",\"children\":[{\"type\":\"column\",\"props\":{\"image_position\":\"center-center\",\"media_overlay_gradient\":\"\",\"width_medium\":\"2-3\",\"padding\":\"small\",\"vertical_align\":\"middle\",\"position_sticky_breakpoint\":\"m\"},\"children\":[{\"type\":\"headline\",\"props\":{\"title_element\":\"h4\",\"margin_remove_top\":true,\"content\":\"<strong>FACTEURS DE SUCC\\u00c8S <\\\/strong>\"},\"modified\":\"2021-10-27T08:05:54.071Z\",\"name\":\"titoli\"},{\"type\":\"text\",\"props\":{\"margin\":\"default\",\"column_breakpoint\":\"m\",\"content\":\"\n\n<ul>\\n\n\n<li>Productions de \\\"chaux sp\\u00e9ciales\\\"<\\\/li>\\n\n\n<li>Faible co\\u00fbt d\\u2019entretien<\\\/li>\\n\n\n<li>Simplicit\\u00e9 de gestion (ne n\\u00e9cessite pas de personnel d\\u00e9di\\u00e9)<\\\/li>\\n<\\\/ul>\",\"text_align\":\"justify\"}}]},{\"type\":\"column\",\"props\":{\"image_position\":\"center-center\",\"media_overlay_gradient\":\"\",\"width_medium\":\"1-3\",\"position_sticky_breakpoint\":\"m\"},\"children\":[{\"type\":\"image\",\"props\":{\"margin\":\"default\",\"image_svg_color\":\"emphasis\",\"image\":\"wp-content\\\/uploads\\\/2022\\\/04\\\/20140315_112932.jpg\",\"text_align\":\"left\",\"text_align_breakpoint\":\"m\",\"text_align_fallback\":\"center\"}}]}],\"props\":{\"layout\":\"2-3,1-3\"}},{\"type\":\"row\",\"props\":{\"margin\":\"medium\"},\"children\":[{\"type\":\"column\",\"props\":{\"image_position\":\"center-center\",\"media_overlay_gradient\":\"\",\"position_sticky_breakpoint\":\"m\"},\"children\":[{\"type\":\"headline\",\"props\":{\"title_element\":\"h4\",\"margin_remove_top\":true,\"content\":\"<strong>DONN\\u00c9ES TECHNIQUES<\\\/strong>\"},\"modified\":\"2021-10-27T08:05:54.071Z\",\"name\":\"titoli\"},{\"type\":\"text\",\"props\":{\"margin\":\"default\",\"column_breakpoint\":\"m\",\"content\":\"\n\n<table border=\\\"0\\\" width=\\\"350\\\">\\n\n\n<tbody>\\n\n\n<tr>\\n\n\n<td><strong>Taille calcaire<\\\/strong><\\\/td>\\n\n\n<td>30 \\u00f7 120 mm<\\\/td>\\n<\\\/tr>\\n\n\n<tr>\\n\n\n<td><strong>Production <\\\/strong><\\\/td>\\n\n\n<td>30 \\u00f7 150 Tonnes CaO\\\/D<\\\/td>\\n<\\\/tr>\\n\n\n<tr>\\n\n\n<td><strong>Combustibles<\\\/strong><\\\/td>\\n\n\n<td>Gaz et\\\/ou combustibles partiellement pulv\\u00e9ris\\u00e9s<\\\/td>\\n<\\\/tr>\\n<\\\/tbody>\\n<\\\/table>\",\"text_align\":\"justify\",\"css\":\"td{\\n\\tborder-bottom: 1px solid grey;\\n}\"}}]}]}]}],\"version\":\"2.7.22\"} --><\/p>\n","protected":false},"excerpt":{"rendered":"<p>technologies SINGLE SHAFT KILNS C.B.K.S. CENTRAL BURNER KILN SPECIAL NOTES TECHNOLOGIQUES Les fours de la s\u00e9rie C.B.K.S ont \u00e9t\u00e9 d\u00e9velopp\u00e9s en utilisant comme base la technologie des fours C.B.K. et en ins\u00e9rant certains d\u00e9tails de conception sp\u00e9cifiques qui permettent la production de produits sp\u00e9ciaux tels que \u00ab\u00a0chaux hydraulique\u00a0\u00bb, \u00ab\u00a0chaux \u00e0 tr\u00e8s faible r\u00e9activit\u00e9 \u00ab\u00a0, \u00ab\u00a0Dolomite [&hellip;]<\/p>\n","protected":false},"author":1,"featured_media":0,"parent":3830,"menu_order":0,"comment_status":"closed","ping_status":"closed","template":"","meta":{"footnotes":""},"class_list":["post-4771","page","type-page","status-publish","hentry"],"yoast_head":"<!-- This site is optimized with the Yoast SEO plugin v26.0 - https:\/\/yoast.com\/wordpress\/plugins\/seo\/ -->\n<title>C.B.K.S central burner kiln special - SIC Lime - Societ\u00e0 Impianti Calce S.r.l.<\/title>\n<meta name=\"robots\" content=\"index, follow, max-snippet:-1, max-image-preview:large, max-video-preview:-1\" \/>\n<link rel=\"canonical\" href=\"https:\/\/sic-lime.com\/fr\/technologies\/fours\/fours-a-cuve-unique\/c-b-k-s-central-burner-kiln-special\/\" \/>\n<meta property=\"og:locale\" content=\"fr_FR\" \/>\n<meta property=\"og:type\" content=\"article\" \/>\n<meta property=\"og:title\" content=\"C.B.K.S central burner kiln special - SIC Lime - Societ\u00e0 Impianti Calce S.r.l.\" \/>\n<meta property=\"og:description\" content=\"technologies SINGLE SHAFT KILNS C.B.K.S. CENTRAL BURNER KILN SPECIAL NOTES TECHNOLOGIQUES Les fours de la s\u00e9rie C.B.K.S ont \u00e9t\u00e9 d\u00e9velopp\u00e9s en utilisant comme base la technologie des fours C.B.K. et en ins\u00e9rant certains d\u00e9tails de conception sp\u00e9cifiques qui permettent la production de produits sp\u00e9ciaux tels que \u00ab\u00a0chaux hydraulique\u00a0\u00bb, \u00ab\u00a0chaux \u00e0 tr\u00e8s faible r\u00e9activit\u00e9 \u00ab\u00a0, \u00ab\u00a0Dolomite [&hellip;]\" \/>\n<meta property=\"og:url\" content=\"https:\/\/sic-lime.com\/fr\/technologies\/fours\/fours-a-cuve-unique\/c-b-k-s-central-burner-kiln-special\/\" \/>\n<meta property=\"og:site_name\" content=\"SIC Lime - Societ\u00e0 Impianti Calce S.r.l.\" \/>\n<meta property=\"article:publisher\" content=\"https:\/\/www.facebook.com\/SIC-Lime-Plants-and-Machines-Societ-Impianti-Calce-1667391000056560\/\" \/>\n<meta property=\"article:modified_time\" content=\"2022-07-28T09:04:38+00:00\" \/>\n<meta name=\"twitter:card\" content=\"summary_large_image\" \/>\n<meta name=\"twitter:label1\" content=\"Dur\u00e9e de lecture estim\u00e9e\" \/>\n\t<meta name=\"twitter:data1\" content=\"1 minute\" \/>\n<script type=\"application\/ld+json\" class=\"yoast-schema-graph\">{\"@context\":\"https:\/\/schema.org\",\"@graph\":[{\"@type\":\"WebPage\",\"@id\":\"https:\/\/sic-lime.com\/fr\/technologies\/fours\/fours-a-cuve-unique\/c-b-k-s-central-burner-kiln-special\/\",\"url\":\"https:\/\/sic-lime.com\/fr\/technologies\/fours\/fours-a-cuve-unique\/c-b-k-s-central-burner-kiln-special\/\",\"name\":\"C.B.K.S central burner kiln special - SIC Lime - Societ\u00e0 Impianti Calce S.r.l.\",\"isPartOf\":{\"@id\":\"https:\/\/sic-lime.com\/fr\/#website\"},\"datePublished\":\"2022-01-03T09:32:14+00:00\",\"dateModified\":\"2022-07-28T09:04:38+00:00\",\"breadcrumb\":{\"@id\":\"https:\/\/sic-lime.com\/fr\/technologies\/fours\/fours-a-cuve-unique\/c-b-k-s-central-burner-kiln-special\/#breadcrumb\"},\"inLanguage\":\"fr-FR\",\"potentialAction\":[{\"@type\":\"ReadAction\",\"target\":[\"https:\/\/sic-lime.com\/fr\/technologies\/fours\/fours-a-cuve-unique\/c-b-k-s-central-burner-kiln-special\/\"]}]},{\"@type\":\"BreadcrumbList\",\"@id\":\"https:\/\/sic-lime.com\/fr\/technologies\/fours\/fours-a-cuve-unique\/c-b-k-s-central-burner-kiln-special\/#breadcrumb\",\"itemListElement\":[{\"@type\":\"ListItem\",\"position\":1,\"name\":\"Home\",\"item\":\"https:\/\/sic-lime.com\/fr\/\"},{\"@type\":\"ListItem\",\"position\":2,\"name\":\"Technologies\",\"item\":\"https:\/\/sic-lime.com\/fr\/technologies\/\"},{\"@type\":\"ListItem\",\"position\":3,\"name\":\"Fours\",\"item\":\"https:\/\/sic-lime.com\/fr\/technologies\/kilns\/\"},{\"@type\":\"ListItem\",\"position\":4,\"name\":\"Fours \u00e0 cuve unique\",\"item\":\"https:\/\/sic-lime.com\/fr\/technologies\/kilns\/single-shaft-kilns\/\"},{\"@type\":\"ListItem\",\"position\":5,\"name\":\"C.B.K.S central burner kiln special\"}]},{\"@type\":\"WebSite\",\"@id\":\"https:\/\/sic-lime.com\/fr\/#website\",\"url\":\"https:\/\/sic-lime.com\/fr\/\",\"name\":\"SIC Lime - Societ\u00e0 Impianti Calce S.r.l.\",\"description\":\"\",\"publisher\":{\"@id\":\"https:\/\/sic-lime.com\/fr\/#organization\"},\"potentialAction\":[{\"@type\":\"SearchAction\",\"target\":{\"@type\":\"EntryPoint\",\"urlTemplate\":\"https:\/\/sic-lime.com\/fr\/?s={search_term_string}\"},\"query-input\":{\"@type\":\"PropertyValueSpecification\",\"valueRequired\":true,\"valueName\":\"search_term_string\"}}],\"inLanguage\":\"fr-FR\"},{\"@type\":\"Organization\",\"@id\":\"https:\/\/sic-lime.com\/fr\/#organization\",\"name\":\"SIC - Societ\u00e0 Impianti Calce S.r.l\",\"url\":\"https:\/\/sic-lime.com\/fr\/\",\"logo\":{\"@type\":\"ImageObject\",\"inLanguage\":\"fr-FR\",\"@id\":\"https:\/\/sic-lime.com\/fr\/#\/schema\/logo\/image\/\",\"url\":\"https:\/\/sic-lime.com\/wp-content\/uploads\/2021\/10\/logo-rosso-nero.png\",\"contentUrl\":\"https:\/\/sic-lime.com\/wp-content\/uploads\/2021\/10\/logo-rosso-nero.png\",\"width\":685,\"height\":393,\"caption\":\"SIC - Societ\u00e0 Impianti Calce S.r.l\"},\"image\":{\"@id\":\"https:\/\/sic-lime.com\/fr\/#\/schema\/logo\/image\/\"},\"sameAs\":[\"https:\/\/www.facebook.com\/SIC-Lime-Plants-and-Machines-Societ-Impianti-Calce-1667391000056560\/\",\"https:\/\/www.linkedin.com\/company\/societ-impianti-calce-srl\/\"]}]}<\/script>\n<!-- \/ Yoast SEO plugin. -->","yoast_head_json":{"title":"C.B.K.S central burner kiln special - SIC Lime - Societ\u00e0 Impianti Calce S.r.l.","robots":{"index":"index","follow":"follow","max-snippet":"max-snippet:-1","max-image-preview":"max-image-preview:large","max-video-preview":"max-video-preview:-1"},"canonical":"https:\/\/sic-lime.com\/fr\/technologies\/fours\/fours-a-cuve-unique\/c-b-k-s-central-burner-kiln-special\/","og_locale":"fr_FR","og_type":"article","og_title":"C.B.K.S central burner kiln special - SIC Lime - Societ\u00e0 Impianti Calce S.r.l.","og_description":"technologies SINGLE SHAFT KILNS C.B.K.S. CENTRAL BURNER KILN SPECIAL NOTES TECHNOLOGIQUES Les fours de la s\u00e9rie C.B.K.S ont \u00e9t\u00e9 d\u00e9velopp\u00e9s en utilisant comme base la technologie des fours C.B.K. et en ins\u00e9rant certains d\u00e9tails de conception sp\u00e9cifiques qui permettent la production de produits sp\u00e9ciaux tels que \u00ab\u00a0chaux hydraulique\u00a0\u00bb, \u00ab\u00a0chaux \u00e0 tr\u00e8s faible r\u00e9activit\u00e9 \u00ab\u00a0, \u00ab\u00a0Dolomite [&hellip;]","og_url":"https:\/\/sic-lime.com\/fr\/technologies\/fours\/fours-a-cuve-unique\/c-b-k-s-central-burner-kiln-special\/","og_site_name":"SIC Lime - Societ\u00e0 Impianti Calce S.r.l.","article_publisher":"https:\/\/www.facebook.com\/SIC-Lime-Plants-and-Machines-Societ-Impianti-Calce-1667391000056560\/","article_modified_time":"2022-07-28T09:04:38+00:00","twitter_card":"summary_large_image","twitter_misc":{"Dur\u00e9e de lecture estim\u00e9e":"1 minute"},"schema":{"@context":"https:\/\/schema.org","@graph":[{"@type":"WebPage","@id":"https:\/\/sic-lime.com\/fr\/technologies\/fours\/fours-a-cuve-unique\/c-b-k-s-central-burner-kiln-special\/","url":"https:\/\/sic-lime.com\/fr\/technologies\/fours\/fours-a-cuve-unique\/c-b-k-s-central-burner-kiln-special\/","name":"C.B.K.S central burner kiln special - SIC Lime - Societ\u00e0 Impianti Calce S.r.l.","isPartOf":{"@id":"https:\/\/sic-lime.com\/fr\/#website"},"datePublished":"2022-01-03T09:32:14+00:00","dateModified":"2022-07-28T09:04:38+00:00","breadcrumb":{"@id":"https:\/\/sic-lime.com\/fr\/technologies\/fours\/fours-a-cuve-unique\/c-b-k-s-central-burner-kiln-special\/#breadcrumb"},"inLanguage":"fr-FR","potentialAction":[{"@type":"ReadAction","target":["https:\/\/sic-lime.com\/fr\/technologies\/fours\/fours-a-cuve-unique\/c-b-k-s-central-burner-kiln-special\/"]}]},{"@type":"BreadcrumbList","@id":"https:\/\/sic-lime.com\/fr\/technologies\/fours\/fours-a-cuve-unique\/c-b-k-s-central-burner-kiln-special\/#breadcrumb","itemListElement":[{"@type":"ListItem","position":1,"name":"Home","item":"https:\/\/sic-lime.com\/fr\/"},{"@type":"ListItem","position":2,"name":"Technologies","item":"https:\/\/sic-lime.com\/fr\/technologies\/"},{"@type":"ListItem","position":3,"name":"Fours","item":"https:\/\/sic-lime.com\/fr\/technologies\/kilns\/"},{"@type":"ListItem","position":4,"name":"Fours \u00e0 cuve unique","item":"https:\/\/sic-lime.com\/fr\/technologies\/kilns\/single-shaft-kilns\/"},{"@type":"ListItem","position":5,"name":"C.B.K.S central burner kiln special"}]},{"@type":"WebSite","@id":"https:\/\/sic-lime.com\/fr\/#website","url":"https:\/\/sic-lime.com\/fr\/","name":"SIC Lime - Societ\u00e0 Impianti Calce S.r.l.","description":"","publisher":{"@id":"https:\/\/sic-lime.com\/fr\/#organization"},"potentialAction":[{"@type":"SearchAction","target":{"@type":"EntryPoint","urlTemplate":"https:\/\/sic-lime.com\/fr\/?s={search_term_string}"},"query-input":{"@type":"PropertyValueSpecification","valueRequired":true,"valueName":"search_term_string"}}],"inLanguage":"fr-FR"},{"@type":"Organization","@id":"https:\/\/sic-lime.com\/fr\/#organization","name":"SIC - Societ\u00e0 Impianti Calce S.r.l","url":"https:\/\/sic-lime.com\/fr\/","logo":{"@type":"ImageObject","inLanguage":"fr-FR","@id":"https:\/\/sic-lime.com\/fr\/#\/schema\/logo\/image\/","url":"https:\/\/sic-lime.com\/wp-content\/uploads\/2021\/10\/logo-rosso-nero.png","contentUrl":"https:\/\/sic-lime.com\/wp-content\/uploads\/2021\/10\/logo-rosso-nero.png","width":685,"height":393,"caption":"SIC - Societ\u00e0 Impianti Calce S.r.l"},"image":{"@id":"https:\/\/sic-lime.com\/fr\/#\/schema\/logo\/image\/"},"sameAs":["https:\/\/www.facebook.com\/SIC-Lime-Plants-and-Machines-Societ-Impianti-Calce-1667391000056560\/","https:\/\/www.linkedin.com\/company\/societ-impianti-calce-srl\/"]}]}},"_links":{"self":[{"href":"https:\/\/sic-lime.com\/fr\/wp-json\/wp\/v2\/pages\/4771","targetHints":{"allow":["GET"]}}],"collection":[{"href":"https:\/\/sic-lime.com\/fr\/wp-json\/wp\/v2\/pages"}],"about":[{"href":"https:\/\/sic-lime.com\/fr\/wp-json\/wp\/v2\/types\/page"}],"author":[{"embeddable":true,"href":"https:\/\/sic-lime.com\/fr\/wp-json\/wp\/v2\/users\/1"}],"replies":[{"embeddable":true,"href":"https:\/\/sic-lime.com\/fr\/wp-json\/wp\/v2\/comments?post=4771"}],"version-history":[{"count":1,"href":"https:\/\/sic-lime.com\/fr\/wp-json\/wp\/v2\/pages\/4771\/revisions"}],"predecessor-version":[{"id":5718,"href":"https:\/\/sic-lime.com\/fr\/wp-json\/wp\/v2\/pages\/4771\/revisions\/5718"}],"up":[{"embeddable":true,"href":"https:\/\/sic-lime.com\/fr\/wp-json\/wp\/v2\/pages\/3830"}],"wp:attachment":[{"href":"https:\/\/sic-lime.com\/fr\/wp-json\/wp\/v2\/media?parent=4771"}],"curies":[{"name":"wp","href":"https:\/\/api.w.org\/{rel}","templated":true}]}}