{"id":4560,"date":"2021-10-11T15:52:48","date_gmt":"2021-10-11T13:52:48","guid":{"rendered":"https:\/\/sic-lime.com\/technologies\/forni\/"},"modified":"2023-09-28T11:36:01","modified_gmt":"2023-09-28T09:36:01","slug":"fours","status":"publish","type":"page","link":"https:\/\/sic-lime.com\/fr\/technologies\/fours\/","title":{"rendered":"Fours"},"content":{"rendered":"<h1><strong>technologies<\/strong><\/h1>\n<p>\n    <a href=\"#\"><\/a>\n<\/p>\n<h2><span class=\"rosso\">f<\/span>ours<\/h2>\n<h2>Fours \u00e0 cuve unique<\/p>\n<p><img decoding=\"async\" src=\"\/wp-content\/uploads\/2022\/03\/Schema-forno-singolo-tino.jpg\" width=\"300\" \/><\/p>\n<\/h2>\n<table>\n<tbody>\n<tr>\n<td>Tipologie<\/td>\n<td>\n<ul class=\"tipologie\">\n<li><a href=\"\/fr\/technologies\/fours-a-cuve-unique\/h-p-k-high-performance-kiln\/\">H.P.K. HIGH PERFORMANCE KILN<\/a><\/li>\n<li><a href=\"\/fr\/technologies\/fours-a-cuve-unique\/c-b-k-central-burner-kiln\/\">C.B.K. CENTRAL BURNER KILN<\/a><\/li>\n<li><a href=\"\/fr\/technologies\/fours\/fours-a-cuve-unique\/c-b-k-s-central-burner-kiln-special\/\"><span class=\"rosso\">C.B.K.S. CENTRAL BURNER KILN SPECIAL USES<\/span><\/a><\/li>\n<li><a href=\"\/fr\/technologies\/fours-a-cuve-unique\/m-x-mix-fire\/\">M.X. MIX FIRE KILN<\/a><\/li>\n<\/ul>\n<\/td>\n<\/tr>\n<tr>\n<td>Production<\/td>\n<td>\n<p>de 15 \u00e0 300 T. CaO \/ J<\/p>\n<\/td>\n<\/tr>\n<tr>\n<td>Consommation calorique<\/td>\n<td>\n<p>de &lt;950 \u00e0 1.050 Kcal \/ Kg CaO<\/p>\n<\/td>\n<\/tr>\n<tr>\n<td>Consommation \u00e9lectrique\t<\/td>\n<td>\n<p>de 9 \u00e0 12,5 kWh \/ T. CaO<\/p>\n<\/td>\n<\/tr>\n<tr>\n<td>Taille calcaire<\/td>\n<td>\n<p>de 30 \u00e0 150 mm<\/p>\n<\/td>\n<\/tr>\n<tr>\n<td>Particularit\u00e9s<\/td>\n<td>\n<p class=\"p1\">Indiqu\u00e9s pour moyennes et petites productions<span class=\"Apple-converted-space\">\u00a0<\/span><\/p>\n<p class=\"p1\">Ils ont un faible co\u00fbt d\u2019investissement et une grande simplicit\u00e9 de maintenance et de gestion. Ils permettent \u00e9galement d\u2019obtenir des concentrations \u00e9lev\u00e9es de CO2 \u00e0 la chemin\u00e9e.<\/p>\n<\/p>\n<\/td>\n<\/tr>\n<\/tbody>\n<\/table>\n<p>\n    <a href=\"\/fr\/technologies\/fours-a-cuve-unique\/\">D\u00e9couvrez les 4 types de fours mono cuve<\/a>\n<\/p>\n<h2>Fours \u00e0 double cuve<\/p>\n<p><img decoding=\"async\" src=\"\/wp-content\/uploads\/2022\/03\/Schema-forno-doppio-tino.jpg\" width=\"300\" \/><\/p>\n<\/h2>\n<table>\n<tbody>\n<tr>\n<td>Tipologie<\/td>\n<td>\n<ul class=\"tipologie\">\n<li><a href=\"\/fr\/technologies\/fours-a-cuve-double\/d-s-s-double-shaft-square\/\">D.S.S. DOUBLE SHAFT SQUARE KILN<\/a><\/li>\n<li><a href=\"\/fr\/technologies\/fours-a-cuve-double\/d-s-r-double-shaft-round\/\">D.S.R. DOUBLE SHAFT ROUND KILN<\/a><\/li>\n<li><a href=\"\/fr\/technologies\/fours\/fours-a-cuve-double\/d-s-r-f-double-shaft-round-kiln-fine\/\">D.S.R.F. DOUBLE SHAFT ROUND KILN FINE<\/a><\/li>\n<\/ul>\n<\/p>\n<\/td>\n<\/tr>\n<tr>\n<td>Production<\/td>\n<td>\n<p>de 150 \u00e0 700 T. CaO \/ J<\/p>\n<\/td>\n<\/tr>\n<tr>\n<td>Consommation calorique<\/td>\n<td><850 Kcal \/ Kg CaO\n\n<\/td>\n<\/tr>\n<tr>\n<td>Consommation \u00e9lectrique\t<\/td>\n<td>de 30 \u00e0 35 kWh \/ T. CaO\n<\/td>\n<\/tr>\n<tr>\n<td>Taille calcaire<\/td>\n<td>\n<p>de 10 \u00e0 150 mm <\/p>\n<\/td>\n<\/tr>\n<tr>\n<td>Particularit\u00e9s<\/td>\n<td>\n<p class=\"p1\">Indiqu\u00e9s pour moyennes et petites productions<span class=\"Apple-converted-space\">\u00a0<\/span><\/p>\n<p class=\"p1\">Ils permettent de produire de la chaux \u00e0 haute et tr\u00e8s haute r\u00e9activit\u00e9.<\/p>\n<p class=\"p1\">Ils ont des conditions de travail tr\u00e8s stables.<span class=\"Apple-converted-space\">\u00a0<\/span><\/p>\n<\/td>\n<\/tr>\n<\/tbody>\n<\/table>\n<p>\n    <a href=\"\/fr\/technologies\/fours-a-cuve-double\/\">D\u00e9couvrez les 3 types de fours a cuve double<\/a>\n<\/p>\n<p><!--more--><br \/>\n<!-- {\"name\":\"fours\",\"type\":\"layout\",\"children\":[{\"type\":\"section\",\"props\":{\"class\":\"prima-sezione\",\"css\":\".uk-container{\\nbackground: rgb(0,0,0);\\nbackground: linear-gradient(0deg, rgba(0,0,0,1) 0%, rgba(0,0,0,0) 53%);\\n    max-width: none;\\n}\",\"header_transparent\":\"light\",\"image\":\"wp-content\\\/uploads\\\/2022\\\/02\\\/TECNOLOGIE.jpg\",\"image_position\":\"center-center\",\"image_size\":\"cover\",\"padding\":\"large\",\"padding_remove_bottom\":true,\"style\":\"default\",\"title_breakpoint\":\"xl\",\"title_position\":\"top-left\",\"title_rotation\":\"left\",\"vertical_align\":\"middle\",\"width\":\"default\"},\"children\":[{\"type\":\"row\",\"children\":[{\"type\":\"column\",\"props\":{\"image_position\":\"center-center\",\"media_overlay_gradient\":\"\",\"position_sticky_breakpoint\":\"m\",\"vertical_align\":\"bottom\"},\"children\":[{\"type\":\"headline\",\"props\":{\"content\":\"<strong>technologies<\\\/strong>\",\"css\":\".el-element{\\n\\tcolor: #fff;\\n    text-shadow: 2px 2px 10px rgba(0,0,0,0.5);\\n}\",\"margin\":\"large\",\"margin_remove_bottom\":false,\"text_align\":\"center\",\"title_element\":\"h1\",\"title_style\":\"heading-small\"}},{\"type\":\"button\",\"props\":{\"class\":\"bottone-freccia\",\"css\":\"a{\\n\\tborder-radius: 40px;\\n    width: 60px;\\n    height: 60px;\\n    display: flex;\\n    align-items: center;\\n    border: 2px solid #fff;\\n    justify-content: center;\\n}\\n.el-content{\\n\\tpadding: 0px;\\n}\\nsvg{\\n\\twidth: 40px;\\n    height: 40px;\\n}\\n.el-element{\\n\\tposition: absolute;\\n    bottom: -30px;\\n    left: 50%;\\n    z-index: 99;\\n    transform: translate(-50%);\\n}\",\"grid_column_gap\":\"small\",\"grid_row_gap\":\"small\",\"margin\":\"default\",\"text_align\":\"center\"},\"children\":[{\"type\":\"button_item\",\"props\":{\"button_style\":\"default\",\"icon\":\"chevron-down\",\"icon_align\":\"left\",\"link\":\"#\"}}]}]}]}],\"modified\":\"2021-10-27T07:57:33.371Z\",\"name\":\"top-azienda\"},{\"type\":\"section\",\"props\":{\"css\":\"img{\\n\\tmargin-top: 20px;\\n}\\n.tipologie a{\\n\\tcolor: #e30713;\\n    text-decoration: underline;\\n}\\ntbody>:nth-child(1) td{\\n\\theight: 139px;\\n}\\ntbody>:nth-child(2) td, tbody>:nth-child(3) td, tbody>:nth-child(4) td, tbody>:nth-child(5) td{\\n\\theight: 85px;\\n}\",\"image_position\":\"center-center\",\"style\":\"default\",\"title_breakpoint\":\"xl\",\"title_position\":\"top-left\",\"title_rotation\":\"left\",\"vertical_align\":\"middle\",\"width\":\"default\"},\"children\":[{\"type\":\"row\",\"children\":[{\"type\":\"column\",\"props\":{\"image_position\":\"center-center\",\"media_overlay_gradient\":\"\",\"position_sticky_breakpoint\":\"m\"},\"children\":[{\"type\":\"breadcrumbs\",\"props\":{\"show_current\":true,\"show_home\":true}}]}]},{\"type\":\"row\",\"children\":[{\"type\":\"column\",\"props\":{\"image_position\":\"center-center\",\"media_overlay_gradient\":\"\",\"position_sticky_breakpoint\":\"m\"},\"children\":[{\"type\":\"headline\",\"props\":{\"content\":\"<span class=\\\"rosso\\\">f<\\\/span>ours\",\"margin_remove_top\":true,\"text_align\":\"center\",\"title_element\":\"h2\"},\"modified\":\"2021-10-27T08:05:54.071Z\",\"name\":\"titoli\"}]}]},{\"type\":\"row\",\"props\":{\"class\":\"uk-position-relative\",\"column_gap\":\"medium\",\"layout\":\"1-2,1-2\",\"match\":true,\"row_gap\":\"large\"},\"children\":[{\"type\":\"column\",\"props\":{\"image_position\":\"center-center\",\"media_overlay_gradient\":\"\",\"position_sticky_breakpoint\":\"m\",\"width_medium\":\"1-2\"},\"children\":[{\"type\":\"headline\",\"props\":{\"content\":\"Fours \\u00e0 cuve unique\\n\n\n<p><img src=\\\"\\\/wp-content\\\/uploads\\\/2022\\\/03\\\/Schema-forno-singolo-tino.jpg\\\" width=\\\"300\\\" \\\/><\\\/p>\",\"css\":\"\\\/*@media(min-width: 640px){\\n.el-element{\\n\\tmargin-left: 150px;\\n}\\n}*\\\/\\nimg{\\n\\theight: 600px;\\n    width: 60%;\\n    object-fit: contain;\\n}\\n\",\"text_align\":\"center\",\"title_element\":\"h2\",\"title_style\":\"h3\"}},{\"type\":\"table\",\"props\":{\"css\":\"@media(min-width:1200px){\\n    .el-item >:first-child{\\n   display:none;\\n}\\n}\\n\\n.el-item >:nth-child(2){\\n\\tbackground-color: #f7f7f7!important;\\n}\\n.el-item >:nth-child(2){\\n\\tborder-bottom: 1px solid #000;\\n}\\n@media(max-width: 640px){\\n    td{\\n    \\tfont-size: 12px;\\n        padding: 8px;\\n    }\\n}\\n\",\"image_svg_color\":\"emphasis\",\"image_width\":\"300\",\"link_style\":\"default\",\"link_text\":\"Read more\",\"meta_style\":\"\",\"show_content\":true,\"show_image\":true,\"show_link\":false,\"show_meta\":true,\"show_title\":true,\"table_head_meta\":\"\",\"table_head_title\":\"\",\"table_order\":\"2\",\"table_responsive\":\"overflow\",\"table_style\":\"\",\"table_width_meta\":\"shrink\",\"table_width_title\":\"small\",\"text_align\":\"left\"},\"children\":[{\"type\":\"table_item\",\"props\":{\"content\":\"\n\n<ul class=\\\"tipologie\\\">\\n\n\n<li><a href=\\\"fr\\\/technologies\\\/fours-a-cuve-unique\\\/h-p-k-high-performance-kiln\\\/\\\">H.P.K. HIGH PERFORMANCE KILN<\\\/a><\\\/li>\\n\n\n<li><a href=\\\"fr\\\/technologies\\\/fours-a-cuve-unique\\\/c-b-k-central-burner-kiln\\\/\\\">C.B.K. CENTRAL BURNER KILN<\\\/a><\\\/li>\\n\n\n<li><a href=\\\"fr\\\/technologies\\\/fours\\\/fours-a-cuve-unique\\\/c-b-k-s-central-burner-kiln-special\\\/\\\"><span class=\\\"rosso\\\">C.B.K.S. CENTRAL BURNER KILN SPECIAL USES<\\\/span><\\\/a><\\\/li>\\n\n\n<li><a href=\\\"fr\\\/technologies\\\/fours-a-cuve-unique\\\/m-x-mix-fire\\\/\\\">M.X. MIX FIRE KILN<\\\/a><\\\/li>\\n<\\\/ul>\",\"title\":\"Tipologie\"}},{\"type\":\"table_item\",\"props\":{\"content\":\"\n\n<p>de 15 \\u00e0 300 T. CaO \\\/ J<\\\/p>\",\"title\":\"Production\"}},{\"type\":\"table_item\",\"props\":{\"content\":\"\n\n<p>de &lt;950 \\u00e0 1.050 Kcal \\\/ Kg CaO<\\\/p>\\n\",\"title\":\"Consommation calorique\"}},{\"type\":\"table_item\",\"props\":{\"content\":\"\n\n<p>de 9 \\u00e0 12,5 kWh \\\/ T. CaO<\\\/p>\\n\",\"title\":\"Consommation \\u00e9lectrique\\t\"}},{\"type\":\"table_item\",\"props\":{\"content\":\"\n\n<p>de 30 \\u00e0 150 mm<\\\/p>\\n\",\"title\":\"Taille calcaire\"}},{\"type\":\"table_item\",\"props\":{\"content\":\"\n\n<p class=\\\"p1\\\">Indiqu\\u00e9s pour moyennes et petites productions<span class=\\\"Apple-converted-space\\\">\\u00a0<\\\/span><\\\/p>\\n\n\n<p class=\\\"p1\\\">Ils ont un faible co\\u00fbt d\\u2019investissement et une grande simplicit\\u00e9 de maintenance et de gestion. Ils permettent \\u00e9galement d\\u2019obtenir des concentrations \\u00e9lev\\u00e9es de CO2 \\u00e0 la chemin\\u00e9e.<\\\/p>\\n\n\n<p><\\\/p>\",\"title\":\"Particularit\\u00e9s\"}}]},{\"type\":\"button\",\"props\":{\"grid_column_gap\":\"small\",\"grid_row_gap\":\"small\",\"margin\":\"medium\",\"text_align\":\"center\"},\"children\":[{\"type\":\"button_item\",\"props\":{\"button_style\":\"default\",\"content\":\"D\\u00e9couvrez les 4 types de fours mono cuve\",\"icon_align\":\"left\",\"link\":\"fr\\\/technologies\\\/fours-a-cuve-unique\\\/\"}}]}]},{\"type\":\"column\",\"props\":{\"class\":\"\",\"image_position\":\"center-center\",\"media_overlay_gradient\":\"\",\"position_sticky_breakpoint\":\"m\",\"width_medium\":\"1-2\"},\"children\":[{\"type\":\"headline\",\"props\":{\"content\":\"Fours \\u00e0 double cuve\\n\n\n<p><img src=\\\"\\\/wp-content\\\/uploads\\\/2022\\\/03\\\/Schema-forno-doppio-tino.jpg\\\" width=\\\"300\\\" \\\/><\\\/p>\",\"css\":\"@media(min-width: 640px){\\n.el-element{\\n\\tmargin-left: 150px;\\n}\\n}\\nimg{\\n\\theight: 600px;\\n    object-fit: contain;\\n}\",\"text_align\":\"center\",\"title_element\":\"h2\",\"title_style\":\"h3\"}},{\"type\":\"table\",\"props\":{\"css\":\"\\n.el-item >:nth-child(2){\\n\\tbackground-color: #f7f7f7!important;\\n}\\n.el-item >:nth-child(2){\\n\\tborder-bottom: 1px solid #000;\\n}\\n@media(max-width: 640px){\\n    td{\\n    \\tfont-size: 12px;\\n        padding: 8px;\\n    }\\n}\",\"image_svg_color\":\"emphasis\",\"image_width\":\"300\",\"link_style\":\"default\",\"link_text\":\"Read more\",\"meta_style\":\"\",\"show_content\":true,\"show_image\":true,\"show_link\":false,\"show_meta\":true,\"show_title\":true,\"table_head_meta\":\"\",\"table_head_title\":\"\",\"table_order\":\"2\",\"table_responsive\":\"overflow\",\"table_style\":\"\",\"table_width_meta\":\"shrink\",\"table_width_title\":\"small\",\"text_align\":\"left\"},\"children\":[{\"type\":\"table_item\",\"props\":{\"content\":\"\n\n<ul class=\\\"tipologie\\\">\\n\n\n<li><a href=\\\"fr\\\/technologies\\\/fours-a-cuve-double\\\/d-s-s-double-shaft-square\\\/\\\">D.S.S. DOUBLE SHAFT SQUARE KILN<\\\/a><\\\/li>\\n\n\n<li><a href=\\\"fr\\\/technologies\\\/fours-a-cuve-double\\\/d-s-r-double-shaft-round\\\/\\\">D.S.R. DOUBLE SHAFT ROUND KILN<\\\/a><\\\/li>\\n\n\n<li><a href=\\\"fr\\\/technologies\\\/fours\\\/fours-a-cuve-double\\\/d-s-r-f-double-shaft-round-kiln-fine\\\/\\\">D.S.R.F. DOUBLE SHAFT ROUND KILN FINE<\\\/a><\\\/li>\\n<\\\/ul>\\n\n\n<p><\\\/p>\\n\n\n<p><\\\/p>\",\"title\":\"Tipologie\"}},{\"type\":\"table_item\",\"props\":{\"content\":\"\n\n<p>de 150 \\u00e0 700 T. CaO \\\/ J<\\\/p>\",\"title\":\"Production\"}},{\"type\":\"table_item\",\"props\":{\"content\":\"<850 Kcal \\\/ Kg CaO\\n\\n\",\"title\":\"Consommation calorique\"}},{\"type\":\"table_item\",\"props\":{\"content\":\"de 30 \\u00e0 35 kWh \\\/ T. CaO\\n\",\"title\":\"Consommation \\u00e9lectrique\\t\"}},{\"type\":\"table_item\",\"props\":{\"content\":\"\n\n<p>de 10 \\u00e0 150 mm <br \\\/><br \\\/><\\\/p>\",\"title\":\"Taille calcaire\"}},{\"type\":\"table_item\",\"props\":{\"content\":\"\n\n<p class=\\\"p1\\\">Indiqu\\u00e9s pour moyennes et petites productions<span class=\\\"Apple-converted-space\\\">\\u00a0<\\\/span><\\\/p>\\n\n\n<p class=\\\"p1\\\">Ils permettent de produire de la chaux \\u00e0 haute et tr\\u00e8s haute r\\u00e9activit\\u00e9.<\\\/p>\\n\n\n<p class=\\\"p1\\\">Ils ont des conditions de travail tr\\u00e8s stables.<span class=\\\"Apple-converted-space\\\">\\u00a0<\\\/span><\\\/p>\",\"title\":\"Particularit\\u00e9s\"}}]},{\"type\":\"button\",\"props\":{\"css\":\"@media only screen and (min-width:960px){\\n    .el-element{\\n    margin-left:117px}\\n}\",\"grid_column_gap\":\"small\",\"grid_row_gap\":\"small\",\"margin\":\"medium\",\"text_align\":\"center\"},\"children\":[{\"type\":\"button_item\",\"props\":{\"button_style\":\"default\",\"content\":\"D\\u00e9couvrez les 3 types de fours a cuve double\",\"icon_align\":\"left\",\"link\":\"fr\\\/technologies\\\/fours-a-cuve-double\\\/\"}}]}]}]}]}],\"version\":\"3.0.25\"} --><\/p>\n","protected":false},"excerpt":{"rendered":"<p>technologies fours Fours \u00e0 cuve unique Tipologie H.P.K. HIGH PERFORMANCE KILN C.B.K. CENTRAL BURNER KILN C.B.K.S. CENTRAL BURNER KILN SPECIAL USES M.X. MIX FIRE KILN Production de 15 \u00e0 300 T. CaO \/ J Consommation calorique de &lt;950 \u00e0 1.050 Kcal \/ Kg CaO Consommation \u00e9lectrique de 9 \u00e0 12,5 kWh \/ T. CaO Taille [&hellip;]<\/p>\n","protected":false},"author":1,"featured_media":0,"parent":3946,"menu_order":0,"comment_status":"closed","ping_status":"closed","template":"","meta":{"footnotes":""},"class_list":["post-4560","page","type-page","status-publish","hentry"],"yoast_head":"<!-- This site is optimized with the Yoast SEO plugin v26.0 - https:\/\/yoast.com\/wordpress\/plugins\/seo\/ -->\n<title>Fours - SIC Lime - Societ\u00e0 Impianti Calce S.r.l.<\/title>\n<meta name=\"robots\" content=\"index, follow, max-snippet:-1, max-image-preview:large, max-video-preview:-1\" \/>\n<link rel=\"canonical\" href=\"https:\/\/sic-lime.com\/fr\/technologies\/fours\/\" \/>\n<meta property=\"og:locale\" content=\"fr_FR\" \/>\n<meta property=\"og:type\" content=\"article\" \/>\n<meta property=\"og:title\" content=\"Fours - SIC Lime - Societ\u00e0 Impianti Calce S.r.l.\" \/>\n<meta property=\"og:description\" content=\"technologies fours Fours \u00e0 cuve unique Tipologie H.P.K. HIGH PERFORMANCE KILN C.B.K. CENTRAL BURNER KILN C.B.K.S. CENTRAL BURNER KILN SPECIAL USES M.X. MIX FIRE KILN Production de 15 \u00e0 300 T. CaO \/ J Consommation calorique de &lt;950 \u00e0 1.050 Kcal \/ Kg CaO Consommation \u00e9lectrique de 9 \u00e0 12,5 kWh \/ T. CaO Taille [&hellip;]\" \/>\n<meta property=\"og:url\" content=\"https:\/\/sic-lime.com\/fr\/technologies\/fours\/\" \/>\n<meta property=\"og:site_name\" content=\"SIC Lime - Societ\u00e0 Impianti Calce S.r.l.\" \/>\n<meta property=\"article:publisher\" content=\"https:\/\/www.facebook.com\/SIC-Lime-Plants-and-Machines-Societ-Impianti-Calce-1667391000056560\/\" \/>\n<meta property=\"article:modified_time\" content=\"2023-09-28T09:36:01+00:00\" \/>\n<meta name=\"twitter:card\" content=\"summary_large_image\" \/>\n<meta name=\"twitter:label1\" content=\"Dur\u00e9e de lecture estim\u00e9e\" \/>\n\t<meta name=\"twitter:data1\" content=\"1 minute\" \/>\n<script type=\"application\/ld+json\" class=\"yoast-schema-graph\">{\"@context\":\"https:\/\/schema.org\",\"@graph\":[{\"@type\":\"WebPage\",\"@id\":\"https:\/\/sic-lime.com\/fr\/technologies\/fours\/\",\"url\":\"https:\/\/sic-lime.com\/fr\/technologies\/fours\/\",\"name\":\"Fours - SIC Lime - Societ\u00e0 Impianti Calce S.r.l.\",\"isPartOf\":{\"@id\":\"https:\/\/sic-lime.com\/fr\/#website\"},\"datePublished\":\"2021-10-11T13:52:48+00:00\",\"dateModified\":\"2023-09-28T09:36:01+00:00\",\"breadcrumb\":{\"@id\":\"https:\/\/sic-lime.com\/fr\/technologies\/fours\/#breadcrumb\"},\"inLanguage\":\"fr-FR\",\"potentialAction\":[{\"@type\":\"ReadAction\",\"target\":[\"https:\/\/sic-lime.com\/fr\/technologies\/fours\/\"]}]},{\"@type\":\"BreadcrumbList\",\"@id\":\"https:\/\/sic-lime.com\/fr\/technologies\/fours\/#breadcrumb\",\"itemListElement\":[{\"@type\":\"ListItem\",\"position\":1,\"name\":\"Home\",\"item\":\"https:\/\/sic-lime.com\/fr\/\"},{\"@type\":\"ListItem\",\"position\":2,\"name\":\"Technologies\",\"item\":\"https:\/\/sic-lime.com\/fr\/technologies\/\"},{\"@type\":\"ListItem\",\"position\":3,\"name\":\"Fours\"}]},{\"@type\":\"WebSite\",\"@id\":\"https:\/\/sic-lime.com\/fr\/#website\",\"url\":\"https:\/\/sic-lime.com\/fr\/\",\"name\":\"SIC Lime - Societ\u00e0 Impianti Calce S.r.l.\",\"description\":\"\",\"publisher\":{\"@id\":\"https:\/\/sic-lime.com\/fr\/#organization\"},\"potentialAction\":[{\"@type\":\"SearchAction\",\"target\":{\"@type\":\"EntryPoint\",\"urlTemplate\":\"https:\/\/sic-lime.com\/fr\/?s={search_term_string}\"},\"query-input\":{\"@type\":\"PropertyValueSpecification\",\"valueRequired\":true,\"valueName\":\"search_term_string\"}}],\"inLanguage\":\"fr-FR\"},{\"@type\":\"Organization\",\"@id\":\"https:\/\/sic-lime.com\/fr\/#organization\",\"name\":\"SIC - Societ\u00e0 Impianti Calce S.r.l\",\"url\":\"https:\/\/sic-lime.com\/fr\/\",\"logo\":{\"@type\":\"ImageObject\",\"inLanguage\":\"fr-FR\",\"@id\":\"https:\/\/sic-lime.com\/fr\/#\/schema\/logo\/image\/\",\"url\":\"https:\/\/sic-lime.com\/wp-content\/uploads\/2021\/10\/logo-rosso-nero.png\",\"contentUrl\":\"https:\/\/sic-lime.com\/wp-content\/uploads\/2021\/10\/logo-rosso-nero.png\",\"width\":685,\"height\":393,\"caption\":\"SIC - Societ\u00e0 Impianti Calce S.r.l\"},\"image\":{\"@id\":\"https:\/\/sic-lime.com\/fr\/#\/schema\/logo\/image\/\"},\"sameAs\":[\"https:\/\/www.facebook.com\/SIC-Lime-Plants-and-Machines-Societ-Impianti-Calce-1667391000056560\/\",\"https:\/\/www.linkedin.com\/company\/societ-impianti-calce-srl\/\"]}]}<\/script>\n<!-- \/ Yoast SEO plugin. -->","yoast_head_json":{"title":"Fours - SIC Lime - Societ\u00e0 Impianti Calce S.r.l.","robots":{"index":"index","follow":"follow","max-snippet":"max-snippet:-1","max-image-preview":"max-image-preview:large","max-video-preview":"max-video-preview:-1"},"canonical":"https:\/\/sic-lime.com\/fr\/technologies\/fours\/","og_locale":"fr_FR","og_type":"article","og_title":"Fours - SIC Lime - Societ\u00e0 Impianti Calce S.r.l.","og_description":"technologies fours Fours \u00e0 cuve unique Tipologie H.P.K. HIGH PERFORMANCE KILN C.B.K. CENTRAL BURNER KILN C.B.K.S. CENTRAL BURNER KILN SPECIAL USES M.X. MIX FIRE KILN Production de 15 \u00e0 300 T. CaO \/ J Consommation calorique de &lt;950 \u00e0 1.050 Kcal \/ Kg CaO Consommation \u00e9lectrique de 9 \u00e0 12,5 kWh \/ T. CaO Taille [&hellip;]","og_url":"https:\/\/sic-lime.com\/fr\/technologies\/fours\/","og_site_name":"SIC Lime - Societ\u00e0 Impianti Calce S.r.l.","article_publisher":"https:\/\/www.facebook.com\/SIC-Lime-Plants-and-Machines-Societ-Impianti-Calce-1667391000056560\/","article_modified_time":"2023-09-28T09:36:01+00:00","twitter_card":"summary_large_image","twitter_misc":{"Dur\u00e9e de lecture estim\u00e9e":"1 minute"},"schema":{"@context":"https:\/\/schema.org","@graph":[{"@type":"WebPage","@id":"https:\/\/sic-lime.com\/fr\/technologies\/fours\/","url":"https:\/\/sic-lime.com\/fr\/technologies\/fours\/","name":"Fours - SIC Lime - Societ\u00e0 Impianti Calce S.r.l.","isPartOf":{"@id":"https:\/\/sic-lime.com\/fr\/#website"},"datePublished":"2021-10-11T13:52:48+00:00","dateModified":"2023-09-28T09:36:01+00:00","breadcrumb":{"@id":"https:\/\/sic-lime.com\/fr\/technologies\/fours\/#breadcrumb"},"inLanguage":"fr-FR","potentialAction":[{"@type":"ReadAction","target":["https:\/\/sic-lime.com\/fr\/technologies\/fours\/"]}]},{"@type":"BreadcrumbList","@id":"https:\/\/sic-lime.com\/fr\/technologies\/fours\/#breadcrumb","itemListElement":[{"@type":"ListItem","position":1,"name":"Home","item":"https:\/\/sic-lime.com\/fr\/"},{"@type":"ListItem","position":2,"name":"Technologies","item":"https:\/\/sic-lime.com\/fr\/technologies\/"},{"@type":"ListItem","position":3,"name":"Fours"}]},{"@type":"WebSite","@id":"https:\/\/sic-lime.com\/fr\/#website","url":"https:\/\/sic-lime.com\/fr\/","name":"SIC Lime - Societ\u00e0 Impianti Calce S.r.l.","description":"","publisher":{"@id":"https:\/\/sic-lime.com\/fr\/#organization"},"potentialAction":[{"@type":"SearchAction","target":{"@type":"EntryPoint","urlTemplate":"https:\/\/sic-lime.com\/fr\/?s={search_term_string}"},"query-input":{"@type":"PropertyValueSpecification","valueRequired":true,"valueName":"search_term_string"}}],"inLanguage":"fr-FR"},{"@type":"Organization","@id":"https:\/\/sic-lime.com\/fr\/#organization","name":"SIC - Societ\u00e0 Impianti Calce S.r.l","url":"https:\/\/sic-lime.com\/fr\/","logo":{"@type":"ImageObject","inLanguage":"fr-FR","@id":"https:\/\/sic-lime.com\/fr\/#\/schema\/logo\/image\/","url":"https:\/\/sic-lime.com\/wp-content\/uploads\/2021\/10\/logo-rosso-nero.png","contentUrl":"https:\/\/sic-lime.com\/wp-content\/uploads\/2021\/10\/logo-rosso-nero.png","width":685,"height":393,"caption":"SIC - Societ\u00e0 Impianti Calce S.r.l"},"image":{"@id":"https:\/\/sic-lime.com\/fr\/#\/schema\/logo\/image\/"},"sameAs":["https:\/\/www.facebook.com\/SIC-Lime-Plants-and-Machines-Societ-Impianti-Calce-1667391000056560\/","https:\/\/www.linkedin.com\/company\/societ-impianti-calce-srl\/"]}]}},"_links":{"self":[{"href":"https:\/\/sic-lime.com\/fr\/wp-json\/wp\/v2\/pages\/4560","targetHints":{"allow":["GET"]}}],"collection":[{"href":"https:\/\/sic-lime.com\/fr\/wp-json\/wp\/v2\/pages"}],"about":[{"href":"https:\/\/sic-lime.com\/fr\/wp-json\/wp\/v2\/types\/page"}],"author":[{"embeddable":true,"href":"https:\/\/sic-lime.com\/fr\/wp-json\/wp\/v2\/users\/1"}],"replies":[{"embeddable":true,"href":"https:\/\/sic-lime.com\/fr\/wp-json\/wp\/v2\/comments?post=4560"}],"version-history":[{"count":2,"href":"https:\/\/sic-lime.com\/fr\/wp-json\/wp\/v2\/pages\/4560\/revisions"}],"predecessor-version":[{"id":6058,"href":"https:\/\/sic-lime.com\/fr\/wp-json\/wp\/v2\/pages\/4560\/revisions\/6058"}],"up":[{"embeddable":true,"href":"https:\/\/sic-lime.com\/fr\/wp-json\/wp\/v2\/pages\/3946"}],"wp:attachment":[{"href":"https:\/\/sic-lime.com\/fr\/wp-json\/wp\/v2\/media?parent=4560"}],"curies":[{"name":"wp","href":"https:\/\/api.w.org\/{rel}","templated":true}]}}