{"id":4323,"date":"2022-01-03T10:56:47","date_gmt":"2022-01-03T08:56:47","guid":{"rendered":"https:\/\/sic-lime.com\/technologies\/machines-et-equipements\/coclee-traslanti\/"},"modified":"2022-06-01T15:48:35","modified_gmt":"2022-06-01T13:48:35","slug":"vis-transporteuses","status":"publish","type":"page","link":"https:\/\/sic-lime.com\/fr\/technologies\/machines-et-equipements\/vis-transporteuses\/","title":{"rendered":"Vis transporteuses"},"content":{"rendered":"<h1><strong>technologies<\/strong><\/h1>\n<p>\n    <a href=\"#\"><\/a>\n<\/p>\n<h2><span class=\"rosso\">M<\/span>achines et <span class=\"rosso\">\u00c9<\/span>quipements<\/h2>\n<h3><span class=\"rosso\">V<\/span>is <span class=\"rosso\">T<\/span>ransporteuses<br \/>\n<\/h3>\n<p><img decoding=\"async\" src=\"\/wp-content\/uploads\/2022\/03\/Coclea-traslante-1.jpg\" alt=\"\"><\/p>\n<div>\n<p style=\"text-align: justify;\">Les<strong> vis transporteuses<\/strong> sont constitu\u00e9es d\u2019une robuste vis de grand diam\u00e8tre tournant autour de son axe et dont les supports de rotation sont mont\u00e9s sur des chariots de d\u00e9m\u00e9nagement tenus \u00e0 cr\u00e9maill\u00e8res.<\/p>\n<p style=\"text-align: justify;\">La vis transporteuse est mont\u00e9e dans la partie inf\u00e9rieure d\u2019une tr\u00e9mie \u00e0 fond plat avec une section transversale rectangulaire.<\/p>\n<p style=\"text-align: justify;\">Le syst\u00e8me \u00e0 cr\u00e9maill\u00e8re permet \u00e0 la vis de translation de pouvoir parcourir toute longueur de la tr\u00e9mie de stockage.<\/p>\n<p align=\"JUSTIFY\" style=\"text-align: justify;\">Les vis transporteuses permettent de r\u00e9aliser de grands stockages en parc de mat\u00e9riaux en vrac tels que\u00a0: chaux, calcaire, coke, sable, sciure de bois, en \u00e9vitant que ces produits, une fois d\u00e9charg\u00e9s des v\u00e9hicules de transport, n\u00e9cessitent encore l\u2019intervention d\u2019un op\u00e9rateur pour leur manutention.<\/p>\n<\/div>\n<div>\n<p align=\"JUSTIFY\" style=\"text-align: justify;\">Un double syst\u00e8me d\u2019inverter pour le contr\u00f4le de la vitesse de rotation et de l\u2019avancement de la vis permet de pouvoir r\u00e9gler \u00e0 discr\u00e9tion la capacit\u00e9 d\u2019extraction du mat\u00e9riel ainsi de permettre l\u2019utilisation de la vis transporteuse aussi comme syst\u00e8me de stockage en amont d\u2019un syst\u00e8me de broyage ou de transport.<\/p>\n<p style=\"text-align: justify;\">En outre le particulier profil de la tr\u00e9mie permet d\u2019\u00e9quiper le stockage avec un efficace syst\u00e8me de d\u00e9poussi\u00e9rage soit pendant la phase de d\u00e9chargement des moyens que pendant la phase d\u2019extraction.<\/p>\n<\/div>\n<p><img decoding=\"async\" src=\"\/wp-content\/uploads\/2022\/03\/Coclea-traslante-2.jpg\" alt=\"\"><\/p>\n<p><!--more--><br \/>\n<!-- {\"name\":\"separatori\",\"type\":\"layout\",\"children\":[{\"type\":\"section\",\"props\":{\"style\":\"default\",\"width\":\"default\",\"vertical_align\":\"middle\",\"title_position\":\"top-left\",\"title_rotation\":\"left\",\"title_breakpoint\":\"xl\",\"image_position\":\"center-center\",\"image\":\"wp-content\\\/uploads\\\/2022\\\/02\\\/A-scaled.jpg\",\"header_transparent\":\"light\",\"padding\":\"large\",\"padding_remove_bottom\":true,\"css\":\".uk-container{\\nbackground: rgb(0,0,0);\\nbackground: linear-gradient(0deg, rgba(0,0,0,1) 0%, rgba(0,0,0,0) 53%);\\n    max-width: none;\\n}\",\"class\":\"prima-sezione\"},\"children\":[{\"type\":\"row\",\"children\":[{\"type\":\"column\",\"props\":{\"image_position\":\"center-center\",\"media_overlay_gradient\":\"\",\"vertical_align\":\"bottom\",\"position_sticky_breakpoint\":\"m\"},\"children\":[{\"type\":\"headline\",\"props\":{\"title_element\":\"h1\",\"content\":\"<strong>technologies<\\\/strong>\",\"text_align\":\"center\",\"css\":\".el-element{\\n\\tcolor: #fff;\\n    text-shadow: 2px 2px 10px rgba(0,0,0,0.5);\\n}\",\"title_style\":\"heading-small\",\"margin_remove_bottom\":false,\"margin\":\"large\"}},{\"type\":\"button\",\"props\":{\"grid_column_gap\":\"small\",\"grid_row_gap\":\"small\",\"margin\":\"default\",\"text_align\":\"center\",\"css\":\"a{\\n\\tborder-radius: 40px;\\n    width: 60px;\\n    height: 60px;\\n    display: flex;\\n    align-items: center;\\n    border: 2px solid #fff;\\n    justify-content: center;\\n}\\n.el-content{\\n\\tpadding: 0px;\\n}\\nsvg{\\n\\twidth: 40px;\\n    height: 40px;\\n}\\n.el-element{\\n\\tposition: absolute;\\n    bottom: -30px;\\n    left: 50%;\\n    z-index: 99;\\n    transform: translate(-50%);\\n}\",\"class\":\"bottone-freccia\"},\"children\":[{\"type\":\"button_item\",\"props\":{\"button_style\":\"default\",\"icon_align\":\"left\",\"link\":\"#\",\"icon\":\"chevron-down\"}}]}]}]}],\"modified\":\"2021-10-27T07:57:33.371Z\",\"name\":\"top-azienda\"},{\"type\":\"section\",\"props\":{\"style\":\"default\",\"width\":\"default\",\"vertical_align\":\"middle\",\"title_position\":\"top-left\",\"title_rotation\":\"left\",\"title_breakpoint\":\"xl\",\"image_position\":\"center-center\"},\"children\":[{\"type\":\"row\",\"children\":[{\"type\":\"column\",\"props\":{\"image_position\":\"center-center\",\"media_overlay_gradient\":\"\",\"position_sticky_breakpoint\":\"m\"},\"children\":[{\"type\":\"breadcrumbs\",\"props\":{\"show_home\":true,\"show_current\":true}}]}],\"props\":{\"margin\":\"medium\"}},{\"type\":\"row\",\"children\":[{\"type\":\"column\",\"props\":{\"image_position\":\"center-center\",\"media_overlay_gradient\":\"\",\"position_sticky_breakpoint\":\"m\"},\"children\":[{\"type\":\"headline\",\"props\":{\"title_element\":\"h2\",\"text_align\":\"center\",\"margin_remove_top\":true,\"content\":\"<span class=\\\"rosso\\\">M<\\\/span>achines et <span class=\\\"rosso\\\">\\u00c9<\\\/span>quipements\"},\"modified\":\"2021-10-27T08:05:54.071Z\",\"name\":\"titoli\"},{\"type\":\"headline\",\"props\":{\"title_element\":\"h3\",\"text_align\":\"center\",\"margin_remove_top\":true,\"content\":\"<span class=\\\"rosso\\\">V<\\\/span>is <span class=\\\"rosso\\\">T<\\\/span>ransporteuses \\n\"},\"modified\":\"2021-10-27T08:05:54.071Z\",\"name\":\"titoli\"}]}]},{\"type\":\"row\",\"props\":{\"layout\":\"1-3,2-3\"},\"children\":[{\"type\":\"column\",\"props\":{\"image_position\":\"center-center\",\"media_overlay_gradient\":\"\",\"width_medium\":\"1-3\",\"position_sticky_breakpoint\":\"m\"},\"children\":[{\"type\":\"image\",\"props\":{\"margin\":\"default\",\"image_svg_color\":\"emphasis\",\"image\":\"wp-content\\\/uploads\\\/2022\\\/03\\\/Coclea-traslante-1.jpg\",\"image_width\":\"600\",\"text_align\":\"left\",\"text_align_breakpoint\":\"m\",\"text_align_fallback\":\"center\",\"css\":\"img{\\n    width:374px;\\n        height:320px;\\nobject-fit:cover;\\n}\"}}]},{\"type\":\"column\",\"props\":{\"image_position\":\"center-center\",\"media_overlay_gradient\":\"\",\"width_medium\":\"2-3\",\"vertical_align\":\"middle\",\"position_sticky_breakpoint\":\"m\"},\"children\":[{\"type\":\"text\",\"props\":{\"margin\":\"default\",\"column_breakpoint\":\"m\",\"content\":\"\n\n<p style=\\\"text-align: justify;\\\">Les<strong> vis transporteuses<\\\/strong> sont constitu\\u00e9es d\\u2019une robuste vis de grand diam\\u00e8tre tournant autour de son axe et dont les supports de rotation sont mont\\u00e9s sur des chariots de d\\u00e9m\\u00e9nagement tenus \\u00e0 cr\\u00e9maill\\u00e8res.<\\\/p>\\n\n\n<p style=\\\"text-align: justify;\\\">La vis transporteuse est mont\\u00e9e dans la partie inf\\u00e9rieure d\\u2019une tr\\u00e9mie \\u00e0 fond plat avec une section transversale rectangulaire.<\\\/p>\\n\n\n<p style=\\\"text-align: justify;\\\">Le syst\\u00e8me \\u00e0 cr\\u00e9maill\\u00e8re permet \\u00e0 la vis de translation de pouvoir parcourir toute longueur de la tr\\u00e9mie de stockage.<\\\/p>\\n\n\n<p align=\\\"JUSTIFY\\\" style=\\\"text-align: justify;\\\">Les vis transporteuses permettent de r\\u00e9aliser de grands stockages en parc de mat\\u00e9riaux en vrac tels que\\u00a0: chaux, calcaire, coke, sable, sciure de bois, en \\u00e9vitant que ces produits, une fois d\\u00e9charg\\u00e9s des v\\u00e9hicules de transport, n\\u00e9cessitent encore l\\u2019intervention d\\u2019un op\\u00e9rateur pour leur manutention.<\\\/p>\"}}]}]},{\"type\":\"row\",\"props\":{\"layout\":\"2-3,1-3\"},\"children\":[{\"type\":\"column\",\"props\":{\"image_position\":\"center-center\",\"media_overlay_gradient\":\"\",\"width_medium\":\"2-3\",\"vertical_align\":\"middle\",\"order_first\":\"m\",\"position_sticky_breakpoint\":\"m\"},\"children\":[{\"type\":\"text\",\"props\":{\"margin\":\"default\",\"column_breakpoint\":\"m\",\"content\":\"\n\n<p align=\\\"JUSTIFY\\\" style=\\\"text-align: justify;\\\">Un double syst\\u00e8me d\\u2019inverter pour le contr\\u00f4le de la vitesse de rotation et de l\\u2019avancement de la vis permet de pouvoir r\\u00e9gler \\u00e0 discr\\u00e9tion la capacit\\u00e9 d\\u2019extraction du mat\\u00e9riel ainsi de permettre l\\u2019utilisation de la vis transporteuse aussi comme syst\\u00e8me de stockage en amont d\\u2019un syst\\u00e8me de broyage ou de transport.<\\\/p>\\n\n\n<p style=\\\"text-align: justify;\\\">En outre le particulier profil de la tr\\u00e9mie permet d\\u2019\\u00e9quiper le stockage avec un efficace syst\\u00e8me de d\\u00e9poussi\\u00e9rage soit pendant la phase de d\\u00e9chargement des moyens que pendant la phase d\\u2019extraction.<\\\/p>\"}}]},{\"type\":\"column\",\"props\":{\"image_position\":\"center-center\",\"media_overlay_gradient\":\"\",\"width_medium\":\"1-3\",\"vertical_align\":\"middle\",\"order_first\":\"xs\",\"position_sticky_breakpoint\":\"m\"},\"children\":[{\"type\":\"image\",\"props\":{\"margin\":\"default\",\"image_svg_color\":\"emphasis\",\"image\":\"wp-content\\\/uploads\\\/2022\\\/03\\\/Coclea-traslante-2.jpg\",\"image_width\":\"600\",\"text_align\":\"left\",\"text_align_breakpoint\":\"m\",\"text_align_fallback\":\"center\",\"css\":\"img{\\n    width:374px;\\n        height:320px;\\nobject-fit:cover;\\n}\"}}]}]}]}],\"version\":\"2.7.22\"} --><\/p>\n","protected":false},"excerpt":{"rendered":"<p>technologies Machines et \u00c9quipements Vis Transporteuses Les vis transporteuses sont constitu\u00e9es d\u2019une robuste vis de grand diam\u00e8tre tournant autour de son axe et dont les supports de rotation sont mont\u00e9s sur des chariots de d\u00e9m\u00e9nagement tenus \u00e0 cr\u00e9maill\u00e8res. La vis transporteuse est mont\u00e9e dans la partie inf\u00e9rieure d\u2019une tr\u00e9mie \u00e0 fond plat avec une section [&hellip;]<\/p>\n","protected":false},"author":1,"featured_media":0,"parent":4200,"menu_order":0,"comment_status":"closed","ping_status":"closed","template":"","meta":{"footnotes":""},"class_list":["post-4323","page","type-page","status-publish","hentry"],"yoast_head":"<!-- This site is optimized with the Yoast SEO plugin v26.0 - https:\/\/yoast.com\/wordpress\/plugins\/seo\/ -->\n<title>Vis transporteuses - SIC Lime - Societ\u00e0 Impianti Calce S.r.l.<\/title>\n<meta name=\"robots\" content=\"index, follow, max-snippet:-1, max-image-preview:large, max-video-preview:-1\" \/>\n<link rel=\"canonical\" href=\"https:\/\/sic-lime.com\/fr\/technologies\/machines-et-equipements\/vis-transporteuses\/\" \/>\n<meta property=\"og:locale\" content=\"fr_FR\" \/>\n<meta property=\"og:type\" content=\"article\" \/>\n<meta property=\"og:title\" content=\"Vis transporteuses - SIC Lime - Societ\u00e0 Impianti Calce S.r.l.\" \/>\n<meta property=\"og:description\" content=\"technologies Machines et \u00c9quipements Vis Transporteuses Les vis transporteuses sont constitu\u00e9es d\u2019une robuste vis de grand diam\u00e8tre tournant autour de son axe et dont les supports de rotation sont mont\u00e9s sur des chariots de d\u00e9m\u00e9nagement tenus \u00e0 cr\u00e9maill\u00e8res. La vis transporteuse est mont\u00e9e dans la partie inf\u00e9rieure d\u2019une tr\u00e9mie \u00e0 fond plat avec une section [&hellip;]\" \/>\n<meta property=\"og:url\" content=\"https:\/\/sic-lime.com\/fr\/technologies\/machines-et-equipements\/vis-transporteuses\/\" \/>\n<meta property=\"og:site_name\" content=\"SIC Lime - Societ\u00e0 Impianti Calce S.r.l.\" \/>\n<meta property=\"article:publisher\" content=\"https:\/\/www.facebook.com\/SIC-Lime-Plants-and-Machines-Societ-Impianti-Calce-1667391000056560\/\" \/>\n<meta property=\"article:modified_time\" content=\"2022-06-01T13:48:35+00:00\" \/>\n<meta name=\"twitter:card\" content=\"summary_large_image\" \/>\n<meta name=\"twitter:label1\" content=\"Dur\u00e9e de lecture estim\u00e9e\" \/>\n\t<meta name=\"twitter:data1\" content=\"1 minute\" \/>\n<script type=\"application\/ld+json\" class=\"yoast-schema-graph\">{\"@context\":\"https:\/\/schema.org\",\"@graph\":[{\"@type\":\"WebPage\",\"@id\":\"https:\/\/sic-lime.com\/fr\/technologies\/machines-et-equipements\/vis-transporteuses\/\",\"url\":\"https:\/\/sic-lime.com\/fr\/technologies\/machines-et-equipements\/vis-transporteuses\/\",\"name\":\"Vis transporteuses - SIC Lime - Societ\u00e0 Impianti Calce S.r.l.\",\"isPartOf\":{\"@id\":\"https:\/\/sic-lime.com\/fr\/#website\"},\"datePublished\":\"2022-01-03T08:56:47+00:00\",\"dateModified\":\"2022-06-01T13:48:35+00:00\",\"breadcrumb\":{\"@id\":\"https:\/\/sic-lime.com\/fr\/technologies\/machines-et-equipements\/vis-transporteuses\/#breadcrumb\"},\"inLanguage\":\"fr-FR\",\"potentialAction\":[{\"@type\":\"ReadAction\",\"target\":[\"https:\/\/sic-lime.com\/fr\/technologies\/machines-et-equipements\/vis-transporteuses\/\"]}]},{\"@type\":\"BreadcrumbList\",\"@id\":\"https:\/\/sic-lime.com\/fr\/technologies\/machines-et-equipements\/vis-transporteuses\/#breadcrumb\",\"itemListElement\":[{\"@type\":\"ListItem\",\"position\":1,\"name\":\"Home\",\"item\":\"https:\/\/sic-lime.com\/fr\/\"},{\"@type\":\"ListItem\",\"position\":2,\"name\":\"Technologies\",\"item\":\"https:\/\/sic-lime.com\/fr\/technologies\/\"},{\"@type\":\"ListItem\",\"position\":3,\"name\":\"Machines et \u00e9quipements\",\"item\":\"https:\/\/sic-lime.com\/fr\/technologies\/machines-et-equipements\/\"},{\"@type\":\"ListItem\",\"position\":4,\"name\":\"Vis transporteuses\"}]},{\"@type\":\"WebSite\",\"@id\":\"https:\/\/sic-lime.com\/fr\/#website\",\"url\":\"https:\/\/sic-lime.com\/fr\/\",\"name\":\"SIC Lime - Societ\u00e0 Impianti Calce S.r.l.\",\"description\":\"\",\"publisher\":{\"@id\":\"https:\/\/sic-lime.com\/fr\/#organization\"},\"potentialAction\":[{\"@type\":\"SearchAction\",\"target\":{\"@type\":\"EntryPoint\",\"urlTemplate\":\"https:\/\/sic-lime.com\/fr\/?s={search_term_string}\"},\"query-input\":{\"@type\":\"PropertyValueSpecification\",\"valueRequired\":true,\"valueName\":\"search_term_string\"}}],\"inLanguage\":\"fr-FR\"},{\"@type\":\"Organization\",\"@id\":\"https:\/\/sic-lime.com\/fr\/#organization\",\"name\":\"SIC - Societ\u00e0 Impianti Calce S.r.l\",\"url\":\"https:\/\/sic-lime.com\/fr\/\",\"logo\":{\"@type\":\"ImageObject\",\"inLanguage\":\"fr-FR\",\"@id\":\"https:\/\/sic-lime.com\/fr\/#\/schema\/logo\/image\/\",\"url\":\"https:\/\/sic-lime.com\/wp-content\/uploads\/2021\/10\/logo-rosso-nero.png\",\"contentUrl\":\"https:\/\/sic-lime.com\/wp-content\/uploads\/2021\/10\/logo-rosso-nero.png\",\"width\":685,\"height\":393,\"caption\":\"SIC - Societ\u00e0 Impianti Calce S.r.l\"},\"image\":{\"@id\":\"https:\/\/sic-lime.com\/fr\/#\/schema\/logo\/image\/\"},\"sameAs\":[\"https:\/\/www.facebook.com\/SIC-Lime-Plants-and-Machines-Societ-Impianti-Calce-1667391000056560\/\",\"https:\/\/www.linkedin.com\/company\/societ-impianti-calce-srl\/\"]}]}<\/script>\n<!-- \/ Yoast SEO plugin. -->","yoast_head_json":{"title":"Vis transporteuses - SIC Lime - Societ\u00e0 Impianti Calce S.r.l.","robots":{"index":"index","follow":"follow","max-snippet":"max-snippet:-1","max-image-preview":"max-image-preview:large","max-video-preview":"max-video-preview:-1"},"canonical":"https:\/\/sic-lime.com\/fr\/technologies\/machines-et-equipements\/vis-transporteuses\/","og_locale":"fr_FR","og_type":"article","og_title":"Vis transporteuses - SIC Lime - Societ\u00e0 Impianti Calce S.r.l.","og_description":"technologies Machines et \u00c9quipements Vis Transporteuses Les vis transporteuses sont constitu\u00e9es d\u2019une robuste vis de grand diam\u00e8tre tournant autour de son axe et dont les supports de rotation sont mont\u00e9s sur des chariots de d\u00e9m\u00e9nagement tenus \u00e0 cr\u00e9maill\u00e8res. La vis transporteuse est mont\u00e9e dans la partie inf\u00e9rieure d\u2019une tr\u00e9mie \u00e0 fond plat avec une section [&hellip;]","og_url":"https:\/\/sic-lime.com\/fr\/technologies\/machines-et-equipements\/vis-transporteuses\/","og_site_name":"SIC Lime - Societ\u00e0 Impianti Calce S.r.l.","article_publisher":"https:\/\/www.facebook.com\/SIC-Lime-Plants-and-Machines-Societ-Impianti-Calce-1667391000056560\/","article_modified_time":"2022-06-01T13:48:35+00:00","twitter_card":"summary_large_image","twitter_misc":{"Dur\u00e9e de lecture estim\u00e9e":"1 minute"},"schema":{"@context":"https:\/\/schema.org","@graph":[{"@type":"WebPage","@id":"https:\/\/sic-lime.com\/fr\/technologies\/machines-et-equipements\/vis-transporteuses\/","url":"https:\/\/sic-lime.com\/fr\/technologies\/machines-et-equipements\/vis-transporteuses\/","name":"Vis transporteuses - SIC Lime - Societ\u00e0 Impianti Calce S.r.l.","isPartOf":{"@id":"https:\/\/sic-lime.com\/fr\/#website"},"datePublished":"2022-01-03T08:56:47+00:00","dateModified":"2022-06-01T13:48:35+00:00","breadcrumb":{"@id":"https:\/\/sic-lime.com\/fr\/technologies\/machines-et-equipements\/vis-transporteuses\/#breadcrumb"},"inLanguage":"fr-FR","potentialAction":[{"@type":"ReadAction","target":["https:\/\/sic-lime.com\/fr\/technologies\/machines-et-equipements\/vis-transporteuses\/"]}]},{"@type":"BreadcrumbList","@id":"https:\/\/sic-lime.com\/fr\/technologies\/machines-et-equipements\/vis-transporteuses\/#breadcrumb","itemListElement":[{"@type":"ListItem","position":1,"name":"Home","item":"https:\/\/sic-lime.com\/fr\/"},{"@type":"ListItem","position":2,"name":"Technologies","item":"https:\/\/sic-lime.com\/fr\/technologies\/"},{"@type":"ListItem","position":3,"name":"Machines et \u00e9quipements","item":"https:\/\/sic-lime.com\/fr\/technologies\/machines-et-equipements\/"},{"@type":"ListItem","position":4,"name":"Vis transporteuses"}]},{"@type":"WebSite","@id":"https:\/\/sic-lime.com\/fr\/#website","url":"https:\/\/sic-lime.com\/fr\/","name":"SIC Lime - Societ\u00e0 Impianti Calce S.r.l.","description":"","publisher":{"@id":"https:\/\/sic-lime.com\/fr\/#organization"},"potentialAction":[{"@type":"SearchAction","target":{"@type":"EntryPoint","urlTemplate":"https:\/\/sic-lime.com\/fr\/?s={search_term_string}"},"query-input":{"@type":"PropertyValueSpecification","valueRequired":true,"valueName":"search_term_string"}}],"inLanguage":"fr-FR"},{"@type":"Organization","@id":"https:\/\/sic-lime.com\/fr\/#organization","name":"SIC - Societ\u00e0 Impianti Calce S.r.l","url":"https:\/\/sic-lime.com\/fr\/","logo":{"@type":"ImageObject","inLanguage":"fr-FR","@id":"https:\/\/sic-lime.com\/fr\/#\/schema\/logo\/image\/","url":"https:\/\/sic-lime.com\/wp-content\/uploads\/2021\/10\/logo-rosso-nero.png","contentUrl":"https:\/\/sic-lime.com\/wp-content\/uploads\/2021\/10\/logo-rosso-nero.png","width":685,"height":393,"caption":"SIC - Societ\u00e0 Impianti Calce S.r.l"},"image":{"@id":"https:\/\/sic-lime.com\/fr\/#\/schema\/logo\/image\/"},"sameAs":["https:\/\/www.facebook.com\/SIC-Lime-Plants-and-Machines-Societ-Impianti-Calce-1667391000056560\/","https:\/\/www.linkedin.com\/company\/societ-impianti-calce-srl\/"]}]}},"_links":{"self":[{"href":"https:\/\/sic-lime.com\/fr\/wp-json\/wp\/v2\/pages\/4323","targetHints":{"allow":["GET"]}}],"collection":[{"href":"https:\/\/sic-lime.com\/fr\/wp-json\/wp\/v2\/pages"}],"about":[{"href":"https:\/\/sic-lime.com\/fr\/wp-json\/wp\/v2\/types\/page"}],"author":[{"embeddable":true,"href":"https:\/\/sic-lime.com\/fr\/wp-json\/wp\/v2\/users\/1"}],"replies":[{"embeddable":true,"href":"https:\/\/sic-lime.com\/fr\/wp-json\/wp\/v2\/comments?post=4323"}],"version-history":[{"count":1,"href":"https:\/\/sic-lime.com\/fr\/wp-json\/wp\/v2\/pages\/4323\/revisions"}],"predecessor-version":[{"id":5628,"href":"https:\/\/sic-lime.com\/fr\/wp-json\/wp\/v2\/pages\/4323\/revisions\/5628"}],"up":[{"embeddable":true,"href":"https:\/\/sic-lime.com\/fr\/wp-json\/wp\/v2\/pages\/4200"}],"wp:attachment":[{"href":"https:\/\/sic-lime.com\/fr\/wp-json\/wp\/v2\/media?parent=4323"}],"curies":[{"name":"wp","href":"https:\/\/api.w.org\/{rel}","templated":true}]}}