{"id":4299,"date":"2022-01-03T10:56:47","date_gmt":"2022-01-03T08:56:47","guid":{"rendered":"https:\/\/sic-lime.com\/technologies\/machines-et-equipements\/sistemi-di-pesatura\/"},"modified":"2022-06-01T15:54:15","modified_gmt":"2022-06-01T13:54:15","slug":"systemes-de-pesage","status":"publish","type":"page","link":"https:\/\/sic-lime.com\/fr\/technologies\/machines-et-equipements\/systemes-de-pesage\/","title":{"rendered":"Syst\u00e8mes de pesage"},"content":{"rendered":"<h1><strong>technologies<\/strong><\/h1>\n<p>\n    <a href=\"#\"><\/a>\n<\/p>\n<h2><span class=\"rosso\">M<\/span>achines et <span class=\"rosso\">\u00e9<\/span>quipements<\/h2>\n<h3><span class=\"rosso\">S<\/span>yst\u00e8mes de <span class=\"rosso\">P<\/span>esage<br \/>\n<\/h3>\n<p><img decoding=\"async\" src=\"\/wp-content\/uploads\/2022\/03\/FOTO-A.jpg\" alt=\"\"><\/p>\n<div>\n<p class=\"p1\" style=\"text-align: justify;\"><b>Syst\u00e8me de pesage et de dosage pond\u00e9ral continu pour les poudres et les mat\u00e9riaux granuleux.<\/b><\/p>\n<p style=\"text-align: justify;\">Le syst\u00e8me est constitu\u00e9 d\u2019une vis peseuse \u00e0 vitesse fixe qui rel\u00e8ve en continu le poids du mat\u00e9riel transport\u00e9 et d\u2019un syst\u00e8me d\u2019extraction de la tr\u00e9mie de stockage \u00e0 d\u00e9bit variable\/r\u00e9glable.<br \/><b><br \/>D\u00e9bit de 0,5 T\/h \u00e0 40 T\/h.<\/b><\/p>\n<\/div>\n<p><img decoding=\"async\" src=\"\/wp-content\/uploads\/2022\/03\/FOTO-B.jpg\" alt=\"\"><\/p>\n<div>\n<p style=\"text-align: justify;\"><strong>Syst\u00e8me de pesage batch pour min\u00e9raux en taille.<\/strong><\/p>\n<p style=\"text-align: justify;\">Particuli\u00e8rement adapt\u00e9 aux situations difficiles d\u2019utilisation et o\u00f9 il y a des risques de temp\u00e9ratures \u00e9lev\u00e9es.<\/p>\n<p style=\"text-align: justify;\"><strong>Batch de 15 Kg \u00e0 150 Kg.<\/strong><\/p>\n<\/div>\n<p><img decoding=\"async\" src=\"\/wp-content\/uploads\/2022\/03\/DWG-C.png\" alt=\"\"><\/p>\n<div>\n<p style=\"text-align: justify;\"><strong>Syst\u00e8me de pesage et de microdosage des mati\u00e8res pulv\u00e9rulentes par technique de pesage \u00e0 perte de poids.<\/strong><\/p>\n<p style=\"text-align: justify;\">Le syst\u00e8me est constitu\u00e9 d\u2019une tr\u00e9mie de collecte du mat\u00e9riau avec incorpor\u00e9e la vis doseuse et brise-mottes, le tout support\u00e9 par un ch\u00e2ssis peseur avec r\u00e9partiteurs de charge.<\/p>\n<p style=\"text-align: justify;\"><strong>D\u00e9bits de 15 Kg\/h \u00e0 150 Kg\/h.<\/strong><\/p>\n<\/div>\n<p><!--more--><br \/>\n<!-- {\"name\":\"separatori\",\"type\":\"layout\",\"children\":[{\"type\":\"section\",\"props\":{\"style\":\"default\",\"width\":\"default\",\"vertical_align\":\"middle\",\"title_position\":\"top-left\",\"title_rotation\":\"left\",\"title_breakpoint\":\"xl\",\"image_position\":\"center-center\",\"image\":\"wp-content\\\/uploads\\\/2022\\\/02\\\/A-scaled.jpg\",\"header_transparent\":\"light\",\"padding\":\"large\",\"padding_remove_bottom\":true,\"css\":\".uk-container{\\nbackground: rgb(0,0,0);\\nbackground: linear-gradient(0deg, rgba(0,0,0,1) 0%, rgba(0,0,0,0) 53%);\\n    max-width: none;\\n}\",\"class\":\"prima-sezione\"},\"children\":[{\"type\":\"row\",\"children\":[{\"type\":\"column\",\"props\":{\"image_position\":\"center-center\",\"media_overlay_gradient\":\"\",\"vertical_align\":\"bottom\",\"position_sticky_breakpoint\":\"m\"},\"children\":[{\"type\":\"headline\",\"props\":{\"title_element\":\"h1\",\"content\":\"<strong>technologies<\\\/strong>\",\"text_align\":\"center\",\"css\":\".el-element{\\n\\tcolor: #fff;\\n    text-shadow: 2px 2px 10px rgba(0,0,0,0.5);\\n}\",\"title_style\":\"heading-small\",\"margin_remove_bottom\":false,\"margin\":\"large\"}},{\"type\":\"button\",\"props\":{\"grid_column_gap\":\"small\",\"grid_row_gap\":\"small\",\"margin\":\"default\",\"text_align\":\"center\",\"css\":\"a{\\n\\tborder-radius: 40px;\\n    width: 60px;\\n    height: 60px;\\n    display: flex;\\n    align-items: center;\\n    border: 2px solid #fff;\\n    justify-content: center;\\n}\\n.el-content{\\n\\tpadding: 0px;\\n}\\nsvg{\\n\\twidth: 40px;\\n    height: 40px;\\n}\\n.el-element{\\n\\tposition: absolute;\\n    bottom: -30px;\\n    left: 50%;\\n    z-index: 99;\\n    transform: translate(-50%);\\n}\",\"class\":\"bottone-freccia\"},\"children\":[{\"type\":\"button_item\",\"props\":{\"button_style\":\"default\",\"icon_align\":\"left\",\"link\":\"#\",\"icon\":\"chevron-down\"}}]}]}]}],\"modified\":\"2021-10-27T07:57:33.371Z\",\"name\":\"top-azienda\"},{\"type\":\"section\",\"props\":{\"style\":\"default\",\"width\":\"default\",\"vertical_align\":\"middle\",\"title_position\":\"top-left\",\"title_rotation\":\"left\",\"title_breakpoint\":\"xl\",\"image_position\":\"center-center\"},\"children\":[{\"type\":\"row\",\"children\":[{\"type\":\"column\",\"props\":{\"image_position\":\"center-center\",\"media_overlay_gradient\":\"\",\"position_sticky_breakpoint\":\"m\"},\"children\":[{\"type\":\"breadcrumbs\",\"props\":{\"show_home\":true,\"show_current\":true}}]}],\"props\":{\"margin\":\"medium\"}},{\"type\":\"row\",\"children\":[{\"type\":\"column\",\"props\":{\"image_position\":\"center-center\",\"media_overlay_gradient\":\"\",\"position_sticky_breakpoint\":\"m\"},\"children\":[{\"type\":\"headline\",\"props\":{\"title_element\":\"h2\",\"text_align\":\"center\",\"margin_remove_top\":true,\"content\":\"<span class=\\\"rosso\\\">M<\\\/span>achines et <span class=\\\"rosso\\\">\\u00e9<\\\/span>quipements\"},\"modified\":\"2021-10-27T08:05:54.071Z\",\"name\":\"titoli\"},{\"type\":\"headline\",\"props\":{\"title_element\":\"h3\",\"text_align\":\"center\",\"margin_remove_top\":true,\"content\":\"<span class=\\\"rosso\\\">S<\\\/span>yst\\u00e8mes de <span class=\\\"rosso\\\">P<\\\/span>esage \\n\"},\"modified\":\"2021-10-27T08:05:54.071Z\",\"name\":\"titoli\"}]}]},{\"type\":\"row\",\"props\":{\"layout\":\"1-3,2-3\"},\"children\":[{\"type\":\"column\",\"props\":{\"image_position\":\"center-center\",\"media_overlay_gradient\":\"\",\"width_medium\":\"1-3\",\"position_sticky_breakpoint\":\"m\"},\"children\":[{\"type\":\"image\",\"props\":{\"margin\":\"default\",\"image_svg_color\":\"emphasis\",\"image\":\"wp-content\\\/uploads\\\/2022\\\/03\\\/FOTO-A.jpg\",\"text_align\":\"left\",\"text_align_breakpoint\":\"m\",\"text_align_fallback\":\"center\",\"css\":\"@media only screen and (max-width:960px){\\n    img{\\n    object-fit:cover;\\n        width:100%;\\n\\theight:300px;\\n        \\n}\\n}\"}}]},{\"type\":\"column\",\"props\":{\"image_position\":\"center-center\",\"media_overlay_gradient\":\"\",\"width_medium\":\"2-3\",\"position_sticky_breakpoint\":\"m\"},\"children\":[{\"type\":\"text\",\"props\":{\"margin\":\"default\",\"column_breakpoint\":\"m\",\"content\":\"\n\n<p class=\\\"p1\\\" style=\\\"text-align: justify;\\\"><b>Syst\\u00e8me de pesage et de dosage pond\\u00e9ral continu pour les poudres et les mat\\u00e9riaux granuleux.<\\\/b><\\\/p>\\n\n\n<p style=\\\"text-align: justify;\\\">Le syst\\u00e8me est constitu\\u00e9 d\\u2019une vis peseuse \\u00e0 vitesse fixe qui rel\\u00e8ve en continu le poids du mat\\u00e9riel transport\\u00e9 et d\\u2019un syst\\u00e8me d\\u2019extraction de la tr\\u00e9mie de stockage \\u00e0 d\\u00e9bit variable\\\/r\\u00e9glable.<br \\\/><b><br \\\/>D\\u00e9bit de 0,5 T\\\/h \\u00e0 40 T\\\/h.<\\\/b><\\\/p>\"}}]}]},{\"type\":\"row\",\"props\":{\"layout\":\"1-3,2-3\",\"margin\":\"medium\",\"margin_remove_bottom\":true},\"children\":[{\"type\":\"column\",\"props\":{\"image_position\":\"center-center\",\"media_overlay_gradient\":\"\",\"width_medium\":\"1-3\",\"vertical_align\":\"middle\",\"position_sticky_breakpoint\":\"m\"},\"children\":[{\"type\":\"image\",\"props\":{\"margin\":\"default\",\"image_svg_color\":\"emphasis\",\"image\":\"wp-content\\\/uploads\\\/2022\\\/03\\\/FOTO-B.jpg\",\"image_width\":\"600\",\"text_align\":\"right\",\"text_align_breakpoint\":\"m\",\"text_align_fallback\":\"center\",\"css\":\"@media only screen and (max-width:960px){\\n    img{\\n    object-fit:cover;\\n        width:100%;\\n\\theight:300px;\\n        \\n}\\n}\"}}]},{\"type\":\"column\",\"props\":{\"image_position\":\"center-center\",\"media_overlay_gradient\":\"\",\"width_medium\":\"2-3\",\"vertical_align\":\"middle\",\"order_first\":\"m\",\"position_sticky_breakpoint\":\"m\"},\"children\":[{\"type\":\"text\",\"props\":{\"margin\":\"default\",\"column_breakpoint\":\"m\",\"content\":\"\n\n<p style=\\\"text-align: justify;\\\"><strong>Syst\\u00e8me de pesage batch pour min\\u00e9raux en taille.<\\\/strong><\\\/p>\\n\n\n<p style=\\\"text-align: justify;\\\">Particuli\\u00e8rement adapt\\u00e9 aux situations difficiles d\\u2019utilisation et o\\u00f9 il y a des risques de temp\\u00e9ratures \\u00e9lev\\u00e9es.<\\\/p>\\n\n\n<p style=\\\"text-align: justify;\\\"><strong>Batch de 15 Kg \\u00e0 150 Kg.<\\\/strong><\\\/p>\"}}]}]},{\"type\":\"row\",\"props\":{\"layout\":\"1-3,2-3\",\"margin\":\"default\"},\"children\":[{\"type\":\"column\",\"props\":{\"image_position\":\"center-center\",\"media_overlay_gradient\":\"\",\"width_medium\":\"1-3\",\"position_sticky_breakpoint\":\"m\"},\"children\":[{\"type\":\"image\",\"props\":{\"margin\":\"default\",\"image_svg_color\":\"emphasis\",\"image\":\"wp-content\\\/uploads\\\/2022\\\/03\\\/DWG-C.png\",\"image_width\":\"291\",\"text_align\":\"left\",\"text_align_breakpoint\":\"m\",\"text_align_fallback\":\"center\"}}]},{\"type\":\"column\",\"props\":{\"image_position\":\"center-center\",\"media_overlay_gradient\":\"\",\"width_medium\":\"2-3\",\"vertical_align\":\"middle\",\"position_sticky_breakpoint\":\"m\"},\"children\":[{\"type\":\"text\",\"props\":{\"margin\":\"default\",\"column_breakpoint\":\"m\",\"content\":\"\n\n<p style=\\\"text-align: justify;\\\"><strong>Syst\\u00e8me de pesage et de microdosage des mati\\u00e8res pulv\\u00e9rulentes par technique de pesage \\u00e0 perte de poids.<\\\/strong><\\\/p>\\n\n\n<p style=\\\"text-align: justify;\\\">Le syst\\u00e8me est constitu\\u00e9 d\\u2019une tr\\u00e9mie de collecte du mat\\u00e9riau avec incorpor\\u00e9e la vis doseuse et brise-mottes, le tout support\\u00e9 par un ch\\u00e2ssis peseur avec r\\u00e9partiteurs de charge.<\\\/p>\\n\n\n<p style=\\\"text-align: justify;\\\"><strong>D\\u00e9bits de 15 Kg\\\/h \\u00e0 150 Kg\\\/h.<\\\/strong><\\\/p>\"}}]}]}]}],\"version\":\"2.7.22\"} --><\/p>\n","protected":false},"excerpt":{"rendered":"<p>technologies Machines et \u00e9quipements Syst\u00e8mes de Pesage Syst\u00e8me de pesage et de dosage pond\u00e9ral continu pour les poudres et les mat\u00e9riaux granuleux. Le syst\u00e8me est constitu\u00e9 d\u2019une vis peseuse \u00e0 vitesse fixe qui rel\u00e8ve en continu le poids du mat\u00e9riel transport\u00e9 et d\u2019un syst\u00e8me d\u2019extraction de la tr\u00e9mie de stockage \u00e0 d\u00e9bit variable\/r\u00e9glable.D\u00e9bit de 0,5 [&hellip;]<\/p>\n","protected":false},"author":1,"featured_media":0,"parent":4200,"menu_order":0,"comment_status":"closed","ping_status":"closed","template":"","meta":{"footnotes":""},"class_list":["post-4299","page","type-page","status-publish","hentry"],"yoast_head":"<!-- This site is optimized with the Yoast SEO plugin v26.0 - https:\/\/yoast.com\/wordpress\/plugins\/seo\/ -->\n<title>Syst\u00e8mes de pesage - SIC Lime - Societ\u00e0 Impianti Calce S.r.l.<\/title>\n<meta name=\"robots\" content=\"index, follow, max-snippet:-1, max-image-preview:large, max-video-preview:-1\" \/>\n<link rel=\"canonical\" href=\"https:\/\/sic-lime.com\/fr\/technologies\/machines-et-equipements\/systemes-de-pesage\/\" \/>\n<meta property=\"og:locale\" content=\"fr_FR\" \/>\n<meta property=\"og:type\" content=\"article\" \/>\n<meta property=\"og:title\" content=\"Syst\u00e8mes de pesage - SIC Lime - Societ\u00e0 Impianti Calce S.r.l.\" \/>\n<meta property=\"og:description\" content=\"technologies Machines et \u00e9quipements Syst\u00e8mes de Pesage Syst\u00e8me de pesage et de dosage pond\u00e9ral continu pour les poudres et les mat\u00e9riaux granuleux. Le syst\u00e8me est constitu\u00e9 d\u2019une vis peseuse \u00e0 vitesse fixe qui rel\u00e8ve en continu le poids du mat\u00e9riel transport\u00e9 et d\u2019un syst\u00e8me d\u2019extraction de la tr\u00e9mie de stockage \u00e0 d\u00e9bit variable\/r\u00e9glable.D\u00e9bit de 0,5 [&hellip;]\" \/>\n<meta property=\"og:url\" content=\"https:\/\/sic-lime.com\/fr\/technologies\/machines-et-equipements\/systemes-de-pesage\/\" \/>\n<meta property=\"og:site_name\" content=\"SIC Lime - Societ\u00e0 Impianti Calce S.r.l.\" \/>\n<meta property=\"article:publisher\" content=\"https:\/\/www.facebook.com\/SIC-Lime-Plants-and-Machines-Societ-Impianti-Calce-1667391000056560\/\" \/>\n<meta property=\"article:modified_time\" content=\"2022-06-01T13:54:15+00:00\" \/>\n<meta name=\"twitter:card\" content=\"summary_large_image\" \/>\n<meta name=\"twitter:label1\" content=\"Dur\u00e9e de lecture estim\u00e9e\" \/>\n\t<meta name=\"twitter:data1\" content=\"1 minute\" \/>\n<script type=\"application\/ld+json\" class=\"yoast-schema-graph\">{\"@context\":\"https:\/\/schema.org\",\"@graph\":[{\"@type\":\"WebPage\",\"@id\":\"https:\/\/sic-lime.com\/fr\/technologies\/machines-et-equipements\/systemes-de-pesage\/\",\"url\":\"https:\/\/sic-lime.com\/fr\/technologies\/machines-et-equipements\/systemes-de-pesage\/\",\"name\":\"Syst\u00e8mes de pesage - SIC Lime - Societ\u00e0 Impianti Calce S.r.l.\",\"isPartOf\":{\"@id\":\"https:\/\/sic-lime.com\/fr\/#website\"},\"datePublished\":\"2022-01-03T08:56:47+00:00\",\"dateModified\":\"2022-06-01T13:54:15+00:00\",\"breadcrumb\":{\"@id\":\"https:\/\/sic-lime.com\/fr\/technologies\/machines-et-equipements\/systemes-de-pesage\/#breadcrumb\"},\"inLanguage\":\"fr-FR\",\"potentialAction\":[{\"@type\":\"ReadAction\",\"target\":[\"https:\/\/sic-lime.com\/fr\/technologies\/machines-et-equipements\/systemes-de-pesage\/\"]}]},{\"@type\":\"BreadcrumbList\",\"@id\":\"https:\/\/sic-lime.com\/fr\/technologies\/machines-et-equipements\/systemes-de-pesage\/#breadcrumb\",\"itemListElement\":[{\"@type\":\"ListItem\",\"position\":1,\"name\":\"Home\",\"item\":\"https:\/\/sic-lime.com\/fr\/\"},{\"@type\":\"ListItem\",\"position\":2,\"name\":\"Technologies\",\"item\":\"https:\/\/sic-lime.com\/fr\/technologies\/\"},{\"@type\":\"ListItem\",\"position\":3,\"name\":\"Machines et \u00e9quipements\",\"item\":\"https:\/\/sic-lime.com\/fr\/technologies\/machines-et-equipements\/\"},{\"@type\":\"ListItem\",\"position\":4,\"name\":\"Syst\u00e8mes de pesage\"}]},{\"@type\":\"WebSite\",\"@id\":\"https:\/\/sic-lime.com\/fr\/#website\",\"url\":\"https:\/\/sic-lime.com\/fr\/\",\"name\":\"SIC Lime - Societ\u00e0 Impianti Calce S.r.l.\",\"description\":\"\",\"publisher\":{\"@id\":\"https:\/\/sic-lime.com\/fr\/#organization\"},\"potentialAction\":[{\"@type\":\"SearchAction\",\"target\":{\"@type\":\"EntryPoint\",\"urlTemplate\":\"https:\/\/sic-lime.com\/fr\/?s={search_term_string}\"},\"query-input\":{\"@type\":\"PropertyValueSpecification\",\"valueRequired\":true,\"valueName\":\"search_term_string\"}}],\"inLanguage\":\"fr-FR\"},{\"@type\":\"Organization\",\"@id\":\"https:\/\/sic-lime.com\/fr\/#organization\",\"name\":\"SIC - Societ\u00e0 Impianti Calce S.r.l\",\"url\":\"https:\/\/sic-lime.com\/fr\/\",\"logo\":{\"@type\":\"ImageObject\",\"inLanguage\":\"fr-FR\",\"@id\":\"https:\/\/sic-lime.com\/fr\/#\/schema\/logo\/image\/\",\"url\":\"https:\/\/sic-lime.com\/wp-content\/uploads\/2021\/10\/logo-rosso-nero.png\",\"contentUrl\":\"https:\/\/sic-lime.com\/wp-content\/uploads\/2021\/10\/logo-rosso-nero.png\",\"width\":685,\"height\":393,\"caption\":\"SIC - Societ\u00e0 Impianti Calce S.r.l\"},\"image\":{\"@id\":\"https:\/\/sic-lime.com\/fr\/#\/schema\/logo\/image\/\"},\"sameAs\":[\"https:\/\/www.facebook.com\/SIC-Lime-Plants-and-Machines-Societ-Impianti-Calce-1667391000056560\/\",\"https:\/\/www.linkedin.com\/company\/societ-impianti-calce-srl\/\"]}]}<\/script>\n<!-- \/ Yoast SEO plugin. -->","yoast_head_json":{"title":"Syst\u00e8mes de pesage - SIC Lime - Societ\u00e0 Impianti Calce S.r.l.","robots":{"index":"index","follow":"follow","max-snippet":"max-snippet:-1","max-image-preview":"max-image-preview:large","max-video-preview":"max-video-preview:-1"},"canonical":"https:\/\/sic-lime.com\/fr\/technologies\/machines-et-equipements\/systemes-de-pesage\/","og_locale":"fr_FR","og_type":"article","og_title":"Syst\u00e8mes de pesage - SIC Lime - Societ\u00e0 Impianti Calce S.r.l.","og_description":"technologies Machines et \u00e9quipements Syst\u00e8mes de Pesage Syst\u00e8me de pesage et de dosage pond\u00e9ral continu pour les poudres et les mat\u00e9riaux granuleux. Le syst\u00e8me est constitu\u00e9 d\u2019une vis peseuse \u00e0 vitesse fixe qui rel\u00e8ve en continu le poids du mat\u00e9riel transport\u00e9 et d\u2019un syst\u00e8me d\u2019extraction de la tr\u00e9mie de stockage \u00e0 d\u00e9bit variable\/r\u00e9glable.D\u00e9bit de 0,5 [&hellip;]","og_url":"https:\/\/sic-lime.com\/fr\/technologies\/machines-et-equipements\/systemes-de-pesage\/","og_site_name":"SIC Lime - Societ\u00e0 Impianti Calce S.r.l.","article_publisher":"https:\/\/www.facebook.com\/SIC-Lime-Plants-and-Machines-Societ-Impianti-Calce-1667391000056560\/","article_modified_time":"2022-06-01T13:54:15+00:00","twitter_card":"summary_large_image","twitter_misc":{"Dur\u00e9e de lecture estim\u00e9e":"1 minute"},"schema":{"@context":"https:\/\/schema.org","@graph":[{"@type":"WebPage","@id":"https:\/\/sic-lime.com\/fr\/technologies\/machines-et-equipements\/systemes-de-pesage\/","url":"https:\/\/sic-lime.com\/fr\/technologies\/machines-et-equipements\/systemes-de-pesage\/","name":"Syst\u00e8mes de pesage - SIC Lime - Societ\u00e0 Impianti Calce S.r.l.","isPartOf":{"@id":"https:\/\/sic-lime.com\/fr\/#website"},"datePublished":"2022-01-03T08:56:47+00:00","dateModified":"2022-06-01T13:54:15+00:00","breadcrumb":{"@id":"https:\/\/sic-lime.com\/fr\/technologies\/machines-et-equipements\/systemes-de-pesage\/#breadcrumb"},"inLanguage":"fr-FR","potentialAction":[{"@type":"ReadAction","target":["https:\/\/sic-lime.com\/fr\/technologies\/machines-et-equipements\/systemes-de-pesage\/"]}]},{"@type":"BreadcrumbList","@id":"https:\/\/sic-lime.com\/fr\/technologies\/machines-et-equipements\/systemes-de-pesage\/#breadcrumb","itemListElement":[{"@type":"ListItem","position":1,"name":"Home","item":"https:\/\/sic-lime.com\/fr\/"},{"@type":"ListItem","position":2,"name":"Technologies","item":"https:\/\/sic-lime.com\/fr\/technologies\/"},{"@type":"ListItem","position":3,"name":"Machines et \u00e9quipements","item":"https:\/\/sic-lime.com\/fr\/technologies\/machines-et-equipements\/"},{"@type":"ListItem","position":4,"name":"Syst\u00e8mes de pesage"}]},{"@type":"WebSite","@id":"https:\/\/sic-lime.com\/fr\/#website","url":"https:\/\/sic-lime.com\/fr\/","name":"SIC Lime - Societ\u00e0 Impianti Calce S.r.l.","description":"","publisher":{"@id":"https:\/\/sic-lime.com\/fr\/#organization"},"potentialAction":[{"@type":"SearchAction","target":{"@type":"EntryPoint","urlTemplate":"https:\/\/sic-lime.com\/fr\/?s={search_term_string}"},"query-input":{"@type":"PropertyValueSpecification","valueRequired":true,"valueName":"search_term_string"}}],"inLanguage":"fr-FR"},{"@type":"Organization","@id":"https:\/\/sic-lime.com\/fr\/#organization","name":"SIC - Societ\u00e0 Impianti Calce S.r.l","url":"https:\/\/sic-lime.com\/fr\/","logo":{"@type":"ImageObject","inLanguage":"fr-FR","@id":"https:\/\/sic-lime.com\/fr\/#\/schema\/logo\/image\/","url":"https:\/\/sic-lime.com\/wp-content\/uploads\/2021\/10\/logo-rosso-nero.png","contentUrl":"https:\/\/sic-lime.com\/wp-content\/uploads\/2021\/10\/logo-rosso-nero.png","width":685,"height":393,"caption":"SIC - Societ\u00e0 Impianti Calce S.r.l"},"image":{"@id":"https:\/\/sic-lime.com\/fr\/#\/schema\/logo\/image\/"},"sameAs":["https:\/\/www.facebook.com\/SIC-Lime-Plants-and-Machines-Societ-Impianti-Calce-1667391000056560\/","https:\/\/www.linkedin.com\/company\/societ-impianti-calce-srl\/"]}]}},"_links":{"self":[{"href":"https:\/\/sic-lime.com\/fr\/wp-json\/wp\/v2\/pages\/4299","targetHints":{"allow":["GET"]}}],"collection":[{"href":"https:\/\/sic-lime.com\/fr\/wp-json\/wp\/v2\/pages"}],"about":[{"href":"https:\/\/sic-lime.com\/fr\/wp-json\/wp\/v2\/types\/page"}],"author":[{"embeddable":true,"href":"https:\/\/sic-lime.com\/fr\/wp-json\/wp\/v2\/users\/1"}],"replies":[{"embeddable":true,"href":"https:\/\/sic-lime.com\/fr\/wp-json\/wp\/v2\/comments?post=4299"}],"version-history":[{"count":1,"href":"https:\/\/sic-lime.com\/fr\/wp-json\/wp\/v2\/pages\/4299\/revisions"}],"predecessor-version":[{"id":5632,"href":"https:\/\/sic-lime.com\/fr\/wp-json\/wp\/v2\/pages\/4299\/revisions\/5632"}],"up":[{"embeddable":true,"href":"https:\/\/sic-lime.com\/fr\/wp-json\/wp\/v2\/pages\/4200"}],"wp:attachment":[{"href":"https:\/\/sic-lime.com\/fr\/wp-json\/wp\/v2\/media?parent=4299"}],"curies":[{"name":"wp","href":"https:\/\/api.w.org\/{rel}","templated":true}]}}