{"id":4278,"date":"2022-01-03T10:56:47","date_gmt":"2022-01-03T08:56:47","guid":{"rendered":"https:\/\/sic-lime.com\/technologies\/machines-et-equipements\/mulini-micronizzatori-s\/"},"modified":"2023-10-20T14:50:47","modified_gmt":"2023-10-20T12:50:47","slug":"broyeurs-microniseurs-s","status":"publish","type":"page","link":"https:\/\/sic-lime.com\/fr\/technologies\/machines-et-equipements\/broyeurs-microniseurs-s\/","title":{"rendered":"Broyeurs Microniseurs S"},"content":{"rendered":"<h1><strong>technologies<\/strong><\/h1>\n<p>\n    <a href=\"#\"><\/a>\n<\/p>\n<h2><span class=\"rosso\">M<\/span>achines ed <span class=\"rosso\">\u00e9<\/span>quipements<\/h2>\n<h3><span class=\"rosso\">B<\/span>royeurs <span class=\"rosso\">M<\/span>icroniseurs <span class=\"rosso\">S<\/span><br \/>\n<\/h3>\n<p><img decoding=\"async\" src=\"\/wp-content\/uploads\/2022\/03\/DSCF3340.jpg\" alt=\"\"><\/p>\n<div>\n<p style=\"text-align: justify;\">Le <strong>Broyeur S\u00e9lecteur<\/strong> <strong><span class=\"rosso\">SIC<\/span><\/strong> type \u201c<strong>S<\/strong>\u201d repr\u00e9sente l\u2019une des solutions les plus modernes au probl\u00e8me du broyage fin et s\u00e9lection des min\u00e9raux.<\/p>\n<p style=\"text-align: justify;\">Notre moulin s\u00e9lecteur rassemble l\u2019efficacit\u00e9 d\u2019un syst\u00e8me de broyage \u00e0 double rotor, o\u00f9 le produit \u00e0 broyer est contraint \u00e0 des trajectoires intersectrices, avec un syst\u00e8me de s\u00e9paration \u00e0 air nouvelle g\u00e9n\u00e9ration.<\/p>\n<\/div>\n<div>\n<p style=\"text-align: justify;\">La combinaison de l\u2019unit\u00e9 de s\u00e9lection directement avec l\u2019unit\u00e9 de broyage permet d\u2019extraire en continu le produit fini sans produire de surproduction du produit, r\u00e9duisant ainsi de mani\u00e8re significative la consommation d\u2019\u00e9nergie.<\/p>\n<p style=\"text-align: justify;\">En agissant exclusivement sur l\u2019inverter pour r\u00e9gler la vitesse de rotation du s\u00e9lecteur, il est possible de varier en continu le top-cut du mat\u00e9riau produit sans n\u00e9cessiter d\u2019op\u00e9rations m\u00e9caniques.<\/p>\n<p style=\"text-align: justify;\">Les dimensions compactes, l\u2019absence de vibrations, le faible bruit et le syst\u00e8me d\u2019extraction et de transport pneumatique du produit fini de la machine, rendent extr\u00eamement facile et \u00e9conomique l\u2019installation du broyeur s\u00e9lecteur <strong class=\"rosso\">SIC<\/strong> type \u201c<strong>S<\/strong>\u201d m\u00eame dans des installations existantes.<\/p>\n<\/div>\n<p><img decoding=\"async\" src=\"\/wp-content\/uploads\/2022\/03\/mill.jpg\" alt=\"\"><br \/>\n<img decoding=\"async\" src=\"\/wp-content\/uploads\/2022\/05\/pag11_HPS.png\" alt=\"\"><br \/>\n<img decoding=\"async\" src=\"\/wp-content\/uploads\/2022\/05\/Cattura-1.png\" alt=\"\"><br \/>\n<img decoding=\"async\" src=\"\/wp-content\/uploads\/2022\/03\/milling-plant.jpg\" alt=\"\"><br \/>\n<video src=\"\/wp-content\/uploads\/2022\/03\/Microselector.mp4\" poster=\"\"><\/video><\/p>\n<p><!--more--><br \/>\n<!-- {\"name\":\"separatori\",\"type\":\"layout\",\"children\":[{\"type\":\"section\",\"props\":{\"class\":\"prima-sezione\",\"css\":\".uk-container{\\nbackground: rgb(0,0,0);\\nbackground: linear-gradient(0deg, rgba(0,0,0,1) 0%, rgba(0,0,0,0) 53%);\\n    max-width: none;\\n}\",\"header_transparent\":\"light\",\"image\":\"wp-content\\\/uploads\\\/2022\\\/03\\\/20151021_125840-1.jpg\",\"image_position\":\"center-center\",\"media_overlay\":\"rgba(0, 0, 0, 0.16)\",\"padding\":\"large\",\"padding_remove_bottom\":true,\"style\":\"default\",\"title_breakpoint\":\"xl\",\"title_position\":\"top-left\",\"title_rotation\":\"left\",\"vertical_align\":\"middle\",\"width\":\"default\"},\"children\":[{\"type\":\"row\",\"children\":[{\"type\":\"column\",\"props\":{\"image_position\":\"center-center\",\"media_overlay_gradient\":\"\",\"position_sticky_breakpoint\":\"m\",\"vertical_align\":\"bottom\"},\"children\":[{\"type\":\"headline\",\"props\":{\"content\":\"<strong>technologies<\\\/strong>\",\"css\":\".el-element{\\n\\tcolor: #fff;\\n    text-shadow: 2px 2px 10px rgba(0,0,0,0.5);\\n}\",\"margin\":\"large\",\"margin_remove_bottom\":false,\"text_align\":\"center\",\"title_element\":\"h1\",\"title_style\":\"heading-small\"}},{\"type\":\"button\",\"props\":{\"class\":\"bottone-freccia\",\"css\":\"a{\\n\\tborder-radius: 40px;\\n    width: 60px;\\n    height: 60px;\\n    display: flex;\\n    align-items: center;\\n    border: 2px solid #fff;\\n    justify-content: center;\\n}\\n.el-content{\\n\\tpadding: 0px;\\n}\\nsvg{\\n\\twidth: 40px;\\n    height: 40px;\\n}\\n.el-element{\\n\\tposition: absolute;\\n    bottom: -30px;\\n    left: 50%;\\n    z-index: 99;\\n    transform: translate(-50%);\\n}\",\"grid_column_gap\":\"small\",\"grid_row_gap\":\"small\",\"margin\":\"default\",\"text_align\":\"center\"},\"children\":[{\"type\":\"button_item\",\"props\":{\"button_style\":\"default\",\"icon\":\"chevron-down\",\"icon_align\":\"left\",\"link\":\"#\"}}]}]}]}],\"modified\":\"2021-10-27T07:57:33.371Z\",\"name\":\"top-azienda\"},{\"type\":\"section\",\"props\":{\"css\":\"img{\\n    width:373.404px;\\n    height:280px;\\nobject-fit:cover;}\",\"image_position\":\"center-center\",\"style\":\"default\",\"title_breakpoint\":\"xl\",\"title_position\":\"top-left\",\"title_rotation\":\"left\",\"vertical_align\":\"middle\",\"width\":\"default\"},\"children\":[{\"type\":\"row\",\"children\":[{\"type\":\"column\",\"props\":{\"image_position\":\"center-center\",\"media_overlay_gradient\":\"\",\"position_sticky_breakpoint\":\"m\"},\"children\":[{\"type\":\"breadcrumbs\",\"props\":{\"show_current\":true,\"show_home\":true}}]}],\"props\":{\"margin\":\"medium\"}},{\"type\":\"row\",\"children\":[{\"type\":\"column\",\"props\":{\"image_position\":\"center-center\",\"media_overlay_gradient\":\"\",\"position_sticky_breakpoint\":\"m\"},\"children\":[{\"type\":\"headline\",\"props\":{\"content\":\"<span class=\\\"rosso\\\">M<\\\/span>achines ed <span class=\\\"rosso\\\">\\u00e9<\\\/span>quipements\",\"margin_remove_top\":true,\"text_align\":\"center\",\"title_element\":\"h2\"},\"modified\":\"2021-10-27T08:05:54.071Z\",\"name\":\"titoli\"},{\"type\":\"headline\",\"props\":{\"content\":\"<span class=\\\"rosso\\\">B<\\\/span>royeurs <span class=\\\"rosso\\\">M<\\\/span>icroniseurs <span class=\\\"rosso\\\">S<\\\/span>\\n\",\"margin_remove_top\":true,\"text_align\":\"center\",\"title_element\":\"h3\"},\"modified\":\"2021-10-27T08:05:54.071Z\",\"name\":\"titoli\"}]}]},{\"type\":\"row\",\"props\":{\"layout\":\"1-3,2-3\",\"margin\":\"medium\"},\"children\":[{\"type\":\"column\",\"props\":{\"image_position\":\"center-center\",\"media_overlay_gradient\":\"\",\"position_sticky_breakpoint\":\"m\",\"width_medium\":\"1-3\"},\"children\":[{\"type\":\"image\",\"props\":{\"image\":\"wp-content\\\/uploads\\\/2022\\\/03\\\/DSCF3340.jpg\",\"image_svg_color\":\"emphasis\",\"margin\":\"default\",\"text_align\":\"left\",\"text_align_breakpoint\":\"m\",\"text_align_fallback\":\"center\"}}]},{\"type\":\"column\",\"props\":{\"image_position\":\"center-center\",\"media_overlay_gradient\":\"\",\"position_sticky_breakpoint\":\"m\",\"vertical_align\":\"middle\",\"width_medium\":\"2-3\"},\"children\":[{\"type\":\"text\",\"props\":{\"column_breakpoint\":\"m\",\"content\":\"\n\n<p style=\\\"text-align: justify;\\\">Le <strong>Broyeur S\\u00e9lecteur<\\\/strong> <strong><span class=\\\"rosso\\\">SIC<\\\/span><\\\/strong> type \\u201c<strong>S<\\\/strong>\\u201d repr\\u00e9sente l\\u2019une des solutions les plus modernes au probl\\u00e8me du broyage fin et s\\u00e9lection des min\\u00e9raux.<\\\/p>\\n\n\n<p style=\\\"text-align: justify;\\\">Notre moulin s\\u00e9lecteur rassemble l\\u2019efficacit\\u00e9 d\\u2019un syst\\u00e8me de broyage \\u00e0 double rotor, o\\u00f9 le produit \\u00e0 broyer est contraint \\u00e0 des trajectoires intersectrices, avec un syst\\u00e8me de s\\u00e9paration \\u00e0 air nouvelle g\\u00e9n\\u00e9ration.<\\\/p>\",\"margin\":\"default\"}}]}]},{\"type\":\"row\",\"props\":{\"layout\":\"2-3,1-3\"},\"children\":[{\"type\":\"column\",\"props\":{\"image_position\":\"center-center\",\"media_overlay_gradient\":\"\",\"order_first\":\"m\",\"position_sticky_breakpoint\":\"m\",\"vertical_align\":\"middle\",\"width_medium\":\"2-3\"},\"children\":[{\"type\":\"text\",\"props\":{\"column_breakpoint\":\"m\",\"content\":\"\n\n<p style=\\\"text-align: justify;\\\">La combinaison de l\\u2019unit\\u00e9 de s\\u00e9lection directement avec l\\u2019unit\\u00e9 de broyage permet d\\u2019extraire en continu le produit fini sans produire de surproduction du produit, r\\u00e9duisant ainsi de mani\\u00e8re significative la consommation d\\u2019\\u00e9nergie.<\\\/p>\\n\n\n<p style=\\\"text-align: justify;\\\">En agissant exclusivement sur l\\u2019inverter pour r\\u00e9gler la vitesse de rotation du s\\u00e9lecteur, il est possible de varier en continu le top-cut du mat\\u00e9riau produit sans n\\u00e9cessiter d\\u2019op\\u00e9rations m\\u00e9caniques.<\\\/p>\\n\n\n<p style=\\\"text-align: justify;\\\">Les dimensions compactes, l\\u2019absence de vibrations, le faible bruit et le syst\\u00e8me d\\u2019extraction et de transport pneumatique du produit fini de la machine, rendent extr\\u00eamement facile et \\u00e9conomique l\\u2019installation du broyeur s\\u00e9lecteur <strong class=\\\"rosso\\\">SIC<\\\/strong> type \\u201c<strong>S<\\\/strong>\\u201d m\\u00eame dans des installations existantes.<\\\/p>\",\"margin\":\"default\"}}]},{\"type\":\"column\",\"props\":{\"image_position\":\"center-center\",\"media_overlay_gradient\":\"\",\"order_first\":\"xs\",\"position_sticky_breakpoint\":\"m\",\"vertical_align\":\"middle\",\"width_medium\":\"1-3\"},\"children\":[{\"type\":\"image\",\"props\":{\"image\":\"wp-content\\\/uploads\\\/2022\\\/03\\\/mill.jpg\",\"image_svg_color\":\"emphasis\",\"margin\":\"default\",\"text_align\":\"left\",\"text_align_breakpoint\":\"m\",\"text_align_fallback\":\"center\"}}]}]},{\"type\":\"row\",\"props\":{\"layout\":\"1-3,1-3,1-3\",\"margin\":\"medium\"},\"children\":[{\"type\":\"column\",\"props\":{\"image_position\":\"center-center\",\"media_overlay_gradient\":\"\",\"position_sticky_breakpoint\":\"m\",\"width_medium\":\"1-3\"},\"children\":[{\"type\":\"image\",\"props\":{\"image\":\"wp-content\\\/uploads\\\/2022\\\/05\\\/pag11_HPS.png\",\"image_svg_color\":\"emphasis\",\"margin\":\"default\",\"text_align\":\"left\",\"text_align_breakpoint\":\"m\",\"text_align_fallback\":\"center\"}}]},{\"type\":\"column\",\"props\":{\"image_position\":\"center-center\",\"media_overlay_gradient\":\"\",\"position_sticky_breakpoint\":\"m\",\"width_medium\":\"1-3\"},\"children\":[{\"type\":\"image\",\"props\":{\"image\":\"wp-content\\\/uploads\\\/2022\\\/05\\\/Cattura-1.png\",\"image_svg_color\":\"emphasis\",\"margin\":\"default\",\"text_align\":\"left\",\"text_align_breakpoint\":\"m\",\"text_align_fallback\":\"center\"}}]},{\"type\":\"column\",\"props\":{\"image_position\":\"center-center\",\"media_overlay_gradient\":\"\",\"position_sticky_breakpoint\":\"m\",\"width_medium\":\"1-3\"},\"children\":[{\"type\":\"image\",\"props\":{\"image\":\"wp-content\\\/uploads\\\/2022\\\/03\\\/milling-plant.jpg\",\"image_svg_color\":\"emphasis\",\"margin\":\"default\",\"text_align\":\"left\",\"text_align_breakpoint\":\"m\",\"text_align_fallback\":\"center\"}}]}]}]},{\"type\":\"section\",\"props\":{\"image_position\":\"center-center\",\"style\":\"default\",\"title_breakpoint\":\"xl\",\"title_position\":\"top-left\",\"title_rotation\":\"left\",\"vertical_align\":\"middle\",\"width\":\"default\"},\"children\":[{\"type\":\"row\",\"children\":[{\"type\":\"column\",\"props\":{\"image_position\":\"center-center\",\"media_overlay_gradient\":\"\",\"position_sticky_breakpoint\":\"m\"},\"children\":[{\"type\":\"video\",\"props\":{\"margin\":\"default\",\"text_align\":\"center\",\"video\":\"wp-content\\\/uploads\\\/2022\\\/03\\\/Microselector.mp4\",\"video_controls\":true,\"video_muted\":false,\"video_playsinline\":true,\"video_width\":\"800\"}}]}]}]}],\"version\":\"3.0.25\"} --><\/p>\n","protected":false},"excerpt":{"rendered":"<p>technologies Machines ed \u00e9quipements Broyeurs Microniseurs S Le Broyeur S\u00e9lecteur SIC type \u201cS\u201d repr\u00e9sente l\u2019une des solutions les plus modernes au probl\u00e8me du broyage fin et s\u00e9lection des min\u00e9raux. Notre moulin s\u00e9lecteur rassemble l\u2019efficacit\u00e9 d\u2019un syst\u00e8me de broyage \u00e0 double rotor, o\u00f9 le produit \u00e0 broyer est contraint \u00e0 des trajectoires intersectrices, avec un syst\u00e8me [&hellip;]<\/p>\n","protected":false},"author":1,"featured_media":0,"parent":4200,"menu_order":0,"comment_status":"closed","ping_status":"closed","template":"","meta":{"footnotes":""},"class_list":["post-4278","page","type-page","status-publish","hentry"],"yoast_head":"<!-- This site is optimized with the Yoast SEO plugin v26.0 - https:\/\/yoast.com\/wordpress\/plugins\/seo\/ -->\n<title>Broyeurs Microniseurs S - SIC Lime - Societ\u00e0 Impianti Calce S.r.l.<\/title>\n<meta name=\"robots\" content=\"index, follow, max-snippet:-1, max-image-preview:large, max-video-preview:-1\" \/>\n<link rel=\"canonical\" href=\"https:\/\/sic-lime.com\/fr\/technologies\/machines-et-equipements\/broyeurs-microniseurs-s\/\" \/>\n<meta property=\"og:locale\" content=\"fr_FR\" \/>\n<meta property=\"og:type\" content=\"article\" \/>\n<meta property=\"og:title\" content=\"Broyeurs Microniseurs S - SIC Lime - Societ\u00e0 Impianti Calce S.r.l.\" \/>\n<meta property=\"og:description\" content=\"technologies Machines ed \u00e9quipements Broyeurs Microniseurs S Le Broyeur S\u00e9lecteur SIC type \u201cS\u201d repr\u00e9sente l\u2019une des solutions les plus modernes au probl\u00e8me du broyage fin et s\u00e9lection des min\u00e9raux. Notre moulin s\u00e9lecteur rassemble l\u2019efficacit\u00e9 d\u2019un syst\u00e8me de broyage \u00e0 double rotor, o\u00f9 le produit \u00e0 broyer est contraint \u00e0 des trajectoires intersectrices, avec un syst\u00e8me [&hellip;]\" \/>\n<meta property=\"og:url\" content=\"https:\/\/sic-lime.com\/fr\/technologies\/machines-et-equipements\/broyeurs-microniseurs-s\/\" \/>\n<meta property=\"og:site_name\" content=\"SIC Lime - Societ\u00e0 Impianti Calce S.r.l.\" \/>\n<meta property=\"article:publisher\" content=\"https:\/\/www.facebook.com\/SIC-Lime-Plants-and-Machines-Societ-Impianti-Calce-1667391000056560\/\" \/>\n<meta property=\"article:modified_time\" content=\"2023-10-20T12:50:47+00:00\" \/>\n<meta name=\"twitter:card\" content=\"summary_large_image\" \/>\n<meta name=\"twitter:label1\" content=\"Dur\u00e9e de lecture estim\u00e9e\" \/>\n\t<meta name=\"twitter:data1\" content=\"1 minute\" \/>\n<script type=\"application\/ld+json\" class=\"yoast-schema-graph\">{\"@context\":\"https:\/\/schema.org\",\"@graph\":[{\"@type\":\"WebPage\",\"@id\":\"https:\/\/sic-lime.com\/fr\/technologies\/machines-et-equipements\/broyeurs-microniseurs-s\/\",\"url\":\"https:\/\/sic-lime.com\/fr\/technologies\/machines-et-equipements\/broyeurs-microniseurs-s\/\",\"name\":\"Broyeurs Microniseurs S - SIC Lime - Societ\u00e0 Impianti Calce S.r.l.\",\"isPartOf\":{\"@id\":\"https:\/\/sic-lime.com\/fr\/#website\"},\"datePublished\":\"2022-01-03T08:56:47+00:00\",\"dateModified\":\"2023-10-20T12:50:47+00:00\",\"breadcrumb\":{\"@id\":\"https:\/\/sic-lime.com\/fr\/technologies\/machines-et-equipements\/broyeurs-microniseurs-s\/#breadcrumb\"},\"inLanguage\":\"fr-FR\",\"potentialAction\":[{\"@type\":\"ReadAction\",\"target\":[\"https:\/\/sic-lime.com\/fr\/technologies\/machines-et-equipements\/broyeurs-microniseurs-s\/\"]}]},{\"@type\":\"BreadcrumbList\",\"@id\":\"https:\/\/sic-lime.com\/fr\/technologies\/machines-et-equipements\/broyeurs-microniseurs-s\/#breadcrumb\",\"itemListElement\":[{\"@type\":\"ListItem\",\"position\":1,\"name\":\"Home\",\"item\":\"https:\/\/sic-lime.com\/fr\/\"},{\"@type\":\"ListItem\",\"position\":2,\"name\":\"Technologies\",\"item\":\"https:\/\/sic-lime.com\/fr\/technologies\/\"},{\"@type\":\"ListItem\",\"position\":3,\"name\":\"Machines et \u00e9quipements\",\"item\":\"https:\/\/sic-lime.com\/fr\/technologies\/machines-et-equipements\/\"},{\"@type\":\"ListItem\",\"position\":4,\"name\":\"Broyeurs Microniseurs S\"}]},{\"@type\":\"WebSite\",\"@id\":\"https:\/\/sic-lime.com\/fr\/#website\",\"url\":\"https:\/\/sic-lime.com\/fr\/\",\"name\":\"SIC Lime - Societ\u00e0 Impianti Calce S.r.l.\",\"description\":\"\",\"publisher\":{\"@id\":\"https:\/\/sic-lime.com\/fr\/#organization\"},\"potentialAction\":[{\"@type\":\"SearchAction\",\"target\":{\"@type\":\"EntryPoint\",\"urlTemplate\":\"https:\/\/sic-lime.com\/fr\/?s={search_term_string}\"},\"query-input\":{\"@type\":\"PropertyValueSpecification\",\"valueRequired\":true,\"valueName\":\"search_term_string\"}}],\"inLanguage\":\"fr-FR\"},{\"@type\":\"Organization\",\"@id\":\"https:\/\/sic-lime.com\/fr\/#organization\",\"name\":\"SIC - Societ\u00e0 Impianti Calce S.r.l\",\"url\":\"https:\/\/sic-lime.com\/fr\/\",\"logo\":{\"@type\":\"ImageObject\",\"inLanguage\":\"fr-FR\",\"@id\":\"https:\/\/sic-lime.com\/fr\/#\/schema\/logo\/image\/\",\"url\":\"https:\/\/sic-lime.com\/wp-content\/uploads\/2021\/10\/logo-rosso-nero.png\",\"contentUrl\":\"https:\/\/sic-lime.com\/wp-content\/uploads\/2021\/10\/logo-rosso-nero.png\",\"width\":685,\"height\":393,\"caption\":\"SIC - Societ\u00e0 Impianti Calce S.r.l\"},\"image\":{\"@id\":\"https:\/\/sic-lime.com\/fr\/#\/schema\/logo\/image\/\"},\"sameAs\":[\"https:\/\/www.facebook.com\/SIC-Lime-Plants-and-Machines-Societ-Impianti-Calce-1667391000056560\/\",\"https:\/\/www.linkedin.com\/company\/societ-impianti-calce-srl\/\"]}]}<\/script>\n<!-- \/ Yoast SEO plugin. -->","yoast_head_json":{"title":"Broyeurs Microniseurs S - SIC Lime - Societ\u00e0 Impianti Calce S.r.l.","robots":{"index":"index","follow":"follow","max-snippet":"max-snippet:-1","max-image-preview":"max-image-preview:large","max-video-preview":"max-video-preview:-1"},"canonical":"https:\/\/sic-lime.com\/fr\/technologies\/machines-et-equipements\/broyeurs-microniseurs-s\/","og_locale":"fr_FR","og_type":"article","og_title":"Broyeurs Microniseurs S - SIC Lime - Societ\u00e0 Impianti Calce S.r.l.","og_description":"technologies Machines ed \u00e9quipements Broyeurs Microniseurs S Le Broyeur S\u00e9lecteur SIC type \u201cS\u201d repr\u00e9sente l\u2019une des solutions les plus modernes au probl\u00e8me du broyage fin et s\u00e9lection des min\u00e9raux. Notre moulin s\u00e9lecteur rassemble l\u2019efficacit\u00e9 d\u2019un syst\u00e8me de broyage \u00e0 double rotor, o\u00f9 le produit \u00e0 broyer est contraint \u00e0 des trajectoires intersectrices, avec un syst\u00e8me [&hellip;]","og_url":"https:\/\/sic-lime.com\/fr\/technologies\/machines-et-equipements\/broyeurs-microniseurs-s\/","og_site_name":"SIC Lime - Societ\u00e0 Impianti Calce S.r.l.","article_publisher":"https:\/\/www.facebook.com\/SIC-Lime-Plants-and-Machines-Societ-Impianti-Calce-1667391000056560\/","article_modified_time":"2023-10-20T12:50:47+00:00","twitter_card":"summary_large_image","twitter_misc":{"Dur\u00e9e de lecture estim\u00e9e":"1 minute"},"schema":{"@context":"https:\/\/schema.org","@graph":[{"@type":"WebPage","@id":"https:\/\/sic-lime.com\/fr\/technologies\/machines-et-equipements\/broyeurs-microniseurs-s\/","url":"https:\/\/sic-lime.com\/fr\/technologies\/machines-et-equipements\/broyeurs-microniseurs-s\/","name":"Broyeurs Microniseurs S - SIC Lime - Societ\u00e0 Impianti Calce S.r.l.","isPartOf":{"@id":"https:\/\/sic-lime.com\/fr\/#website"},"datePublished":"2022-01-03T08:56:47+00:00","dateModified":"2023-10-20T12:50:47+00:00","breadcrumb":{"@id":"https:\/\/sic-lime.com\/fr\/technologies\/machines-et-equipements\/broyeurs-microniseurs-s\/#breadcrumb"},"inLanguage":"fr-FR","potentialAction":[{"@type":"ReadAction","target":["https:\/\/sic-lime.com\/fr\/technologies\/machines-et-equipements\/broyeurs-microniseurs-s\/"]}]},{"@type":"BreadcrumbList","@id":"https:\/\/sic-lime.com\/fr\/technologies\/machines-et-equipements\/broyeurs-microniseurs-s\/#breadcrumb","itemListElement":[{"@type":"ListItem","position":1,"name":"Home","item":"https:\/\/sic-lime.com\/fr\/"},{"@type":"ListItem","position":2,"name":"Technologies","item":"https:\/\/sic-lime.com\/fr\/technologies\/"},{"@type":"ListItem","position":3,"name":"Machines et \u00e9quipements","item":"https:\/\/sic-lime.com\/fr\/technologies\/machines-et-equipements\/"},{"@type":"ListItem","position":4,"name":"Broyeurs Microniseurs S"}]},{"@type":"WebSite","@id":"https:\/\/sic-lime.com\/fr\/#website","url":"https:\/\/sic-lime.com\/fr\/","name":"SIC Lime - Societ\u00e0 Impianti Calce S.r.l.","description":"","publisher":{"@id":"https:\/\/sic-lime.com\/fr\/#organization"},"potentialAction":[{"@type":"SearchAction","target":{"@type":"EntryPoint","urlTemplate":"https:\/\/sic-lime.com\/fr\/?s={search_term_string}"},"query-input":{"@type":"PropertyValueSpecification","valueRequired":true,"valueName":"search_term_string"}}],"inLanguage":"fr-FR"},{"@type":"Organization","@id":"https:\/\/sic-lime.com\/fr\/#organization","name":"SIC - Societ\u00e0 Impianti Calce S.r.l","url":"https:\/\/sic-lime.com\/fr\/","logo":{"@type":"ImageObject","inLanguage":"fr-FR","@id":"https:\/\/sic-lime.com\/fr\/#\/schema\/logo\/image\/","url":"https:\/\/sic-lime.com\/wp-content\/uploads\/2021\/10\/logo-rosso-nero.png","contentUrl":"https:\/\/sic-lime.com\/wp-content\/uploads\/2021\/10\/logo-rosso-nero.png","width":685,"height":393,"caption":"SIC - Societ\u00e0 Impianti Calce S.r.l"},"image":{"@id":"https:\/\/sic-lime.com\/fr\/#\/schema\/logo\/image\/"},"sameAs":["https:\/\/www.facebook.com\/SIC-Lime-Plants-and-Machines-Societ-Impianti-Calce-1667391000056560\/","https:\/\/www.linkedin.com\/company\/societ-impianti-calce-srl\/"]}]}},"_links":{"self":[{"href":"https:\/\/sic-lime.com\/fr\/wp-json\/wp\/v2\/pages\/4278","targetHints":{"allow":["GET"]}}],"collection":[{"href":"https:\/\/sic-lime.com\/fr\/wp-json\/wp\/v2\/pages"}],"about":[{"href":"https:\/\/sic-lime.com\/fr\/wp-json\/wp\/v2\/types\/page"}],"author":[{"embeddable":true,"href":"https:\/\/sic-lime.com\/fr\/wp-json\/wp\/v2\/users\/1"}],"replies":[{"embeddable":true,"href":"https:\/\/sic-lime.com\/fr\/wp-json\/wp\/v2\/comments?post=4278"}],"version-history":[{"count":7,"href":"https:\/\/sic-lime.com\/fr\/wp-json\/wp\/v2\/pages\/4278\/revisions"}],"predecessor-version":[{"id":6138,"href":"https:\/\/sic-lime.com\/fr\/wp-json\/wp\/v2\/pages\/4278\/revisions\/6138"}],"up":[{"embeddable":true,"href":"https:\/\/sic-lime.com\/fr\/wp-json\/wp\/v2\/pages\/4200"}],"wp:attachment":[{"href":"https:\/\/sic-lime.com\/fr\/wp-json\/wp\/v2\/media?parent=4278"}],"curies":[{"name":"wp","href":"https:\/\/api.w.org\/{rel}","templated":true}]}}