{"id":4260,"date":"2022-01-03T10:56:47","date_gmt":"2022-01-03T08:56:47","guid":{"rendered":"https:\/\/sic-lime.com\/technologies\/machines-et-equipements\/separatori-a-vento-sep\/"},"modified":"2023-10-20T10:55:42","modified_gmt":"2023-10-20T08:55:42","slug":"separateurs-a-air-sep","status":"publish","type":"page","link":"https:\/\/sic-lime.com\/fr\/technologies\/machines-et-equipements\/separateurs-a-air-sep\/","title":{"rendered":"S\u00e9parateurs \u00e0 air SEP"},"content":{"rendered":"<h1><strong>technologies<\/strong><\/h1>\n<p>\n    <a href=\"#\"><\/a>\n<\/p>\n<h2><span class=\"rosso\">M<\/span>achines et <span class=\"rosso\">\u00e9<\/span>quipements<\/h2>\n<h3><span class=\"rosso\">S<\/span>\u00e9parateurs \u00e0 <span class=\"rosso\">A<\/span>ir <span class=\"rosso\">S<\/span>EP<\/p>\n<\/h3>\n<p><img decoding=\"async\" src=\"\/wp-content\/uploads\/2022\/03\/sep.png\" alt=\"\"><\/p>\n<div>\n<p style=\"text-align: justify;\">Les s\u00e9parateurs \u00e0 air de la s\u00e9rie <strong><span class=\"rosso\">\u201cSEP\u201d<\/span><\/strong> sont la derni\u00e8re \u00e9volution du s\u00e9parateur classique \u00e0 circulation d\u2019air interne.<\/p>\n<p style=\"text-align: justify;\">Les nombreuses ann\u00e9es d\u2019utilisation dans le domaine du criblage des min\u00e9raux, la simplicit\u00e9 de construction, rendent cette machine tr\u00e8s efficace et fiable dans le temps.<\/p>\n<\/div>\n<p><img decoding=\"async\" src=\"\/wp-content\/uploads\/2022\/01\/sep_2.jpeg\" alt=\"\"><\/p>\n<div>\n<p style=\"text-align: justify;\">Les principaux avantages des s\u00e9parateurs \u00e0 vent de type <strong><span class=\"rosso\">\u201cSEP\u201d<\/span><\/strong> sont le faible co\u00fbt d\u2019investissement et la possibilit\u00e9 de traiter de grandes quantit\u00e9s de mat\u00e9riel par unit\u00e9 install\u00e9e.<\/p>\n<p style=\"text-align: justify;\">Leur domaine d\u2019application principal se situe dans la gamme des granulom\u00e9tries d97 = 50\u00b5m d97 = 150 \u00b5m.<\/p>\n<\/div>\n<p><img decoding=\"async\" src=\"\/wp-content\/uploads\/2022\/01\/sep1.jpeg\" alt=\"\"><\/p>\n<div>\n<p style=\"text-align: justify;\">Certaines pr\u00e9cautions comme la possibilit\u00e9 de contr\u00f4ler la vitesse de rotation du ventilateur interne au moyen d\u2019un inverter permet de r\u00e9gler les valeurs de finesse du produit.<\/p>\n<\/div>\n<p><img decoding=\"async\" src=\"\/wp-content\/uploads\/2022\/03\/pag2_schema_separatori-SEP.jpg\" alt=\"\"><\/p>\n<p><!--more--><br \/>\n<!-- {\"name\":\"separatori\",\"type\":\"layout\",\"children\":[{\"type\":\"section\",\"props\":{\"class\":\"prima-sezione\",\"css\":\".uk-container{\\nbackground: rgb(0,0,0);\\nbackground: linear-gradient(0deg, rgba(0,0,0,1) 0%, rgba(0,0,0,0) 53%);\\n    max-width: none;\\n}\",\"header_transparent\":\"light\",\"image\":\"wp-content\\\/uploads\\\/2022\\\/02\\\/A-scaled.jpg\",\"image_position\":\"center-center\",\"padding\":\"large\",\"padding_remove_bottom\":true,\"style\":\"default\",\"title_breakpoint\":\"xl\",\"title_position\":\"top-left\",\"title_rotation\":\"left\",\"vertical_align\":\"middle\",\"width\":\"default\"},\"children\":[{\"type\":\"row\",\"children\":[{\"type\":\"column\",\"props\":{\"image_position\":\"center-center\",\"media_overlay_gradient\":\"\",\"position_sticky_breakpoint\":\"m\",\"vertical_align\":\"bottom\"},\"children\":[{\"type\":\"headline\",\"props\":{\"content\":\"<strong>technologies<\\\/strong>\",\"css\":\".el-element{\\n\\tcolor: #fff;\\n    text-shadow: 2px 2px 10px rgba(0,0,0,0.5);\\n}\",\"margin\":\"large\",\"margin_remove_bottom\":false,\"text_align\":\"center\",\"title_element\":\"h1\",\"title_style\":\"heading-small\"}},{\"type\":\"button\",\"props\":{\"class\":\"bottone-freccia\",\"css\":\"a{\\n\\tborder-radius: 40px;\\n    width: 60px;\\n    height: 60px;\\n    display: flex;\\n    align-items: center;\\n    border: 2px solid #fff;\\n    justify-content: center;\\n}\\n.el-content{\\n\\tpadding: 0px;\\n}\\nsvg{\\n\\twidth: 40px;\\n    height: 40px;\\n}\\n.el-element{\\n\\tposition: absolute;\\n    bottom: -30px;\\n    left: 50%;\\n    z-index: 99;\\n    transform: translate(-50%);\\n}\",\"grid_column_gap\":\"small\",\"grid_row_gap\":\"small\",\"margin\":\"default\",\"text_align\":\"center\"},\"children\":[{\"type\":\"button_item\",\"props\":{\"button_style\":\"default\",\"icon\":\"chevron-down\",\"icon_align\":\"left\",\"link\":\"#\"}}]}]}]}],\"modified\":\"2021-10-27T07:57:33.371Z\",\"name\":\"top-azienda\"},{\"type\":\"section\",\"props\":{\"image_position\":\"center-center\",\"style\":\"default\",\"title_breakpoint\":\"xl\",\"title_position\":\"top-left\",\"title_rotation\":\"left\",\"vertical_align\":\"middle\",\"width\":\"default\"},\"children\":[{\"type\":\"row\",\"children\":[{\"type\":\"column\",\"props\":{\"image_position\":\"center-center\",\"media_overlay_gradient\":\"\",\"position_sticky_breakpoint\":\"m\"},\"children\":[{\"type\":\"breadcrumbs\",\"props\":{\"show_current\":true,\"show_home\":true}}]}],\"props\":{\"margin\":\"medium\"}},{\"type\":\"row\",\"children\":[{\"type\":\"column\",\"props\":{\"image_position\":\"center-center\",\"media_overlay_gradient\":\"\",\"position_sticky_breakpoint\":\"m\"},\"children\":[{\"type\":\"headline\",\"props\":{\"content\":\"<span class=\\\"rosso\\\">M<\\\/span>achines et <span class=\\\"rosso\\\">\\u00e9<\\\/span>quipements\",\"margin_remove_top\":true,\"text_align\":\"center\",\"title_element\":\"h2\"},\"modified\":\"2021-10-27T08:05:54.071Z\",\"name\":\"titoli\"},{\"type\":\"headline\",\"props\":{\"content\":\"<span class=\\\"rosso\\\">S<\\\/span>\\u00e9parateurs \\u00e0 <span class=\\\"rosso\\\">A<\\\/span>ir <span class=\\\"rosso\\\">S<\\\/span>EP\\n\\n\\n\",\"margin_remove_top\":true,\"text_align\":\"center\",\"title_element\":\"h3\"},\"modified\":\"2021-10-27T08:05:54.071Z\",\"name\":\"titoli\"}]}]},{\"type\":\"row\",\"props\":{\"layout\":\"1-4,3-4\"},\"children\":[{\"type\":\"column\",\"props\":{\"image_position\":\"center-center\",\"media_overlay_gradient\":\"\",\"position_sticky_breakpoint\":\"m\",\"width_medium\":\"1-4\"},\"children\":[{\"type\":\"image\",\"props\":{\"image\":\"wp-content\\\/uploads\\\/2022\\\/03\\\/sep.png\",\"image_height\":\"200\",\"image_svg_color\":\"emphasis\",\"image_width\":\"244.688\",\"margin\":\"default\",\"text_align\":\"center\"}}]},{\"type\":\"column\",\"props\":{\"image_position\":\"center-center\",\"media_overlay_gradient\":\"\",\"position_sticky_breakpoint\":\"m\",\"vertical_align\":\"middle\",\"width_medium\":\"3-4\"},\"children\":[{\"type\":\"text\",\"props\":{\"column_breakpoint\":\"m\",\"content\":\"\n\n<p style=\\\"text-align: justify;\\\">Les s\\u00e9parateurs \\u00e0 air de la s\\u00e9rie <strong><span class=\\\"rosso\\\">\\u201cSEP\\u201d<\\\/span><\\\/strong> sont la derni\\u00e8re \\u00e9volution du s\\u00e9parateur classique \\u00e0 circulation d\\u2019air interne.<\\\/p>\\n\n\n<p style=\\\"text-align: justify;\\\">Les nombreuses ann\\u00e9es d\\u2019utilisation dans le domaine du criblage des min\\u00e9raux, la simplicit\\u00e9 de construction, rendent cette machine tr\\u00e8s efficace et fiable dans le temps.<\\\/p>\",\"margin\":\"default\"}}]}]},{\"type\":\"row\",\"props\":{\"layout\":\"1-4,3-4\"},\"children\":[{\"type\":\"column\",\"props\":{\"image_position\":\"center-center\",\"media_overlay_gradient\":\"\",\"order_first\":\"\",\"position_sticky_breakpoint\":\"m\",\"width_medium\":\"1-4\"},\"children\":[{\"type\":\"image\",\"props\":{\"image\":\"wp-content\\\/uploads\\\/2022\\\/01\\\/sep_2.jpeg\",\"image_height\":\"200\",\"image_svg_color\":\"emphasis\",\"image_width\":\"244.688\",\"margin\":\"default\",\"text_align\":\"center\"}}]},{\"type\":\"column\",\"props\":{\"image_position\":\"center-center\",\"media_overlay_gradient\":\"\",\"order_first\":\"m\",\"position_sticky_breakpoint\":\"m\",\"vertical_align\":\"middle\",\"width_medium\":\"3-4\"},\"children\":[{\"type\":\"text\",\"props\":{\"column_breakpoint\":\"m\",\"content\":\"\n\n<p style=\\\"text-align: justify;\\\">Les principaux avantages des s\\u00e9parateurs \\u00e0 vent de type <strong><span class=\\\"rosso\\\">\\u201cSEP\\u201d<\\\/span><\\\/strong> sont le faible co\\u00fbt d\\u2019investissement et la possibilit\\u00e9 de traiter de grandes quantit\\u00e9s de mat\\u00e9riel par unit\\u00e9 install\\u00e9e.<\\\/p>\\n\n\n<p style=\\\"text-align: justify;\\\">Leur domaine d\\u2019application principal se situe dans la gamme des granulom\\u00e9tries d97 = 50\\u00b5m d97 = 150 \\u00b5m.<\\\/p>\",\"margin\":\"default\"}}]}]},{\"type\":\"row\",\"props\":{\"layout\":\"1-4,3-4\"},\"children\":[{\"type\":\"column\",\"props\":{\"image_position\":\"center-center\",\"media_overlay_gradient\":\"\",\"position_sticky_breakpoint\":\"m\",\"width_medium\":\"1-4\"},\"children\":[{\"type\":\"image\",\"props\":{\"image\":\"wp-content\\\/uploads\\\/2022\\\/01\\\/sep1.jpeg\",\"image_height\":\"200\",\"image_svg_color\":\"emphasis\",\"image_width\":\"244.688\",\"margin\":\"default\",\"text_align\":\"center\"}}]},{\"type\":\"column\",\"props\":{\"image_position\":\"center-center\",\"media_overlay_gradient\":\"\",\"position_sticky_breakpoint\":\"m\",\"vertical_align\":\"middle\",\"width_medium\":\"3-4\"},\"children\":[{\"type\":\"text\",\"props\":{\"column_breakpoint\":\"m\",\"content\":\"\n\n<p style=\\\"text-align: justify;\\\">Certaines pr\\u00e9cautions comme la possibilit\\u00e9 de contr\\u00f4ler la vitesse de rotation du ventilateur interne au moyen d\\u2019un inverter permet de r\\u00e9gler les valeurs de finesse du produit.<\\\/p>\",\"margin\":\"default\"}}]}]},{\"type\":\"row\",\"children\":[{\"type\":\"column\",\"props\":{\"image_position\":\"center-center\",\"media_overlay_gradient\":\"\",\"position_sticky_breakpoint\":\"m\",\"width_medium\":\"\"},\"children\":[{\"type\":\"image\",\"props\":{\"image\":\"wp-content\\\/uploads\\\/2022\\\/03\\\/pag2_schema_separatori-SEP.jpg\",\"image_svg_color\":\"emphasis\",\"margin\":\"medium\",\"text_align\":\"center\"}}]}]}]}],\"version\":\"3.0.25\"} --><\/p>\n","protected":false},"excerpt":{"rendered":"<p>technologies Machines et \u00e9quipements S\u00e9parateurs \u00e0 Air SEP Les s\u00e9parateurs \u00e0 air de la s\u00e9rie \u201cSEP\u201d sont la derni\u00e8re \u00e9volution du s\u00e9parateur classique \u00e0 circulation d\u2019air interne. Les nombreuses ann\u00e9es d\u2019utilisation dans le domaine du criblage des min\u00e9raux, la simplicit\u00e9 de construction, rendent cette machine tr\u00e8s efficace et fiable dans le temps. Les principaux avantages [&hellip;]<\/p>\n","protected":false},"author":1,"featured_media":0,"parent":4200,"menu_order":0,"comment_status":"closed","ping_status":"closed","template":"","meta":{"footnotes":""},"class_list":["post-4260","page","type-page","status-publish","hentry"],"yoast_head":"<!-- This site is optimized with the Yoast SEO plugin v26.0 - https:\/\/yoast.com\/wordpress\/plugins\/seo\/ -->\n<title>S\u00e9parateurs \u00e0 air SEP - SIC Lime - Societ\u00e0 Impianti Calce S.r.l.<\/title>\n<meta name=\"robots\" content=\"index, follow, max-snippet:-1, max-image-preview:large, max-video-preview:-1\" \/>\n<link rel=\"canonical\" href=\"https:\/\/sic-lime.com\/fr\/technologies\/machines-et-equipements\/separateurs-a-air-sep\/\" \/>\n<meta property=\"og:locale\" content=\"fr_FR\" \/>\n<meta property=\"og:type\" content=\"article\" \/>\n<meta property=\"og:title\" content=\"S\u00e9parateurs \u00e0 air SEP - SIC Lime - Societ\u00e0 Impianti Calce S.r.l.\" \/>\n<meta property=\"og:description\" content=\"technologies Machines et \u00e9quipements S\u00e9parateurs \u00e0 Air SEP Les s\u00e9parateurs \u00e0 air de la s\u00e9rie \u201cSEP\u201d sont la derni\u00e8re \u00e9volution du s\u00e9parateur classique \u00e0 circulation d\u2019air interne. Les nombreuses ann\u00e9es d\u2019utilisation dans le domaine du criblage des min\u00e9raux, la simplicit\u00e9 de construction, rendent cette machine tr\u00e8s efficace et fiable dans le temps. Les principaux avantages [&hellip;]\" \/>\n<meta property=\"og:url\" content=\"https:\/\/sic-lime.com\/fr\/technologies\/machines-et-equipements\/separateurs-a-air-sep\/\" \/>\n<meta property=\"og:site_name\" content=\"SIC Lime - Societ\u00e0 Impianti Calce S.r.l.\" \/>\n<meta property=\"article:publisher\" content=\"https:\/\/www.facebook.com\/SIC-Lime-Plants-and-Machines-Societ-Impianti-Calce-1667391000056560\/\" \/>\n<meta property=\"article:modified_time\" content=\"2023-10-20T08:55:42+00:00\" \/>\n<meta name=\"twitter:card\" content=\"summary_large_image\" \/>\n<meta name=\"twitter:label1\" content=\"Dur\u00e9e de lecture estim\u00e9e\" \/>\n\t<meta name=\"twitter:data1\" content=\"1 minute\" \/>\n<script type=\"application\/ld+json\" class=\"yoast-schema-graph\">{\"@context\":\"https:\/\/schema.org\",\"@graph\":[{\"@type\":\"WebPage\",\"@id\":\"https:\/\/sic-lime.com\/fr\/technologies\/machines-et-equipements\/separateurs-a-air-sep\/\",\"url\":\"https:\/\/sic-lime.com\/fr\/technologies\/machines-et-equipements\/separateurs-a-air-sep\/\",\"name\":\"S\u00e9parateurs \u00e0 air SEP - SIC Lime - Societ\u00e0 Impianti Calce S.r.l.\",\"isPartOf\":{\"@id\":\"https:\/\/sic-lime.com\/fr\/#website\"},\"datePublished\":\"2022-01-03T08:56:47+00:00\",\"dateModified\":\"2023-10-20T08:55:42+00:00\",\"breadcrumb\":{\"@id\":\"https:\/\/sic-lime.com\/fr\/technologies\/machines-et-equipements\/separateurs-a-air-sep\/#breadcrumb\"},\"inLanguage\":\"fr-FR\",\"potentialAction\":[{\"@type\":\"ReadAction\",\"target\":[\"https:\/\/sic-lime.com\/fr\/technologies\/machines-et-equipements\/separateurs-a-air-sep\/\"]}]},{\"@type\":\"BreadcrumbList\",\"@id\":\"https:\/\/sic-lime.com\/fr\/technologies\/machines-et-equipements\/separateurs-a-air-sep\/#breadcrumb\",\"itemListElement\":[{\"@type\":\"ListItem\",\"position\":1,\"name\":\"Home\",\"item\":\"https:\/\/sic-lime.com\/fr\/\"},{\"@type\":\"ListItem\",\"position\":2,\"name\":\"Technologies\",\"item\":\"https:\/\/sic-lime.com\/fr\/technologies\/\"},{\"@type\":\"ListItem\",\"position\":3,\"name\":\"Machines et \u00e9quipements\",\"item\":\"https:\/\/sic-lime.com\/fr\/technologies\/machines-et-equipements\/\"},{\"@type\":\"ListItem\",\"position\":4,\"name\":\"S\u00e9parateurs \u00e0 air SEP\"}]},{\"@type\":\"WebSite\",\"@id\":\"https:\/\/sic-lime.com\/fr\/#website\",\"url\":\"https:\/\/sic-lime.com\/fr\/\",\"name\":\"SIC Lime - Societ\u00e0 Impianti Calce S.r.l.\",\"description\":\"\",\"publisher\":{\"@id\":\"https:\/\/sic-lime.com\/fr\/#organization\"},\"potentialAction\":[{\"@type\":\"SearchAction\",\"target\":{\"@type\":\"EntryPoint\",\"urlTemplate\":\"https:\/\/sic-lime.com\/fr\/?s={search_term_string}\"},\"query-input\":{\"@type\":\"PropertyValueSpecification\",\"valueRequired\":true,\"valueName\":\"search_term_string\"}}],\"inLanguage\":\"fr-FR\"},{\"@type\":\"Organization\",\"@id\":\"https:\/\/sic-lime.com\/fr\/#organization\",\"name\":\"SIC - Societ\u00e0 Impianti Calce S.r.l\",\"url\":\"https:\/\/sic-lime.com\/fr\/\",\"logo\":{\"@type\":\"ImageObject\",\"inLanguage\":\"fr-FR\",\"@id\":\"https:\/\/sic-lime.com\/fr\/#\/schema\/logo\/image\/\",\"url\":\"https:\/\/sic-lime.com\/wp-content\/uploads\/2021\/10\/logo-rosso-nero.png\",\"contentUrl\":\"https:\/\/sic-lime.com\/wp-content\/uploads\/2021\/10\/logo-rosso-nero.png\",\"width\":685,\"height\":393,\"caption\":\"SIC - Societ\u00e0 Impianti Calce S.r.l\"},\"image\":{\"@id\":\"https:\/\/sic-lime.com\/fr\/#\/schema\/logo\/image\/\"},\"sameAs\":[\"https:\/\/www.facebook.com\/SIC-Lime-Plants-and-Machines-Societ-Impianti-Calce-1667391000056560\/\",\"https:\/\/www.linkedin.com\/company\/societ-impianti-calce-srl\/\"]}]}<\/script>\n<!-- \/ Yoast SEO plugin. -->","yoast_head_json":{"title":"S\u00e9parateurs \u00e0 air SEP - SIC Lime - Societ\u00e0 Impianti Calce S.r.l.","robots":{"index":"index","follow":"follow","max-snippet":"max-snippet:-1","max-image-preview":"max-image-preview:large","max-video-preview":"max-video-preview:-1"},"canonical":"https:\/\/sic-lime.com\/fr\/technologies\/machines-et-equipements\/separateurs-a-air-sep\/","og_locale":"fr_FR","og_type":"article","og_title":"S\u00e9parateurs \u00e0 air SEP - SIC Lime - Societ\u00e0 Impianti Calce S.r.l.","og_description":"technologies Machines et \u00e9quipements S\u00e9parateurs \u00e0 Air SEP Les s\u00e9parateurs \u00e0 air de la s\u00e9rie \u201cSEP\u201d sont la derni\u00e8re \u00e9volution du s\u00e9parateur classique \u00e0 circulation d\u2019air interne. Les nombreuses ann\u00e9es d\u2019utilisation dans le domaine du criblage des min\u00e9raux, la simplicit\u00e9 de construction, rendent cette machine tr\u00e8s efficace et fiable dans le temps. Les principaux avantages [&hellip;]","og_url":"https:\/\/sic-lime.com\/fr\/technologies\/machines-et-equipements\/separateurs-a-air-sep\/","og_site_name":"SIC Lime - Societ\u00e0 Impianti Calce S.r.l.","article_publisher":"https:\/\/www.facebook.com\/SIC-Lime-Plants-and-Machines-Societ-Impianti-Calce-1667391000056560\/","article_modified_time":"2023-10-20T08:55:42+00:00","twitter_card":"summary_large_image","twitter_misc":{"Dur\u00e9e de lecture estim\u00e9e":"1 minute"},"schema":{"@context":"https:\/\/schema.org","@graph":[{"@type":"WebPage","@id":"https:\/\/sic-lime.com\/fr\/technologies\/machines-et-equipements\/separateurs-a-air-sep\/","url":"https:\/\/sic-lime.com\/fr\/technologies\/machines-et-equipements\/separateurs-a-air-sep\/","name":"S\u00e9parateurs \u00e0 air SEP - SIC Lime - Societ\u00e0 Impianti Calce S.r.l.","isPartOf":{"@id":"https:\/\/sic-lime.com\/fr\/#website"},"datePublished":"2022-01-03T08:56:47+00:00","dateModified":"2023-10-20T08:55:42+00:00","breadcrumb":{"@id":"https:\/\/sic-lime.com\/fr\/technologies\/machines-et-equipements\/separateurs-a-air-sep\/#breadcrumb"},"inLanguage":"fr-FR","potentialAction":[{"@type":"ReadAction","target":["https:\/\/sic-lime.com\/fr\/technologies\/machines-et-equipements\/separateurs-a-air-sep\/"]}]},{"@type":"BreadcrumbList","@id":"https:\/\/sic-lime.com\/fr\/technologies\/machines-et-equipements\/separateurs-a-air-sep\/#breadcrumb","itemListElement":[{"@type":"ListItem","position":1,"name":"Home","item":"https:\/\/sic-lime.com\/fr\/"},{"@type":"ListItem","position":2,"name":"Technologies","item":"https:\/\/sic-lime.com\/fr\/technologies\/"},{"@type":"ListItem","position":3,"name":"Machines et \u00e9quipements","item":"https:\/\/sic-lime.com\/fr\/technologies\/machines-et-equipements\/"},{"@type":"ListItem","position":4,"name":"S\u00e9parateurs \u00e0 air SEP"}]},{"@type":"WebSite","@id":"https:\/\/sic-lime.com\/fr\/#website","url":"https:\/\/sic-lime.com\/fr\/","name":"SIC Lime - Societ\u00e0 Impianti Calce S.r.l.","description":"","publisher":{"@id":"https:\/\/sic-lime.com\/fr\/#organization"},"potentialAction":[{"@type":"SearchAction","target":{"@type":"EntryPoint","urlTemplate":"https:\/\/sic-lime.com\/fr\/?s={search_term_string}"},"query-input":{"@type":"PropertyValueSpecification","valueRequired":true,"valueName":"search_term_string"}}],"inLanguage":"fr-FR"},{"@type":"Organization","@id":"https:\/\/sic-lime.com\/fr\/#organization","name":"SIC - Societ\u00e0 Impianti Calce S.r.l","url":"https:\/\/sic-lime.com\/fr\/","logo":{"@type":"ImageObject","inLanguage":"fr-FR","@id":"https:\/\/sic-lime.com\/fr\/#\/schema\/logo\/image\/","url":"https:\/\/sic-lime.com\/wp-content\/uploads\/2021\/10\/logo-rosso-nero.png","contentUrl":"https:\/\/sic-lime.com\/wp-content\/uploads\/2021\/10\/logo-rosso-nero.png","width":685,"height":393,"caption":"SIC - Societ\u00e0 Impianti Calce S.r.l"},"image":{"@id":"https:\/\/sic-lime.com\/fr\/#\/schema\/logo\/image\/"},"sameAs":["https:\/\/www.facebook.com\/SIC-Lime-Plants-and-Machines-Societ-Impianti-Calce-1667391000056560\/","https:\/\/www.linkedin.com\/company\/societ-impianti-calce-srl\/"]}]}},"_links":{"self":[{"href":"https:\/\/sic-lime.com\/fr\/wp-json\/wp\/v2\/pages\/4260","targetHints":{"allow":["GET"]}}],"collection":[{"href":"https:\/\/sic-lime.com\/fr\/wp-json\/wp\/v2\/pages"}],"about":[{"href":"https:\/\/sic-lime.com\/fr\/wp-json\/wp\/v2\/types\/page"}],"author":[{"embeddable":true,"href":"https:\/\/sic-lime.com\/fr\/wp-json\/wp\/v2\/users\/1"}],"replies":[{"embeddable":true,"href":"https:\/\/sic-lime.com\/fr\/wp-json\/wp\/v2\/comments?post=4260"}],"version-history":[{"count":3,"href":"https:\/\/sic-lime.com\/fr\/wp-json\/wp\/v2\/pages\/4260\/revisions"}],"predecessor-version":[{"id":6101,"href":"https:\/\/sic-lime.com\/fr\/wp-json\/wp\/v2\/pages\/4260\/revisions\/6101"}],"up":[{"embeddable":true,"href":"https:\/\/sic-lime.com\/fr\/wp-json\/wp\/v2\/pages\/4200"}],"wp:attachment":[{"href":"https:\/\/sic-lime.com\/fr\/wp-json\/wp\/v2\/media?parent=4260"}],"curies":[{"name":"wp","href":"https:\/\/api.w.org\/{rel}","templated":true}]}}