{"id":4240,"date":"2022-01-03T10:56:47","date_gmt":"2022-01-03T08:56:47","guid":{"rendered":"https:\/\/sic-lime.com\/technologies\/machines-et-equipements\/separatori-a-vento-hps\/"},"modified":"2024-01-31T09:48:53","modified_gmt":"2024-01-31T07:48:53","slug":"separateurs-a-air-hps","status":"publish","type":"page","link":"https:\/\/sic-lime.com\/fr\/technologies\/machines-et-equipements\/separateurs-a-air-hps\/","title":{"rendered":"S\u00e9parateurs \u00e0 air HPS"},"content":{"rendered":"<h1><strong>technologies<\/strong><\/h1>\n<p>\n    <a href=\"#\"><\/a>\n<\/p>\n<h2><span class=\"rosso\">M<\/span>achines et <span class=\"rosso\">e<\/span>quipements<\/h2>\n<h3><span class=\"rosso\">S<\/span>\u00e9parateurs \u00e0 <span class=\"rosso\">A<\/span>ir <span class=\"rosso\">H<\/span>PS<br \/>\n<\/h3>\n<p><img decoding=\"async\" src=\"\/wp-content\/uploads\/2022\/03\/Particolare-separatore.jpg\" alt=\"\"><\/p>\n<div>\n<p>Les s\u00e9parateurs <strong>HPS<\/strong> sont des s\u00e9parateurs \u00e0 vent de derni\u00e8re g\u00e9n\u00e9ration.<\/p>\n<p>La technologie innovante permet des rendements \u00e9lev\u00e9s en termes de stabilit\u00e9 du top-cut et de nettoyage des fins du produit rejet\u00e9 m\u00eame avec des quantit\u00e9s de fins tr\u00e8s \u00e9lev\u00e9es.<\/p>\n<\/div>\n<div>\n<p>Gr\u00e2ce \u00e0 l\u2019alimentation du s\u00e9parateur avec un transport pneumatique, le produit arrive \u00e0 l\u2019unit\u00e9 de s\u00e9lection d\u00e9sagglom\u00e9r\u00e9e, en am\u00e9liorant consid\u00e9rablement le rendement.<\/p>\n<\/div>\n<p><img decoding=\"async\" src=\"\/wp-content\/uploads\/2022\/03\/pag5_DSCF0044-104.jpg\" alt=\"\"><br \/>\n<img decoding=\"async\" src=\"\/wp-content\/uploads\/2022\/03\/20150704_165551-scaled.jpg\" alt=\"\"><\/p>\n<div>\n<p>Le concept technologique de notre s\u00e9parateur \u00e0 vent HPS permet plusieurs solutions d\u2019installation faciles qui s\u2019adaptent bien m\u00eame dans des installations existantes.<\/p>\n<\/div>\n<p><a href=\"\/wp-content\/uploads\/2022\/03\/curva-gran2.png\"><img decoding=\"async\" src=\"\/wp-content\/uploads\/2022\/03\/curva-gran2.png\" alt=\"\"><\/a><\/p>\n<div>\n<p>Les s\u00e9parateurs \u00e0 vent de la s\u00e9rie HPS permettent d\u2019\u00e9liminer l\u2019utilisation d\u2019\u00e9l\u00e9vateurs \u00e0 godets et \u00e0 vis, tant pour leur alimentation en mati\u00e8res premi\u00e8res que pour le transport des produits finis.<\/p>\n<\/div>\n<div>\n<p>Le r\u00e9glage de la fen\u00eatre du produit fini peut \u00eatre effectu\u00e9 en continu \u00e0 partir du tableau de contr\u00f4le sans n\u00e9cessiter de r\u00e9glages m\u00e9caniques<\/p>\n<\/div>\n<p><img decoding=\"async\" src=\"\/wp-content\/uploads\/2022\/03\/SEP15-07.bmp\" alt=\"\"><br \/>\n<a href=\"\/wp-content\/uploads\/2022\/03\/D003R01-AIR-SEPARATOR-FLOW-SHEET-Model-scaled.jpg\"><img decoding=\"async\" src=\"\/wp-content\/uploads\/2022\/05\/Cattura.png\" alt=\"\"><\/a><\/p>\n<p><!--more--><br \/>\n<!-- {\"name\":\"impianti idratazione\",\"type\":\"layout\",\"children\":[{\"type\":\"section\",\"props\":{\"class\":\"prima-sezione\",\"css\":\".uk-container{\\nbackground: rgb(0,0,0);\\nbackground: linear-gradient(0deg, rgba(0,0,0,1) 0%, rgba(0,0,0,0) 53%);\\n    max-width: none;\\n}\",\"header_transparent\":\"light\",\"image\":\"wp-content\\\/uploads\\\/2022\\\/02\\\/A-scaled.jpg\",\"image_position\":\"center-center\",\"padding\":\"large\",\"padding_remove_bottom\":true,\"style\":\"default\",\"title_breakpoint\":\"xl\",\"title_position\":\"top-left\",\"title_rotation\":\"left\",\"vertical_align\":\"middle\",\"width\":\"default\"},\"children\":[{\"type\":\"row\",\"children\":[{\"type\":\"column\",\"props\":{\"image_position\":\"center-center\",\"media_overlay_gradient\":\"\",\"position_sticky_breakpoint\":\"m\",\"vertical_align\":\"bottom\"},\"children\":[{\"type\":\"headline\",\"props\":{\"content\":\"<strong>technologies<\\\/strong>\",\"css\":\".el-element{\\n\\tcolor: #fff;\\n    text-shadow: 2px 2px 10px rgba(0,0,0,0.5);\\n}\",\"margin\":\"large\",\"margin_remove_bottom\":false,\"text_align\":\"center\",\"title_element\":\"h1\",\"title_style\":\"heading-small\"}},{\"type\":\"button\",\"props\":{\"class\":\"bottone-freccia\",\"css\":\"a{\\n\\tborder-radius: 40px;\\n    width: 60px;\\n    height: 60px;\\n    display: flex;\\n    align-items: center;\\n    border: 2px solid #fff;\\n    justify-content: center;\\n}\\n.el-content{\\n\\tpadding: 0px;\\n}\\nsvg{\\n\\twidth: 40px;\\n    height: 40px;\\n}\\n.el-element{\\n\\tposition: absolute;\\n    bottom: -30px;\\n    left: 50%;\\n    z-index: 99;\\n    transform: translate(-50%);\\n}\",\"grid_column_gap\":\"small\",\"grid_row_gap\":\"small\",\"margin\":\"default\",\"text_align\":\"center\"},\"children\":[{\"type\":\"button_item\",\"props\":{\"button_style\":\"default\",\"icon\":\"chevron-down\",\"icon_align\":\"left\",\"link\":\"#\"}}]}]}]}],\"modified\":\"2021-10-27T07:57:33.371Z\",\"name\":\"top-azienda\"},{\"type\":\"section\",\"props\":{\"image_position\":\"center-center\",\"style\":\"default\",\"title_breakpoint\":\"xl\",\"title_position\":\"top-left\",\"title_rotation\":\"left\",\"vertical_align\":\"middle\",\"width\":\"default\"},\"children\":[{\"type\":\"row\",\"children\":[{\"type\":\"column\",\"props\":{\"image_position\":\"center-center\",\"media_overlay_gradient\":\"\",\"position_sticky_breakpoint\":\"m\"},\"children\":[{\"type\":\"breadcrumbs\",\"props\":{\"show_current\":true,\"show_home\":true}}]}],\"props\":{\"margin\":\"medium\"}},{\"type\":\"row\",\"children\":[{\"type\":\"column\",\"props\":{\"image_position\":\"center-center\",\"media_overlay_gradient\":\"\",\"position_sticky_breakpoint\":\"m\"},\"children\":[{\"type\":\"headline\",\"props\":{\"content\":\"<span class=\\\"rosso\\\">M<\\\/span>achines et <span class=\\\"rosso\\\">e<\\\/span>quipements\",\"margin_remove_top\":true,\"text_align\":\"center\",\"title_element\":\"h2\"},\"modified\":\"2021-10-27T08:05:54.071Z\",\"name\":\"titoli\"},{\"type\":\"headline\",\"props\":{\"content\":\"<span class=\\\"rosso\\\">S<\\\/span>\\u00e9parateurs \\u00e0 <span class=\\\"rosso\\\">A<\\\/span>ir <span class=\\\"rosso\\\">H<\\\/span>PS\\n\",\"margin_remove_top\":true,\"text_align\":\"center\",\"title_element\":\"h3\"},\"modified\":\"2021-10-27T08:05:54.071Z\",\"name\":\"titoli\"}]}]},{\"type\":\"row\",\"props\":{\"layout\":\"1-3,2-3\"},\"children\":[{\"type\":\"column\",\"props\":{\"image_position\":\"center-center\",\"media_overlay_gradient\":\"\",\"position_sticky_breakpoint\":\"m\",\"width_medium\":\"1-3\"},\"children\":[{\"type\":\"image\",\"props\":{\"css\":\"img {\\n    width:100%;\\n    height:300px;\\n    object-fit:cover;\\n}\",\"image\":\"wp-content\\\/uploads\\\/2022\\\/03\\\/Particolare-separatore.jpg\",\"image_svg_color\":\"emphasis\",\"margin\":\"default\",\"text_align\":\"left\",\"text_align_breakpoint\":\"m\",\"text_align_fallback\":\"center\"}}]},{\"type\":\"column\",\"props\":{\"image_position\":\"center-center\",\"media_overlay_gradient\":\"\",\"position_sticky_breakpoint\":\"m\",\"vertical_align\":\"middle\",\"width_medium\":\"2-3\"},\"children\":[{\"type\":\"text\",\"props\":{\"column_breakpoint\":\"m\",\"content\":\"\n\n<p>Les s\\u00e9parateurs <strong>HPS<\\\/strong> sont des s\\u00e9parateurs \\u00e0 vent de derni\\u00e8re g\\u00e9n\\u00e9ration.<\\\/p>\\n\n\n<p>La technologie innovante permet des rendements \\u00e9lev\\u00e9s en termes de stabilit\\u00e9 du top-cut et de nettoyage des fins du produit rejet\\u00e9 m\\u00eame avec des quantit\\u00e9s de fins tr\\u00e8s \\u00e9lev\\u00e9es.<\\\/p>\",\"margin\":\"default\"}},{\"type\":\"text\",\"props\":{\"column_breakpoint\":\"m\",\"content\":\"\n\n<p>Gr\\u00e2ce \\u00e0 l\\u2019alimentation du s\\u00e9parateur avec un transport pneumatique, le produit arrive \\u00e0 l\\u2019unit\\u00e9 de s\\u00e9lection d\\u00e9sagglom\\u00e9r\\u00e9e, en am\\u00e9liorant consid\\u00e9rablement le rendement.<\\\/p>\",\"margin\":\"default\"}}]}]},{\"type\":\"row\",\"props\":{\"layout\":\"1-3,1-3,1-3\"},\"children\":[{\"type\":\"column\",\"props\":{\"image_position\":\"center-center\",\"media_overlay_gradient\":\"\",\"order_first\":\"\",\"position_sticky_breakpoint\":\"m\",\"vertical_align\":\"middle\",\"width_medium\":\"1-3\"},\"children\":[{\"type\":\"image\",\"props\":{\"attributes\":\"\",\"css\":\"img {\\n    width:100%;\\n    height:300px;\\n    object-fit:cover;\\n}\",\"image\":\"wp-content\\\/uploads\\\/2022\\\/03\\\/pag5_DSCF0044-104.jpg\",\"image_svg_color\":\"emphasis\",\"margin\":\"default\",\"text_align\":\"center\",\"text_align_breakpoint\":\"m\",\"text_align_fallback\":\"center\"}}]},{\"type\":\"column\",\"props\":{\"image_position\":\"center-center\",\"media_overlay_gradient\":\"\",\"position_sticky_breakpoint\":\"m\",\"width_medium\":\"1-3\"},\"children\":[{\"type\":\"image\",\"props\":{\"css\":\"img {\\n    width:100%;\\n    height:300px;\\n    object-fit:cover;\\n}\",\"image\":\"wp-content\\\/uploads\\\/2022\\\/03\\\/20150704_165551-scaled.jpg\",\"image_svg_color\":\"emphasis\",\"margin\":\"default\",\"text_align\":\"center\",\"text_align_breakpoint\":\"m\",\"text_align_fallback\":\"center\"}}]},{\"type\":\"column\",\"props\":{\"image_position\":\"center-center\",\"media_overlay_gradient\":\"\",\"order_first\":\"m\",\"position_sticky_breakpoint\":\"m\",\"vertical_align\":\"middle\",\"width_medium\":\"1-3\"},\"children\":[{\"type\":\"text\",\"props\":{\"column_breakpoint\":\"m\",\"content\":\"\n\n<p>Le concept technologique de notre s\\u00e9parateur \\u00e0 vent HPS permet plusieurs solutions d\\u2019installation faciles qui s\\u2019adaptent bien m\\u00eame dans des installations existantes.<\\\/p>\",\"margin\":\"default\"}}]}]},{\"type\":\"row\",\"props\":{\"layout\":\"1-3,2-3\"},\"children\":[{\"type\":\"column\",\"props\":{\"image_position\":\"center-center\",\"media_overlay_gradient\":\"\",\"position_sticky_breakpoint\":\"m\",\"width_medium\":\"1-3\"},\"children\":[{\"type\":\"image\",\"props\":{\"image\":\"wp-content\\\/uploads\\\/2022\\\/03\\\/curva-gran2.png\",\"image_svg_color\":\"emphasis\",\"link\":\"wp-content\\\/uploads\\\/2022\\\/03\\\/curva-gran2.png\",\"margin\":\"default\",\"text_align\":\"center\"}}]},{\"type\":\"column\",\"props\":{\"image_position\":\"center-center\",\"media_overlay_gradient\":\"\",\"position_sticky_breakpoint\":\"m\",\"vertical_align\":\"middle\",\"width_medium\":\"2-3\"},\"children\":[{\"type\":\"text\",\"props\":{\"column_breakpoint\":\"m\",\"content\":\"\n\n<p>Les s\\u00e9parateurs \\u00e0 vent de la s\\u00e9rie HPS permettent d\\u2019\\u00e9liminer l\\u2019utilisation d\\u2019\\u00e9l\\u00e9vateurs \\u00e0 godets et \\u00e0 vis, tant pour leur alimentation en mati\\u00e8res premi\\u00e8res que pour le transport des produits finis.<\\\/p>\",\"margin\":\"default\"}},{\"type\":\"text\",\"props\":{\"column_breakpoint\":\"m\",\"content\":\"\n\n<p>Le r\\u00e9glage de la fen\\u00eatre du produit fini peut \\u00eatre effectu\\u00e9 en continu \\u00e0 partir du tableau de contr\\u00f4le sans n\\u00e9cessiter de r\\u00e9glages m\\u00e9caniques<\\\/p>\",\"margin\":\"default\"}}]}]},{\"type\":\"row\",\"props\":{\"layout\":\"1-4,3-4\"},\"children\":[{\"type\":\"column\",\"props\":{\"image_position\":\"center-center\",\"media_overlay_gradient\":\"\",\"position_sticky_breakpoint\":\"m\",\"vertical_align\":\"middle\",\"width_medium\":\"1-4\"},\"children\":[{\"type\":\"image\",\"props\":{\"attributes\":\"\",\"css\":\"@media only screen and (max-width:940px){\\n    .el-image{\\n        height:400px;\\n        \\n    }}\",\"image\":\"wp-content\\\/uploads\\\/2022\\\/03\\\/SEP15-07.bmp\",\"image_height\":\"400\",\"image_svg_color\":\"emphasis\",\"margin\":\"default\",\"text_align\":\"center\",\"text_align_breakpoint\":\"m\",\"text_align_fallback\":\"center\"}}]},{\"type\":\"column\",\"props\":{\"image_position\":\"center-center\",\"media_overlay_gradient\":\"\",\"position_sticky_breakpoint\":\"m\",\"width_medium\":\"3-4\"},\"children\":[{\"type\":\"image\",\"props\":{\"image\":\"wp-content\\\/uploads\\\/2022\\\/05\\\/Cattura.png\",\"image_svg_color\":\"emphasis\",\"image_width\":\"600\",\"link\":\"wp-content\\\/uploads\\\/2022\\\/03\\\/D003R01-AIR-SEPARATOR-FLOW-SHEET-Model-scaled.jpg\",\"margin\":\"default\",\"text_align\":\"center\"}}]}]}]}],\"version\":\"3.0.25\"} --><\/p>\n","protected":false},"excerpt":{"rendered":"<p>technologies Machines et equipements S\u00e9parateurs \u00e0 Air HPS Les s\u00e9parateurs HPS sont des s\u00e9parateurs \u00e0 vent de derni\u00e8re g\u00e9n\u00e9ration. La technologie innovante permet des rendements \u00e9lev\u00e9s en termes de stabilit\u00e9 du top-cut et de nettoyage des fins du produit rejet\u00e9 m\u00eame avec des quantit\u00e9s de fins tr\u00e8s \u00e9lev\u00e9es. Gr\u00e2ce \u00e0 l\u2019alimentation du s\u00e9parateur avec un [&hellip;]<\/p>\n","protected":false},"author":1,"featured_media":0,"parent":4200,"menu_order":0,"comment_status":"closed","ping_status":"closed","template":"","meta":{"footnotes":""},"class_list":["post-4240","page","type-page","status-publish","hentry"],"yoast_head":"<!-- This site is optimized with the Yoast SEO plugin v26.0 - https:\/\/yoast.com\/wordpress\/plugins\/seo\/ -->\n<title>S\u00e9parateurs \u00e0 air HPS - SIC Lime - Societ\u00e0 Impianti Calce S.r.l.<\/title>\n<meta name=\"robots\" content=\"index, follow, max-snippet:-1, max-image-preview:large, max-video-preview:-1\" \/>\n<link rel=\"canonical\" href=\"https:\/\/sic-lime.com\/fr\/technologies\/machines-et-equipements\/separateurs-a-air-hps\/\" \/>\n<meta property=\"og:locale\" content=\"fr_FR\" \/>\n<meta property=\"og:type\" content=\"article\" \/>\n<meta property=\"og:title\" content=\"S\u00e9parateurs \u00e0 air HPS - SIC Lime - Societ\u00e0 Impianti Calce S.r.l.\" \/>\n<meta property=\"og:description\" content=\"technologies Machines et equipements S\u00e9parateurs \u00e0 Air HPS Les s\u00e9parateurs HPS sont des s\u00e9parateurs \u00e0 vent de derni\u00e8re g\u00e9n\u00e9ration. La technologie innovante permet des rendements \u00e9lev\u00e9s en termes de stabilit\u00e9 du top-cut et de nettoyage des fins du produit rejet\u00e9 m\u00eame avec des quantit\u00e9s de fins tr\u00e8s \u00e9lev\u00e9es. Gr\u00e2ce \u00e0 l\u2019alimentation du s\u00e9parateur avec un [&hellip;]\" \/>\n<meta property=\"og:url\" content=\"https:\/\/sic-lime.com\/fr\/technologies\/machines-et-equipements\/separateurs-a-air-hps\/\" \/>\n<meta property=\"og:site_name\" content=\"SIC Lime - Societ\u00e0 Impianti Calce S.r.l.\" \/>\n<meta property=\"article:publisher\" content=\"https:\/\/www.facebook.com\/SIC-Lime-Plants-and-Machines-Societ-Impianti-Calce-1667391000056560\/\" \/>\n<meta property=\"article:modified_time\" content=\"2024-01-31T07:48:53+00:00\" \/>\n<meta name=\"twitter:card\" content=\"summary_large_image\" \/>\n<meta name=\"twitter:label1\" content=\"Dur\u00e9e de lecture estim\u00e9e\" \/>\n\t<meta name=\"twitter:data1\" content=\"1 minute\" \/>\n<script type=\"application\/ld+json\" class=\"yoast-schema-graph\">{\"@context\":\"https:\/\/schema.org\",\"@graph\":[{\"@type\":\"WebPage\",\"@id\":\"https:\/\/sic-lime.com\/fr\/technologies\/machines-et-equipements\/separateurs-a-air-hps\/\",\"url\":\"https:\/\/sic-lime.com\/fr\/technologies\/machines-et-equipements\/separateurs-a-air-hps\/\",\"name\":\"S\u00e9parateurs \u00e0 air HPS - SIC Lime - Societ\u00e0 Impianti Calce S.r.l.\",\"isPartOf\":{\"@id\":\"https:\/\/sic-lime.com\/fr\/#website\"},\"datePublished\":\"2022-01-03T08:56:47+00:00\",\"dateModified\":\"2024-01-31T07:48:53+00:00\",\"breadcrumb\":{\"@id\":\"https:\/\/sic-lime.com\/fr\/technologies\/machines-et-equipements\/separateurs-a-air-hps\/#breadcrumb\"},\"inLanguage\":\"fr-FR\",\"potentialAction\":[{\"@type\":\"ReadAction\",\"target\":[\"https:\/\/sic-lime.com\/fr\/technologies\/machines-et-equipements\/separateurs-a-air-hps\/\"]}]},{\"@type\":\"BreadcrumbList\",\"@id\":\"https:\/\/sic-lime.com\/fr\/technologies\/machines-et-equipements\/separateurs-a-air-hps\/#breadcrumb\",\"itemListElement\":[{\"@type\":\"ListItem\",\"position\":1,\"name\":\"Home\",\"item\":\"https:\/\/sic-lime.com\/fr\/\"},{\"@type\":\"ListItem\",\"position\":2,\"name\":\"Technologies\",\"item\":\"https:\/\/sic-lime.com\/fr\/technologies\/\"},{\"@type\":\"ListItem\",\"position\":3,\"name\":\"Machines et \u00e9quipements\",\"item\":\"https:\/\/sic-lime.com\/fr\/technologies\/machines-et-equipements\/\"},{\"@type\":\"ListItem\",\"position\":4,\"name\":\"S\u00e9parateurs \u00e0 air HPS\"}]},{\"@type\":\"WebSite\",\"@id\":\"https:\/\/sic-lime.com\/fr\/#website\",\"url\":\"https:\/\/sic-lime.com\/fr\/\",\"name\":\"SIC Lime - Societ\u00e0 Impianti Calce S.r.l.\",\"description\":\"\",\"publisher\":{\"@id\":\"https:\/\/sic-lime.com\/fr\/#organization\"},\"potentialAction\":[{\"@type\":\"SearchAction\",\"target\":{\"@type\":\"EntryPoint\",\"urlTemplate\":\"https:\/\/sic-lime.com\/fr\/?s={search_term_string}\"},\"query-input\":{\"@type\":\"PropertyValueSpecification\",\"valueRequired\":true,\"valueName\":\"search_term_string\"}}],\"inLanguage\":\"fr-FR\"},{\"@type\":\"Organization\",\"@id\":\"https:\/\/sic-lime.com\/fr\/#organization\",\"name\":\"SIC - Societ\u00e0 Impianti Calce S.r.l\",\"url\":\"https:\/\/sic-lime.com\/fr\/\",\"logo\":{\"@type\":\"ImageObject\",\"inLanguage\":\"fr-FR\",\"@id\":\"https:\/\/sic-lime.com\/fr\/#\/schema\/logo\/image\/\",\"url\":\"https:\/\/sic-lime.com\/wp-content\/uploads\/2021\/10\/logo-rosso-nero.png\",\"contentUrl\":\"https:\/\/sic-lime.com\/wp-content\/uploads\/2021\/10\/logo-rosso-nero.png\",\"width\":685,\"height\":393,\"caption\":\"SIC - Societ\u00e0 Impianti Calce S.r.l\"},\"image\":{\"@id\":\"https:\/\/sic-lime.com\/fr\/#\/schema\/logo\/image\/\"},\"sameAs\":[\"https:\/\/www.facebook.com\/SIC-Lime-Plants-and-Machines-Societ-Impianti-Calce-1667391000056560\/\",\"https:\/\/www.linkedin.com\/company\/societ-impianti-calce-srl\/\"]}]}<\/script>\n<!-- \/ Yoast SEO plugin. -->","yoast_head_json":{"title":"S\u00e9parateurs \u00e0 air HPS - SIC Lime - Societ\u00e0 Impianti Calce S.r.l.","robots":{"index":"index","follow":"follow","max-snippet":"max-snippet:-1","max-image-preview":"max-image-preview:large","max-video-preview":"max-video-preview:-1"},"canonical":"https:\/\/sic-lime.com\/fr\/technologies\/machines-et-equipements\/separateurs-a-air-hps\/","og_locale":"fr_FR","og_type":"article","og_title":"S\u00e9parateurs \u00e0 air HPS - SIC Lime - Societ\u00e0 Impianti Calce S.r.l.","og_description":"technologies Machines et equipements S\u00e9parateurs \u00e0 Air HPS Les s\u00e9parateurs HPS sont des s\u00e9parateurs \u00e0 vent de derni\u00e8re g\u00e9n\u00e9ration. La technologie innovante permet des rendements \u00e9lev\u00e9s en termes de stabilit\u00e9 du top-cut et de nettoyage des fins du produit rejet\u00e9 m\u00eame avec des quantit\u00e9s de fins tr\u00e8s \u00e9lev\u00e9es. Gr\u00e2ce \u00e0 l\u2019alimentation du s\u00e9parateur avec un [&hellip;]","og_url":"https:\/\/sic-lime.com\/fr\/technologies\/machines-et-equipements\/separateurs-a-air-hps\/","og_site_name":"SIC Lime - Societ\u00e0 Impianti Calce S.r.l.","article_publisher":"https:\/\/www.facebook.com\/SIC-Lime-Plants-and-Machines-Societ-Impianti-Calce-1667391000056560\/","article_modified_time":"2024-01-31T07:48:53+00:00","twitter_card":"summary_large_image","twitter_misc":{"Dur\u00e9e de lecture estim\u00e9e":"1 minute"},"schema":{"@context":"https:\/\/schema.org","@graph":[{"@type":"WebPage","@id":"https:\/\/sic-lime.com\/fr\/technologies\/machines-et-equipements\/separateurs-a-air-hps\/","url":"https:\/\/sic-lime.com\/fr\/technologies\/machines-et-equipements\/separateurs-a-air-hps\/","name":"S\u00e9parateurs \u00e0 air HPS - SIC Lime - Societ\u00e0 Impianti Calce S.r.l.","isPartOf":{"@id":"https:\/\/sic-lime.com\/fr\/#website"},"datePublished":"2022-01-03T08:56:47+00:00","dateModified":"2024-01-31T07:48:53+00:00","breadcrumb":{"@id":"https:\/\/sic-lime.com\/fr\/technologies\/machines-et-equipements\/separateurs-a-air-hps\/#breadcrumb"},"inLanguage":"fr-FR","potentialAction":[{"@type":"ReadAction","target":["https:\/\/sic-lime.com\/fr\/technologies\/machines-et-equipements\/separateurs-a-air-hps\/"]}]},{"@type":"BreadcrumbList","@id":"https:\/\/sic-lime.com\/fr\/technologies\/machines-et-equipements\/separateurs-a-air-hps\/#breadcrumb","itemListElement":[{"@type":"ListItem","position":1,"name":"Home","item":"https:\/\/sic-lime.com\/fr\/"},{"@type":"ListItem","position":2,"name":"Technologies","item":"https:\/\/sic-lime.com\/fr\/technologies\/"},{"@type":"ListItem","position":3,"name":"Machines et \u00e9quipements","item":"https:\/\/sic-lime.com\/fr\/technologies\/machines-et-equipements\/"},{"@type":"ListItem","position":4,"name":"S\u00e9parateurs \u00e0 air HPS"}]},{"@type":"WebSite","@id":"https:\/\/sic-lime.com\/fr\/#website","url":"https:\/\/sic-lime.com\/fr\/","name":"SIC Lime - Societ\u00e0 Impianti Calce S.r.l.","description":"","publisher":{"@id":"https:\/\/sic-lime.com\/fr\/#organization"},"potentialAction":[{"@type":"SearchAction","target":{"@type":"EntryPoint","urlTemplate":"https:\/\/sic-lime.com\/fr\/?s={search_term_string}"},"query-input":{"@type":"PropertyValueSpecification","valueRequired":true,"valueName":"search_term_string"}}],"inLanguage":"fr-FR"},{"@type":"Organization","@id":"https:\/\/sic-lime.com\/fr\/#organization","name":"SIC - Societ\u00e0 Impianti Calce S.r.l","url":"https:\/\/sic-lime.com\/fr\/","logo":{"@type":"ImageObject","inLanguage":"fr-FR","@id":"https:\/\/sic-lime.com\/fr\/#\/schema\/logo\/image\/","url":"https:\/\/sic-lime.com\/wp-content\/uploads\/2021\/10\/logo-rosso-nero.png","contentUrl":"https:\/\/sic-lime.com\/wp-content\/uploads\/2021\/10\/logo-rosso-nero.png","width":685,"height":393,"caption":"SIC - Societ\u00e0 Impianti Calce S.r.l"},"image":{"@id":"https:\/\/sic-lime.com\/fr\/#\/schema\/logo\/image\/"},"sameAs":["https:\/\/www.facebook.com\/SIC-Lime-Plants-and-Machines-Societ-Impianti-Calce-1667391000056560\/","https:\/\/www.linkedin.com\/company\/societ-impianti-calce-srl\/"]}]}},"_links":{"self":[{"href":"https:\/\/sic-lime.com\/fr\/wp-json\/wp\/v2\/pages\/4240","targetHints":{"allow":["GET"]}}],"collection":[{"href":"https:\/\/sic-lime.com\/fr\/wp-json\/wp\/v2\/pages"}],"about":[{"href":"https:\/\/sic-lime.com\/fr\/wp-json\/wp\/v2\/types\/page"}],"author":[{"embeddable":true,"href":"https:\/\/sic-lime.com\/fr\/wp-json\/wp\/v2\/users\/1"}],"replies":[{"embeddable":true,"href":"https:\/\/sic-lime.com\/fr\/wp-json\/wp\/v2\/comments?post=4240"}],"version-history":[{"count":2,"href":"https:\/\/sic-lime.com\/fr\/wp-json\/wp\/v2\/pages\/4240\/revisions"}],"predecessor-version":[{"id":6337,"href":"https:\/\/sic-lime.com\/fr\/wp-json\/wp\/v2\/pages\/4240\/revisions\/6337"}],"up":[{"embeddable":true,"href":"https:\/\/sic-lime.com\/fr\/wp-json\/wp\/v2\/pages\/4200"}],"wp:attachment":[{"href":"https:\/\/sic-lime.com\/fr\/wp-json\/wp\/v2\/media?parent=4240"}],"curies":[{"name":"wp","href":"https:\/\/api.w.org\/{rel}","templated":true}]}}