{"id":4181,"date":"2021-12-28T10:00:12","date_gmt":"2021-12-28T08:00:12","guid":{"rendered":"https:\/\/sic-lime.com\/technologies\/installations\/macinazione-bicarbonato-di-sodio\/"},"modified":"2022-04-15T08:40:41","modified_gmt":"2022-04-15T08:40:41","slug":"installations-de-bicarbonate-de-sodium","status":"publish","type":"page","link":"https:\/\/sic-lime.com\/fr\/technologies\/installations\/installations-de-bicarbonate-de-sodium\/","title":{"rendered":"Installations de Bicarbonate de Sodium"},"content":{"rendered":"<h1><strong>technologies<\/strong><\/h1>\n<p>\n    <a href=\"#\"><\/a>\n<\/p>\n<h2><span class=\"rosso\">I<\/span>nstallations<\/h2>\n<h3><span class=\"rosso\">I<\/span>nstallations de <span class=\"rosso\">B<\/span>icarbonate de <span class=\"rosso\">S<\/span>odium<\/p>\n<\/h3>\n<p><img decoding=\"async\" src=\"\/wp-content\/uploads\/2022\/03\/macinazinazione-bicarbonato-1.jpg\" alt=\"\"><\/p>\n<div>\n<p>Le proc\u00e9d\u00e9 de neutralisation des fum\u00e9es \u00e9mises par les centrales de thermovalorisation d\u00e9nomm\u00e9 <strong>Solvay NEUTREC<\/strong>, repose sur l\u2019injection \u00e0 sec dans les fum\u00e9es \u00e0 purifier de bicarbonate de sodium, convenablement broy\u00e9 et additionn\u00e9 de charbons actifs.<\/p>\n<p><strong class=\"rosso\">SIC<\/strong> s\u2019appuyant sur l\u2019exp\u00e9rience acquise dans le domaine de la micronisation des min\u00e9raux et dans les syst\u00e8mes de dosage de pr\u00e9cision des poudres, a d\u00e9velopp\u00e9 une ligne d\u2019installations pour la micronisation du bicarbonate de sodium et pour son additivation avec des charbons actifs.<\/p>\n<\/div>\n<div>\n<p class=\"p1\">Pour r\u00e9aliser la micronisation du bicarbonate de soude, on utilise des moulins du type \u00ab\u00a0S\u00a0\u00bb modifi\u00e9s avec un syst\u00e8me de n\u00e9bulisation d\u2019additifs antimottants et des micro-doseurs \u00e0 perte de poids pour le dosage des charbons actifs.<\/p>\n<p>La simplicit\u00e9 de l\u2019installation r\u00e9alis\u00e9e par <strong class=\"rosso\">SIC<\/strong> est due \u00e0 la possibilit\u00e9 d\u2019utiliser le m\u00eame flux d\u2019air employ\u00e9 pour effectuer la s\u00e9lection granulom\u00e9trique dans le moulin s\u00e9lecteur pour r\u00e9aliser l\u2019enrichissement avec les charbons actifs et l\u2019injection finale du m\u00e9lange pr\u00e9par\u00e9e dans le r\u00e9acteur.<\/p>\n<\/div>\n<p><img decoding=\"async\" src=\"\/wp-content\/uploads\/2022\/03\/macinazione-bicarbonato-2.jpg\" alt=\"\"><\/p>\n<p><!--more--><br \/>\n<!-- {\"name\":\"impianti idratazione\",\"type\":\"layout\",\"children\":[{\"type\":\"section\",\"props\":{\"style\":\"default\",\"width\":\"default\",\"vertical_align\":\"middle\",\"title_position\":\"top-left\",\"title_rotation\":\"left\",\"title_breakpoint\":\"xl\",\"image_position\":\"center-center\",\"image\":\"wp-content\\\/uploads\\\/2022\\\/02\\\/A-scaled.jpg\",\"header_transparent\":\"light\",\"padding\":\"large\",\"padding_remove_bottom\":true,\"css\":\".uk-container{\\nbackground: rgb(0,0,0);\\nbackground: linear-gradient(0deg, rgba(0,0,0,1) 0%, rgba(0,0,0,0) 53%);\\n    max-width: none;\\n}\",\"class\":\"prima-sezione\"},\"children\":[{\"type\":\"row\",\"children\":[{\"type\":\"column\",\"props\":{\"image_position\":\"center-center\",\"media_overlay_gradient\":\"\",\"vertical_align\":\"bottom\"},\"children\":[{\"type\":\"headline\",\"props\":{\"title_element\":\"h1\",\"content\":\"<strong>technologies<\\\/strong>\",\"text_align\":\"center\",\"css\":\".el-element{\\n\\tcolor: #fff;\\n    text-shadow: 2px 2px 10px rgba(0,0,0,0.5);\\n}\",\"title_style\":\"heading-small\",\"margin_remove_bottom\":false,\"margin\":\"large\"}},{\"type\":\"button\",\"props\":{\"grid_column_gap\":\"small\",\"grid_row_gap\":\"small\",\"margin\":\"default\",\"text_align\":\"center\",\"css\":\"a{\\n\\tborder-radius: 40px;\\n    width: 60px;\\n    height: 60px;\\n    display: flex;\\n    align-items: center;\\n    border: 2px solid #fff;\\n    justify-content: center;\\n}\\n.el-content{\\n\\tpadding: 0px;\\n}\\nsvg{\\n\\twidth: 40px;\\n    height: 40px;\\n}\\n.el-element{\\n\\tposition: absolute;\\n    bottom: -30px;\\n    left: 50%;\\n    z-index: 99;\\n    transform: translate(-50%);\\n}\",\"class\":\"bottone-freccia\"},\"children\":[{\"type\":\"button_item\",\"props\":{\"button_style\":\"default\",\"icon_align\":\"left\",\"link\":\"#\",\"icon\":\"chevron-down\"}}]}]}]}],\"modified\":\"2021-10-27T07:57:33.371Z\",\"name\":\"top-azienda\"},{\"type\":\"section\",\"props\":{\"style\":\"default\",\"width\":\"default\",\"vertical_align\":\"middle\",\"title_position\":\"top-left\",\"title_rotation\":\"left\",\"title_breakpoint\":\"xl\",\"image_position\":\"center-center\"},\"children\":[{\"type\":\"row\",\"children\":[{\"type\":\"column\",\"props\":{\"image_position\":\"center-center\",\"media_overlay_gradient\":\"\"},\"children\":[{\"type\":\"breadcrumbs\",\"props\":{\"show_home\":true,\"show_current\":true}}]}],\"props\":{\"margin\":\"medium\"}},{\"type\":\"row\",\"children\":[{\"type\":\"column\",\"props\":{\"image_position\":\"center-center\",\"media_overlay_gradient\":\"\"},\"children\":[{\"type\":\"headline\",\"props\":{\"title_element\":\"h2\",\"text_align\":\"center\",\"margin_remove_top\":true,\"content\":\"<span class=\\\"rosso\\\">I<\\\/span>nstallations\"},\"modified\":\"2021-10-27T08:05:54.071Z\",\"name\":\"titoli\"},{\"type\":\"headline\",\"props\":{\"title_element\":\"h3\",\"text_align\":\"center\",\"margin_remove_top\":true,\"content\":\"<span class=\\\"rosso\\\">I<\\\/span>nstallations de <span class=\\\"rosso\\\">B<\\\/span>icarbonate de <span class=\\\"rosso\\\">S<\\\/span>odium\\n\\n\"},\"modified\":\"2021-10-27T08:05:54.071Z\",\"name\":\"titoli\"}]}]},{\"type\":\"row\",\"props\":{\"layout\":\"1-3,2-3\"},\"children\":[{\"type\":\"column\",\"props\":{\"image_position\":\"center-center\",\"media_overlay_gradient\":\"\",\"width_medium\":\"1-3\"},\"children\":[{\"type\":\"image\",\"props\":{\"margin\":\"default\",\"image_svg_color\":\"emphasis\",\"image\":\"wp-content\\\/uploads\\\/2022\\\/03\\\/macinazinazione-bicarbonato-1.jpg\",\"text_align\":\"left\",\"text_align_breakpoint\":\"m\",\"text_align_fallback\":\"center\"}}]},{\"type\":\"column\",\"props\":{\"image_position\":\"center-center\",\"media_overlay_gradient\":\"\",\"width_medium\":\"2-3\",\"vertical_align\":\"middle\"},\"children\":[{\"type\":\"text\",\"props\":{\"margin\":\"default\",\"column_breakpoint\":\"m\",\"content\":\"\n\n<p>Le proc\\u00e9d\\u00e9 de neutralisation des fum\\u00e9es \\u00e9mises par les centrales de thermovalorisation d\\u00e9nomm\\u00e9 <strong>Solvay NEUTREC<\\\/strong>, repose sur l\\u2019injection \\u00e0 sec dans les fum\\u00e9es \\u00e0 purifier de bicarbonate de sodium, convenablement broy\\u00e9 et additionn\\u00e9 de charbons actifs.<\\\/p>\\n\n\n<p><strong class=\\\"rosso\\\">SIC<\\\/strong> s\\u2019appuyant sur l\\u2019exp\\u00e9rience acquise dans le domaine de la micronisation des min\\u00e9raux et dans les syst\\u00e8mes de dosage de pr\\u00e9cision des poudres, a d\\u00e9velopp\\u00e9 une ligne d\\u2019installations pour la micronisation du bicarbonate de sodium et pour son additivation avec des charbons actifs.<\\\/p>\",\"text_align\":\"justify\"}}]}]},{\"type\":\"row\",\"props\":{\"layout\":\"2-3,1-3\"},\"children\":[{\"type\":\"column\",\"props\":{\"image_position\":\"center-center\",\"media_overlay_gradient\":\"\",\"width_medium\":\"2-3\",\"vertical_align\":\"middle\",\"order_first\":\"m\"},\"children\":[{\"type\":\"text\",\"props\":{\"margin\":\"default\",\"column_breakpoint\":\"m\",\"content\":\"\n\n<p class=\\\"p1\\\">Pour r\\u00e9aliser la micronisation du bicarbonate de soude, on utilise des moulins du type \\\"S\\\" modifi\\u00e9s avec un syst\\u00e8me de n\\u00e9bulisation d\\u2019additifs antimottants et des micro-doseurs \\u00e0 perte de poids pour le dosage des charbons actifs.<br \\\/><br \\\/>La simplicit\\u00e9 de l\\u2019installation r\\u00e9alis\\u00e9e par <strong class=\\\"rosso\\\">SIC<\\\/strong> est due \\u00e0 la possibilit\\u00e9 d\\u2019utiliser le m\\u00eame flux d\\u2019air employ\\u00e9 pour effectuer la s\\u00e9lection granulom\\u00e9trique dans le moulin s\\u00e9lecteur pour r\\u00e9aliser l\\u2019enrichissement avec les charbons actifs et l\\u2019injection finale du m\\u00e9lange pr\\u00e9par\\u00e9e dans le r\\u00e9acteur.<br \\\/><br \\\/><\\\/p>\",\"text_align\":\"justify\"}}]},{\"type\":\"column\",\"props\":{\"image_position\":\"center-center\",\"media_overlay_gradient\":\"\",\"width_medium\":\"1-3\",\"order_first\":\"xs\"},\"children\":[{\"type\":\"image\",\"props\":{\"margin\":\"default\",\"image_svg_color\":\"emphasis\",\"image\":\"wp-content\\\/uploads\\\/2022\\\/03\\\/macinazione-bicarbonato-2.jpg\",\"text_align\":\"left\",\"text_align_breakpoint\":\"m\",\"text_align_fallback\":\"center\"}}]}]}]}],\"version\":\"2.6.5\"} --><\/p>\n","protected":false},"excerpt":{"rendered":"<p>technologies Installations Installations de Bicarbonate de Sodium Le proc\u00e9d\u00e9 de neutralisation des fum\u00e9es \u00e9mises par les centrales de thermovalorisation d\u00e9nomm\u00e9 Solvay NEUTREC, repose sur l\u2019injection \u00e0 sec dans les fum\u00e9es \u00e0 purifier de bicarbonate de sodium, convenablement broy\u00e9 et additionn\u00e9 de charbons actifs. SIC s\u2019appuyant sur l\u2019exp\u00e9rience acquise dans le domaine de la micronisation des [&hellip;]<\/p>\n","protected":false},"author":1,"featured_media":0,"parent":4022,"menu_order":0,"comment_status":"closed","ping_status":"closed","template":"","meta":{"footnotes":""},"class_list":["post-4181","page","type-page","status-publish","hentry"],"yoast_head":"<!-- This site is optimized with the Yoast SEO plugin v26.0 - https:\/\/yoast.com\/wordpress\/plugins\/seo\/ -->\n<title>Installations de Bicarbonate de Sodium - SIC Lime - Societ\u00e0 Impianti Calce S.r.l.<\/title>\n<meta name=\"robots\" content=\"index, follow, max-snippet:-1, max-image-preview:large, max-video-preview:-1\" \/>\n<link rel=\"canonical\" href=\"https:\/\/sic-lime.com\/fr\/technologies\/installations\/installations-de-bicarbonate-de-sodium\/\" \/>\n<meta property=\"og:locale\" content=\"fr_FR\" \/>\n<meta property=\"og:type\" content=\"article\" \/>\n<meta property=\"og:title\" content=\"Installations de Bicarbonate de Sodium - SIC Lime - Societ\u00e0 Impianti Calce S.r.l.\" \/>\n<meta property=\"og:description\" content=\"technologies Installations Installations de Bicarbonate de Sodium Le proc\u00e9d\u00e9 de neutralisation des fum\u00e9es \u00e9mises par les centrales de thermovalorisation d\u00e9nomm\u00e9 Solvay NEUTREC, repose sur l\u2019injection \u00e0 sec dans les fum\u00e9es \u00e0 purifier de bicarbonate de sodium, convenablement broy\u00e9 et additionn\u00e9 de charbons actifs. SIC s\u2019appuyant sur l\u2019exp\u00e9rience acquise dans le domaine de la micronisation des [&hellip;]\" \/>\n<meta property=\"og:url\" content=\"https:\/\/sic-lime.com\/fr\/technologies\/installations\/installations-de-bicarbonate-de-sodium\/\" \/>\n<meta property=\"og:site_name\" content=\"SIC Lime - Societ\u00e0 Impianti Calce S.r.l.\" \/>\n<meta property=\"article:publisher\" content=\"https:\/\/www.facebook.com\/SIC-Lime-Plants-and-Machines-Societ-Impianti-Calce-1667391000056560\/\" \/>\n<meta property=\"article:modified_time\" content=\"2022-04-15T08:40:41+00:00\" \/>\n<meta name=\"twitter:card\" content=\"summary_large_image\" \/>\n<meta name=\"twitter:label1\" content=\"Dur\u00e9e de lecture estim\u00e9e\" \/>\n\t<meta name=\"twitter:data1\" content=\"1 minute\" \/>\n<script type=\"application\/ld+json\" class=\"yoast-schema-graph\">{\"@context\":\"https:\/\/schema.org\",\"@graph\":[{\"@type\":\"WebPage\",\"@id\":\"https:\/\/sic-lime.com\/fr\/technologies\/installations\/installations-de-bicarbonate-de-sodium\/\",\"url\":\"https:\/\/sic-lime.com\/fr\/technologies\/installations\/installations-de-bicarbonate-de-sodium\/\",\"name\":\"Installations de Bicarbonate de Sodium - SIC Lime - Societ\u00e0 Impianti Calce S.r.l.\",\"isPartOf\":{\"@id\":\"https:\/\/sic-lime.com\/fr\/#website\"},\"datePublished\":\"2021-12-28T08:00:12+00:00\",\"dateModified\":\"2022-04-15T08:40:41+00:00\",\"breadcrumb\":{\"@id\":\"https:\/\/sic-lime.com\/fr\/technologies\/installations\/installations-de-bicarbonate-de-sodium\/#breadcrumb\"},\"inLanguage\":\"fr-FR\",\"potentialAction\":[{\"@type\":\"ReadAction\",\"target\":[\"https:\/\/sic-lime.com\/fr\/technologies\/installations\/installations-de-bicarbonate-de-sodium\/\"]}]},{\"@type\":\"BreadcrumbList\",\"@id\":\"https:\/\/sic-lime.com\/fr\/technologies\/installations\/installations-de-bicarbonate-de-sodium\/#breadcrumb\",\"itemListElement\":[{\"@type\":\"ListItem\",\"position\":1,\"name\":\"Home\",\"item\":\"https:\/\/sic-lime.com\/fr\/\"},{\"@type\":\"ListItem\",\"position\":2,\"name\":\"Technologies\",\"item\":\"https:\/\/sic-lime.com\/fr\/technologies\/\"},{\"@type\":\"ListItem\",\"position\":3,\"name\":\"Installations\",\"item\":\"https:\/\/sic-lime.com\/fr\/technologies\/installations\/\"},{\"@type\":\"ListItem\",\"position\":4,\"name\":\"Installations de Bicarbonate de Sodium\"}]},{\"@type\":\"WebSite\",\"@id\":\"https:\/\/sic-lime.com\/fr\/#website\",\"url\":\"https:\/\/sic-lime.com\/fr\/\",\"name\":\"SIC Lime - Societ\u00e0 Impianti Calce S.r.l.\",\"description\":\"\",\"publisher\":{\"@id\":\"https:\/\/sic-lime.com\/fr\/#organization\"},\"potentialAction\":[{\"@type\":\"SearchAction\",\"target\":{\"@type\":\"EntryPoint\",\"urlTemplate\":\"https:\/\/sic-lime.com\/fr\/?s={search_term_string}\"},\"query-input\":{\"@type\":\"PropertyValueSpecification\",\"valueRequired\":true,\"valueName\":\"search_term_string\"}}],\"inLanguage\":\"fr-FR\"},{\"@type\":\"Organization\",\"@id\":\"https:\/\/sic-lime.com\/fr\/#organization\",\"name\":\"SIC - Societ\u00e0 Impianti Calce S.r.l\",\"url\":\"https:\/\/sic-lime.com\/fr\/\",\"logo\":{\"@type\":\"ImageObject\",\"inLanguage\":\"fr-FR\",\"@id\":\"https:\/\/sic-lime.com\/fr\/#\/schema\/logo\/image\/\",\"url\":\"https:\/\/sic-lime.com\/wp-content\/uploads\/2021\/10\/logo-rosso-nero.png\",\"contentUrl\":\"https:\/\/sic-lime.com\/wp-content\/uploads\/2021\/10\/logo-rosso-nero.png\",\"width\":685,\"height\":393,\"caption\":\"SIC - Societ\u00e0 Impianti Calce S.r.l\"},\"image\":{\"@id\":\"https:\/\/sic-lime.com\/fr\/#\/schema\/logo\/image\/\"},\"sameAs\":[\"https:\/\/www.facebook.com\/SIC-Lime-Plants-and-Machines-Societ-Impianti-Calce-1667391000056560\/\",\"https:\/\/www.linkedin.com\/company\/societ-impianti-calce-srl\/\"]}]}<\/script>\n<!-- \/ Yoast SEO plugin. -->","yoast_head_json":{"title":"Installations de Bicarbonate de Sodium - SIC Lime - Societ\u00e0 Impianti Calce S.r.l.","robots":{"index":"index","follow":"follow","max-snippet":"max-snippet:-1","max-image-preview":"max-image-preview:large","max-video-preview":"max-video-preview:-1"},"canonical":"https:\/\/sic-lime.com\/fr\/technologies\/installations\/installations-de-bicarbonate-de-sodium\/","og_locale":"fr_FR","og_type":"article","og_title":"Installations de Bicarbonate de Sodium - SIC Lime - Societ\u00e0 Impianti Calce S.r.l.","og_description":"technologies Installations Installations de Bicarbonate de Sodium Le proc\u00e9d\u00e9 de neutralisation des fum\u00e9es \u00e9mises par les centrales de thermovalorisation d\u00e9nomm\u00e9 Solvay NEUTREC, repose sur l\u2019injection \u00e0 sec dans les fum\u00e9es \u00e0 purifier de bicarbonate de sodium, convenablement broy\u00e9 et additionn\u00e9 de charbons actifs. SIC s\u2019appuyant sur l\u2019exp\u00e9rience acquise dans le domaine de la micronisation des [&hellip;]","og_url":"https:\/\/sic-lime.com\/fr\/technologies\/installations\/installations-de-bicarbonate-de-sodium\/","og_site_name":"SIC Lime - Societ\u00e0 Impianti Calce S.r.l.","article_publisher":"https:\/\/www.facebook.com\/SIC-Lime-Plants-and-Machines-Societ-Impianti-Calce-1667391000056560\/","article_modified_time":"2022-04-15T08:40:41+00:00","twitter_card":"summary_large_image","twitter_misc":{"Dur\u00e9e de lecture estim\u00e9e":"1 minute"},"schema":{"@context":"https:\/\/schema.org","@graph":[{"@type":"WebPage","@id":"https:\/\/sic-lime.com\/fr\/technologies\/installations\/installations-de-bicarbonate-de-sodium\/","url":"https:\/\/sic-lime.com\/fr\/technologies\/installations\/installations-de-bicarbonate-de-sodium\/","name":"Installations de Bicarbonate de Sodium - SIC Lime - Societ\u00e0 Impianti Calce S.r.l.","isPartOf":{"@id":"https:\/\/sic-lime.com\/fr\/#website"},"datePublished":"2021-12-28T08:00:12+00:00","dateModified":"2022-04-15T08:40:41+00:00","breadcrumb":{"@id":"https:\/\/sic-lime.com\/fr\/technologies\/installations\/installations-de-bicarbonate-de-sodium\/#breadcrumb"},"inLanguage":"fr-FR","potentialAction":[{"@type":"ReadAction","target":["https:\/\/sic-lime.com\/fr\/technologies\/installations\/installations-de-bicarbonate-de-sodium\/"]}]},{"@type":"BreadcrumbList","@id":"https:\/\/sic-lime.com\/fr\/technologies\/installations\/installations-de-bicarbonate-de-sodium\/#breadcrumb","itemListElement":[{"@type":"ListItem","position":1,"name":"Home","item":"https:\/\/sic-lime.com\/fr\/"},{"@type":"ListItem","position":2,"name":"Technologies","item":"https:\/\/sic-lime.com\/fr\/technologies\/"},{"@type":"ListItem","position":3,"name":"Installations","item":"https:\/\/sic-lime.com\/fr\/technologies\/installations\/"},{"@type":"ListItem","position":4,"name":"Installations de Bicarbonate de Sodium"}]},{"@type":"WebSite","@id":"https:\/\/sic-lime.com\/fr\/#website","url":"https:\/\/sic-lime.com\/fr\/","name":"SIC Lime - Societ\u00e0 Impianti Calce S.r.l.","description":"","publisher":{"@id":"https:\/\/sic-lime.com\/fr\/#organization"},"potentialAction":[{"@type":"SearchAction","target":{"@type":"EntryPoint","urlTemplate":"https:\/\/sic-lime.com\/fr\/?s={search_term_string}"},"query-input":{"@type":"PropertyValueSpecification","valueRequired":true,"valueName":"search_term_string"}}],"inLanguage":"fr-FR"},{"@type":"Organization","@id":"https:\/\/sic-lime.com\/fr\/#organization","name":"SIC - Societ\u00e0 Impianti Calce S.r.l","url":"https:\/\/sic-lime.com\/fr\/","logo":{"@type":"ImageObject","inLanguage":"fr-FR","@id":"https:\/\/sic-lime.com\/fr\/#\/schema\/logo\/image\/","url":"https:\/\/sic-lime.com\/wp-content\/uploads\/2021\/10\/logo-rosso-nero.png","contentUrl":"https:\/\/sic-lime.com\/wp-content\/uploads\/2021\/10\/logo-rosso-nero.png","width":685,"height":393,"caption":"SIC - Societ\u00e0 Impianti Calce S.r.l"},"image":{"@id":"https:\/\/sic-lime.com\/fr\/#\/schema\/logo\/image\/"},"sameAs":["https:\/\/www.facebook.com\/SIC-Lime-Plants-and-Machines-Societ-Impianti-Calce-1667391000056560\/","https:\/\/www.linkedin.com\/company\/societ-impianti-calce-srl\/"]}]}},"_links":{"self":[{"href":"https:\/\/sic-lime.com\/fr\/wp-json\/wp\/v2\/pages\/4181","targetHints":{"allow":["GET"]}}],"collection":[{"href":"https:\/\/sic-lime.com\/fr\/wp-json\/wp\/v2\/pages"}],"about":[{"href":"https:\/\/sic-lime.com\/fr\/wp-json\/wp\/v2\/types\/page"}],"author":[{"embeddable":true,"href":"https:\/\/sic-lime.com\/fr\/wp-json\/wp\/v2\/users\/1"}],"replies":[{"embeddable":true,"href":"https:\/\/sic-lime.com\/fr\/wp-json\/wp\/v2\/comments?post=4181"}],"version-history":[{"count":0,"href":"https:\/\/sic-lime.com\/fr\/wp-json\/wp\/v2\/pages\/4181\/revisions"}],"up":[{"embeddable":true,"href":"https:\/\/sic-lime.com\/fr\/wp-json\/wp\/v2\/pages\/4022"}],"wp:attachment":[{"href":"https:\/\/sic-lime.com\/fr\/wp-json\/wp\/v2\/media?parent=4181"}],"curies":[{"name":"wp","href":"https:\/\/api.w.org\/{rel}","templated":true}]}}