{"id":4157,"date":"2021-12-28T10:00:12","date_gmt":"2021-12-28T10:00:12","guid":{"rendered":"https:\/\/sic-lime.com\/technologies\/installations\/impianti-pcc\/"},"modified":"2022-04-20T11:19:24","modified_gmt":"2022-04-20T11:19:24","slug":"installations-de-pcc","status":"publish","type":"page","link":"https:\/\/sic-lime.com\/fr\/technologies\/installations\/installations-de-pcc\/","title":{"rendered":"Installations de PCC"},"content":{"rendered":"<h1><strong>technologies<\/strong><\/h1>\n<p>\n    <a href=\"#\"><\/a>\n<\/p>\n<h2><span class=\"rosso\">I<\/span>nstallations<br \/>\n<\/h2>\n<h3><span class=\"rosso\">I<\/span>nstallations de <span class=\"rosso\">P<\/span>CC<br \/>\n<\/h3>\n<p><img decoding=\"async\" src=\"\/wp-content\/uploads\/2022\/03\/impianti-pcc-3.jpg\" alt=\"\"><\/p>\n<div>\n<p>Les premi\u00e8res productions industrielles de <strong>P.C.C.<\/strong> (Carbonate de Calcium Pr\u00e9cipit\u00e9) remontent au d\u00e9but du 18\u00e8me si\u00e8cle en Angleterre.<\/p>\n<p>Ce n\u2019est qu\u2019au cours des trente derni\u00e8res ann\u00e9es que l\u2019on a assist\u00e9 \u00e0 une large diffusion de la production de cet important d\u00e9riv\u00e9 de la chaux \u00e0 la suite du d\u00e9veloppement de nouveaux secteurs industriels o\u00f9 il est largement utilis\u00e9.<\/p>\n<p>Dans le processus de micronisation du carbonate (G.C.C.), le seul facteur sur lequel l\u2019homme peut agir est la taille granulom\u00e9trique.<\/p>\n<p>Dans le processus de production du P.C.C. on r\u00e9ussit \u00e0 op\u00e9rer m\u00eame au niveau de la formation cristallographique du produit.<\/p>\n<p>Le processus de production du P.C.C. commence par la d\u00e9carbonatation du calcaire (Caco3) dans un four, d\u2019o\u00f9 on obtient de la chaux (CaO) et des fum\u00e9es (CO2).<\/p>\n<\/div>\n<div>\n<p>La chaux est ensuite transform\u00e9e en un slurry d\u2019hydroxyde de chaux en exc\u00e8s d\u2019eau (Ca(OH)2 + nH2O ) par un proc\u00e9d\u00e9 exothermique au cours duquel elle est purifi\u00e9e des impuret\u00e9s les plus lourdes.<\/p>\n<p>Le <em>slurry<\/em> ainsi produit et purifi\u00e9 est mis en contact intime avec les fum\u00e9es riches en CO2 provenant du four, r\u00e9alisant ainsi la recarbonation qui conduit de nouveau \u00e0 la formation de CaCO3 qui pourra \u00eatre utilis\u00e9 tel quel sous forme de slurry, par exemple dans les usines \u00e0 papier, ou d\u00e9shydrat\u00e9 et s\u00e9ch\u00e9 pour obtenir une poudre finement dispers\u00e9e.<\/p>\n<\/div>\n<p><img decoding=\"async\" src=\"\/wp-content\/uploads\/2022\/03\/impianti-pcc-4.jpg\" alt=\"\"><br \/>\n<img decoding=\"async\" src=\"\/wp-content\/uploads\/2022\/03\/impianti-pcc-5.jpg\" alt=\"\"><\/p>\n<div>\n<p>En agissant sur la combinaison de certaines variables de processus telles que:<\/p>\n<ul>\n<li>d\u00e9puration fum\u00e9es\/lait de chaux<\/li>\n<li>r\u00e9activit\u00e9 de la chaux<\/li>\n<li>temp\u00e9rature d&rsquo;extinction<\/li>\n<li>concentration du slurry<\/li>\n<li>concentration de la CO2<\/li>\n<li>addition de l&rsquo;eau du proc\u00e8s<\/li>\n<li>ins\u00e9mination<\/li>\n<\/ul>\n<\/div>\n<div>\n<p>il est possible de modifier, pendant le processus industriel, les caract\u00e9ristiques cristallographiques du carbonate de calcium provenant de la carri\u00e8re, ce qui permet de varier, au-del\u00e0 de la granulom\u00e9trie, la surface sp\u00e9cifique et le degr\u00e9 de blanc du produit.<\/p>\n<p><strong class=\"rosso\">SIC<\/strong> apr\u00e8s des ann\u00e9es de d\u00e9veloppement des technologies relatives \u00e0 la production de la chaux et de ses produits d\u00e9riv\u00e9s avec le support technologique de deux sp\u00e9cialistes du P.C.C. au niveau mondial, a commenc\u00e9 \u00e0 s\u2019occuper d\u00e8s 1990, de la conception et de la construction d\u2019installations pour la production de P.C.C.<\/p>\n<\/div>\n<p><a href=\"\/wp-content\/uploads\/2022\/03\/Scansione00122025.jpg\"><img decoding=\"async\" src=\"\/wp-content\/uploads\/2022\/03\/Scansione00122025.jpg\" alt=\"\"><\/a><\/p>\n<p><!--more--><br \/>\n<!-- {\"name\":\"impianti idratazione\",\"type\":\"layout\",\"children\":[{\"type\":\"section\",\"props\":{\"style\":\"default\",\"width\":\"default\",\"vertical_align\":\"middle\",\"title_position\":\"top-left\",\"title_rotation\":\"left\",\"title_breakpoint\":\"xl\",\"image_position\":\"top-center\",\"image\":\"wp-content\\\/uploads\\\/2022\\\/03\\\/tSEM4C.jpg\",\"header_transparent\":\"light\",\"padding\":\"large\",\"padding_remove_bottom\":true,\"css\":\".uk-container{\\nbackground: rgb(0,0,0);\\nbackground: linear-gradient(0deg, rgba(0,0,0,1) 0%, rgba(0,0,0,0) 53%);\\n    max-width: none;\\n}\",\"class\":\"prima-sezione\",\"image_size\":\"cover\"},\"children\":[{\"type\":\"row\",\"children\":[{\"type\":\"column\",\"props\":{\"image_position\":\"center-center\",\"media_overlay_gradient\":\"\",\"vertical_align\":\"bottom\"},\"children\":[{\"type\":\"headline\",\"props\":{\"title_element\":\"h1\",\"content\":\"<strong>technologies<\\\/strong>\",\"text_align\":\"center\",\"css\":\".el-element{\\n\\tcolor: #fff;\\n    text-shadow: 2px 2px 10px rgba(0,0,0,0.5);\\n}\",\"title_style\":\"heading-small\",\"margin_remove_bottom\":false,\"margin\":\"large\"}},{\"type\":\"button\",\"props\":{\"grid_column_gap\":\"small\",\"grid_row_gap\":\"small\",\"margin\":\"default\",\"text_align\":\"center\",\"css\":\"a{\\n\\tborder-radius: 40px;\\n    width: 60px;\\n    height: 60px;\\n    display: flex;\\n    align-items: center;\\n    border: 2px solid #fff;\\n    justify-content: center;\\n}\\n.el-content{\\n\\tpadding: 0px;\\n}\\nsvg{\\n\\twidth: 40px;\\n    height: 40px;\\n}\\n.el-element{\\n\\tposition: absolute;\\n    bottom: -30px;\\n    left: 50%;\\n    z-index: 99;\\n    transform: translate(-50%);\\n}\",\"class\":\"bottone-freccia\"},\"children\":[{\"type\":\"button_item\",\"props\":{\"button_style\":\"default\",\"icon_align\":\"left\",\"link\":\"#\",\"icon\":\"chevron-down\"}}]}]}]}],\"modified\":\"2021-10-27T07:57:33.371Z\",\"name\":\"top-azienda\"},{\"type\":\"section\",\"props\":{\"style\":\"default\",\"width\":\"default\",\"vertical_align\":\"middle\",\"title_position\":\"top-left\",\"title_rotation\":\"left\",\"title_breakpoint\":\"xl\",\"image_position\":\"center-center\"},\"children\":[{\"type\":\"row\",\"children\":[{\"type\":\"column\",\"props\":{\"image_position\":\"center-center\",\"media_overlay_gradient\":\"\"},\"children\":[{\"type\":\"breadcrumbs\",\"props\":{\"show_home\":true,\"show_current\":true}}]}],\"props\":{\"margin\":\"medium\"}},{\"type\":\"row\",\"children\":[{\"type\":\"column\",\"props\":{\"image_position\":\"center-center\",\"media_overlay_gradient\":\"\"},\"children\":[{\"type\":\"headline\",\"props\":{\"title_element\":\"h2\",\"text_align\":\"center\",\"margin_remove_top\":true,\"content\":\"<span class=\\\"rosso\\\">I<\\\/span>nstallations\\n\"},\"modified\":\"2021-10-27T08:05:54.071Z\",\"name\":\"titoli\"},{\"type\":\"headline\",\"props\":{\"title_element\":\"h3\",\"text_align\":\"center\",\"margin_remove_top\":true,\"content\":\"<span class=\\\"rosso\\\">I<\\\/span>nstallations de <span class=\\\"rosso\\\">P<\\\/span>CC\\n\"},\"modified\":\"2021-10-27T08:05:54.071Z\",\"name\":\"titoli\"}]}]},{\"type\":\"row\",\"props\":{\"layout\":\"1-3,2-3\"},\"children\":[{\"type\":\"column\",\"props\":{\"image_position\":\"center-center\",\"media_overlay_gradient\":\"\",\"width_medium\":\"1-3\"},\"children\":[{\"type\":\"image\",\"props\":{\"margin\":\"default\",\"image_svg_color\":\"emphasis\",\"image\":\"wp-content\\\/uploads\\\/2022\\\/03\\\/impianti-pcc-3.jpg\",\"image_width\":\"600\",\"text_align\":\"left\",\"text_align_breakpoint\":\"m\",\"text_align_fallback\":\"center\"}}]},{\"type\":\"column\",\"props\":{\"image_position\":\"center-center\",\"media_overlay_gradient\":\"\",\"width_medium\":\"2-3\",\"vertical_align\":\"middle\"},\"children\":[{\"type\":\"text\",\"props\":{\"margin\":\"default\",\"column_breakpoint\":\"m\",\"content\":\"\n\n<p>Les premi\\u00e8res productions industrielles de <strong>P.C.C.<\\\/strong> (Carbonate de Calcium Pr\\u00e9cipit\\u00e9) remontent au d\\u00e9but du 18\\u00e8me si\\u00e8cle en Angleterre.<\\\/p>\\n\n\n<p>Ce n\\u2019est qu\\u2019au cours des trente derni\\u00e8res ann\\u00e9es que l\\u2019on a assist\\u00e9 \\u00e0 une large diffusion de la production de cet important d\\u00e9riv\\u00e9 de la chaux \\u00e0 la suite du d\\u00e9veloppement de nouveaux secteurs industriels o\\u00f9 il est largement utilis\\u00e9.<\\\/p>\\n\n\n<p>Dans le processus de micronisation du carbonate (G.C.C.), le seul facteur sur lequel l\\u2019homme peut agir est la taille granulom\\u00e9trique.<\\\/p>\\n\n\n<p>Dans le processus de production du P.C.C. on r\\u00e9ussit \\u00e0 op\\u00e9rer m\\u00eame au niveau de la formation cristallographique du produit.<\\\/p>\\n\n\n<p>Le processus de production du P.C.C. commence par la d\\u00e9carbonatation du calcaire (Caco3) dans un four, d\\u2019o\\u00f9 on obtient de la chaux (CaO) et des fum\\u00e9es (CO2).<\\\/p>\",\"text_align\":\"justify\"}}]}]},{\"type\":\"row\",\"props\":{\"layout\":\"2-3,1-3\"},\"children\":[{\"type\":\"column\",\"props\":{\"image_position\":\"center-center\",\"media_overlay_gradient\":\"\",\"width_medium\":\"2-3\",\"vertical_align\":\"middle\",\"order_first\":\"m\"},\"children\":[{\"type\":\"text\",\"props\":{\"margin\":\"default\",\"column_breakpoint\":\"m\",\"content\":\"\n\n<p>La chaux est ensuite transform\\u00e9e en un slurry d\\u2019hydroxyde de chaux en exc\\u00e8s d\\u2019eau (Ca(OH)2 + nH2O ) par un proc\\u00e9d\\u00e9 exothermique au cours duquel elle est purifi\\u00e9e des impuret\\u00e9s les plus lourdes.<\\\/p>\\n\n\n<p>Le <em>slurry<\\\/em> ainsi produit et purifi\\u00e9 est mis en contact intime avec les fum\\u00e9es riches en CO2 provenant du four, r\\u00e9alisant ainsi la recarbonation qui conduit de nouveau \\u00e0 la formation de CaCO3 qui pourra \\u00eatre utilis\\u00e9 tel quel sous forme de slurry, par exemple dans les usines \\u00e0 papier, ou d\\u00e9shydrat\\u00e9 et s\\u00e9ch\\u00e9 pour obtenir une poudre finement dispers\\u00e9e.<\\\/p>\",\"text_align\":\"justify\"}}]},{\"type\":\"column\",\"props\":{\"image_position\":\"center-center\",\"media_overlay_gradient\":\"\",\"width_medium\":\"1-3\",\"order_first\":\"xs\"},\"children\":[{\"type\":\"image\",\"props\":{\"margin\":\"default\",\"image_svg_color\":\"emphasis\",\"image\":\"wp-content\\\/uploads\\\/2022\\\/03\\\/impianti-pcc-4.jpg\",\"image_width\":\"600\",\"text_align\":\"left\",\"text_align_breakpoint\":\"m\",\"text_align_fallback\":\"center\"}}]}]},{\"type\":\"row\",\"props\":{\"layout\":\"1-3,2-3\"},\"children\":[{\"type\":\"column\",\"props\":{\"image_position\":\"center-center\",\"media_overlay_gradient\":\"\",\"width_medium\":\"1-3\"},\"children\":[{\"type\":\"image\",\"props\":{\"margin\":\"default\",\"image_svg_color\":\"emphasis\",\"image\":\"wp-content\\\/uploads\\\/2022\\\/03\\\/impianti-pcc-5.jpg\",\"text_align\":\"left\",\"text_align_breakpoint\":\"m\",\"text_align_fallback\":\"center\"}}]},{\"type\":\"column\",\"props\":{\"image_position\":\"center-center\",\"media_overlay_gradient\":\"\",\"width_medium\":\"2-3\",\"vertical_align\":\"middle\"},\"children\":[{\"type\":\"text\",\"props\":{\"margin\":\"default\",\"column_breakpoint\":\"m\",\"content\":\"\n\n<p>En agissant sur la combinaison de certaines variables de processus telles que:<\\\/p>\\n\n\n<ul>\\n\n\n<li>d\\u00e9puration fum\\u00e9es\\\/lait de chaux<\\\/li>\\n\n\n<li>r\\u00e9activit\\u00e9 de la chaux<\\\/li>\\n\n\n<li>temp\\u00e9rature d'extinction<\\\/li>\\n\n\n<li>concentration du slurry<\\\/li>\\n\n\n<li>concentration de la CO2<\\\/li>\\n\n\n<li>addition de l'eau du proc\\u00e8s<\\\/li>\\n\n\n<li>ins\\u00e9mination<\\\/li>\\n<\\\/ul>\",\"text_align\":\"justify\"}}]}]},{\"type\":\"row\",\"children\":[{\"type\":\"column\",\"props\":{\"image_position\":\"center-center\",\"media_overlay_gradient\":\"\"},\"children\":[{\"type\":\"text\",\"props\":{\"margin\":\"default\",\"column_breakpoint\":\"m\",\"content\":\"\n\n<p>il est possible de modifier, pendant le processus industriel, les caract\\u00e9ristiques cristallographiques du carbonate de calcium provenant de la carri\\u00e8re, ce qui permet de varier, au-del\\u00e0 de la granulom\\u00e9trie, la surface sp\\u00e9cifique et le degr\\u00e9 de blanc du produit.<\\\/p>\\n\n\n<p><strong class=\\\"rosso\\\">SIC<\\\/strong> apr\\u00e8s des ann\\u00e9es de d\\u00e9veloppement des technologies relatives \\u00e0 la production de la chaux et de ses produits d\\u00e9riv\\u00e9s avec le support technologique de deux sp\\u00e9cialistes du P.C.C. au niveau mondial, a commenc\\u00e9 \\u00e0 s\\u2019occuper d\\u00e8s 1990, de la conception et de la construction d\\u2019installations pour la production de P.C.C.<\\\/p>\"}}]}]},{\"type\":\"row\",\"props\":{\"margin\":\"medium\"},\"children\":[{\"type\":\"column\",\"props\":{\"image_position\":\"center-center\",\"media_overlay_gradient\":\"\"},\"children\":[{\"type\":\"image\",\"props\":{\"margin\":\"default\",\"image_svg_color\":\"emphasis\",\"image\":\"wp-content\\\/uploads\\\/2022\\\/03\\\/Scansione00122025.jpg\",\"text_align\":\"center\",\"image_width\":\"600\",\"link\":\"wp-content\\\/uploads\\\/2022\\\/03\\\/Scansione00122025.jpg\"}}]}]}]}],\"version\":\"2.6.5\"} --><\/p>\n","protected":false},"excerpt":{"rendered":"<p>technologies Installations Installations de PCC Les premi\u00e8res productions industrielles de P.C.C. (Carbonate de Calcium Pr\u00e9cipit\u00e9) remontent au d\u00e9but du 18\u00e8me si\u00e8cle en Angleterre. Ce n\u2019est qu\u2019au cours des trente derni\u00e8res ann\u00e9es que l\u2019on a assist\u00e9 \u00e0 une large diffusion de la production de cet important d\u00e9riv\u00e9 de la chaux \u00e0 la suite du d\u00e9veloppement de [&hellip;]<\/p>\n","protected":false},"author":1,"featured_media":0,"parent":4022,"menu_order":0,"comment_status":"closed","ping_status":"closed","template":"","meta":{"footnotes":""},"class_list":["post-4157","page","type-page","status-publish","hentry"],"yoast_head":"<!-- This site is optimized with the Yoast SEO plugin v26.0 - https:\/\/yoast.com\/wordpress\/plugins\/seo\/ -->\n<title>Installations de PCC - SIC Lime - Societ\u00e0 Impianti Calce S.r.l.<\/title>\n<meta name=\"robots\" content=\"index, follow, max-snippet:-1, max-image-preview:large, max-video-preview:-1\" \/>\n<link rel=\"canonical\" href=\"https:\/\/sic-lime.com\/fr\/technologies\/installations\/installations-de-pcc\/\" \/>\n<meta property=\"og:locale\" content=\"fr_FR\" \/>\n<meta property=\"og:type\" content=\"article\" \/>\n<meta property=\"og:title\" content=\"Installations de PCC - SIC Lime - Societ\u00e0 Impianti Calce S.r.l.\" \/>\n<meta property=\"og:description\" content=\"technologies Installations Installations de PCC Les premi\u00e8res productions industrielles de P.C.C. (Carbonate de Calcium Pr\u00e9cipit\u00e9) remontent au d\u00e9but du 18\u00e8me si\u00e8cle en Angleterre. Ce n\u2019est qu\u2019au cours des trente derni\u00e8res ann\u00e9es que l\u2019on a assist\u00e9 \u00e0 une large diffusion de la production de cet important d\u00e9riv\u00e9 de la chaux \u00e0 la suite du d\u00e9veloppement de [&hellip;]\" \/>\n<meta property=\"og:url\" content=\"https:\/\/sic-lime.com\/fr\/technologies\/installations\/installations-de-pcc\/\" \/>\n<meta property=\"og:site_name\" content=\"SIC Lime - Societ\u00e0 Impianti Calce S.r.l.\" \/>\n<meta property=\"article:publisher\" content=\"https:\/\/www.facebook.com\/SIC-Lime-Plants-and-Machines-Societ-Impianti-Calce-1667391000056560\/\" \/>\n<meta property=\"article:modified_time\" content=\"2022-04-20T11:19:24+00:00\" \/>\n<meta name=\"twitter:card\" content=\"summary_large_image\" \/>\n<meta name=\"twitter:label1\" content=\"Dur\u00e9e de lecture estim\u00e9e\" \/>\n\t<meta name=\"twitter:data1\" content=\"2 minutes\" \/>\n<script type=\"application\/ld+json\" class=\"yoast-schema-graph\">{\"@context\":\"https:\/\/schema.org\",\"@graph\":[{\"@type\":\"WebPage\",\"@id\":\"https:\/\/sic-lime.com\/fr\/technologies\/installations\/installations-de-pcc\/\",\"url\":\"https:\/\/sic-lime.com\/fr\/technologies\/installations\/installations-de-pcc\/\",\"name\":\"Installations de PCC - SIC Lime - Societ\u00e0 Impianti Calce S.r.l.\",\"isPartOf\":{\"@id\":\"https:\/\/sic-lime.com\/fr\/#website\"},\"datePublished\":\"2021-12-28T10:00:12+00:00\",\"dateModified\":\"2022-04-20T11:19:24+00:00\",\"breadcrumb\":{\"@id\":\"https:\/\/sic-lime.com\/fr\/technologies\/installations\/installations-de-pcc\/#breadcrumb\"},\"inLanguage\":\"fr-FR\",\"potentialAction\":[{\"@type\":\"ReadAction\",\"target\":[\"https:\/\/sic-lime.com\/fr\/technologies\/installations\/installations-de-pcc\/\"]}]},{\"@type\":\"BreadcrumbList\",\"@id\":\"https:\/\/sic-lime.com\/fr\/technologies\/installations\/installations-de-pcc\/#breadcrumb\",\"itemListElement\":[{\"@type\":\"ListItem\",\"position\":1,\"name\":\"Home\",\"item\":\"https:\/\/sic-lime.com\/fr\/\"},{\"@type\":\"ListItem\",\"position\":2,\"name\":\"Technologies\",\"item\":\"https:\/\/sic-lime.com\/fr\/technologies\/\"},{\"@type\":\"ListItem\",\"position\":3,\"name\":\"Installations\",\"item\":\"https:\/\/sic-lime.com\/fr\/technologies\/installations\/\"},{\"@type\":\"ListItem\",\"position\":4,\"name\":\"Installations de PCC\"}]},{\"@type\":\"WebSite\",\"@id\":\"https:\/\/sic-lime.com\/fr\/#website\",\"url\":\"https:\/\/sic-lime.com\/fr\/\",\"name\":\"SIC Lime - Societ\u00e0 Impianti Calce S.r.l.\",\"description\":\"\",\"publisher\":{\"@id\":\"https:\/\/sic-lime.com\/fr\/#organization\"},\"potentialAction\":[{\"@type\":\"SearchAction\",\"target\":{\"@type\":\"EntryPoint\",\"urlTemplate\":\"https:\/\/sic-lime.com\/fr\/?s={search_term_string}\"},\"query-input\":{\"@type\":\"PropertyValueSpecification\",\"valueRequired\":true,\"valueName\":\"search_term_string\"}}],\"inLanguage\":\"fr-FR\"},{\"@type\":\"Organization\",\"@id\":\"https:\/\/sic-lime.com\/fr\/#organization\",\"name\":\"SIC - Societ\u00e0 Impianti Calce S.r.l\",\"url\":\"https:\/\/sic-lime.com\/fr\/\",\"logo\":{\"@type\":\"ImageObject\",\"inLanguage\":\"fr-FR\",\"@id\":\"https:\/\/sic-lime.com\/fr\/#\/schema\/logo\/image\/\",\"url\":\"https:\/\/sic-lime.com\/wp-content\/uploads\/2021\/10\/logo-rosso-nero.png\",\"contentUrl\":\"https:\/\/sic-lime.com\/wp-content\/uploads\/2021\/10\/logo-rosso-nero.png\",\"width\":685,\"height\":393,\"caption\":\"SIC - Societ\u00e0 Impianti Calce S.r.l\"},\"image\":{\"@id\":\"https:\/\/sic-lime.com\/fr\/#\/schema\/logo\/image\/\"},\"sameAs\":[\"https:\/\/www.facebook.com\/SIC-Lime-Plants-and-Machines-Societ-Impianti-Calce-1667391000056560\/\",\"https:\/\/www.linkedin.com\/company\/societ-impianti-calce-srl\/\"]}]}<\/script>\n<!-- \/ Yoast SEO plugin. -->","yoast_head_json":{"title":"Installations de PCC - SIC Lime - Societ\u00e0 Impianti Calce S.r.l.","robots":{"index":"index","follow":"follow","max-snippet":"max-snippet:-1","max-image-preview":"max-image-preview:large","max-video-preview":"max-video-preview:-1"},"canonical":"https:\/\/sic-lime.com\/fr\/technologies\/installations\/installations-de-pcc\/","og_locale":"fr_FR","og_type":"article","og_title":"Installations de PCC - SIC Lime - Societ\u00e0 Impianti Calce S.r.l.","og_description":"technologies Installations Installations de PCC Les premi\u00e8res productions industrielles de P.C.C. (Carbonate de Calcium Pr\u00e9cipit\u00e9) remontent au d\u00e9but du 18\u00e8me si\u00e8cle en Angleterre. Ce n\u2019est qu\u2019au cours des trente derni\u00e8res ann\u00e9es que l\u2019on a assist\u00e9 \u00e0 une large diffusion de la production de cet important d\u00e9riv\u00e9 de la chaux \u00e0 la suite du d\u00e9veloppement de [&hellip;]","og_url":"https:\/\/sic-lime.com\/fr\/technologies\/installations\/installations-de-pcc\/","og_site_name":"SIC Lime - Societ\u00e0 Impianti Calce S.r.l.","article_publisher":"https:\/\/www.facebook.com\/SIC-Lime-Plants-and-Machines-Societ-Impianti-Calce-1667391000056560\/","article_modified_time":"2022-04-20T11:19:24+00:00","twitter_card":"summary_large_image","twitter_misc":{"Dur\u00e9e de lecture estim\u00e9e":"2 minutes"},"schema":{"@context":"https:\/\/schema.org","@graph":[{"@type":"WebPage","@id":"https:\/\/sic-lime.com\/fr\/technologies\/installations\/installations-de-pcc\/","url":"https:\/\/sic-lime.com\/fr\/technologies\/installations\/installations-de-pcc\/","name":"Installations de PCC - SIC Lime - Societ\u00e0 Impianti Calce S.r.l.","isPartOf":{"@id":"https:\/\/sic-lime.com\/fr\/#website"},"datePublished":"2021-12-28T10:00:12+00:00","dateModified":"2022-04-20T11:19:24+00:00","breadcrumb":{"@id":"https:\/\/sic-lime.com\/fr\/technologies\/installations\/installations-de-pcc\/#breadcrumb"},"inLanguage":"fr-FR","potentialAction":[{"@type":"ReadAction","target":["https:\/\/sic-lime.com\/fr\/technologies\/installations\/installations-de-pcc\/"]}]},{"@type":"BreadcrumbList","@id":"https:\/\/sic-lime.com\/fr\/technologies\/installations\/installations-de-pcc\/#breadcrumb","itemListElement":[{"@type":"ListItem","position":1,"name":"Home","item":"https:\/\/sic-lime.com\/fr\/"},{"@type":"ListItem","position":2,"name":"Technologies","item":"https:\/\/sic-lime.com\/fr\/technologies\/"},{"@type":"ListItem","position":3,"name":"Installations","item":"https:\/\/sic-lime.com\/fr\/technologies\/installations\/"},{"@type":"ListItem","position":4,"name":"Installations de PCC"}]},{"@type":"WebSite","@id":"https:\/\/sic-lime.com\/fr\/#website","url":"https:\/\/sic-lime.com\/fr\/","name":"SIC Lime - Societ\u00e0 Impianti Calce S.r.l.","description":"","publisher":{"@id":"https:\/\/sic-lime.com\/fr\/#organization"},"potentialAction":[{"@type":"SearchAction","target":{"@type":"EntryPoint","urlTemplate":"https:\/\/sic-lime.com\/fr\/?s={search_term_string}"},"query-input":{"@type":"PropertyValueSpecification","valueRequired":true,"valueName":"search_term_string"}}],"inLanguage":"fr-FR"},{"@type":"Organization","@id":"https:\/\/sic-lime.com\/fr\/#organization","name":"SIC - Societ\u00e0 Impianti Calce S.r.l","url":"https:\/\/sic-lime.com\/fr\/","logo":{"@type":"ImageObject","inLanguage":"fr-FR","@id":"https:\/\/sic-lime.com\/fr\/#\/schema\/logo\/image\/","url":"https:\/\/sic-lime.com\/wp-content\/uploads\/2021\/10\/logo-rosso-nero.png","contentUrl":"https:\/\/sic-lime.com\/wp-content\/uploads\/2021\/10\/logo-rosso-nero.png","width":685,"height":393,"caption":"SIC - Societ\u00e0 Impianti Calce S.r.l"},"image":{"@id":"https:\/\/sic-lime.com\/fr\/#\/schema\/logo\/image\/"},"sameAs":["https:\/\/www.facebook.com\/SIC-Lime-Plants-and-Machines-Societ-Impianti-Calce-1667391000056560\/","https:\/\/www.linkedin.com\/company\/societ-impianti-calce-srl\/"]}]}},"_links":{"self":[{"href":"https:\/\/sic-lime.com\/fr\/wp-json\/wp\/v2\/pages\/4157","targetHints":{"allow":["GET"]}}],"collection":[{"href":"https:\/\/sic-lime.com\/fr\/wp-json\/wp\/v2\/pages"}],"about":[{"href":"https:\/\/sic-lime.com\/fr\/wp-json\/wp\/v2\/types\/page"}],"author":[{"embeddable":true,"href":"https:\/\/sic-lime.com\/fr\/wp-json\/wp\/v2\/users\/1"}],"replies":[{"embeddable":true,"href":"https:\/\/sic-lime.com\/fr\/wp-json\/wp\/v2\/comments?post=4157"}],"version-history":[{"count":0,"href":"https:\/\/sic-lime.com\/fr\/wp-json\/wp\/v2\/pages\/4157\/revisions"}],"up":[{"embeddable":true,"href":"https:\/\/sic-lime.com\/fr\/wp-json\/wp\/v2\/pages\/4022"}],"wp:attachment":[{"href":"https:\/\/sic-lime.com\/fr\/wp-json\/wp\/v2\/media?parent=4157"}],"curies":[{"name":"wp","href":"https:\/\/api.w.org\/{rel}","templated":true}]}}