{"id":4105,"date":"2021-12-28T10:00:12","date_gmt":"2021-12-28T08:00:12","guid":{"rendered":"https:\/\/sic-lime.com\/technologies\/installations\/impianti-grassello-malte-umide\/"},"modified":"2022-04-14T11:13:52","modified_gmt":"2022-04-14T11:13:52","slug":"impianti-grassello-malte-umide","status":"publish","type":"page","link":"https:\/\/sic-lime.com\/fr\/technologies\/installations\/impianti-grassello-malte-umide\/","title":{"rendered":"Installations P\u00e2te de chaux et Mortiers Humides"},"content":{"rendered":"<h1><strong>technologies<\/strong><\/h1>\n<p>\n    <a href=\"#\"><\/a>\n<\/p>\n<h2><span class=\"rosso\">I<\/span>nstallations<\/h2>\n<h3><span class=\"rosso\">I<\/span>nstallations <span class=\"rosso\">P<\/span>\u00e2te de <span class=\"rosso\">C<\/span>haux et <span class=\"rosso\">M<\/span>ortiers <span class=\"rosso\">H<\/span>umides<\/p>\n<\/h3>\n<p><img decoding=\"async\" src=\"\/wp-content\/uploads\/2022\/03\/Pastry-2.jpg\" alt=\"\"><\/p>\n<div>\n<p>L\u2019affirmation des technologies \u00ab\u00a0bio\u00a0\u00bb dans les constructions et la n\u00e9cessit\u00e9 d\u2019effectuer la restauration d\u2019oeuvres antiques artisanales dans le respect des m\u00e9thodologies constructives originales, ont conduit \u00e0 la red\u00e9couverte des mat\u00e9riaux traditionnels de construction.<\/p>\n<p>Mat\u00e9riaux, depuis toujours utilis\u00e9s par l\u2019homme pour la r\u00e9alisation des maisons car compatibles avec les n\u00e9cessit\u00e9s d\u2019une vie saine et qui privil\u00e9gient l\u2019aspect fonctionnel \u00e0 l\u2019aspect purement d\u00e9coratif et esth\u00e9tique.<\/p>\n<\/div>\n<div>\n<p><strong class=\"rosso\">SIC<\/strong> ne pouvait pas non \u00eatre pr\u00e9sent et leader, dans ce secteur, avec ses installations d\u00e9velopp\u00e9es en plus d\u2019un si\u00e8cle et demi d\u2019histoire et aujourd\u2019hui repropos\u00e9es \u00e0 ses clients selon les technologies les plus avanc\u00e9es mais en m\u00eame temps dans le plein respect des traditions.<\/p>\n<p>Installations pour la production de:<\/p>\n<ul>\n<li>P\u00e2te de chaux<\/li>\n<li>Mortiers humides<\/li>\n<li>Mortiers humides color\u00e9s<\/li>\n<li>Peintures \u00e0 base de chaux<\/li>\n<li>Stucs v\u00e9nitiens<\/li>\n<\/ul>\n<\/div>\n<p><img decoding=\"async\" src=\"\/wp-content\/uploads\/2022\/03\/4111757385_34bb137f011.jpg\" alt=\"\"><br \/>\n<img decoding=\"async\" src=\"\/wp-content\/uploads\/2022\/03\/2004_0729Image0004.jpg\" alt=\"\"><br \/>\n<video src=\"\/wp-content\/uploads\/2022\/03\/MOL-G8806.mp4\" poster=\"\/wp-content\/uploads\/2022\/03\/grassello.png\"><\/video><br \/>\n<img decoding=\"async\" src=\"\/wp-content\/uploads\/2022\/03\/2004_0729Image0006-1.jpg\" alt=\"\"><br \/>\n<a href=\"\/wp-content\/uploads\/2022\/03\/grassello-1-scaled.jpg\"><img decoding=\"async\" src=\"\/wp-content\/uploads\/2022\/03\/grassello-1-scaled.jpg\" alt=\"\"><\/a><\/p>\n<p><!--more--><br \/>\n<!-- {\"name\":\"impianti idratazione\",\"type\":\"layout\",\"children\":[{\"type\":\"section\",\"props\":{\"style\":\"default\",\"width\":\"default\",\"vertical_align\":\"middle\",\"title_position\":\"top-left\",\"title_rotation\":\"left\",\"title_breakpoint\":\"xl\",\"image_position\":\"center-center\",\"image\":\"wp-content\\\/uploads\\\/2022\\\/03\\\/2004_0729Image0006.jpg\",\"header_transparent\":\"light\",\"padding\":\"large\",\"padding_remove_bottom\":true,\"css\":\".uk-container{\\nbackground: rgb(0,0,0);\\nbackground: linear-gradient(0deg, rgba(0,0,0,1) 0%, rgba(0,0,0,0) 53%);\\n    max-width: none;\\n}\",\"class\":\"prima-sezione\",\"image_size\":\"cover\",\"media_overlay\":\"rgba(0, 0, 0, 0.17)\"},\"children\":[{\"type\":\"row\",\"children\":[{\"type\":\"column\",\"props\":{\"image_position\":\"center-center\",\"media_overlay_gradient\":\"\",\"vertical_align\":\"bottom\"},\"children\":[{\"type\":\"headline\",\"props\":{\"title_element\":\"h1\",\"content\":\"<strong>technologies<\\\/strong>\",\"text_align\":\"center\",\"css\":\".el-element{\\n\\tcolor: #fff;\\n    text-shadow: 2px 2px 10px rgba(0,0,0,0.5);\\n}\",\"title_style\":\"heading-small\",\"margin_remove_bottom\":false,\"margin\":\"large\"}},{\"type\":\"button\",\"props\":{\"grid_column_gap\":\"small\",\"grid_row_gap\":\"small\",\"margin\":\"default\",\"text_align\":\"center\",\"css\":\"a{\\n\\tborder-radius: 40px;\\n    width: 60px;\\n    height: 60px;\\n    display: flex;\\n    align-items: center;\\n    border: 2px solid #fff;\\n    justify-content: center;\\n}\\n.el-content{\\n\\tpadding: 0px;\\n}\\nsvg{\\n\\twidth: 40px;\\n    height: 40px;\\n}\\n.el-element{\\n\\tposition: absolute;\\n    bottom: -30px;\\n    left: 50%;\\n    z-index: 99;\\n    transform: translate(-50%);\\n}\",\"class\":\"bottone-freccia\"},\"children\":[{\"type\":\"button_item\",\"props\":{\"button_style\":\"default\",\"icon_align\":\"left\",\"link\":\"#\",\"icon\":\"chevron-down\"}}]}]}]}],\"modified\":\"2021-10-27T07:57:33.371Z\",\"name\":\"top-azienda\"},{\"type\":\"section\",\"props\":{\"style\":\"default\",\"width\":\"default\",\"vertical_align\":\"middle\",\"title_position\":\"top-left\",\"title_rotation\":\"left\",\"title_breakpoint\":\"xl\",\"image_position\":\"center-center\"},\"children\":[{\"type\":\"row\",\"children\":[{\"type\":\"column\",\"props\":{\"image_position\":\"center-center\",\"media_overlay_gradient\":\"\"},\"children\":[{\"type\":\"breadcrumbs\",\"props\":{\"show_home\":true,\"show_current\":true}}]}],\"props\":{\"margin\":\"medium\"}},{\"type\":\"row\",\"children\":[{\"type\":\"column\",\"props\":{\"image_position\":\"center-center\",\"media_overlay_gradient\":\"\"},\"children\":[{\"type\":\"headline\",\"props\":{\"title_element\":\"h2\",\"text_align\":\"center\",\"margin_remove_top\":true,\"content\":\"<span class=\\\"rosso\\\">I<\\\/span>nstallations\"},\"modified\":\"2021-10-27T08:05:54.071Z\",\"name\":\"titoli\"},{\"type\":\"headline\",\"props\":{\"title_element\":\"h3\",\"text_align\":\"center\",\"margin_remove_top\":true,\"content\":\"<span class=\\\"rosso\\\">I<\\\/span>nstallations <span class=\\\"rosso\\\">P<\\\/span>\\u00e2te de <span class=\\\"rosso\\\">C<\\\/span>haux et <span class=\\\"rosso\\\">M<\\\/span>ortiers <span class=\\\"rosso\\\">H<\\\/span>umides\\n\\n\\n\\n\\n\"},\"modified\":\"2021-10-27T08:05:54.071Z\",\"name\":\"titoli\"}]}]},{\"type\":\"row\",\"props\":{\"layout\":\"1-3,2-3\",\"margin\":\"medium\"},\"children\":[{\"type\":\"column\",\"props\":{\"image_position\":\"center-center\",\"media_overlay_gradient\":\"\",\"width_medium\":\"1-3\"},\"children\":[{\"type\":\"image\",\"props\":{\"margin\":\"default\",\"image_svg_color\":\"emphasis\",\"image\":\"wp-content\\\/uploads\\\/2022\\\/03\\\/Pastry-2.jpg\",\"text_align\":\"left\",\"text_align_breakpoint\":\"m\",\"text_align_fallback\":\"center\"}}]},{\"type\":\"column\",\"props\":{\"image_position\":\"center-center\",\"media_overlay_gradient\":\"\",\"width_medium\":\"2-3\",\"vertical_align\":\"middle\"},\"children\":[{\"type\":\"text\",\"props\":{\"margin\":\"default\",\"column_breakpoint\":\"m\",\"content\":\"\n\n<p>L\\u2019affirmation des technologies \\\"bio\\\" dans les constructions et la n\\u00e9cessit\\u00e9 d\\u2019effectuer la restauration d\\u2019oeuvres antiques artisanales dans le respect des m\\u00e9thodologies constructives originales, ont conduit \\u00e0 la red\\u00e9couverte des mat\\u00e9riaux traditionnels de construction.<\\\/p>\\n\n\n<p>Mat\\u00e9riaux, depuis toujours utilis\\u00e9s par l\\u2019homme pour la r\\u00e9alisation des maisons car compatibles avec les n\\u00e9cessit\\u00e9s d\\u2019une vie saine et qui privil\\u00e9gient l\\u2019aspect fonctionnel \\u00e0 l\\u2019aspect purement d\\u00e9coratif et esth\\u00e9tique.<\\\/p>\",\"text_align\":\"justify\"}}]}]},{\"type\":\"row\",\"props\":{\"layout\":\"2-3,1-3\"},\"children\":[{\"type\":\"column\",\"props\":{\"image_position\":\"center-center\",\"media_overlay_gradient\":\"\",\"width_medium\":\"2-3\",\"vertical_align\":\"middle\",\"order_first\":\"m\"},\"children\":[{\"type\":\"text\",\"props\":{\"margin\":\"default\",\"column_breakpoint\":\"m\",\"content\":\"\n\n<p><strong class=\\\"rosso\\\">SIC<\\\/strong> ne pouvait pas non \\u00eatre pr\\u00e9sent et leader, dans ce secteur, avec ses installations d\\u00e9velopp\\u00e9es en plus d\\u2019un si\\u00e8cle et demi d\\u2019histoire et aujourd\\u2019hui repropos\\u00e9es \\u00e0 ses clients selon les technologies les plus avanc\\u00e9es mais en m\\u00eame temps dans le plein respect des traditions.<\\\/p>\\n\n\n<p>Installations pour la production de:<\\\/p>\\n\n\n<ul>\\n\n\n<li>P\\u00e2te de chaux<\\\/li>\\n\n\n<li>Mortiers humides<\\\/li>\\n\n\n<li>Mortiers humides color\\u00e9s<\\\/li>\\n\n\n<li>Peintures \\u00e0 base de chaux<\\\/li>\\n\n\n<li>Stucs v\\u00e9nitiens<\\\/li>\\n<\\\/ul>\",\"text_align\":\"justify\"}}]},{\"type\":\"column\",\"props\":{\"image_position\":\"center-center\",\"media_overlay_gradient\":\"\",\"width_medium\":\"1-3\",\"order_first\":\"xs\"},\"children\":[{\"type\":\"image\",\"props\":{\"margin\":\"default\",\"image_svg_color\":\"emphasis\",\"image\":\"wp-content\\\/uploads\\\/2022\\\/03\\\/4111757385_34bb137f011.jpg\",\"text_align\":\"left\",\"text_align_breakpoint\":\"m\",\"text_align_fallback\":\"center\"}}]}]},{\"type\":\"row\",\"props\":{\"layout\":\"1-3,1-3,1-3\"},\"children\":[{\"type\":\"column\",\"props\":{\"image_position\":\"center-center\",\"media_overlay_gradient\":\"\",\"width_medium\":\"1-3\"},\"children\":[{\"type\":\"image\",\"props\":{\"margin\":\"default\",\"image_svg_color\":\"emphasis\",\"image\":\"wp-content\\\/uploads\\\/2022\\\/03\\\/2004_0729Image0004.jpg\",\"text_align\":\"left\",\"text_align_breakpoint\":\"m\",\"text_align_fallback\":\"center\"}}]},{\"type\":\"column\",\"props\":{\"image_position\":\"center-center\",\"media_overlay_gradient\":\"\",\"width_medium\":\"1-3\"},\"children\":[{\"type\":\"video\",\"props\":{\"video_controls\":true,\"margin\":\"default\",\"text_align\":\"center\",\"video\":\"wp-content\\\/uploads\\\/2022\\\/03\\\/MOL-G8806.mp4\",\"video_poster\":\"wp-content\\\/uploads\\\/2022\\\/03\\\/grassello.png\"}}]},{\"type\":\"column\",\"props\":{\"image_position\":\"center-center\",\"media_overlay_gradient\":\"\",\"width_medium\":\"1-3\"},\"children\":[{\"type\":\"image\",\"props\":{\"margin\":\"default\",\"image_svg_color\":\"emphasis\",\"image\":\"wp-content\\\/uploads\\\/2022\\\/03\\\/2004_0729Image0006-1.jpg\",\"text_align\":\"left\",\"text_align_breakpoint\":\"m\",\"text_align_fallback\":\"center\"}}]}]},{\"type\":\"row\",\"children\":[{\"type\":\"column\",\"props\":{\"image_position\":\"center-center\",\"media_overlay_gradient\":\"\"},\"children\":[{\"type\":\"image\",\"props\":{\"margin\":\"default\",\"image_svg_color\":\"emphasis\",\"image\":\"wp-content\\\/uploads\\\/2022\\\/03\\\/grassello-1-scaled.jpg\",\"text_align\":\"left\",\"text_align_breakpoint\":\"m\",\"text_align_fallback\":\"center\",\"link\":\"wp-content\\\/uploads\\\/2022\\\/03\\\/grassello-1-scaled.jpg\"}}]}]}]}],\"version\":\"2.6.5\"} --><\/p>\n","protected":false},"excerpt":{"rendered":"<p>technologies Installations Installations P\u00e2te de Chaux et Mortiers Humides L\u2019affirmation des technologies \u00ab\u00a0bio\u00a0\u00bb dans les constructions et la n\u00e9cessit\u00e9 d\u2019effectuer la restauration d\u2019oeuvres antiques artisanales dans le respect des m\u00e9thodologies constructives originales, ont conduit \u00e0 la red\u00e9couverte des mat\u00e9riaux traditionnels de construction. Mat\u00e9riaux, depuis toujours utilis\u00e9s par l\u2019homme pour la r\u00e9alisation des maisons car compatibles [&hellip;]<\/p>\n","protected":false},"author":1,"featured_media":0,"parent":4022,"menu_order":0,"comment_status":"closed","ping_status":"closed","template":"","meta":{"footnotes":""},"class_list":["post-4105","page","type-page","status-publish","hentry"],"yoast_head":"<!-- This site is optimized with the Yoast SEO plugin v26.0 - https:\/\/yoast.com\/wordpress\/plugins\/seo\/ -->\n<title>Installations P\u00e2te de chaux et Mortiers Humides - SIC Lime - Societ\u00e0 Impianti Calce S.r.l.<\/title>\n<meta name=\"robots\" content=\"index, follow, max-snippet:-1, max-image-preview:large, max-video-preview:-1\" \/>\n<link rel=\"canonical\" href=\"https:\/\/sic-lime.com\/fr\/technologies\/installations\/impianti-grassello-malte-umide\/\" \/>\n<meta property=\"og:locale\" content=\"fr_FR\" \/>\n<meta property=\"og:type\" content=\"article\" \/>\n<meta property=\"og:title\" content=\"Installations P\u00e2te de chaux et Mortiers Humides - SIC Lime - Societ\u00e0 Impianti Calce S.r.l.\" \/>\n<meta property=\"og:description\" content=\"technologies Installations Installations P\u00e2te de Chaux et Mortiers Humides L\u2019affirmation des technologies \u00ab\u00a0bio\u00a0\u00bb dans les constructions et la n\u00e9cessit\u00e9 d\u2019effectuer la restauration d\u2019oeuvres antiques artisanales dans le respect des m\u00e9thodologies constructives originales, ont conduit \u00e0 la red\u00e9couverte des mat\u00e9riaux traditionnels de construction. Mat\u00e9riaux, depuis toujours utilis\u00e9s par l\u2019homme pour la r\u00e9alisation des maisons car compatibles [&hellip;]\" \/>\n<meta property=\"og:url\" content=\"https:\/\/sic-lime.com\/fr\/technologies\/installations\/impianti-grassello-malte-umide\/\" \/>\n<meta property=\"og:site_name\" content=\"SIC Lime - Societ\u00e0 Impianti Calce S.r.l.\" \/>\n<meta property=\"article:publisher\" content=\"https:\/\/www.facebook.com\/SIC-Lime-Plants-and-Machines-Societ-Impianti-Calce-1667391000056560\/\" \/>\n<meta property=\"article:modified_time\" content=\"2022-04-14T11:13:52+00:00\" \/>\n<meta name=\"twitter:card\" content=\"summary_large_image\" \/>\n<meta name=\"twitter:label1\" content=\"Dur\u00e9e de lecture estim\u00e9e\" \/>\n\t<meta name=\"twitter:data1\" content=\"1 minute\" \/>\n<script type=\"application\/ld+json\" class=\"yoast-schema-graph\">{\"@context\":\"https:\/\/schema.org\",\"@graph\":[{\"@type\":\"WebPage\",\"@id\":\"https:\/\/sic-lime.com\/fr\/technologies\/installations\/impianti-grassello-malte-umide\/\",\"url\":\"https:\/\/sic-lime.com\/fr\/technologies\/installations\/impianti-grassello-malte-umide\/\",\"name\":\"Installations P\u00e2te de chaux et Mortiers Humides - SIC Lime - Societ\u00e0 Impianti Calce S.r.l.\",\"isPartOf\":{\"@id\":\"https:\/\/sic-lime.com\/fr\/#website\"},\"datePublished\":\"2021-12-28T08:00:12+00:00\",\"dateModified\":\"2022-04-14T11:13:52+00:00\",\"breadcrumb\":{\"@id\":\"https:\/\/sic-lime.com\/fr\/technologies\/installations\/impianti-grassello-malte-umide\/#breadcrumb\"},\"inLanguage\":\"fr-FR\",\"potentialAction\":[{\"@type\":\"ReadAction\",\"target\":[\"https:\/\/sic-lime.com\/fr\/technologies\/installations\/impianti-grassello-malte-umide\/\"]}]},{\"@type\":\"BreadcrumbList\",\"@id\":\"https:\/\/sic-lime.com\/fr\/technologies\/installations\/impianti-grassello-malte-umide\/#breadcrumb\",\"itemListElement\":[{\"@type\":\"ListItem\",\"position\":1,\"name\":\"Home\",\"item\":\"https:\/\/sic-lime.com\/fr\/\"},{\"@type\":\"ListItem\",\"position\":2,\"name\":\"Technologies\",\"item\":\"https:\/\/sic-lime.com\/fr\/technologies\/\"},{\"@type\":\"ListItem\",\"position\":3,\"name\":\"Installations\",\"item\":\"https:\/\/sic-lime.com\/fr\/technologies\/installations\/\"},{\"@type\":\"ListItem\",\"position\":4,\"name\":\"Installations P\u00e2te de chaux et Mortiers Humides\"}]},{\"@type\":\"WebSite\",\"@id\":\"https:\/\/sic-lime.com\/fr\/#website\",\"url\":\"https:\/\/sic-lime.com\/fr\/\",\"name\":\"SIC Lime - Societ\u00e0 Impianti Calce S.r.l.\",\"description\":\"\",\"publisher\":{\"@id\":\"https:\/\/sic-lime.com\/fr\/#organization\"},\"potentialAction\":[{\"@type\":\"SearchAction\",\"target\":{\"@type\":\"EntryPoint\",\"urlTemplate\":\"https:\/\/sic-lime.com\/fr\/?s={search_term_string}\"},\"query-input\":{\"@type\":\"PropertyValueSpecification\",\"valueRequired\":true,\"valueName\":\"search_term_string\"}}],\"inLanguage\":\"fr-FR\"},{\"@type\":\"Organization\",\"@id\":\"https:\/\/sic-lime.com\/fr\/#organization\",\"name\":\"SIC - Societ\u00e0 Impianti Calce S.r.l\",\"url\":\"https:\/\/sic-lime.com\/fr\/\",\"logo\":{\"@type\":\"ImageObject\",\"inLanguage\":\"fr-FR\",\"@id\":\"https:\/\/sic-lime.com\/fr\/#\/schema\/logo\/image\/\",\"url\":\"https:\/\/sic-lime.com\/wp-content\/uploads\/2021\/10\/logo-rosso-nero.png\",\"contentUrl\":\"https:\/\/sic-lime.com\/wp-content\/uploads\/2021\/10\/logo-rosso-nero.png\",\"width\":685,\"height\":393,\"caption\":\"SIC - Societ\u00e0 Impianti Calce S.r.l\"},\"image\":{\"@id\":\"https:\/\/sic-lime.com\/fr\/#\/schema\/logo\/image\/\"},\"sameAs\":[\"https:\/\/www.facebook.com\/SIC-Lime-Plants-and-Machines-Societ-Impianti-Calce-1667391000056560\/\",\"https:\/\/www.linkedin.com\/company\/societ-impianti-calce-srl\/\"]}]}<\/script>\n<!-- \/ Yoast SEO plugin. -->","yoast_head_json":{"title":"Installations P\u00e2te de chaux et Mortiers Humides - SIC Lime - Societ\u00e0 Impianti Calce S.r.l.","robots":{"index":"index","follow":"follow","max-snippet":"max-snippet:-1","max-image-preview":"max-image-preview:large","max-video-preview":"max-video-preview:-1"},"canonical":"https:\/\/sic-lime.com\/fr\/technologies\/installations\/impianti-grassello-malte-umide\/","og_locale":"fr_FR","og_type":"article","og_title":"Installations P\u00e2te de chaux et Mortiers Humides - SIC Lime - Societ\u00e0 Impianti Calce S.r.l.","og_description":"technologies Installations Installations P\u00e2te de Chaux et Mortiers Humides L\u2019affirmation des technologies \u00ab\u00a0bio\u00a0\u00bb dans les constructions et la n\u00e9cessit\u00e9 d\u2019effectuer la restauration d\u2019oeuvres antiques artisanales dans le respect des m\u00e9thodologies constructives originales, ont conduit \u00e0 la red\u00e9couverte des mat\u00e9riaux traditionnels de construction. Mat\u00e9riaux, depuis toujours utilis\u00e9s par l\u2019homme pour la r\u00e9alisation des maisons car compatibles [&hellip;]","og_url":"https:\/\/sic-lime.com\/fr\/technologies\/installations\/impianti-grassello-malte-umide\/","og_site_name":"SIC Lime - Societ\u00e0 Impianti Calce S.r.l.","article_publisher":"https:\/\/www.facebook.com\/SIC-Lime-Plants-and-Machines-Societ-Impianti-Calce-1667391000056560\/","article_modified_time":"2022-04-14T11:13:52+00:00","twitter_card":"summary_large_image","twitter_misc":{"Dur\u00e9e de lecture estim\u00e9e":"1 minute"},"schema":{"@context":"https:\/\/schema.org","@graph":[{"@type":"WebPage","@id":"https:\/\/sic-lime.com\/fr\/technologies\/installations\/impianti-grassello-malte-umide\/","url":"https:\/\/sic-lime.com\/fr\/technologies\/installations\/impianti-grassello-malte-umide\/","name":"Installations P\u00e2te de chaux et Mortiers Humides - SIC Lime - Societ\u00e0 Impianti Calce S.r.l.","isPartOf":{"@id":"https:\/\/sic-lime.com\/fr\/#website"},"datePublished":"2021-12-28T08:00:12+00:00","dateModified":"2022-04-14T11:13:52+00:00","breadcrumb":{"@id":"https:\/\/sic-lime.com\/fr\/technologies\/installations\/impianti-grassello-malte-umide\/#breadcrumb"},"inLanguage":"fr-FR","potentialAction":[{"@type":"ReadAction","target":["https:\/\/sic-lime.com\/fr\/technologies\/installations\/impianti-grassello-malte-umide\/"]}]},{"@type":"BreadcrumbList","@id":"https:\/\/sic-lime.com\/fr\/technologies\/installations\/impianti-grassello-malte-umide\/#breadcrumb","itemListElement":[{"@type":"ListItem","position":1,"name":"Home","item":"https:\/\/sic-lime.com\/fr\/"},{"@type":"ListItem","position":2,"name":"Technologies","item":"https:\/\/sic-lime.com\/fr\/technologies\/"},{"@type":"ListItem","position":3,"name":"Installations","item":"https:\/\/sic-lime.com\/fr\/technologies\/installations\/"},{"@type":"ListItem","position":4,"name":"Installations P\u00e2te de chaux et Mortiers Humides"}]},{"@type":"WebSite","@id":"https:\/\/sic-lime.com\/fr\/#website","url":"https:\/\/sic-lime.com\/fr\/","name":"SIC Lime - Societ\u00e0 Impianti Calce S.r.l.","description":"","publisher":{"@id":"https:\/\/sic-lime.com\/fr\/#organization"},"potentialAction":[{"@type":"SearchAction","target":{"@type":"EntryPoint","urlTemplate":"https:\/\/sic-lime.com\/fr\/?s={search_term_string}"},"query-input":{"@type":"PropertyValueSpecification","valueRequired":true,"valueName":"search_term_string"}}],"inLanguage":"fr-FR"},{"@type":"Organization","@id":"https:\/\/sic-lime.com\/fr\/#organization","name":"SIC - Societ\u00e0 Impianti Calce S.r.l","url":"https:\/\/sic-lime.com\/fr\/","logo":{"@type":"ImageObject","inLanguage":"fr-FR","@id":"https:\/\/sic-lime.com\/fr\/#\/schema\/logo\/image\/","url":"https:\/\/sic-lime.com\/wp-content\/uploads\/2021\/10\/logo-rosso-nero.png","contentUrl":"https:\/\/sic-lime.com\/wp-content\/uploads\/2021\/10\/logo-rosso-nero.png","width":685,"height":393,"caption":"SIC - Societ\u00e0 Impianti Calce S.r.l"},"image":{"@id":"https:\/\/sic-lime.com\/fr\/#\/schema\/logo\/image\/"},"sameAs":["https:\/\/www.facebook.com\/SIC-Lime-Plants-and-Machines-Societ-Impianti-Calce-1667391000056560\/","https:\/\/www.linkedin.com\/company\/societ-impianti-calce-srl\/"]}]}},"_links":{"self":[{"href":"https:\/\/sic-lime.com\/fr\/wp-json\/wp\/v2\/pages\/4105","targetHints":{"allow":["GET"]}}],"collection":[{"href":"https:\/\/sic-lime.com\/fr\/wp-json\/wp\/v2\/pages"}],"about":[{"href":"https:\/\/sic-lime.com\/fr\/wp-json\/wp\/v2\/types\/page"}],"author":[{"embeddable":true,"href":"https:\/\/sic-lime.com\/fr\/wp-json\/wp\/v2\/users\/1"}],"replies":[{"embeddable":true,"href":"https:\/\/sic-lime.com\/fr\/wp-json\/wp\/v2\/comments?post=4105"}],"version-history":[{"count":0,"href":"https:\/\/sic-lime.com\/fr\/wp-json\/wp\/v2\/pages\/4105\/revisions"}],"up":[{"embeddable":true,"href":"https:\/\/sic-lime.com\/fr\/wp-json\/wp\/v2\/pages\/4022"}],"wp:attachment":[{"href":"https:\/\/sic-lime.com\/fr\/wp-json\/wp\/v2\/media?parent=4105"}],"curies":[{"name":"wp","href":"https:\/\/api.w.org\/{rel}","templated":true}]}}