{"id":4085,"date":"2021-12-28T10:00:12","date_gmt":"2021-12-28T10:00:12","guid":{"rendered":"https:\/\/sic-lime.com\/technologies\/installations\/impianti-latte-di-calce\/"},"modified":"2022-04-14T11:05:52","modified_gmt":"2022-04-14T11:05:52","slug":"installations-lait-de-chaux","status":"publish","type":"page","link":"https:\/\/sic-lime.com\/fr\/technologies\/installations\/installations-lait-de-chaux\/","title":{"rendered":"Installations lait de chaux"},"content":{"rendered":"<h1><strong>tecnologie<\/strong><\/h1>\n<p>\n    <a href=\"#\"><\/a>\n<\/p>\n<h2><span class=\"rosso\">I<\/span>nstallations<\/h2>\n<h3><span class=\"rosso\">I<\/span>nstallations <span class=\"rosso\">L<\/span>ait de <span class=\"rosso\">C<\/span>haux<\/h3>\n<p><img decoding=\"async\" src=\"\/wp-content\/uploads\/2022\/03\/CIMG8765.jpg\" alt=\"\"><\/p>\n<div>\n<p>Installations pour la production de <strong>lait<\/strong> de <strong>chaux<\/strong> avec des valeurs de densit\u00e9, de granulom\u00e9trie, de temp\u00e9rature et de puret\u00e9 contr\u00f4l\u00e9es, afin de satisfaire aux exigences les plus strictes impos\u00e9es par les installations chimiques utilisatrices.<\/p>\n<p>Extincteurs de chaux continu, avec crible de premi\u00e8re s\u00e9lection pour l\u2019\u00e9limination des plus grandes parties d\u2019uncuits contenues dans la chaux utilis\u00e9e en prot\u00e9geant les machines en aval.<\/p>\n<\/div>\n<div>\n<p>Purification du lait de chaux produit avec des tamis vibrants et des batteries d\u2019hydrocyclones pour la r\u00e9duction des mat\u00e9riaux en suspension jusqu\u2019\u00e0 des valeurs inf\u00e9rieures \u00e0 50 microns.<\/p>\n<p>R\u00e9cup\u00e9rateurs de sable pour l\u2019am\u00e9lioration du rendement de l\u2019installation et la r\u00e9duction de la teneur en chaux du mat\u00e9riel rejet\u00e9.<\/p>\n<\/div>\n<p><img decoding=\"async\" src=\"\/wp-content\/uploads\/2022\/03\/26A_0028.jpg\" alt=\"\"><br \/>\n<img decoding=\"async\" src=\"\/wp-content\/uploads\/2022\/03\/14032009215.jpg\" alt=\"\"><\/p>\n<div>\n<p>Abattage des poussi\u00e8res transport\u00e9es par la vapeur produite par l\u2019extincteur de chaux au moyen d\u2019\u00e9purateurs dynamiques par voie humide.<\/p>\n<p>Addition d\u2019eau de r\u00e9action pour l\u2019augmentation de la surface sp\u00e9cifique de l\u2019hydroxyde.<\/p>\n<p>Production des extincteurs de chaux comprise entre 0,5 T. Cao\/h et 15 T. Cao\/h \u00e0 volume constant et avec des concentrations de lait de chaux produites de 10 B\u00e8 \u00e0 20\u00b0 jusqu\u2019\u00e0 27 B\u00e8 \u00e0 20\u00b0.<\/p>\n<\/div>\n<p><video src=\"\/wp-content\/uploads\/2022\/03\/Video-latte-di-calce-impianto-modulare.mp4\" poster=\"\/wp-content\/uploads\/2022\/03\/Modulo-latte-di-calce-.jpg\"><\/video><br \/>\n<video src=\"\/wp-content\/uploads\/2022\/03\/CIMG8805-def.mp4\" poster=\"\/wp-content\/uploads\/2022\/03\/MOL-G8802.jpg\"><\/video><\/p>\n<p><!--more--><br \/>\n<!-- {\"name\":\"impianti idratazione\",\"type\":\"layout\",\"children\":[{\"type\":\"section\",\"props\":{\"style\":\"default\",\"width\":\"default\",\"vertical_align\":\"middle\",\"title_position\":\"top-left\",\"title_rotation\":\"left\",\"title_breakpoint\":\"xl\",\"image_position\":\"center-center\",\"image\":\"wp-content\\\/uploads\\\/2022\\\/03\\\/top-latte-calce.jpg\",\"header_transparent\":\"light\",\"padding\":\"large\",\"padding_remove_bottom\":true,\"css\":\".uk-container{\\nbackground: rgb(0,0,0);\\nbackground: linear-gradient(0deg, rgba(0,0,0,1) 0%, rgba(0,0,0,0) 53%);\\n    max-width: none;\\n}\",\"class\":\"prima-sezione\",\"media_overlay\":\"rgba(0, 0, 0, 0.24)\",\"image_size\":\"cover\"},\"children\":[{\"type\":\"row\",\"children\":[{\"type\":\"column\",\"props\":{\"image_position\":\"center-center\",\"media_overlay_gradient\":\"\",\"vertical_align\":\"bottom\"},\"children\":[{\"type\":\"headline\",\"props\":{\"title_element\":\"h1\",\"content\":\"<strong>tecnologie<\\\/strong>\",\"text_align\":\"center\",\"css\":\".el-element{\\n\\tcolor: #fff;\\n    text-shadow: 2px 2px 10px rgba(0,0,0,0.5);\\n}\",\"title_style\":\"heading-small\",\"margin_remove_bottom\":false,\"margin\":\"large\"}},{\"type\":\"button\",\"props\":{\"grid_column_gap\":\"small\",\"grid_row_gap\":\"small\",\"margin\":\"default\",\"text_align\":\"center\",\"css\":\"a{\\n\\tborder-radius: 40px;\\n    width: 60px;\\n    height: 60px;\\n    display: flex;\\n    align-items: center;\\n    border: 2px solid #fff;\\n    justify-content: center;\\n}\\n.el-content{\\n\\tpadding: 0px;\\n}\\nsvg{\\n\\twidth: 40px;\\n    height: 40px;\\n}\\n.el-element{\\n\\tposition: absolute;\\n    bottom: -30px;\\n    left: 50%;\\n    z-index: 99;\\n    transform: translate(-50%);\\n}\",\"class\":\"bottone-freccia\"},\"children\":[{\"type\":\"button_item\",\"props\":{\"button_style\":\"default\",\"icon_align\":\"left\",\"link\":\"#\",\"icon\":\"chevron-down\"}}]}]}]}],\"modified\":\"2021-10-27T07:57:33.371Z\",\"name\":\"top-azienda\"},{\"type\":\"section\",\"props\":{\"style\":\"default\",\"width\":\"default\",\"vertical_align\":\"middle\",\"title_position\":\"top-left\",\"title_rotation\":\"left\",\"title_breakpoint\":\"xl\",\"image_position\":\"center-center\"},\"children\":[{\"type\":\"row\",\"children\":[{\"type\":\"column\",\"props\":{\"image_position\":\"center-center\",\"media_overlay_gradient\":\"\"},\"children\":[{\"type\":\"breadcrumbs\",\"props\":{\"show_home\":true,\"show_current\":true}}]}],\"props\":{\"margin\":\"medium\"}},{\"type\":\"row\",\"children\":[{\"type\":\"column\",\"props\":{\"image_position\":\"center-center\",\"media_overlay_gradient\":\"\"},\"children\":[{\"type\":\"headline\",\"props\":{\"title_element\":\"h2\",\"text_align\":\"center\",\"margin_remove_top\":true,\"content\":\"<span class=\\\"rosso\\\">I<\\\/span>nstallations\"},\"modified\":\"2021-10-27T08:05:54.071Z\",\"name\":\"titoli\"},{\"type\":\"headline\",\"props\":{\"title_element\":\"h3\",\"text_align\":\"center\",\"margin_remove_top\":true,\"content\":\"<span class=\\\"rosso\\\">I<\\\/span>nstallations <span class=\\\"rosso\\\">L<\\\/span>ait de <span class=\\\"rosso\\\">C<\\\/span>haux\"},\"modified\":\"2021-10-27T08:05:54.071Z\",\"name\":\"titoli\"}]}],\"props\":{\"margin\":\"large\"}},{\"type\":\"row\",\"props\":{\"layout\":\"1-3,2-3\",\"margin\":\"medium\"},\"children\":[{\"type\":\"column\",\"props\":{\"image_position\":\"center-center\",\"media_overlay_gradient\":\"\",\"width_medium\":\"1-3\",\"width_small\":\"\"},\"children\":[{\"type\":\"image\",\"props\":{\"margin\":\"default\",\"image_svg_color\":\"emphasis\",\"image\":\"wp-content\\\/uploads\\\/2022\\\/03\\\/CIMG8765.jpg\",\"text_align\":\"left\",\"text_align_breakpoint\":\"m\",\"text_align_fallback\":\"center\"}}]},{\"type\":\"column\",\"props\":{\"image_position\":\"center-center\",\"media_overlay_gradient\":\"\",\"width_medium\":\"2-3\",\"width_small\":\"\",\"vertical_align\":\"middle\"},\"children\":[{\"type\":\"text\",\"props\":{\"margin\":\"default\",\"column_breakpoint\":\"m\",\"content\":\"\n\n<p>Installations pour la production de <strong>lait<\\\/strong> de <strong>chaux<\\\/strong> avec des valeurs de densit\\u00e9, de granulom\\u00e9trie, de temp\\u00e9rature et de puret\\u00e9 contr\\u00f4l\\u00e9es, afin de satisfaire aux exigences les plus strictes impos\\u00e9es par les installations chimiques utilisatrices.<\\\/p>\\n\n\n<p>Extincteurs de chaux continu, avec crible de premi\\u00e8re s\\u00e9lection pour l\\u2019\\u00e9limination des plus grandes parties d\\u2019uncuits contenues dans la chaux utilis\\u00e9e en prot\\u00e9geant les machines en aval.<\\\/p>\",\"text_align\":\"justify\"}}]}]},{\"type\":\"row\",\"props\":{\"layout\":\"2-3,1-3\"},\"children\":[{\"type\":\"column\",\"props\":{\"image_position\":\"center-center\",\"media_overlay_gradient\":\"\",\"width_medium\":\"2-3\",\"width_small\":\"\",\"order_first\":\"m\",\"vertical_align\":\"middle\"},\"children\":[{\"type\":\"text\",\"props\":{\"margin\":\"default\",\"column_breakpoint\":\"m\",\"content\":\"\n\n<p>Purification du lait de chaux produit avec des tamis vibrants et des batteries d\\u2019hydrocyclones pour la r\\u00e9duction des mat\\u00e9riaux en suspension jusqu\\u2019\\u00e0 des valeurs inf\\u00e9rieures \\u00e0 50 microns.<\\\/p>\\n\n\n<p>R\\u00e9cup\\u00e9rateurs de sable pour l\\u2019am\\u00e9lioration du rendement de l\\u2019installation et la r\\u00e9duction de la teneur en chaux du mat\\u00e9riel rejet\\u00e9.<\\\/p>\",\"text_align\":\"justify\"}}]},{\"type\":\"column\",\"props\":{\"image_position\":\"center-center\",\"media_overlay_gradient\":\"\",\"width_medium\":\"1-3\",\"width_small\":\"\",\"order_first\":\"xs\"},\"children\":[{\"type\":\"image\",\"props\":{\"margin\":\"default\",\"image_svg_color\":\"emphasis\",\"image\":\"wp-content\\\/uploads\\\/2022\\\/03\\\/26A_0028.jpg\",\"text_align\":\"left\",\"text_align_breakpoint\":\"m\",\"text_align_fallback\":\"center\"}}]}]},{\"type\":\"row\",\"props\":{\"layout\":\"1-3,2-3\"},\"children\":[{\"type\":\"column\",\"props\":{\"image_position\":\"center-center\",\"media_overlay_gradient\":\"\",\"width_medium\":\"1-3\",\"width_small\":\"\"},\"children\":[{\"type\":\"image\",\"props\":{\"margin\":\"default\",\"image_svg_color\":\"emphasis\",\"image\":\"wp-content\\\/uploads\\\/2022\\\/03\\\/14032009215.jpg\",\"text_align\":\"left\",\"text_align_breakpoint\":\"m\",\"text_align_fallback\":\"center\"}}]},{\"type\":\"column\",\"props\":{\"image_position\":\"center-center\",\"media_overlay_gradient\":\"\",\"width_medium\":\"2-3\",\"width_small\":\"\",\"vertical_align\":\"middle\"},\"children\":[{\"type\":\"text\",\"props\":{\"margin\":\"default\",\"column_breakpoint\":\"m\",\"content\":\"\n\n<p>Abattage des poussi\\u00e8res transport\\u00e9es par la vapeur produite par l\\u2019extincteur de chaux au moyen d\\u2019\\u00e9purateurs dynamiques par voie humide.<\\\/p>\\n\n\n<p>Addition d\\u2019eau de r\\u00e9action pour l\\u2019augmentation de la surface sp\\u00e9cifique de l\\u2019hydroxyde.<\\\/p>\\n\n\n<p>Production des extincteurs de chaux comprise entre 0,5 T. Cao\\\/h et 15 T. Cao\\\/h \\u00e0 volume constant et avec des concentrations de lait de chaux produites de 10 B\\u00e8 \\u00e0 20\\u00b0 jusqu\\u2019\\u00e0 27 B\\u00e8 \\u00e0 20\\u00b0.<\\\/p>\",\"text_align\":\"justify\"}}]}]},{\"type\":\"row\",\"props\":{\"layout\":\"1-2,1-2\"},\"children\":[{\"type\":\"column\",\"props\":{\"image_position\":\"center-center\",\"media_overlay_gradient\":\"\",\"width_medium\":\"1-2\"},\"children\":[{\"type\":\"video\",\"props\":{\"video_controls\":true,\"margin\":\"default\",\"text_align\":\"center\",\"video\":\"wp-content\\\/uploads\\\/2022\\\/03\\\/Video-latte-di-calce-impianto-modulare.mp4\",\"video_lazyload\":false,\"video_playsinline\":true,\"video_poster\":\"wp-content\\\/uploads\\\/2022\\\/03\\\/Modulo-latte-di-calce-.jpg\",\"css\":\"video{\\n    height:300px;\\n}\"}}]},{\"type\":\"column\",\"props\":{\"image_position\":\"center-center\",\"media_overlay_gradient\":\"\",\"width_medium\":\"1-2\"},\"children\":[{\"type\":\"video\",\"props\":{\"video_controls\":true,\"margin\":\"default\",\"text_align\":\"center\",\"video\":\"wp-content\\\/uploads\\\/2022\\\/03\\\/CIMG8805-def.mp4\",\"video_lazyload\":false,\"video_playsinline\":true,\"video_poster\":\"wp-content\\\/uploads\\\/2022\\\/03\\\/MOL-G8802.jpg\",\"css\":\"video{\\n    height:300px;\\n}\"}}]}]}]}],\"version\":\"2.6.5\"} --><\/p>\n","protected":false},"excerpt":{"rendered":"<p>tecnologie Installations Installations Lait de Chaux Installations pour la production de lait de chaux avec des valeurs de densit\u00e9, de granulom\u00e9trie, de temp\u00e9rature et de puret\u00e9 contr\u00f4l\u00e9es, afin de satisfaire aux exigences les plus strictes impos\u00e9es par les installations chimiques utilisatrices. Extincteurs de chaux continu, avec crible de premi\u00e8re s\u00e9lection pour l\u2019\u00e9limination des plus grandes [&hellip;]<\/p>\n","protected":false},"author":1,"featured_media":0,"parent":4022,"menu_order":0,"comment_status":"closed","ping_status":"closed","template":"","meta":{"footnotes":""},"class_list":["post-4085","page","type-page","status-publish","hentry"],"yoast_head":"<!-- This site is optimized with the Yoast SEO plugin v26.0 - https:\/\/yoast.com\/wordpress\/plugins\/seo\/ -->\n<title>Installations lait de chaux - SIC Lime - Societ\u00e0 Impianti Calce S.r.l.<\/title>\n<meta name=\"robots\" content=\"index, follow, max-snippet:-1, max-image-preview:large, max-video-preview:-1\" \/>\n<link rel=\"canonical\" href=\"https:\/\/sic-lime.com\/fr\/technologies\/installations\/installations-lait-de-chaux\/\" \/>\n<meta property=\"og:locale\" content=\"fr_FR\" \/>\n<meta property=\"og:type\" content=\"article\" \/>\n<meta property=\"og:title\" content=\"Installations lait de chaux - SIC Lime - Societ\u00e0 Impianti Calce S.r.l.\" \/>\n<meta property=\"og:description\" content=\"tecnologie Installations Installations Lait de Chaux Installations pour la production de lait de chaux avec des valeurs de densit\u00e9, de granulom\u00e9trie, de temp\u00e9rature et de puret\u00e9 contr\u00f4l\u00e9es, afin de satisfaire aux exigences les plus strictes impos\u00e9es par les installations chimiques utilisatrices. Extincteurs de chaux continu, avec crible de premi\u00e8re s\u00e9lection pour l\u2019\u00e9limination des plus grandes [&hellip;]\" \/>\n<meta property=\"og:url\" content=\"https:\/\/sic-lime.com\/fr\/technologies\/installations\/installations-lait-de-chaux\/\" \/>\n<meta property=\"og:site_name\" content=\"SIC Lime - Societ\u00e0 Impianti Calce S.r.l.\" \/>\n<meta property=\"article:publisher\" content=\"https:\/\/www.facebook.com\/SIC-Lime-Plants-and-Machines-Societ-Impianti-Calce-1667391000056560\/\" \/>\n<meta property=\"article:modified_time\" content=\"2022-04-14T11:05:52+00:00\" \/>\n<meta name=\"twitter:card\" content=\"summary_large_image\" \/>\n<meta name=\"twitter:label1\" content=\"Dur\u00e9e de lecture estim\u00e9e\" \/>\n\t<meta name=\"twitter:data1\" content=\"1 minute\" \/>\n<script type=\"application\/ld+json\" class=\"yoast-schema-graph\">{\"@context\":\"https:\/\/schema.org\",\"@graph\":[{\"@type\":\"WebPage\",\"@id\":\"https:\/\/sic-lime.com\/fr\/technologies\/installations\/installations-lait-de-chaux\/\",\"url\":\"https:\/\/sic-lime.com\/fr\/technologies\/installations\/installations-lait-de-chaux\/\",\"name\":\"Installations lait de chaux - SIC Lime - Societ\u00e0 Impianti Calce S.r.l.\",\"isPartOf\":{\"@id\":\"https:\/\/sic-lime.com\/fr\/#website\"},\"datePublished\":\"2021-12-28T10:00:12+00:00\",\"dateModified\":\"2022-04-14T11:05:52+00:00\",\"breadcrumb\":{\"@id\":\"https:\/\/sic-lime.com\/fr\/technologies\/installations\/installations-lait-de-chaux\/#breadcrumb\"},\"inLanguage\":\"fr-FR\",\"potentialAction\":[{\"@type\":\"ReadAction\",\"target\":[\"https:\/\/sic-lime.com\/fr\/technologies\/installations\/installations-lait-de-chaux\/\"]}]},{\"@type\":\"BreadcrumbList\",\"@id\":\"https:\/\/sic-lime.com\/fr\/technologies\/installations\/installations-lait-de-chaux\/#breadcrumb\",\"itemListElement\":[{\"@type\":\"ListItem\",\"position\":1,\"name\":\"Home\",\"item\":\"https:\/\/sic-lime.com\/fr\/\"},{\"@type\":\"ListItem\",\"position\":2,\"name\":\"Technologies\",\"item\":\"https:\/\/sic-lime.com\/fr\/technologies\/\"},{\"@type\":\"ListItem\",\"position\":3,\"name\":\"Installations\",\"item\":\"https:\/\/sic-lime.com\/fr\/technologies\/installations\/\"},{\"@type\":\"ListItem\",\"position\":4,\"name\":\"Installations lait de chaux\"}]},{\"@type\":\"WebSite\",\"@id\":\"https:\/\/sic-lime.com\/fr\/#website\",\"url\":\"https:\/\/sic-lime.com\/fr\/\",\"name\":\"SIC Lime - Societ\u00e0 Impianti Calce S.r.l.\",\"description\":\"\",\"publisher\":{\"@id\":\"https:\/\/sic-lime.com\/fr\/#organization\"},\"potentialAction\":[{\"@type\":\"SearchAction\",\"target\":{\"@type\":\"EntryPoint\",\"urlTemplate\":\"https:\/\/sic-lime.com\/fr\/?s={search_term_string}\"},\"query-input\":{\"@type\":\"PropertyValueSpecification\",\"valueRequired\":true,\"valueName\":\"search_term_string\"}}],\"inLanguage\":\"fr-FR\"},{\"@type\":\"Organization\",\"@id\":\"https:\/\/sic-lime.com\/fr\/#organization\",\"name\":\"SIC - Societ\u00e0 Impianti Calce S.r.l\",\"url\":\"https:\/\/sic-lime.com\/fr\/\",\"logo\":{\"@type\":\"ImageObject\",\"inLanguage\":\"fr-FR\",\"@id\":\"https:\/\/sic-lime.com\/fr\/#\/schema\/logo\/image\/\",\"url\":\"https:\/\/sic-lime.com\/wp-content\/uploads\/2021\/10\/logo-rosso-nero.png\",\"contentUrl\":\"https:\/\/sic-lime.com\/wp-content\/uploads\/2021\/10\/logo-rosso-nero.png\",\"width\":685,\"height\":393,\"caption\":\"SIC - Societ\u00e0 Impianti Calce S.r.l\"},\"image\":{\"@id\":\"https:\/\/sic-lime.com\/fr\/#\/schema\/logo\/image\/\"},\"sameAs\":[\"https:\/\/www.facebook.com\/SIC-Lime-Plants-and-Machines-Societ-Impianti-Calce-1667391000056560\/\",\"https:\/\/www.linkedin.com\/company\/societ-impianti-calce-srl\/\"]}]}<\/script>\n<!-- \/ Yoast SEO plugin. -->","yoast_head_json":{"title":"Installations lait de chaux - SIC Lime - Societ\u00e0 Impianti Calce S.r.l.","robots":{"index":"index","follow":"follow","max-snippet":"max-snippet:-1","max-image-preview":"max-image-preview:large","max-video-preview":"max-video-preview:-1"},"canonical":"https:\/\/sic-lime.com\/fr\/technologies\/installations\/installations-lait-de-chaux\/","og_locale":"fr_FR","og_type":"article","og_title":"Installations lait de chaux - SIC Lime - Societ\u00e0 Impianti Calce S.r.l.","og_description":"tecnologie Installations Installations Lait de Chaux Installations pour la production de lait de chaux avec des valeurs de densit\u00e9, de granulom\u00e9trie, de temp\u00e9rature et de puret\u00e9 contr\u00f4l\u00e9es, afin de satisfaire aux exigences les plus strictes impos\u00e9es par les installations chimiques utilisatrices. Extincteurs de chaux continu, avec crible de premi\u00e8re s\u00e9lection pour l\u2019\u00e9limination des plus grandes [&hellip;]","og_url":"https:\/\/sic-lime.com\/fr\/technologies\/installations\/installations-lait-de-chaux\/","og_site_name":"SIC Lime - Societ\u00e0 Impianti Calce S.r.l.","article_publisher":"https:\/\/www.facebook.com\/SIC-Lime-Plants-and-Machines-Societ-Impianti-Calce-1667391000056560\/","article_modified_time":"2022-04-14T11:05:52+00:00","twitter_card":"summary_large_image","twitter_misc":{"Dur\u00e9e de lecture estim\u00e9e":"1 minute"},"schema":{"@context":"https:\/\/schema.org","@graph":[{"@type":"WebPage","@id":"https:\/\/sic-lime.com\/fr\/technologies\/installations\/installations-lait-de-chaux\/","url":"https:\/\/sic-lime.com\/fr\/technologies\/installations\/installations-lait-de-chaux\/","name":"Installations lait de chaux - SIC Lime - Societ\u00e0 Impianti Calce S.r.l.","isPartOf":{"@id":"https:\/\/sic-lime.com\/fr\/#website"},"datePublished":"2021-12-28T10:00:12+00:00","dateModified":"2022-04-14T11:05:52+00:00","breadcrumb":{"@id":"https:\/\/sic-lime.com\/fr\/technologies\/installations\/installations-lait-de-chaux\/#breadcrumb"},"inLanguage":"fr-FR","potentialAction":[{"@type":"ReadAction","target":["https:\/\/sic-lime.com\/fr\/technologies\/installations\/installations-lait-de-chaux\/"]}]},{"@type":"BreadcrumbList","@id":"https:\/\/sic-lime.com\/fr\/technologies\/installations\/installations-lait-de-chaux\/#breadcrumb","itemListElement":[{"@type":"ListItem","position":1,"name":"Home","item":"https:\/\/sic-lime.com\/fr\/"},{"@type":"ListItem","position":2,"name":"Technologies","item":"https:\/\/sic-lime.com\/fr\/technologies\/"},{"@type":"ListItem","position":3,"name":"Installations","item":"https:\/\/sic-lime.com\/fr\/technologies\/installations\/"},{"@type":"ListItem","position":4,"name":"Installations lait de chaux"}]},{"@type":"WebSite","@id":"https:\/\/sic-lime.com\/fr\/#website","url":"https:\/\/sic-lime.com\/fr\/","name":"SIC Lime - Societ\u00e0 Impianti Calce S.r.l.","description":"","publisher":{"@id":"https:\/\/sic-lime.com\/fr\/#organization"},"potentialAction":[{"@type":"SearchAction","target":{"@type":"EntryPoint","urlTemplate":"https:\/\/sic-lime.com\/fr\/?s={search_term_string}"},"query-input":{"@type":"PropertyValueSpecification","valueRequired":true,"valueName":"search_term_string"}}],"inLanguage":"fr-FR"},{"@type":"Organization","@id":"https:\/\/sic-lime.com\/fr\/#organization","name":"SIC - Societ\u00e0 Impianti Calce S.r.l","url":"https:\/\/sic-lime.com\/fr\/","logo":{"@type":"ImageObject","inLanguage":"fr-FR","@id":"https:\/\/sic-lime.com\/fr\/#\/schema\/logo\/image\/","url":"https:\/\/sic-lime.com\/wp-content\/uploads\/2021\/10\/logo-rosso-nero.png","contentUrl":"https:\/\/sic-lime.com\/wp-content\/uploads\/2021\/10\/logo-rosso-nero.png","width":685,"height":393,"caption":"SIC - Societ\u00e0 Impianti Calce S.r.l"},"image":{"@id":"https:\/\/sic-lime.com\/fr\/#\/schema\/logo\/image\/"},"sameAs":["https:\/\/www.facebook.com\/SIC-Lime-Plants-and-Machines-Societ-Impianti-Calce-1667391000056560\/","https:\/\/www.linkedin.com\/company\/societ-impianti-calce-srl\/"]}]}},"_links":{"self":[{"href":"https:\/\/sic-lime.com\/fr\/wp-json\/wp\/v2\/pages\/4085","targetHints":{"allow":["GET"]}}],"collection":[{"href":"https:\/\/sic-lime.com\/fr\/wp-json\/wp\/v2\/pages"}],"about":[{"href":"https:\/\/sic-lime.com\/fr\/wp-json\/wp\/v2\/types\/page"}],"author":[{"embeddable":true,"href":"https:\/\/sic-lime.com\/fr\/wp-json\/wp\/v2\/users\/1"}],"replies":[{"embeddable":true,"href":"https:\/\/sic-lime.com\/fr\/wp-json\/wp\/v2\/comments?post=4085"}],"version-history":[{"count":0,"href":"https:\/\/sic-lime.com\/fr\/wp-json\/wp\/v2\/pages\/4085\/revisions"}],"up":[{"embeddable":true,"href":"https:\/\/sic-lime.com\/fr\/wp-json\/wp\/v2\/pages\/4022"}],"wp:attachment":[{"href":"https:\/\/sic-lime.com\/fr\/wp-json\/wp\/v2\/media?parent=4085"}],"curies":[{"name":"wp","href":"https:\/\/api.w.org\/{rel}","templated":true}]}}