{"id":4022,"date":"2021-10-11T15:53:19","date_gmt":"2021-10-11T15:53:19","guid":{"rendered":"https:\/\/sic-lime.com\/technologies\/impianti\/"},"modified":"2022-04-21T10:20:20","modified_gmt":"2022-04-21T10:20:20","slug":"installations","status":"publish","type":"page","link":"https:\/\/sic-lime.com\/fr\/technologies\/installations\/","title":{"rendered":"Installations"},"content":{"rendered":"<h1><strong>technologies<\/strong><\/h1>\n<p>\n    <a href=\"#\"><\/a>\n<\/p>\n<h2><span class=\"rosso\">I<\/span>nstallations<\/h2>\n<div>\n<p>Installations de transformation de la chaux, r\u00e9alis\u00e9es sur la base de l\u2019activit\u00e9 continue de recherche et de d\u00e9veloppement men\u00e9e par <strong class=\"rosso\">SIC<\/strong> \u00ab\u00a0tailored\u00a0\u00bb sur les besoins de production de ses clients et pour les diff\u00e9rents secteurs d\u2019utilisation de la chaux.<\/p>\n<\/p>\n<\/div>\n<ul>\n<li>\n<p>        <img decoding=\"async\" src=\"\/wp-content\/uploads\/2022\/02\/IMPIANTI-IDRATAZIONE.jpg\" alt=\"\"><\/p>\n<h3>Installations d\u2019hydratation<\/h3>\n<p><a href=\"\/fr\/technologies\/installations\/installations-dhydratation\/\"><\/a><\/p>\n<\/li>\n<li>\n<p>        <img decoding=\"async\" src=\"\/wp-content\/uploads\/2022\/02\/LATTE-DI-CALCE.jpg\" alt=\"\"><\/p>\n<h3>Installations lait de chaux<\/h3>\n<p><a href=\"\/fr\/technologies\/installations\/installations-lait-de-chaux\/\"><\/a><\/p>\n<\/li>\n<li>\n<p>        <img decoding=\"async\" src=\"\/wp-content\/uploads\/2022\/02\/IMPIANTI-GRASSELLO-E-MALTE-UMIDE.jpg\" alt=\"\"><\/p>\n<h3>Installations P\u00e2te de chaux et Mortiers Humides<\/h3>\n<p><a href=\"\/fr\/technologies\/installations\/impianti-grassello-malte-umide\/\"><\/a><\/p>\n<\/li>\n<li>\n<p>        <img decoding=\"async\" src=\"\/wp-content\/uploads\/2022\/02\/IMPIANTO-DI-DISSOLUZIONE-IDRATO.jpg\" alt=\"\"><\/p>\n<h3>Installations de Dissolution Hydrate<\/h3>\n<p><a href=\"\/fr\/technologies\/installations\/installations-de-dissolution-hydrate\/\"><\/a><\/p>\n<\/li>\n<li>\n<p>        <img decoding=\"async\" src=\"\/wp-content\/uploads\/2022\/02\/IMPIANTI-MALTE-SECCHE.jpg\" alt=\"\"><\/p>\n<h3>Installations Mortiers Secs<\/h3>\n<p><a href=\"\/fr\/technologies\/installations\/installations-mortiers-secs\/\"><\/a><\/p>\n<\/li>\n<li>\n<p>        <img decoding=\"async\" src=\"\/wp-content\/uploads\/2022\/02\/IMPIANTI-PCC.jpg\" alt=\"\"><\/p>\n<h3>Installations de PCC<\/h3>\n<p><a href=\"\/fr\/technologies\/installations\/installations-de-pcc\/\"><\/a><\/p>\n<\/li>\n<li>\n<p>        <img decoding=\"async\" src=\"\/wp-content\/uploads\/2022\/02\/MACINAZIONE-BICARBONATO-DI-SODIO.jpg\" alt=\"\"><\/p>\n<h3>Installations de Bicarbonate de Sodium<\/h3>\n<p><a href=\"\/fr\/technologies\/installations\/installations-de-bicarbonate-de-sodium\/\"><\/a><\/p>\n<\/li>\n<\/ul>\n<p><!--more--><br \/>\n<!-- {\"name\":\"macchine ed equipa+\",\"type\":\"layout\",\"children\":[{\"type\":\"section\",\"props\":{\"style\":\"default\",\"width\":\"default\",\"vertical_align\":\"middle\",\"title_position\":\"top-left\",\"title_rotation\":\"left\",\"title_breakpoint\":\"xl\",\"image_position\":\"center-center\",\"image\":\"wp-content\\\/uploads\\\/2021\\\/10\\\/christian-wiediger-QNpY_ce4qqA-unsplash-scaled.jpg\",\"header_transparent\":\"light\",\"padding\":\"large\",\"padding_remove_bottom\":true,\"css\":\".uk-container{\\nbackground: rgb(0,0,0);\\nbackground: linear-gradient(0deg, rgba(0,0,0,1) 0%, rgba(0,0,0,0) 53%);\\n    max-width: none;\\n}\",\"class\":\"prima-sezione\"},\"children\":[{\"type\":\"row\",\"children\":[{\"type\":\"column\",\"props\":{\"image_position\":\"center-center\",\"media_overlay_gradient\":\"\",\"vertical_align\":\"bottom\"},\"children\":[{\"type\":\"headline\",\"props\":{\"title_element\":\"h1\",\"content\":\"<strong>technologies<\\\/strong>\",\"text_align\":\"center\",\"css\":\".el-element{\\n\\tcolor: #fff;\\n    text-shadow: 2px 2px 10px rgba(0,0,0,0.5);\\n}\",\"title_style\":\"heading-small\",\"margin_remove_bottom\":false,\"margin\":\"large\"}},{\"type\":\"button\",\"props\":{\"grid_column_gap\":\"small\",\"grid_row_gap\":\"small\",\"margin\":\"default\",\"text_align\":\"center\",\"css\":\"a{\\n\\tborder-radius: 40px;\\n    width: 60px;\\n    height: 60px;\\n    display: flex;\\n    align-items: center;\\n    border: 2px solid #fff;\\n    justify-content: center;\\n}\\n.el-content{\\n\\tpadding: 0px;\\n}\\nsvg{\\n\\twidth: 40px;\\n    height: 40px;\\n}\\n.el-element{\\n\\tposition: absolute;\\n    bottom: -30px;\\n    left: 50%;\\n    z-index: 99;\\n    transform: translate(-50%);\\n}\",\"class\":\"bottone-freccia\"},\"children\":[{\"type\":\"button_item\",\"props\":{\"button_style\":\"default\",\"icon_align\":\"left\",\"link\":\"#\",\"icon\":\"chevron-down\"}}]}]}]}],\"modified\":\"2021-10-27T07:57:33.371Z\",\"name\":\"top-azienda\"},{\"type\":\"section\",\"props\":{\"style\":\"default\",\"width\":\"default\",\"vertical_align\":\"middle\",\"title_position\":\"top-left\",\"title_rotation\":\"left\",\"title_breakpoint\":\"xl\",\"image_position\":\"center-center\"},\"children\":[{\"type\":\"row\",\"children\":[{\"type\":\"column\",\"props\":{\"image_position\":\"center-center\",\"media_overlay_gradient\":\"\"},\"children\":[{\"type\":\"breadcrumbs\",\"props\":{\"show_home\":true,\"show_current\":true}}]}],\"props\":{\"margin\":\"medium\"}},{\"type\":\"row\",\"children\":[{\"type\":\"column\",\"props\":{\"image_position\":\"center-center\",\"media_overlay_gradient\":\"\"},\"children\":[{\"type\":\"headline\",\"props\":{\"title_element\":\"h2\",\"text_align\":\"center\",\"margin_remove_top\":true,\"content\":\"<span class=\\\"rosso\\\">I<\\\/span>nstallations\"},\"modified\":\"2021-10-27T08:05:54.071Z\",\"name\":\"titoli\"},{\"type\":\"text\",\"props\":{\"margin\":\"default\",\"column_breakpoint\":\"m\",\"content\":\"\n\n<p>Installations de transformation de la chaux, r\\u00e9alis\\u00e9es sur la base de l\\u2019activit\\u00e9 continue de recherche et de d\\u00e9veloppement men\\u00e9e par <strong class=\\\"rosso\\\">SIC<\\\/strong> \\\"tailored\\\" sur les besoins de production de ses clients et pour les diff\\u00e9rents secteurs d\\u2019utilisation de la chaux.<\\\/p>\\n\n\n<p><\\\/p>\"}},{\"type\":\"grid\",\"props\":{\"show_title\":true,\"show_meta\":true,\"show_content\":true,\"show_image\":true,\"show_link\":true,\"grid_default\":\"1\",\"grid_medium\":\"4\",\"filter_style\":\"tab\",\"filter_all\":true,\"filter_position\":\"top\",\"filter_align\":\"left\",\"filter_grid_width\":\"auto\",\"filter_grid_breakpoint\":\"m\",\"title_hover_style\":\"reset\",\"title_element\":\"h3\",\"title_align\":\"top\",\"title_grid_width\":\"1-2\",\"title_grid_breakpoint\":\"m\",\"meta_style\":\"meta\",\"meta_align\":\"below-title\",\"meta_element\":\"div\",\"content_column_breakpoint\":\"m\",\"icon_width\":80,\"image_align\":\"top\",\"image_grid_width\":\"1-2\",\"image_grid_breakpoint\":\"m\",\"image_svg_color\":\"emphasis\",\"link_text\":\"\",\"link_style\":\"default\",\"margin\":\"large\",\"item_animation\":true,\"text_align\":\"center\",\"panel_link\":true,\"title_style\":\"h5\",\"image_height\":\"200\",\"image_width\":\"300\",\"grid_small\":\"3\",\"css\":\".el-item{\\n\\ttransition: 0.2s ease-in-out;\\n}\\n.el-item:hover{\\n    transform: scale(1.07);\\n    transition: 0.2s ease-in-out;\\n}\\n.uk-grid{\\n\\tjustify-content: center;\\n}\\n.el-image{\\n    object-fit:cover;}\"},\"children\":[{\"type\":\"grid_item\",\"props\":{\"title\":\"Installations d\\u2019hydratation\",\"image\":\"wp-content\\\/uploads\\\/2022\\\/02\\\/IMPIANTI-IDRATAZIONE.jpg\",\"link\":\"fr\\\/technologies\\\/installations\\\/installations-dhydratation\\\/\"}},{\"type\":\"grid_item\",\"props\":{\"title\":\"Installations lait de chaux\",\"image\":\"wp-content\\\/uploads\\\/2022\\\/02\\\/LATTE-DI-CALCE.jpg\",\"link\":\"fr\\\/technologies\\\/installations\\\/installations-lait-de-chaux\\\/\"}},{\"type\":\"grid_item\",\"props\":{\"title\":\"Installations P\\u00e2te de chaux et Mortiers Humides\",\"image\":\"wp-content\\\/uploads\\\/2022\\\/02\\\/IMPIANTI-GRASSELLO-E-MALTE-UMIDE.jpg\",\"link\":\"fr\\\/technologies\\\/installations\\\/impianti-grassello-malte-umide\\\/\"}},{\"type\":\"grid_item\",\"props\":{\"title\":\"Installations de Dissolution Hydrate\",\"image\":\"wp-content\\\/uploads\\\/2022\\\/02\\\/IMPIANTO-DI-DISSOLUZIONE-IDRATO.jpg\",\"link\":\"fr\\\/technologies\\\/installations\\\/installations-de-dissolution-hydrate\\\/\"}},{\"type\":\"grid_item\",\"props\":{\"title\":\"Installations Mortiers Secs\",\"image\":\"wp-content\\\/uploads\\\/2022\\\/02\\\/IMPIANTI-MALTE-SECCHE.jpg\",\"link\":\"fr\\\/technologies\\\/installations\\\/installations-mortiers-secs\\\/\"}},{\"type\":\"grid_item\",\"props\":{\"title\":\"Installations de PCC\",\"image\":\"wp-content\\\/uploads\\\/2022\\\/02\\\/IMPIANTI-PCC.jpg\",\"link\":\"fr\\\/technologies\\\/installations\\\/installations-de-pcc\\\/\"}},{\"type\":\"grid_item\",\"props\":{\"title\":\"Installations de Bicarbonate de Sodium\",\"image\":\"wp-content\\\/uploads\\\/2022\\\/02\\\/MACINAZIONE-BICARBONATO-DI-SODIO.jpg\",\"link\":\"fr\\\/technologies\\\/installations\\\/installations-de-bicarbonate-de-sodium\\\/\"}}]}]}]}]}],\"version\":\"2.6.5\"} --><\/p>\n","protected":false},"excerpt":{"rendered":"<p>technologies Installations Installations de transformation de la chaux, r\u00e9alis\u00e9es sur la base de l\u2019activit\u00e9 continue de recherche et de d\u00e9veloppement men\u00e9e par SIC \u00ab\u00a0tailored\u00a0\u00bb sur les besoins de production de ses clients et pour les diff\u00e9rents secteurs d\u2019utilisation de la chaux. Installations d\u2019hydratation Installations lait de chaux Installations P\u00e2te de chaux et Mortiers Humides Installations [&hellip;]<\/p>\n","protected":false},"author":1,"featured_media":0,"parent":3946,"menu_order":0,"comment_status":"closed","ping_status":"closed","template":"","meta":{"footnotes":""},"class_list":["post-4022","page","type-page","status-publish","hentry"],"yoast_head":"<!-- This site is optimized with the Yoast SEO plugin v26.0 - https:\/\/yoast.com\/wordpress\/plugins\/seo\/ -->\n<title>Installations - SIC Lime - Societ\u00e0 Impianti Calce S.r.l.<\/title>\n<meta name=\"robots\" content=\"index, follow, max-snippet:-1, max-image-preview:large, max-video-preview:-1\" \/>\n<link rel=\"canonical\" href=\"https:\/\/sic-lime.com\/fr\/technologies\/installations\/\" \/>\n<meta property=\"og:locale\" content=\"fr_FR\" \/>\n<meta property=\"og:type\" content=\"article\" \/>\n<meta property=\"og:title\" content=\"Installations - SIC Lime - Societ\u00e0 Impianti Calce S.r.l.\" \/>\n<meta property=\"og:description\" content=\"technologies Installations Installations de transformation de la chaux, r\u00e9alis\u00e9es sur la base de l\u2019activit\u00e9 continue de recherche et de d\u00e9veloppement men\u00e9e par SIC \u00ab\u00a0tailored\u00a0\u00bb sur les besoins de production de ses clients et pour les diff\u00e9rents secteurs d\u2019utilisation de la chaux. Installations d\u2019hydratation Installations lait de chaux Installations P\u00e2te de chaux et Mortiers Humides Installations [&hellip;]\" \/>\n<meta property=\"og:url\" content=\"https:\/\/sic-lime.com\/fr\/technologies\/installations\/\" \/>\n<meta property=\"og:site_name\" content=\"SIC Lime - Societ\u00e0 Impianti Calce S.r.l.\" \/>\n<meta property=\"article:publisher\" content=\"https:\/\/www.facebook.com\/SIC-Lime-Plants-and-Machines-Societ-Impianti-Calce-1667391000056560\/\" \/>\n<meta property=\"article:modified_time\" content=\"2022-04-21T10:20:20+00:00\" \/>\n<meta name=\"twitter:card\" content=\"summary_large_image\" \/>\n<script type=\"application\/ld+json\" class=\"yoast-schema-graph\">{\"@context\":\"https:\/\/schema.org\",\"@graph\":[{\"@type\":\"WebPage\",\"@id\":\"https:\/\/sic-lime.com\/fr\/technologies\/installations\/\",\"url\":\"https:\/\/sic-lime.com\/fr\/technologies\/installations\/\",\"name\":\"Installations - SIC Lime - Societ\u00e0 Impianti Calce S.r.l.\",\"isPartOf\":{\"@id\":\"https:\/\/sic-lime.com\/fr\/#website\"},\"datePublished\":\"2021-10-11T15:53:19+00:00\",\"dateModified\":\"2022-04-21T10:20:20+00:00\",\"breadcrumb\":{\"@id\":\"https:\/\/sic-lime.com\/fr\/technologies\/installations\/#breadcrumb\"},\"inLanguage\":\"fr-FR\",\"potentialAction\":[{\"@type\":\"ReadAction\",\"target\":[\"https:\/\/sic-lime.com\/fr\/technologies\/installations\/\"]}]},{\"@type\":\"BreadcrumbList\",\"@id\":\"https:\/\/sic-lime.com\/fr\/technologies\/installations\/#breadcrumb\",\"itemListElement\":[{\"@type\":\"ListItem\",\"position\":1,\"name\":\"Home\",\"item\":\"https:\/\/sic-lime.com\/fr\/\"},{\"@type\":\"ListItem\",\"position\":2,\"name\":\"Technologies\",\"item\":\"https:\/\/sic-lime.com\/fr\/technologies\/\"},{\"@type\":\"ListItem\",\"position\":3,\"name\":\"Installations\"}]},{\"@type\":\"WebSite\",\"@id\":\"https:\/\/sic-lime.com\/fr\/#website\",\"url\":\"https:\/\/sic-lime.com\/fr\/\",\"name\":\"SIC Lime - Societ\u00e0 Impianti Calce S.r.l.\",\"description\":\"\",\"publisher\":{\"@id\":\"https:\/\/sic-lime.com\/fr\/#organization\"},\"potentialAction\":[{\"@type\":\"SearchAction\",\"target\":{\"@type\":\"EntryPoint\",\"urlTemplate\":\"https:\/\/sic-lime.com\/fr\/?s={search_term_string}\"},\"query-input\":{\"@type\":\"PropertyValueSpecification\",\"valueRequired\":true,\"valueName\":\"search_term_string\"}}],\"inLanguage\":\"fr-FR\"},{\"@type\":\"Organization\",\"@id\":\"https:\/\/sic-lime.com\/fr\/#organization\",\"name\":\"SIC - Societ\u00e0 Impianti Calce S.r.l\",\"url\":\"https:\/\/sic-lime.com\/fr\/\",\"logo\":{\"@type\":\"ImageObject\",\"inLanguage\":\"fr-FR\",\"@id\":\"https:\/\/sic-lime.com\/fr\/#\/schema\/logo\/image\/\",\"url\":\"https:\/\/sic-lime.com\/wp-content\/uploads\/2021\/10\/logo-rosso-nero.png\",\"contentUrl\":\"https:\/\/sic-lime.com\/wp-content\/uploads\/2021\/10\/logo-rosso-nero.png\",\"width\":685,\"height\":393,\"caption\":\"SIC - Societ\u00e0 Impianti Calce S.r.l\"},\"image\":{\"@id\":\"https:\/\/sic-lime.com\/fr\/#\/schema\/logo\/image\/\"},\"sameAs\":[\"https:\/\/www.facebook.com\/SIC-Lime-Plants-and-Machines-Societ-Impianti-Calce-1667391000056560\/\",\"https:\/\/www.linkedin.com\/company\/societ-impianti-calce-srl\/\"]}]}<\/script>\n<!-- \/ Yoast SEO plugin. -->","yoast_head_json":{"title":"Installations - SIC Lime - Societ\u00e0 Impianti Calce S.r.l.","robots":{"index":"index","follow":"follow","max-snippet":"max-snippet:-1","max-image-preview":"max-image-preview:large","max-video-preview":"max-video-preview:-1"},"canonical":"https:\/\/sic-lime.com\/fr\/technologies\/installations\/","og_locale":"fr_FR","og_type":"article","og_title":"Installations - SIC Lime - Societ\u00e0 Impianti Calce S.r.l.","og_description":"technologies Installations Installations de transformation de la chaux, r\u00e9alis\u00e9es sur la base de l\u2019activit\u00e9 continue de recherche et de d\u00e9veloppement men\u00e9e par SIC \u00ab\u00a0tailored\u00a0\u00bb sur les besoins de production de ses clients et pour les diff\u00e9rents secteurs d\u2019utilisation de la chaux. Installations d\u2019hydratation Installations lait de chaux Installations P\u00e2te de chaux et Mortiers Humides Installations [&hellip;]","og_url":"https:\/\/sic-lime.com\/fr\/technologies\/installations\/","og_site_name":"SIC Lime - Societ\u00e0 Impianti Calce S.r.l.","article_publisher":"https:\/\/www.facebook.com\/SIC-Lime-Plants-and-Machines-Societ-Impianti-Calce-1667391000056560\/","article_modified_time":"2022-04-21T10:20:20+00:00","twitter_card":"summary_large_image","schema":{"@context":"https:\/\/schema.org","@graph":[{"@type":"WebPage","@id":"https:\/\/sic-lime.com\/fr\/technologies\/installations\/","url":"https:\/\/sic-lime.com\/fr\/technologies\/installations\/","name":"Installations - SIC Lime - Societ\u00e0 Impianti Calce S.r.l.","isPartOf":{"@id":"https:\/\/sic-lime.com\/fr\/#website"},"datePublished":"2021-10-11T15:53:19+00:00","dateModified":"2022-04-21T10:20:20+00:00","breadcrumb":{"@id":"https:\/\/sic-lime.com\/fr\/technologies\/installations\/#breadcrumb"},"inLanguage":"fr-FR","potentialAction":[{"@type":"ReadAction","target":["https:\/\/sic-lime.com\/fr\/technologies\/installations\/"]}]},{"@type":"BreadcrumbList","@id":"https:\/\/sic-lime.com\/fr\/technologies\/installations\/#breadcrumb","itemListElement":[{"@type":"ListItem","position":1,"name":"Home","item":"https:\/\/sic-lime.com\/fr\/"},{"@type":"ListItem","position":2,"name":"Technologies","item":"https:\/\/sic-lime.com\/fr\/technologies\/"},{"@type":"ListItem","position":3,"name":"Installations"}]},{"@type":"WebSite","@id":"https:\/\/sic-lime.com\/fr\/#website","url":"https:\/\/sic-lime.com\/fr\/","name":"SIC Lime - Societ\u00e0 Impianti Calce S.r.l.","description":"","publisher":{"@id":"https:\/\/sic-lime.com\/fr\/#organization"},"potentialAction":[{"@type":"SearchAction","target":{"@type":"EntryPoint","urlTemplate":"https:\/\/sic-lime.com\/fr\/?s={search_term_string}"},"query-input":{"@type":"PropertyValueSpecification","valueRequired":true,"valueName":"search_term_string"}}],"inLanguage":"fr-FR"},{"@type":"Organization","@id":"https:\/\/sic-lime.com\/fr\/#organization","name":"SIC - Societ\u00e0 Impianti Calce S.r.l","url":"https:\/\/sic-lime.com\/fr\/","logo":{"@type":"ImageObject","inLanguage":"fr-FR","@id":"https:\/\/sic-lime.com\/fr\/#\/schema\/logo\/image\/","url":"https:\/\/sic-lime.com\/wp-content\/uploads\/2021\/10\/logo-rosso-nero.png","contentUrl":"https:\/\/sic-lime.com\/wp-content\/uploads\/2021\/10\/logo-rosso-nero.png","width":685,"height":393,"caption":"SIC - Societ\u00e0 Impianti Calce S.r.l"},"image":{"@id":"https:\/\/sic-lime.com\/fr\/#\/schema\/logo\/image\/"},"sameAs":["https:\/\/www.facebook.com\/SIC-Lime-Plants-and-Machines-Societ-Impianti-Calce-1667391000056560\/","https:\/\/www.linkedin.com\/company\/societ-impianti-calce-srl\/"]}]}},"_links":{"self":[{"href":"https:\/\/sic-lime.com\/fr\/wp-json\/wp\/v2\/pages\/4022","targetHints":{"allow":["GET"]}}],"collection":[{"href":"https:\/\/sic-lime.com\/fr\/wp-json\/wp\/v2\/pages"}],"about":[{"href":"https:\/\/sic-lime.com\/fr\/wp-json\/wp\/v2\/types\/page"}],"author":[{"embeddable":true,"href":"https:\/\/sic-lime.com\/fr\/wp-json\/wp\/v2\/users\/1"}],"replies":[{"embeddable":true,"href":"https:\/\/sic-lime.com\/fr\/wp-json\/wp\/v2\/comments?post=4022"}],"version-history":[{"count":0,"href":"https:\/\/sic-lime.com\/fr\/wp-json\/wp\/v2\/pages\/4022\/revisions"}],"up":[{"embeddable":true,"href":"https:\/\/sic-lime.com\/fr\/wp-json\/wp\/v2\/pages\/3946"}],"wp:attachment":[{"href":"https:\/\/sic-lime.com\/fr\/wp-json\/wp\/v2\/media?parent=4022"}],"curies":[{"name":"wp","href":"https:\/\/api.w.org\/{rel}","templated":true}]}}