{"id":4000,"date":"2022-01-03T11:32:14","date_gmt":"2022-01-03T09:32:14","guid":{"rendered":"https:\/\/sic-lime.com\/technologies\/fours-a-cuve-double\/d-s-r-double-shaft-round\/"},"modified":"2023-10-20T15:04:51","modified_gmt":"2023-10-20T13:04:51","slug":"d-s-r-double-shaft-round","status":"publish","type":"page","link":"https:\/\/sic-lime.com\/fr\/technologies\/fours\/fours-a-cuve-double\/d-s-r-double-shaft-round\/","title":{"rendered":"D.S.R. DOUBLE SHAFT ROUND"},"content":{"rendered":"<h1><strong>technologies<\/strong><\/h1>\n<p>\n    <a href=\"#\"><\/a>\n<\/p>\n<h2><span class=\"rosso\">F<\/span>ours \u00e0 <span class=\"rosso\">c<\/span>uve <span class=\"rosso\">d<\/span>ouble<\/h2>\n<h3><span class=\"rosso\">D<\/span>.S.R. <span class=\"rosso\">D<\/span>OUBLE <span class=\"rosso\">S<\/span>HAFT <span class=\"rosso\">R<\/span>OUND<\/p>\n<\/h3>\n<p><img decoding=\"async\" src=\"\/wp-content\/uploads\/2023\/09\/1_EX-T_cIyCIOLMml6dMncZQ1.jpg\" alt=\"\"><\/p>\n<h4><strong>NOTES TECHNOLOGIQUES<br \/>\n<\/strong><\/h4>\n<div>\n<p>Nos fours du type <strong>D.S.R.<\/strong> sont du type \u00e0 double cuve, avec <strong>section ronde<\/strong> et circulation des gaz en equicourant ; ce type de fours est absolument semblable, du point de vue thermodynamique et technologique, \u00e0 nos fours D.S.S.<br \/>Leur principale particularit\u00e9 est le syst\u00e8me de distribution de chaleur entre les cuves.<\/p>\n<\/div>\n<div>\n<p>Dans ces fours, le passage des fum\u00e9es chaudes d\u2019une cuve \u00e0 l\u2019autre ne se fait pas par un seul canal, mais par un canal circulaire avec plusieurs acc\u00e8s. Cette caract\u00e9ristique permet d\u2019optimiser la distribution de la chaleur dans toute la section transversale de la cuve en \u00e9vitant la formation de zones froides ou surchauff\u00e9es.<\/p>\n<p>Gr\u00e2ce \u00e0 ce profil particulier, il est donc possible d\u2019obtenir des fours avec de grandes productions ou de cuire du calcaire de petite taille sans pour autant r\u00e9duire la qualit\u00e9 de la chaux produite ou augmenter la consommation.<\/p>\n<\/div>\n<p><img decoding=\"async\" src=\"\/wp-content\/uploads\/2022\/04\/dsr-refrat.jpg\" alt=\"\"><\/p>\n<h4><strong>FACTEURS DE SUCC\u00c8S <\/strong><\/h4>\n<div>\n<ul>\n<li>Faible consommation de combustible\n<\/li>\n<li>Grande stabilit\u00e9 de production\n<\/li>\n<li>Chaux tr\u00e8s r\u00e9active\n<\/li>\n<li>Faible valeur de L.O.I<\/li>\n<li>Grandes productions de chaux par four\n<\/li>\n<li>Utilisation de calcaire de petite taille\n<\/li>\n<li>Utilisation de diff\u00e9rents combustibles\n<\/li>\n<\/ul>\n<\/div>\n<h4><strong>DONN\u00c9S TECHNIQUES<br \/>\n<\/strong><\/h4>\n<div>\n<table border=\"0\" width=\"350\">\n<tbody>\n<tr>\n<td><strong>Taille Calcaire<\/strong><\/td>\n<td><span>20 \u00f7 150 mm<\/span><\/td>\n<\/tr>\n<tr>\n<td><strong>Production<\/strong><\/td>\n<td><span>250 \u00f7 700 Tonnes CaO\/J<\/span><\/td>\n<\/tr>\n<tr>\n<td><strong>Combustible<\/strong><\/td>\n<td><span>gaz \/ fuel oil \/ pulv\u00e9ris\u00e9s<\/span><\/td>\n<\/tr>\n<tr>\n<td><strong>Reactivit\u00e9 T<sub>60<\/sub><\/strong><\/td>\n<td><span>\u2264 1,0 min (haute r\u00e9activit\u00e9)<br \/>\u2264 2,5 min (moyenne r\u00e9activit\u00e9)<\/span><\/td>\n<\/tr>\n<tr>\n<td><strong>Consommation \u00c9lectrique<\/strong><\/td>\n<td><span>20 \u00f7 35 kWh \/ Tonnes CaO<\/span><\/td>\n<\/tr>\n<tr>\n<td><strong>Consommation Calorique <\/strong><\/td>\n<td><span>&lt; 850 Kcal \/ Kg. CaO<\/span><\/td>\n<\/tr>\n<tr>\n<td><strong>L.O.I.<\/strong><\/td>\n<td>&lt;1,5 %<\/td>\n<\/tr>\n<\/tbody>\n<\/table>\n<\/div>\n<p><img decoding=\"async\" src=\"\/wp-content\/uploads\/2022\/04\/12.01.18-32-ShaftB.jpg\" alt=\"\"><br \/>\n<img decoding=\"async\" src=\"\/wp-content\/uploads\/2023\/09\/1_EX-T_cIyCIOLMml6dMncZQ1.jpg\" alt=\"\"><br \/>\n<img decoding=\"async\" src=\"\/wp-content\/uploads\/2022\/04\/Esisco-DSR-500.JPG-2.jpg\" alt=\"\"><\/p>\n<p><!--more--><br \/>\n<!-- {\"name\":\"forni\",\"type\":\"layout\",\"children\":[{\"type\":\"section\",\"props\":{\"class\":\"prima-sezione\",\"css\":\".uk-container{\\nbackground: rgb(0,0,0);\\nbackground: linear-gradient(0deg, rgba(0,0,0,1) 0%, rgba(0,0,0,0) 53%);\\n    max-width: none;\\n}\",\"header_transparent\":\"light\",\"image\":\"wp-content\\\/uploads\\\/2022\\\/02\\\/A-scaled.jpg\",\"image_position\":\"center-center\",\"padding\":\"large\",\"padding_remove_bottom\":true,\"style\":\"default\",\"title_breakpoint\":\"xl\",\"title_position\":\"top-left\",\"title_rotation\":\"left\",\"vertical_align\":\"middle\",\"width\":\"default\"},\"children\":[{\"type\":\"row\",\"children\":[{\"type\":\"column\",\"props\":{\"image_position\":\"center-center\",\"media_overlay_gradient\":\"\",\"position_sticky_breakpoint\":\"m\",\"vertical_align\":\"bottom\"},\"children\":[{\"type\":\"headline\",\"props\":{\"content\":\"<strong>technologies<\\\/strong>\",\"css\":\".el-element{\\n\\tcolor: #fff;\\n    text-shadow: 2px 2px 10px rgba(0,0,0,0.5);\\n}\",\"margin\":\"large\",\"margin_remove_bottom\":false,\"text_align\":\"center\",\"title_element\":\"h1\",\"title_style\":\"heading-small\"}},{\"type\":\"button\",\"props\":{\"class\":\"bottone-freccia\",\"css\":\"a{\\n\\tborder-radius: 40px;\\n    width: 60px;\\n    height: 60px;\\n    display: flex;\\n    align-items: center;\\n    border: 2px solid #fff;\\n    justify-content: center;\\n}\\n.el-content{\\n\\tpadding: 0px;\\n}\\nsvg{\\n\\twidth: 40px;\\n    height: 40px;\\n}\\n.el-element{\\n\\tposition: absolute;\\n    bottom: -30px;\\n    left: 50%;\\n    z-index: 99;\\n    transform: translate(-50%);\\n}\",\"grid_column_gap\":\"small\",\"grid_row_gap\":\"small\",\"margin\":\"default\",\"text_align\":\"center\"},\"children\":[{\"type\":\"button_item\",\"props\":{\"button_style\":\"default\",\"icon\":\"chevron-down\",\"icon_align\":\"left\",\"link\":\"#\"}}]}]}]}],\"modified\":\"2021-10-27T07:57:33.371Z\",\"name\":\"top-azienda\"},{\"type\":\"section\",\"props\":{\"image_position\":\"center-center\",\"style\":\"default\",\"title_breakpoint\":\"xl\",\"title_position\":\"top-left\",\"title_rotation\":\"left\",\"vertical_align\":\"middle\",\"width\":\"default\"},\"children\":[{\"type\":\"row\",\"props\":{\"margin\":\"medium\"},\"children\":[{\"type\":\"column\",\"props\":{\"image_position\":\"center-center\",\"media_overlay_gradient\":\"\",\"position_sticky_breakpoint\":\"m\"},\"children\":[{\"type\":\"breadcrumbs\",\"props\":{\"show_current\":true,\"show_home\":true}}]}]},{\"type\":\"row\",\"children\":[{\"type\":\"column\",\"props\":{\"image_position\":\"center-center\",\"media_overlay_gradient\":\"\",\"position_sticky_breakpoint\":\"m\"},\"children\":[{\"type\":\"headline\",\"props\":{\"content\":\"<span class=\\\"rosso\\\">F<\\\/span>ours \\u00e0 <span class=\\\"rosso\\\">c<\\\/span>uve <span class=\\\"rosso\\\">d<\\\/span>ouble\",\"margin_remove_top\":true,\"text_align\":\"center\",\"title_element\":\"h2\"},\"modified\":\"2021-10-27T08:05:54.071Z\",\"name\":\"titoli\"},{\"type\":\"headline\",\"props\":{\"content\":\"<span class=\\\"rosso\\\">D<\\\/span>.S.R. <span class=\\\"rosso\\\">D<\\\/span>OUBLE <span class=\\\"rosso\\\">S<\\\/span>HAFT <span class=\\\"rosso\\\">R<\\\/span>OUND\\n\\n\\n\\n\\n\",\"margin_remove_top\":true,\"text_align\":\"center\",\"title_element\":\"h3\"},\"modified\":\"2021-10-27T08:05:54.071Z\",\"name\":\"titoli\"}]}]},{\"type\":\"row\",\"props\":{\"layout\":\"1-4,3-4\",\"margin\":\"medium\",\"margin_remove_top\":false},\"children\":[{\"type\":\"column\",\"props\":{\"image_position\":\"center-center\",\"media_overlay_gradient\":\"\",\"position_sticky_breakpoint\":\"m\",\"width_medium\":\"1-4\"},\"children\":[{\"type\":\"image\",\"props\":{\"image\":\"wp-content\\\/uploads\\\/2023\\\/09\\\/1_EX-T_cIyCIOLMml6dMncZQ1.jpg\",\"image_svg_color\":\"emphasis\",\"image_width\":\"200\",\"margin\":\"default\",\"text_align\":\"left\",\"text_align_breakpoint\":\"m\",\"text_align_fallback\":\"center\"}}]},{\"type\":\"column\",\"props\":{\"image_position\":\"center-center\",\"media_overlay_gradient\":\"\",\"position_sticky_breakpoint\":\"m\",\"width_medium\":\"3-4\"},\"children\":[{\"type\":\"headline\",\"props\":{\"content\":\"<strong>NOTES TECHNOLOGIQUES\\n<\\\/strong>\",\"margin_remove_top\":true,\"title_element\":\"h4\"},\"modified\":\"2021-10-27T08:05:54.071Z\",\"name\":\"titoli\"},{\"type\":\"text\",\"props\":{\"column_breakpoint\":\"m\",\"content\":\"\n\n<p>Nos fours du type <strong>D.S.R.<\\\/strong> sont du type \\u00e0 double cuve, avec <strong>section ronde<\\\/strong> et circulation des gaz en equicourant ; ce type de fours est absolument semblable, du point de vue thermodynamique et technologique, \\u00e0 nos fours D.S.S.<br \\\/>Leur principale particularit\\u00e9 est le syst\\u00e8me de distribution de chaleur entre les cuves.<\\\/p>\",\"margin\":\"default\"}}]}]},{\"type\":\"row\",\"children\":[{\"type\":\"column\",\"props\":{\"image_position\":\"center-center\",\"media_overlay_gradient\":\"\",\"position_sticky_breakpoint\":\"m\"},\"children\":[{\"type\":\"text\",\"props\":{\"column_breakpoint\":\"m\",\"content\":\"\n\n<p>Dans ces fours, le passage des fum\\u00e9es chaudes d\\u2019une cuve \\u00e0 l\\u2019autre ne se fait pas par un seul canal, mais par un canal circulaire avec plusieurs acc\\u00e8s. Cette caract\\u00e9ristique permet d\\u2019optimiser la distribution de la chaleur dans toute la section transversale de la cuve en \\u00e9vitant la formation de zones froides ou surchauff\\u00e9es.<\\\/p>\\n\n\n<p>Gr\\u00e2ce \\u00e0 ce profil particulier, il est donc possible d\\u2019obtenir des fours avec de grandes productions ou de cuire du calcaire de petite taille sans pour autant r\\u00e9duire la qualit\\u00e9 de la chaux produite ou augmenter la consommation.<\\\/p>\",\"margin\":\"default\"}}]}],\"props\":{\"margin\":\"medium\",\"margin_remove_top\":true}},{\"type\":\"row\",\"props\":{\"layout\":\"1-4,3-4\"},\"children\":[{\"type\":\"column\",\"props\":{\"image_position\":\"center-center\",\"media_overlay_gradient\":\"\",\"position_sticky_breakpoint\":\"m\",\"width_medium\":\"1-4\"},\"children\":[{\"type\":\"image\",\"props\":{\"image\":\"wp-content\\\/uploads\\\/2022\\\/04\\\/dsr-refrat.jpg\",\"image_svg_color\":\"emphasis\",\"image_width\":\"600\",\"margin\":\"default\"}}]},{\"type\":\"column\",\"props\":{\"image_position\":\"center-center\",\"media_overlay_gradient\":\"\",\"order_first\":\"m\",\"position_sticky_breakpoint\":\"m\",\"width_medium\":\"3-4\"},\"children\":[{\"type\":\"headline\",\"props\":{\"content\":\"<strong>FACTEURS DE SUCC\\u00c8S <\\\/strong>\",\"margin_remove_top\":true,\"title_element\":\"h4\"},\"modified\":\"2021-10-27T08:05:54.071Z\",\"name\":\"titoli\"},{\"type\":\"text\",\"props\":{\"column_breakpoint\":\"m\",\"content\":\"\n\n<ul>\\n\n\n<li>Faible consommation de combustible\\n<\\\/li>\\n\n\n<li>Grande stabilit\\u00e9 de production \\n<\\\/li>\\n\n\n<li>Chaux tr\\u00e8s r\\u00e9active \\n<\\\/li>\\n\n\n<li>Faible valeur de L.O.I<\\\/li>\\n\n\n<li>Grandes productions de chaux par four\\n<\\\/li>\\n\n\n<li>Utilisation de calcaire de petite taille \\n<\\\/li>\\n\n\n<li>Utilisation de diff\\u00e9rents combustibles \\n<\\\/li>\\n<\\\/ul>\",\"margin\":\"default\"}},{\"type\":\"headline\",\"props\":{\"content\":\"<strong>DONN\\u00c9S TECHNIQUES\\n<\\\/strong>\",\"margin_remove_top\":false,\"title_element\":\"h4\"},\"modified\":\"2021-10-27T08:05:54.071Z\",\"name\":\"titoli\"},{\"type\":\"text\",\"props\":{\"column_breakpoint\":\"m\",\"content\":\"\n\n<table border=\\\"0\\\" width=\\\"350\\\">\\n\n\n<tbody>\\n\n\n<tr>\\n\n\n<td><strong>Taille Calcaire<\\\/strong><\\\/td>\\n\n\n<td><span>20 \\u00f7 150 mm<\\\/span><\\\/td>\\n<\\\/tr>\\n\n\n<tr>\\n\n\n<td><strong>Production<\\\/strong><\\\/td>\\n\n\n<td><span>250 \\u00f7 700 Tonnes CaO\\\/J<\\\/span><\\\/td>\\n<\\\/tr>\\n\n\n<tr>\\n\n\n<td><strong>Combustible<\\\/strong><\\\/td>\\n\n\n<td><span>gaz \\\/ fuel oil \\\/ pulv\\u00e9ris\\u00e9s<\\\/span><\\\/td>\\n<\\\/tr>\\n\n\n<tr>\\n\n\n<td><strong>Reactivit\\u00e9 T<sub>60<\\\/sub><\\\/strong><\\\/td>\\n\n\n<td><span>\\u2264 1,0 min (haute r\\u00e9activit\\u00e9)<br \\\/>\\u2264 2,5 min (moyenne r\\u00e9activit\\u00e9)<\\\/span><\\\/td>\\n<\\\/tr>\\n\n\n<tr>\\n\n\n<td><strong>Consommation \\u00c9lectrique<\\\/strong><\\\/td>\\n\n\n<td><span>20 \\u00f7 35 kWh \\\/ Tonnes CaO<\\\/span><\\\/td>\\n<\\\/tr>\\n\n\n<tr>\\n\n\n<td><strong>Consommation Calorique <\\\/strong><\\\/td>\\n\n\n<td><span>&lt; 850 Kcal \\\/ Kg. CaO<\\\/span><\\\/td>\\n<\\\/tr>\\n\n\n<tr>\\n\n\n<td><strong>L.O.I.<\\\/strong><\\\/td>\\n\n\n<td>&lt;1,5 %<\\\/td>\\n<\\\/tr>\\n<\\\/tbody>\\n<\\\/table>\",\"css\":\"td{\\n\\tborder-bottom: 1px solid grey;\\n}\",\"margin\":\"default\"}}]}]},{\"type\":\"row\",\"props\":{\"layout\":\"1-3,1-3,1-3\"},\"children\":[{\"type\":\"column\",\"props\":{\"image_position\":\"center-center\",\"media_overlay_gradient\":\"\",\"position_sticky_breakpoint\":\"m\",\"vertical_align\":\"middle\",\"width_medium\":\"1-3\"},\"children\":[{\"type\":\"image\",\"props\":{\"image\":\"wp-content\\\/uploads\\\/2022\\\/04\\\/12.01.18-32-ShaftB.jpg\",\"image_svg_color\":\"emphasis\",\"margin\":\"default\"}}]},{\"type\":\"column\",\"props\":{\"image_position\":\"center-center\",\"media_overlay_gradient\":\"\",\"position_sticky_breakpoint\":\"m\",\"vertical_align\":\"middle\",\"width_medium\":\"1-3\"},\"children\":[{\"type\":\"image\",\"props\":{\"image\":\"wp-content\\\/uploads\\\/2023\\\/09\\\/1_EX-T_cIyCIOLMml6dMncZQ1.jpg\",\"image_svg_color\":\"emphasis\",\"margin\":\"default\"}}]},{\"type\":\"column\",\"props\":{\"image_position\":\"center-center\",\"media_overlay_gradient\":\"\",\"position_sticky_breakpoint\":\"m\",\"vertical_align\":\"middle\",\"width_medium\":\"1-3\"},\"children\":[{\"type\":\"image\",\"props\":{\"image\":\"wp-content\\\/uploads\\\/2022\\\/04\\\/Esisco-DSR-500.JPG-2.jpg\",\"image_svg_color\":\"emphasis\",\"margin\":\"default\"}}]}]}]}],\"version\":\"3.0.25\"} --><\/p>\n","protected":false},"excerpt":{"rendered":"<p>technologies Fours \u00e0 cuve double D.S.R. DOUBLE SHAFT ROUND NOTES TECHNOLOGIQUES Nos fours du type D.S.R. sont du type \u00e0 double cuve, avec section ronde et circulation des gaz en equicourant ; ce type de fours est absolument semblable, du point de vue thermodynamique et technologique, \u00e0 nos fours D.S.S.Leur principale particularit\u00e9 est le syst\u00e8me [&hellip;]<\/p>\n","protected":false},"author":1,"featured_media":0,"parent":3940,"menu_order":0,"comment_status":"closed","ping_status":"closed","template":"","meta":{"footnotes":""},"class_list":["post-4000","page","type-page","status-publish","hentry"],"yoast_head":"<!-- This site is optimized with the Yoast SEO plugin v26.0 - https:\/\/yoast.com\/wordpress\/plugins\/seo\/ -->\n<title>D.S.R. DOUBLE SHAFT ROUND - SIC Lime - Societ\u00e0 Impianti Calce S.r.l.<\/title>\n<meta name=\"robots\" content=\"index, follow, max-snippet:-1, max-image-preview:large, max-video-preview:-1\" \/>\n<link rel=\"canonical\" href=\"https:\/\/sic-lime.com\/fr\/technologies\/fours\/fours-a-cuve-double\/d-s-r-double-shaft-round\/\" \/>\n<meta property=\"og:locale\" content=\"fr_FR\" \/>\n<meta property=\"og:type\" content=\"article\" \/>\n<meta property=\"og:title\" content=\"D.S.R. DOUBLE SHAFT ROUND - SIC Lime - Societ\u00e0 Impianti Calce S.r.l.\" \/>\n<meta property=\"og:description\" content=\"technologies Fours \u00e0 cuve double D.S.R. DOUBLE SHAFT ROUND NOTES TECHNOLOGIQUES Nos fours du type D.S.R. sont du type \u00e0 double cuve, avec section ronde et circulation des gaz en equicourant ; ce type de fours est absolument semblable, du point de vue thermodynamique et technologique, \u00e0 nos fours D.S.S.Leur principale particularit\u00e9 est le syst\u00e8me [&hellip;]\" \/>\n<meta property=\"og:url\" content=\"https:\/\/sic-lime.com\/fr\/technologies\/fours\/fours-a-cuve-double\/d-s-r-double-shaft-round\/\" \/>\n<meta property=\"og:site_name\" content=\"SIC Lime - Societ\u00e0 Impianti Calce S.r.l.\" \/>\n<meta property=\"article:publisher\" content=\"https:\/\/www.facebook.com\/SIC-Lime-Plants-and-Machines-Societ-Impianti-Calce-1667391000056560\/\" \/>\n<meta property=\"article:modified_time\" content=\"2023-10-20T13:04:51+00:00\" \/>\n<meta name=\"twitter:card\" content=\"summary_large_image\" \/>\n<meta name=\"twitter:label1\" content=\"Dur\u00e9e de lecture estim\u00e9e\" \/>\n\t<meta name=\"twitter:data1\" content=\"1 minute\" \/>\n<script type=\"application\/ld+json\" class=\"yoast-schema-graph\">{\"@context\":\"https:\/\/schema.org\",\"@graph\":[{\"@type\":\"WebPage\",\"@id\":\"https:\/\/sic-lime.com\/fr\/technologies\/fours\/fours-a-cuve-double\/d-s-r-double-shaft-round\/\",\"url\":\"https:\/\/sic-lime.com\/fr\/technologies\/fours\/fours-a-cuve-double\/d-s-r-double-shaft-round\/\",\"name\":\"D.S.R. DOUBLE SHAFT ROUND - SIC Lime - Societ\u00e0 Impianti Calce S.r.l.\",\"isPartOf\":{\"@id\":\"https:\/\/sic-lime.com\/fr\/#website\"},\"datePublished\":\"2022-01-03T09:32:14+00:00\",\"dateModified\":\"2023-10-20T13:04:51+00:00\",\"breadcrumb\":{\"@id\":\"https:\/\/sic-lime.com\/fr\/technologies\/fours\/fours-a-cuve-double\/d-s-r-double-shaft-round\/#breadcrumb\"},\"inLanguage\":\"fr-FR\",\"potentialAction\":[{\"@type\":\"ReadAction\",\"target\":[\"https:\/\/sic-lime.com\/fr\/technologies\/fours\/fours-a-cuve-double\/d-s-r-double-shaft-round\/\"]}]},{\"@type\":\"BreadcrumbList\",\"@id\":\"https:\/\/sic-lime.com\/fr\/technologies\/fours\/fours-a-cuve-double\/d-s-r-double-shaft-round\/#breadcrumb\",\"itemListElement\":[{\"@type\":\"ListItem\",\"position\":1,\"name\":\"Home\",\"item\":\"https:\/\/sic-lime.com\/fr\/\"},{\"@type\":\"ListItem\",\"position\":2,\"name\":\"Technologies\",\"item\":\"https:\/\/sic-lime.com\/fr\/technologies\/\"},{\"@type\":\"ListItem\",\"position\":3,\"name\":\"Fours\",\"item\":\"https:\/\/sic-lime.com\/fr\/technologies\/kilns\/\"},{\"@type\":\"ListItem\",\"position\":4,\"name\":\"Fours \u00e0 cuve double\",\"item\":\"https:\/\/sic-lime.com\/fr\/technologies\/kilns\/double-shaft-kilns\/\"},{\"@type\":\"ListItem\",\"position\":5,\"name\":\"D.S.R. DOUBLE SHAFT ROUND\"}]},{\"@type\":\"WebSite\",\"@id\":\"https:\/\/sic-lime.com\/fr\/#website\",\"url\":\"https:\/\/sic-lime.com\/fr\/\",\"name\":\"SIC Lime - Societ\u00e0 Impianti Calce S.r.l.\",\"description\":\"\",\"publisher\":{\"@id\":\"https:\/\/sic-lime.com\/fr\/#organization\"},\"potentialAction\":[{\"@type\":\"SearchAction\",\"target\":{\"@type\":\"EntryPoint\",\"urlTemplate\":\"https:\/\/sic-lime.com\/fr\/?s={search_term_string}\"},\"query-input\":{\"@type\":\"PropertyValueSpecification\",\"valueRequired\":true,\"valueName\":\"search_term_string\"}}],\"inLanguage\":\"fr-FR\"},{\"@type\":\"Organization\",\"@id\":\"https:\/\/sic-lime.com\/fr\/#organization\",\"name\":\"SIC - Societ\u00e0 Impianti Calce S.r.l\",\"url\":\"https:\/\/sic-lime.com\/fr\/\",\"logo\":{\"@type\":\"ImageObject\",\"inLanguage\":\"fr-FR\",\"@id\":\"https:\/\/sic-lime.com\/fr\/#\/schema\/logo\/image\/\",\"url\":\"https:\/\/sic-lime.com\/wp-content\/uploads\/2021\/10\/logo-rosso-nero.png\",\"contentUrl\":\"https:\/\/sic-lime.com\/wp-content\/uploads\/2021\/10\/logo-rosso-nero.png\",\"width\":685,\"height\":393,\"caption\":\"SIC - Societ\u00e0 Impianti Calce S.r.l\"},\"image\":{\"@id\":\"https:\/\/sic-lime.com\/fr\/#\/schema\/logo\/image\/\"},\"sameAs\":[\"https:\/\/www.facebook.com\/SIC-Lime-Plants-and-Machines-Societ-Impianti-Calce-1667391000056560\/\",\"https:\/\/www.linkedin.com\/company\/societ-impianti-calce-srl\/\"]}]}<\/script>\n<!-- \/ Yoast SEO plugin. -->","yoast_head_json":{"title":"D.S.R. DOUBLE SHAFT ROUND - SIC Lime - Societ\u00e0 Impianti Calce S.r.l.","robots":{"index":"index","follow":"follow","max-snippet":"max-snippet:-1","max-image-preview":"max-image-preview:large","max-video-preview":"max-video-preview:-1"},"canonical":"https:\/\/sic-lime.com\/fr\/technologies\/fours\/fours-a-cuve-double\/d-s-r-double-shaft-round\/","og_locale":"fr_FR","og_type":"article","og_title":"D.S.R. DOUBLE SHAFT ROUND - SIC Lime - Societ\u00e0 Impianti Calce S.r.l.","og_description":"technologies Fours \u00e0 cuve double D.S.R. DOUBLE SHAFT ROUND NOTES TECHNOLOGIQUES Nos fours du type D.S.R. sont du type \u00e0 double cuve, avec section ronde et circulation des gaz en equicourant ; ce type de fours est absolument semblable, du point de vue thermodynamique et technologique, \u00e0 nos fours D.S.S.Leur principale particularit\u00e9 est le syst\u00e8me [&hellip;]","og_url":"https:\/\/sic-lime.com\/fr\/technologies\/fours\/fours-a-cuve-double\/d-s-r-double-shaft-round\/","og_site_name":"SIC Lime - Societ\u00e0 Impianti Calce S.r.l.","article_publisher":"https:\/\/www.facebook.com\/SIC-Lime-Plants-and-Machines-Societ-Impianti-Calce-1667391000056560\/","article_modified_time":"2023-10-20T13:04:51+00:00","twitter_card":"summary_large_image","twitter_misc":{"Dur\u00e9e de lecture estim\u00e9e":"1 minute"},"schema":{"@context":"https:\/\/schema.org","@graph":[{"@type":"WebPage","@id":"https:\/\/sic-lime.com\/fr\/technologies\/fours\/fours-a-cuve-double\/d-s-r-double-shaft-round\/","url":"https:\/\/sic-lime.com\/fr\/technologies\/fours\/fours-a-cuve-double\/d-s-r-double-shaft-round\/","name":"D.S.R. DOUBLE SHAFT ROUND - SIC Lime - Societ\u00e0 Impianti Calce S.r.l.","isPartOf":{"@id":"https:\/\/sic-lime.com\/fr\/#website"},"datePublished":"2022-01-03T09:32:14+00:00","dateModified":"2023-10-20T13:04:51+00:00","breadcrumb":{"@id":"https:\/\/sic-lime.com\/fr\/technologies\/fours\/fours-a-cuve-double\/d-s-r-double-shaft-round\/#breadcrumb"},"inLanguage":"fr-FR","potentialAction":[{"@type":"ReadAction","target":["https:\/\/sic-lime.com\/fr\/technologies\/fours\/fours-a-cuve-double\/d-s-r-double-shaft-round\/"]}]},{"@type":"BreadcrumbList","@id":"https:\/\/sic-lime.com\/fr\/technologies\/fours\/fours-a-cuve-double\/d-s-r-double-shaft-round\/#breadcrumb","itemListElement":[{"@type":"ListItem","position":1,"name":"Home","item":"https:\/\/sic-lime.com\/fr\/"},{"@type":"ListItem","position":2,"name":"Technologies","item":"https:\/\/sic-lime.com\/fr\/technologies\/"},{"@type":"ListItem","position":3,"name":"Fours","item":"https:\/\/sic-lime.com\/fr\/technologies\/kilns\/"},{"@type":"ListItem","position":4,"name":"Fours \u00e0 cuve double","item":"https:\/\/sic-lime.com\/fr\/technologies\/kilns\/double-shaft-kilns\/"},{"@type":"ListItem","position":5,"name":"D.S.R. DOUBLE SHAFT ROUND"}]},{"@type":"WebSite","@id":"https:\/\/sic-lime.com\/fr\/#website","url":"https:\/\/sic-lime.com\/fr\/","name":"SIC Lime - Societ\u00e0 Impianti Calce S.r.l.","description":"","publisher":{"@id":"https:\/\/sic-lime.com\/fr\/#organization"},"potentialAction":[{"@type":"SearchAction","target":{"@type":"EntryPoint","urlTemplate":"https:\/\/sic-lime.com\/fr\/?s={search_term_string}"},"query-input":{"@type":"PropertyValueSpecification","valueRequired":true,"valueName":"search_term_string"}}],"inLanguage":"fr-FR"},{"@type":"Organization","@id":"https:\/\/sic-lime.com\/fr\/#organization","name":"SIC - Societ\u00e0 Impianti Calce S.r.l","url":"https:\/\/sic-lime.com\/fr\/","logo":{"@type":"ImageObject","inLanguage":"fr-FR","@id":"https:\/\/sic-lime.com\/fr\/#\/schema\/logo\/image\/","url":"https:\/\/sic-lime.com\/wp-content\/uploads\/2021\/10\/logo-rosso-nero.png","contentUrl":"https:\/\/sic-lime.com\/wp-content\/uploads\/2021\/10\/logo-rosso-nero.png","width":685,"height":393,"caption":"SIC - Societ\u00e0 Impianti Calce S.r.l"},"image":{"@id":"https:\/\/sic-lime.com\/fr\/#\/schema\/logo\/image\/"},"sameAs":["https:\/\/www.facebook.com\/SIC-Lime-Plants-and-Machines-Societ-Impianti-Calce-1667391000056560\/","https:\/\/www.linkedin.com\/company\/societ-impianti-calce-srl\/"]}]}},"_links":{"self":[{"href":"https:\/\/sic-lime.com\/fr\/wp-json\/wp\/v2\/pages\/4000","targetHints":{"allow":["GET"]}}],"collection":[{"href":"https:\/\/sic-lime.com\/fr\/wp-json\/wp\/v2\/pages"}],"about":[{"href":"https:\/\/sic-lime.com\/fr\/wp-json\/wp\/v2\/types\/page"}],"author":[{"embeddable":true,"href":"https:\/\/sic-lime.com\/fr\/wp-json\/wp\/v2\/users\/1"}],"replies":[{"embeddable":true,"href":"https:\/\/sic-lime.com\/fr\/wp-json\/wp\/v2\/comments?post=4000"}],"version-history":[{"count":5,"href":"https:\/\/sic-lime.com\/fr\/wp-json\/wp\/v2\/pages\/4000\/revisions"}],"predecessor-version":[{"id":6144,"href":"https:\/\/sic-lime.com\/fr\/wp-json\/wp\/v2\/pages\/4000\/revisions\/6144"}],"up":[{"embeddable":true,"href":"https:\/\/sic-lime.com\/fr\/wp-json\/wp\/v2\/pages\/3940"}],"wp:attachment":[{"href":"https:\/\/sic-lime.com\/fr\/wp-json\/wp\/v2\/media?parent=4000"}],"curies":[{"name":"wp","href":"https:\/\/api.w.org\/{rel}","templated":true}]}}