{"id":3940,"date":"2021-12-28T09:54:06","date_gmt":"2021-12-28T07:54:06","guid":{"rendered":"https:\/\/sic-lime.com\/forni-a-doppio-tino\/"},"modified":"2024-01-19T13:12:02","modified_gmt":"2024-01-19T11:12:02","slug":"fours-a-cuve-double","status":"publish","type":"page","link":"https:\/\/sic-lime.com\/fr\/technologies\/fours\/fours-a-cuve-double\/","title":{"rendered":"Fours \u00e0 cuve double"},"content":{"rendered":"<h1><strong>technologies<\/strong><\/h1>\n<p>\n    <a href=\"#\"><\/a>\n<\/p>\n<h2><span class=\"rosso\">f<\/span>ours \u00e0 cuve double<\/h2>\n<div>\n<p>Fours constitu\u00e9s par deux cuves unies dans lesquels<br \/>\nl\u2019\u00e9change thermique entre le combustible et le min\u00e9ral arrive en equicourant avec alternance des phases de combustion d\u2019une cuve \u00e0 l\u2019autre. Le principal champ d\u2019utilisation de ces fours est dans la production moyenne et grande de chaux ou quand on<br \/>\ndemande de la chaux \u00e0 haute ou tr\u00e8s haute r\u00e9activit\u00e9.<br \/>\nParticuli\u00e8rement indiqu\u00e9s pour leur stabilit\u00e9 de production.<\/p>\n<\/div>\n<ul>\n<li>\n<p>        <img decoding=\"async\" src=\"\/wp-content\/uploads\/2022\/01\/dss1.jpeg\" alt=\"\"><\/p>\n<h3>D.S.S. DOUBLE SHAFT SQUARE KILN<\/h3>\n<p><a href=\"\/fr\/technologies\/fours-a-cuve-double\/d-s-s-double-shaft-square\/\"><\/a><\/p>\n<\/li>\n<li>\n<p>        <img decoding=\"async\" src=\"\/wp-content\/uploads\/2022\/01\/dsr1.jpeg\" alt=\"\"><\/p>\n<h3> D.S.R. DOUBLE SHAFT ROUND KILN<\/h3>\n<p><a href=\"\/fr\/technologies\/fours-a-cuve-double\/d-s-r-double-shaft-round\/\"><\/a><\/p>\n<\/li>\n<\/ul>\n<div>\n<table border=\"0\" cellspacing=\"3\" cellpadding=\"5\" width=\"350\">\n<tbody>\n<tr>\n<td><strong>Production<\/strong><\/td>\n<td>de 150 \u00e0 350 T. <br \/>CaO \/ J<\/td>\n<\/tr>\n<tr>\n<td><strong>Consommation calorique<\/strong><\/td>\n<td>&lt;850 Kcal \/ Kg CaO<\/td>\n<\/tr>\n<tr>\n<td><strong>Consommation \u00e9lectrique<\/strong><\/td>\n<td>de 30 \u00e0 35 kW\/ T. CaO<\/td>\n<\/tr>\n<tr>\n<td><strong>Taille du calcaire<\/strong><\/td>\n<td>de 30 \u00e0 180 mm<\/td>\n<\/tr>\n<\/tbody>\n<\/table>\n<\/div>\n<div>\n<table border=\"0\" cellspacing=\"3\" cellpadding=\"5\" width=\"350\">\n<tbody>\n<tr>\n<td><strong>Production<\/strong><\/td>\n<td>de 250 \u00e0 700 T. <br \/>CaO \/ J<\/td>\n<\/tr>\n<tr>\n<td><strong>Consommation calorique<\/strong><\/td>\n<td>&lt;850 Kcal \/ Kg CaO<\/td>\n<\/tr>\n<tr>\n<td><strong>Consommation \u00e9lectrique<\/strong><\/td>\n<td>de 30 \u00e0 35 kWh \/ T. CaO<\/td>\n<\/tr>\n<tr>\n<td><strong>Taille du calcare<\/strong><\/td>\n<td>de 20 \u00e0 180 mm<\/td>\n<\/tr>\n<\/tbody>\n<\/table>\n<\/div>\n<p><!--more--><br \/>\n<!-- {\"name\":\"impianti\",\"type\":\"layout\",\"children\":[{\"type\":\"section\",\"props\":{\"css\":\".uk-container{\\nbackground: rgb(0,0,0);\\nbackground: linear-gradient(0deg, rgba(0,0,0,1) 0%, rgba(0,0,0,0) 53%);\\n    max-width: none;\\n}\",\"header_transparent\":\"light\",\"image\":\"wp-content\\\/uploads\\\/2021\\\/10\\\/christian-wiediger-QNpY_ce4qqA-unsplash-scaled.jpg\",\"image_position\":\"center-center\",\"padding\":\"large\",\"padding_remove_bottom\":true,\"style\":\"default\",\"title_breakpoint\":\"xl\",\"title_position\":\"top-left\",\"title_rotation\":\"left\",\"vertical_align\":\"middle\",\"width\":\"default\"},\"children\":[{\"type\":\"row\",\"children\":[{\"type\":\"column\",\"props\":{\"image_position\":\"center-center\",\"media_overlay_gradient\":\"\",\"position_sticky_breakpoint\":\"m\",\"vertical_align\":\"bottom\"},\"children\":[{\"type\":\"headline\",\"props\":{\"content\":\"<strong>technologies<\\\/strong>\",\"css\":\".el-element{\\n\\tcolor: #fff;\\n    text-shadow: 2px 2px 10px rgba(0,0,0,0.5);\\n}\",\"margin\":\"large\",\"margin_remove_bottom\":false,\"text_align\":\"center\",\"title_element\":\"h1\",\"title_style\":\"heading-small\"}},{\"type\":\"button\",\"props\":{\"css\":\"a{\\n\\tborder-radius: 40px;\\n    width: 60px;\\n    height: 60px;\\n    display: flex;\\n    align-items: center;\\n    border: 2px solid #fff;\\n    justify-content: center;\\n}\\n.el-content{\\n\\tpadding: 0px;\\n}\\nsvg{\\n\\twidth: 40px;\\n    height: 40px;\\n}\\n.el-element{\\n\\tposition: absolute;\\n    bottom: -30px;\\n    left: 50%;\\n    z-index: 99;\\n    transform: translate(-50%);\\n}\",\"grid_column_gap\":\"small\",\"grid_row_gap\":\"small\",\"margin\":\"default\",\"text_align\":\"center\"},\"children\":[{\"type\":\"button_item\",\"props\":{\"button_style\":\"default\",\"icon\":\"chevron-down\",\"icon_align\":\"left\",\"link\":\"#\"}}]}]}]}],\"modified\":\"2021-10-27T07:57:33.371Z\",\"name\":\"top-azienda\"},{\"type\":\"section\",\"props\":{\"image_position\":\"center-center\",\"style\":\"default\",\"title_breakpoint\":\"xl\",\"title_position\":\"top-left\",\"title_rotation\":\"left\",\"vertical_align\":\"middle\",\"width\":\"default\"},\"children\":[{\"type\":\"row\",\"children\":[{\"type\":\"column\",\"props\":{\"image_position\":\"center-center\",\"media_overlay_gradient\":\"\",\"position_sticky_breakpoint\":\"m\"},\"children\":[{\"type\":\"breadcrumbs\",\"props\":{\"show_current\":true,\"show_home\":true}}]}],\"props\":{\"margin\":\"medium\"}},{\"type\":\"row\",\"children\":[{\"type\":\"column\",\"props\":{\"image_position\":\"center-center\",\"media_overlay_gradient\":\"\",\"position_sticky_breakpoint\":\"m\"},\"children\":[{\"type\":\"headline\",\"props\":{\"content\":\"<span class=\\\"rosso\\\">f<\\\/span>ours \\u00e0 cuve double\",\"margin_remove_top\":true,\"text_align\":\"center\",\"title_element\":\"h2\"},\"modified\":\"2021-10-27T08:05:54.071Z\",\"name\":\"titoli\"},{\"type\":\"text\",\"props\":{\"column_breakpoint\":\"m\",\"content\":\"\n\n<p>Fours constitu\\u00e9s par deux cuves unies dans lesquels\\nl\\u2019\\u00e9change thermique entre le combustible et le min\\u00e9ral arrive en equicourant avec alternance des phases de combustion d\\u2019une cuve \\u00e0 l\\u2019autre. Le principal champ d\\u2019utilisation de ces fours est dans la production moyenne et grande de chaux ou quand on\\ndemande de la chaux \\u00e0 haute ou tr\\u00e8s haute r\\u00e9activit\\u00e9.\\nParticuli\\u00e8rement indiqu\\u00e9s pour leur stabilit\\u00e9 de production.<\\\/p>\",\"margin\":\"default\"}},{\"type\":\"grid\",\"props\":{\"content_column_breakpoint\":\"m\",\"css\":\".el-item{\\n\\ttransition: 0.2s ease-in-out;\\n}\\n.el-item:hover{\\n    transform: scale(1.07);\\n    transition: 0.2s ease-in-out;\\n}\",\"filter_align\":\"left\",\"filter_all\":true,\"filter_grid_breakpoint\":\"m\",\"filter_grid_width\":\"auto\",\"filter_position\":\"top\",\"filter_style\":\"tab\",\"grid_default\":\"1\",\"grid_medium\":\"\",\"grid_small\":\"2\",\"icon_width\":80,\"image_align\":\"top\",\"image_grid_breakpoint\":\"m\",\"image_grid_width\":\"1-2\",\"image_height\":\"160\",\"image_svg_color\":\"emphasis\",\"image_width\":\"160\",\"item_animation\":true,\"link_style\":\"default\",\"link_text\":\"\",\"margin\":\"large\",\"meta_align\":\"below-title\",\"meta_element\":\"div\",\"meta_style\":\"text-meta\",\"panel_link\":true,\"parallax_easing\":\"1\",\"show_content\":true,\"show_image\":true,\"show_link\":true,\"show_meta\":true,\"show_title\":true,\"text_align\":\"center\",\"title_align\":\"top\",\"title_element\":\"h3\",\"title_grid_breakpoint\":\"m\",\"title_grid_width\":\"1-2\",\"title_hover_style\":\"reset\",\"title_style\":\"h5\"},\"children\":[{\"type\":\"grid_item\",\"props\":{\"image\":\"wp-content\\\/uploads\\\/2022\\\/01\\\/dss1.jpeg\",\"link\":\"fr\\\/technologies\\\/fours-a-cuve-double\\\/d-s-s-double-shaft-square\\\/\",\"title\":\"D.S.S. DOUBLE SHAFT SQUARE KILN\"}},{\"type\":\"grid_item\",\"props\":{\"image\":\"wp-content\\\/uploads\\\/2022\\\/01\\\/dsr1.jpeg\",\"link\":\"fr\\\/technologies\\\/fours-a-cuve-double\\\/d-s-r-double-shaft-round\\\/\",\"title\":\" D.S.R. DOUBLE SHAFT ROUND KILN\"}}]}]}],\"props\":{\"margin_remove_top\":false}},{\"type\":\"row\",\"props\":{\"column_gap\":\"large\",\"layout\":\"1-2,1-2\",\"margin\":\"medium\",\"margin_remove_bottom\":false},\"children\":[{\"type\":\"column\",\"props\":{\"css\":\"@media(max-width: 640px){\\n    .uk-tile{\\n    \\tbackground-color: transparent;\\n        padding: 0px;\\n    }\\n    table{\\n    \\tmargin: auto;\\n    }\\n}\\t\",\"image_position\":\"center-center\",\"media_overlay_gradient\":\"\",\"padding\":\"small\",\"position_sticky_breakpoint\":\"m\",\"style\":\"muted\",\"width_medium\":\"1-2\"},\"children\":[{\"type\":\"text\",\"props\":{\"column_breakpoint\":\"m\",\"content\":\"\n\n<table border=\\\"0\\\" cellspacing=\\\"3\\\" cellpadding=\\\"5\\\" width=\\\"350\\\">\\n\n\n<tbody>\\n\n\n<tr>\\n\n\n<td><strong>Production<\\\/strong><\\\/td>\\n\n\n<td>de 150 \\u00e0 350 T. <br \/>CaO \\\/ J<\\\/td>\\n<\\\/tr>\\n\n\n<tr>\\n\n\n<td><strong>Consommation calorique<\\\/strong><\\\/td>\\n\n\n<td>&lt;850 Kcal \\\/ Kg CaO<\\\/td>\\n<\\\/tr>\\n\n\n<tr>\\n\n\n<td><strong>Consommation \\u00e9lectrique<\\\/strong><\\\/td>\\n\n\n<td>de 30 \\u00e0 35 kW\\\/ T. CaO<\\\/td>\\n<\\\/tr>\\n\n\n<tr>\\n\n\n<td><strong>Taille du calcaire<\\\/strong><\\\/td>\\n\n\n<td>de 30 \\u00e0 180 mm<\\\/td>\\n<\\\/tr>\\n<\\\/tbody>\\n<\\\/table>\",\"css\":\"td{\\n   border-bottom: 1px solid grey; \\n    }\\n@media(max-width: 640px){\\n    td{\\n    \\tfont-size: 12px;\\n        padding: 8px;\\n    }\\n}\",\"margin\":\"default\"}}]},{\"type\":\"column\",\"props\":{\"image_position\":\"center-center\",\"media_overlay_gradient\":\"\",\"padding\":\"small\",\"position_sticky_breakpoint\":\"m\",\"style\":\"muted\",\"width_medium\":\"1-2\"},\"children\":[{\"type\":\"text\",\"props\":{\"column_breakpoint\":\"m\",\"content\":\"\n\n<table border=\\\"0\\\" cellspacing=\\\"3\\\" cellpadding=\\\"5\\\" width=\\\"350\\\">\\n\n\n<tbody>\\n\n\n<tr>\\n\n\n<td><strong>Production<\\\/strong><\\\/td>\\n\n\n<td>de 250 \\u00e0 700 T. <br \/>CaO \\\/ J<\\\/td>\\n<\\\/tr>\\n\n\n<tr>\\n\n\n<td><strong>Consommation calorique<\\\/strong><\\\/td>\\n\n\n<td>&lt;850 Kcal \\\/ Kg CaO<\\\/td>\\n<\\\/tr>\\n\n\n<tr>\\n\n\n<td><strong>Consommation \\u00e9lectrique<\\\/strong><\\\/td>\\n\n\n<td>de 30 \\u00e0 35 kWh \\\/ T. CaO<\\\/td>\\n<\\\/tr>\\n\n\n<tr>\\n\n\n<td><strong>Taille du calcare<\\\/strong><\\\/td>\\n\n\n<td>de 20 \\u00e0 180 mm<\\\/td>\\n<\\\/tr>\\n<\\\/tbody>\\n<\\\/table>\",\"css\":\"td{\\n   border-bottom: 1px solid grey; \\n    }\\n@media(max-width: 640px){\\n    td{\\n    \\tfont-size: 12px;\\n        padding: 8px;\\n    }\\n}\",\"margin\":\"default\"}}]}]}]}],\"version\":\"3.0.25\"} --><\/p>\n","protected":false},"excerpt":{"rendered":"<p>technologies fours \u00e0 cuve double Fours constitu\u00e9s par deux cuves unies dans lesquels l\u2019\u00e9change thermique entre le combustible et le min\u00e9ral arrive en equicourant avec alternance des phases de combustion d\u2019une cuve \u00e0 l\u2019autre. Le principal champ d\u2019utilisation de ces fours est dans la production moyenne et grande de chaux ou quand on demande de [&hellip;]<\/p>\n","protected":false},"author":1,"featured_media":0,"parent":4560,"menu_order":0,"comment_status":"closed","ping_status":"closed","template":"","meta":{"footnotes":""},"class_list":["post-3940","page","type-page","status-publish","hentry"],"yoast_head":"<!-- This site is optimized with the Yoast SEO plugin v26.0 - https:\/\/yoast.com\/wordpress\/plugins\/seo\/ -->\n<title>Fours \u00e0 cuve double - SIC Lime - Societ\u00e0 Impianti Calce S.r.l.<\/title>\n<meta name=\"robots\" content=\"index, follow, max-snippet:-1, max-image-preview:large, max-video-preview:-1\" \/>\n<link rel=\"canonical\" href=\"https:\/\/sic-lime.com\/fr\/technologies\/fours\/fours-a-cuve-double\/\" \/>\n<meta property=\"og:locale\" content=\"fr_FR\" \/>\n<meta property=\"og:type\" content=\"article\" \/>\n<meta property=\"og:title\" content=\"Fours \u00e0 cuve double - SIC Lime - Societ\u00e0 Impianti Calce S.r.l.\" \/>\n<meta property=\"og:description\" content=\"technologies fours \u00e0 cuve double Fours constitu\u00e9s par deux cuves unies dans lesquels l\u2019\u00e9change thermique entre le combustible et le min\u00e9ral arrive en equicourant avec alternance des phases de combustion d\u2019une cuve \u00e0 l\u2019autre. Le principal champ d\u2019utilisation de ces fours est dans la production moyenne et grande de chaux ou quand on demande de [&hellip;]\" \/>\n<meta property=\"og:url\" content=\"https:\/\/sic-lime.com\/fr\/technologies\/fours\/fours-a-cuve-double\/\" \/>\n<meta property=\"og:site_name\" content=\"SIC Lime - Societ\u00e0 Impianti Calce S.r.l.\" \/>\n<meta property=\"article:publisher\" content=\"https:\/\/www.facebook.com\/SIC-Lime-Plants-and-Machines-Societ-Impianti-Calce-1667391000056560\/\" \/>\n<meta property=\"article:modified_time\" content=\"2024-01-19T11:12:02+00:00\" \/>\n<meta name=\"twitter:card\" content=\"summary_large_image\" \/>\n<meta name=\"twitter:label1\" content=\"Dur\u00e9e de lecture estim\u00e9e\" \/>\n\t<meta name=\"twitter:data1\" content=\"1 minute\" \/>\n<script type=\"application\/ld+json\" class=\"yoast-schema-graph\">{\"@context\":\"https:\/\/schema.org\",\"@graph\":[{\"@type\":\"WebPage\",\"@id\":\"https:\/\/sic-lime.com\/fr\/technologies\/fours\/fours-a-cuve-double\/\",\"url\":\"https:\/\/sic-lime.com\/fr\/technologies\/fours\/fours-a-cuve-double\/\",\"name\":\"Fours \u00e0 cuve double - SIC Lime - Societ\u00e0 Impianti Calce S.r.l.\",\"isPartOf\":{\"@id\":\"https:\/\/sic-lime.com\/fr\/#website\"},\"datePublished\":\"2021-12-28T07:54:06+00:00\",\"dateModified\":\"2024-01-19T11:12:02+00:00\",\"breadcrumb\":{\"@id\":\"https:\/\/sic-lime.com\/fr\/technologies\/fours\/fours-a-cuve-double\/#breadcrumb\"},\"inLanguage\":\"fr-FR\",\"potentialAction\":[{\"@type\":\"ReadAction\",\"target\":[\"https:\/\/sic-lime.com\/fr\/technologies\/fours\/fours-a-cuve-double\/\"]}]},{\"@type\":\"BreadcrumbList\",\"@id\":\"https:\/\/sic-lime.com\/fr\/technologies\/fours\/fours-a-cuve-double\/#breadcrumb\",\"itemListElement\":[{\"@type\":\"ListItem\",\"position\":1,\"name\":\"Home\",\"item\":\"https:\/\/sic-lime.com\/fr\/\"},{\"@type\":\"ListItem\",\"position\":2,\"name\":\"Technologies\",\"item\":\"https:\/\/sic-lime.com\/fr\/technologies\/\"},{\"@type\":\"ListItem\",\"position\":3,\"name\":\"Fours\",\"item\":\"https:\/\/sic-lime.com\/fr\/technologies\/kilns\/\"},{\"@type\":\"ListItem\",\"position\":4,\"name\":\"Fours \u00e0 cuve double\"}]},{\"@type\":\"WebSite\",\"@id\":\"https:\/\/sic-lime.com\/fr\/#website\",\"url\":\"https:\/\/sic-lime.com\/fr\/\",\"name\":\"SIC Lime - Societ\u00e0 Impianti Calce S.r.l.\",\"description\":\"\",\"publisher\":{\"@id\":\"https:\/\/sic-lime.com\/fr\/#organization\"},\"potentialAction\":[{\"@type\":\"SearchAction\",\"target\":{\"@type\":\"EntryPoint\",\"urlTemplate\":\"https:\/\/sic-lime.com\/fr\/?s={search_term_string}\"},\"query-input\":{\"@type\":\"PropertyValueSpecification\",\"valueRequired\":true,\"valueName\":\"search_term_string\"}}],\"inLanguage\":\"fr-FR\"},{\"@type\":\"Organization\",\"@id\":\"https:\/\/sic-lime.com\/fr\/#organization\",\"name\":\"SIC - Societ\u00e0 Impianti Calce S.r.l\",\"url\":\"https:\/\/sic-lime.com\/fr\/\",\"logo\":{\"@type\":\"ImageObject\",\"inLanguage\":\"fr-FR\",\"@id\":\"https:\/\/sic-lime.com\/fr\/#\/schema\/logo\/image\/\",\"url\":\"https:\/\/sic-lime.com\/wp-content\/uploads\/2021\/10\/logo-rosso-nero.png\",\"contentUrl\":\"https:\/\/sic-lime.com\/wp-content\/uploads\/2021\/10\/logo-rosso-nero.png\",\"width\":685,\"height\":393,\"caption\":\"SIC - Societ\u00e0 Impianti Calce S.r.l\"},\"image\":{\"@id\":\"https:\/\/sic-lime.com\/fr\/#\/schema\/logo\/image\/\"},\"sameAs\":[\"https:\/\/www.facebook.com\/SIC-Lime-Plants-and-Machines-Societ-Impianti-Calce-1667391000056560\/\",\"https:\/\/www.linkedin.com\/company\/societ-impianti-calce-srl\/\"]}]}<\/script>\n<!-- \/ Yoast SEO plugin. -->","yoast_head_json":{"title":"Fours \u00e0 cuve double - SIC Lime - Societ\u00e0 Impianti Calce S.r.l.","robots":{"index":"index","follow":"follow","max-snippet":"max-snippet:-1","max-image-preview":"max-image-preview:large","max-video-preview":"max-video-preview:-1"},"canonical":"https:\/\/sic-lime.com\/fr\/technologies\/fours\/fours-a-cuve-double\/","og_locale":"fr_FR","og_type":"article","og_title":"Fours \u00e0 cuve double - SIC Lime - Societ\u00e0 Impianti Calce S.r.l.","og_description":"technologies fours \u00e0 cuve double Fours constitu\u00e9s par deux cuves unies dans lesquels l\u2019\u00e9change thermique entre le combustible et le min\u00e9ral arrive en equicourant avec alternance des phases de combustion d\u2019une cuve \u00e0 l\u2019autre. Le principal champ d\u2019utilisation de ces fours est dans la production moyenne et grande de chaux ou quand on demande de [&hellip;]","og_url":"https:\/\/sic-lime.com\/fr\/technologies\/fours\/fours-a-cuve-double\/","og_site_name":"SIC Lime - Societ\u00e0 Impianti Calce S.r.l.","article_publisher":"https:\/\/www.facebook.com\/SIC-Lime-Plants-and-Machines-Societ-Impianti-Calce-1667391000056560\/","article_modified_time":"2024-01-19T11:12:02+00:00","twitter_card":"summary_large_image","twitter_misc":{"Dur\u00e9e de lecture estim\u00e9e":"1 minute"},"schema":{"@context":"https:\/\/schema.org","@graph":[{"@type":"WebPage","@id":"https:\/\/sic-lime.com\/fr\/technologies\/fours\/fours-a-cuve-double\/","url":"https:\/\/sic-lime.com\/fr\/technologies\/fours\/fours-a-cuve-double\/","name":"Fours \u00e0 cuve double - SIC Lime - Societ\u00e0 Impianti Calce S.r.l.","isPartOf":{"@id":"https:\/\/sic-lime.com\/fr\/#website"},"datePublished":"2021-12-28T07:54:06+00:00","dateModified":"2024-01-19T11:12:02+00:00","breadcrumb":{"@id":"https:\/\/sic-lime.com\/fr\/technologies\/fours\/fours-a-cuve-double\/#breadcrumb"},"inLanguage":"fr-FR","potentialAction":[{"@type":"ReadAction","target":["https:\/\/sic-lime.com\/fr\/technologies\/fours\/fours-a-cuve-double\/"]}]},{"@type":"BreadcrumbList","@id":"https:\/\/sic-lime.com\/fr\/technologies\/fours\/fours-a-cuve-double\/#breadcrumb","itemListElement":[{"@type":"ListItem","position":1,"name":"Home","item":"https:\/\/sic-lime.com\/fr\/"},{"@type":"ListItem","position":2,"name":"Technologies","item":"https:\/\/sic-lime.com\/fr\/technologies\/"},{"@type":"ListItem","position":3,"name":"Fours","item":"https:\/\/sic-lime.com\/fr\/technologies\/kilns\/"},{"@type":"ListItem","position":4,"name":"Fours \u00e0 cuve double"}]},{"@type":"WebSite","@id":"https:\/\/sic-lime.com\/fr\/#website","url":"https:\/\/sic-lime.com\/fr\/","name":"SIC Lime - Societ\u00e0 Impianti Calce S.r.l.","description":"","publisher":{"@id":"https:\/\/sic-lime.com\/fr\/#organization"},"potentialAction":[{"@type":"SearchAction","target":{"@type":"EntryPoint","urlTemplate":"https:\/\/sic-lime.com\/fr\/?s={search_term_string}"},"query-input":{"@type":"PropertyValueSpecification","valueRequired":true,"valueName":"search_term_string"}}],"inLanguage":"fr-FR"},{"@type":"Organization","@id":"https:\/\/sic-lime.com\/fr\/#organization","name":"SIC - Societ\u00e0 Impianti Calce S.r.l","url":"https:\/\/sic-lime.com\/fr\/","logo":{"@type":"ImageObject","inLanguage":"fr-FR","@id":"https:\/\/sic-lime.com\/fr\/#\/schema\/logo\/image\/","url":"https:\/\/sic-lime.com\/wp-content\/uploads\/2021\/10\/logo-rosso-nero.png","contentUrl":"https:\/\/sic-lime.com\/wp-content\/uploads\/2021\/10\/logo-rosso-nero.png","width":685,"height":393,"caption":"SIC - Societ\u00e0 Impianti Calce S.r.l"},"image":{"@id":"https:\/\/sic-lime.com\/fr\/#\/schema\/logo\/image\/"},"sameAs":["https:\/\/www.facebook.com\/SIC-Lime-Plants-and-Machines-Societ-Impianti-Calce-1667391000056560\/","https:\/\/www.linkedin.com\/company\/societ-impianti-calce-srl\/"]}]}},"_links":{"self":[{"href":"https:\/\/sic-lime.com\/fr\/wp-json\/wp\/v2\/pages\/3940","targetHints":{"allow":["GET"]}}],"collection":[{"href":"https:\/\/sic-lime.com\/fr\/wp-json\/wp\/v2\/pages"}],"about":[{"href":"https:\/\/sic-lime.com\/fr\/wp-json\/wp\/v2\/types\/page"}],"author":[{"embeddable":true,"href":"https:\/\/sic-lime.com\/fr\/wp-json\/wp\/v2\/users\/1"}],"replies":[{"embeddable":true,"href":"https:\/\/sic-lime.com\/fr\/wp-json\/wp\/v2\/comments?post=3940"}],"version-history":[{"count":8,"href":"https:\/\/sic-lime.com\/fr\/wp-json\/wp\/v2\/pages\/3940\/revisions"}],"predecessor-version":[{"id":6327,"href":"https:\/\/sic-lime.com\/fr\/wp-json\/wp\/v2\/pages\/3940\/revisions\/6327"}],"up":[{"embeddable":true,"href":"https:\/\/sic-lime.com\/fr\/wp-json\/wp\/v2\/pages\/4560"}],"wp:attachment":[{"href":"https:\/\/sic-lime.com\/fr\/wp-json\/wp\/v2\/media?parent=3940"}],"curies":[{"name":"wp","href":"https:\/\/api.w.org\/{rel}","templated":true}]}}