{"id":3908,"date":"2022-01-03T11:32:14","date_gmt":"2022-01-03T09:32:14","guid":{"rendered":"https:\/\/sic-lime.com\/fours-a-cuve-unique\/m-x-mix-fire\/"},"modified":"2022-07-28T11:05:29","modified_gmt":"2022-07-28T09:05:29","slug":"m-x-mix-fire","status":"publish","type":"page","link":"https:\/\/sic-lime.com\/fr\/technologies\/fours\/fours-a-cuve-unique\/m-x-mix-fire\/","title":{"rendered":"M.X. MIX FIRE"},"content":{"rendered":"<h1><strong>TECHNOLOGIES<br \/>\n<\/strong><\/h1>\n<p>\n    <a href=\"#\"><\/a>\n<\/p>\n<h2><span class=\"rosso\">F<\/span>ours \u00e0 <span class=\"rosso\">c<\/span>uve <span class=\"rosso\">u<\/span>nique<\/h2>\n<h3><span class=\"rosso\">M<\/span>.X. <span class=\"rosso\">M<\/span>IX <span class=\"rosso\">F<\/span>IRE<\/h3>\n<p><img decoding=\"async\" src=\"\/wp-content\/uploads\/2022\/04\/MX-single-shaft-kiln.jpg\" alt=\"\"><\/p>\n<h4><strong>NOTES TECHNOLOGIQUES<br \/>\n<\/strong><\/h4>\n<div>\n<p>Les fours du type<strong> M.X.<\/strong> sont de type \u00e0 cuve unique, avec section ronde et circulation des gaz \u00e0 contre-courant.<\/p>\n<p>Le combustible (petcoke ou charbon) est dos\u00e9 et distribu\u00e9 en taille \u00e0 l\u2019int\u00e9rieur de la cuve m\u00e9lang\u00e9e au calcaire<\/p>\n<\/div>\n<h4><strong>FACTEURS DE SUCC\u00c8S <\/strong><\/h4>\n<div>\n<ul>\n<li>Grande simplicit\u00e9 de gestion<\/li>\n<li>Faible co\u00fbt de maintenance<\/li>\n<li>Utilisation de combustible en taille<\/li>\n<li>Tr\u00e8s haut concentration de CO<sub>2<\/sub> \u00e0 la chemin\u00e9e<\/li>\n<li>Faible co\u00fbt d\u2019investissement<\/li>\n<\/ul>\n<\/div>\n<h4><strong>DONN\u00c9ES TECHNIQUES<br \/>\n<\/strong><\/h4>\n<div>\n<table border=\"0\" width=\"350\">\n<tbody>\n<tr>\n<td><strong>Taille calcaire<\/strong><\/td>\n<td>60 \u00f7 180 mm<\/td>\n<\/tr>\n<tr>\n<td><strong>Taille combustible<\/strong><\/td>\n<td>20 \u00f7 60 mm<\/td>\n<\/tr>\n<tr>\n<td><strong>Production<\/strong><\/td>\n<td>15 \u00f7 300 Tonnes CaO\/D<\/td>\n<\/tr>\n<tr>\n<td><strong>Combustible<\/strong><\/td>\n<td>pet coke, houille<\/td>\n<\/tr>\n<tr>\n<td><strong>Reactivit\u00e9 T<sub>60<\/sub><\/strong><\/td>\n<td>\u2264 2,0 min (moyenne r\u00e9activit\u00e9)<br \/>\u2264 10 min (basse r\u00e9activit\u00e9)<\/td>\n<\/tr>\n<tr>\n<td><strong>Consommation \u00e9lectrique<\/strong><\/td>\n<td>&lt; 10 kWh \/Tonnes CaO<\/td>\n<\/tr>\n<tr>\n<td><strong>Consommation calorique<\/strong><\/td>\n<td>&lt;1.000 \u00e0 1.050 Kcal \/ Kg. CaO<\/td>\n<\/tr>\n<tr>\n<td><strong>L.O.I.<\/strong><\/td>\n<td>&lt;2%<\/td>\n<\/tr>\n<\/tbody>\n<\/table>\n<\/div>\n<p><!--more--><br \/>\n<!-- {\"name\":\"cbk\",\"type\":\"layout\",\"children\":[{\"type\":\"section\",\"props\":{\"style\":\"default\",\"width\":\"default\",\"vertical_align\":\"middle\",\"title_position\":\"top-left\",\"title_rotation\":\"left\",\"title_breakpoint\":\"xl\",\"image_position\":\"center-center\",\"image\":\"wp-content\\\/uploads\\\/2022\\\/02\\\/A-scaled.jpg\",\"header_transparent\":\"light\",\"padding\":\"large\",\"padding_remove_bottom\":true,\"css\":\".uk-container{\\nbackground: rgb(0,0,0);\\nbackground: linear-gradient(0deg, rgba(0,0,0,1) 0%, rgba(0,0,0,0) 53%);\\n    max-width: none;\\n}\",\"class\":\"prima-sezione\"},\"children\":[{\"type\":\"row\",\"children\":[{\"type\":\"column\",\"props\":{\"image_position\":\"center-center\",\"media_overlay_gradient\":\"\",\"vertical_align\":\"bottom\",\"position_sticky_breakpoint\":\"m\"},\"children\":[{\"type\":\"headline\",\"props\":{\"title_element\":\"h1\",\"content\":\"<strong>TECHNOLOGIES\\n<\\\/strong>\",\"text_align\":\"center\",\"css\":\".el-element{\\n\\tcolor: #fff;\\n    text-shadow: 2px 2px 10px rgba(0,0,0,0.5);\\n}\",\"title_style\":\"heading-small\",\"margin_remove_bottom\":false,\"margin\":\"large\"}},{\"type\":\"button\",\"props\":{\"grid_column_gap\":\"small\",\"grid_row_gap\":\"small\",\"margin\":\"default\",\"text_align\":\"center\",\"css\":\"a{\\n\\tborder-radius: 40px;\\n    width: 60px;\\n    height: 60px;\\n    display: flex;\\n    align-items: center;\\n    border: 2px solid #fff;\\n    justify-content: center;\\n}\\n.el-content{\\n\\tpadding: 0px;\\n}\\nsvg{\\n\\twidth: 40px;\\n    height: 40px;\\n}\\n.el-element{\\n\\tposition: absolute;\\n    bottom: -30px;\\n    left: 50%;\\n    z-index: 99;\\n    transform: translate(-50%);\\n}\",\"class\":\"bottone-freccia\"},\"children\":[{\"type\":\"button_item\",\"props\":{\"button_style\":\"default\",\"icon_align\":\"left\",\"link\":\"#\",\"icon\":\"chevron-down\"}}]}]}]}],\"modified\":\"2021-10-27T07:57:33.371Z\",\"name\":\"top-azienda\"},{\"type\":\"section\",\"props\":{\"style\":\"default\",\"width\":\"default\",\"vertical_align\":\"middle\",\"title_position\":\"top-left\",\"title_rotation\":\"left\",\"title_breakpoint\":\"xl\",\"image_position\":\"center-center\"},\"children\":[{\"type\":\"row\",\"children\":[{\"type\":\"column\",\"props\":{\"image_position\":\"center-center\",\"media_overlay_gradient\":\"\",\"position_sticky_breakpoint\":\"m\"},\"children\":[{\"type\":\"breadcrumbs\",\"props\":{\"show_home\":true,\"show_current\":true}}]}]},{\"type\":\"row\",\"children\":[{\"type\":\"column\",\"props\":{\"image_position\":\"center-center\",\"media_overlay_gradient\":\"\",\"position_sticky_breakpoint\":\"m\"},\"children\":[{\"type\":\"headline\",\"props\":{\"title_element\":\"h2\",\"text_align\":\"center\",\"margin_remove_top\":true,\"content\":\"<span class=\\\"rosso\\\">F<\\\/span>ours \\u00e0 <span class=\\\"rosso\\\">c<\\\/span>uve <span class=\\\"rosso\\\">u<\\\/span>nique\"},\"modified\":\"2021-10-27T08:05:54.071Z\",\"name\":\"titoli\"},{\"type\":\"headline\",\"props\":{\"title_element\":\"h3\",\"text_align\":\"center\",\"margin_remove_top\":true,\"content\":\"<span class=\\\"rosso\\\">M<\\\/span>.X. <span class=\\\"rosso\\\">M<\\\/span>IX <span class=\\\"rosso\\\">F<\\\/span>IRE\"},\"modified\":\"2021-10-27T08:05:54.071Z\",\"name\":\"titoli\"}]}]},{\"type\":\"row\",\"props\":{\"layout\":\"1-5,4-5\",\"margin\":\"medium\"},\"children\":[{\"type\":\"column\",\"props\":{\"image_position\":\"center-center\",\"media_overlay_gradient\":\"\",\"width_medium\":\"1-5\",\"position_sticky_breakpoint\":\"m\"},\"children\":[{\"type\":\"image\",\"props\":{\"margin\":\"default\",\"image_svg_color\":\"emphasis\",\"image\":\"wp-content\\\/uploads\\\/2022\\\/04\\\/MX-single-shaft-kiln.jpg\",\"text_align\":\"left\",\"text_align_breakpoint\":\"m\",\"text_align_fallback\":\"center\"}}]},{\"type\":\"column\",\"props\":{\"image_position\":\"center-center\",\"media_overlay_gradient\":\"\",\"width_medium\":\"4-5\",\"vertical_align\":\"middle\",\"position_sticky_breakpoint\":\"m\"},\"children\":[{\"type\":\"headline\",\"props\":{\"title_element\":\"h4\",\"margin_remove_top\":true,\"content\":\"<strong>NOTES TECHNOLOGIQUES\\n<\\\/strong>\"},\"modified\":\"2021-10-27T08:05:54.071Z\",\"name\":\"titoli\"},{\"type\":\"text\",\"props\":{\"margin\":\"default\",\"column_breakpoint\":\"m\",\"content\":\"\n\n<p>Les fours du type<strong> M.X.<\\\/strong> sont de type \\u00e0 cuve unique, avec section ronde et circulation des gaz \\u00e0 contre-courant.<\\\/p>\\n\n\n<p>Le combustible (petcoke ou charbon) est dos\\u00e9 et distribu\\u00e9 en taille \\u00e0 l\\u2019int\\u00e9rieur de la cuve m\\u00e9lang\\u00e9e au calcaire<\\\/p>\",\"text_align\":\"justify\"}}]}]},{\"type\":\"row\",\"children\":[{\"type\":\"column\",\"props\":{\"image_position\":\"center-center\",\"media_overlay_gradient\":\"\",\"width_medium\":\"\",\"padding\":\"small\",\"position_sticky_breakpoint\":\"m\"},\"children\":[{\"type\":\"headline\",\"props\":{\"title_element\":\"h4\",\"margin_remove_top\":true,\"content\":\"<strong>FACTEURS DE SUCC\\u00c8S <\\\/strong>\"},\"modified\":\"2021-10-27T08:05:54.071Z\",\"name\":\"titoli\"},{\"type\":\"text\",\"props\":{\"margin\":\"default\",\"column_breakpoint\":\"m\",\"content\":\"\n\n<ul>\\n\n\n<li>Grande simplicit\\u00e9 de gestion<\\\/li>\\n\n\n<li>Faible co\\u00fbt de maintenance<\\\/li>\\n\n\n<li>Utilisation de combustible en taille<\\\/li>\\n\n\n<li>Tr\\u00e8s haut concentration de CO<sub>2<\\\/sub> \\u00e0 la chemin\\u00e9e<\\\/li>\\n\n\n<li>Faible co\\u00fbt d\\u2019investissement<\\\/li>\\n<\\\/ul>\",\"text_align\":\"justify\"}}]}]},{\"type\":\"row\",\"props\":{\"margin\":\"medium\"},\"children\":[{\"type\":\"column\",\"props\":{\"image_position\":\"center-center\",\"media_overlay_gradient\":\"\",\"position_sticky_breakpoint\":\"m\"},\"children\":[{\"type\":\"headline\",\"props\":{\"title_element\":\"h4\",\"margin_remove_top\":true,\"content\":\"<strong>DONN\\u00c9ES TECHNIQUES \\n<\\\/strong>\"},\"modified\":\"2021-10-27T08:05:54.071Z\",\"name\":\"titoli\"},{\"type\":\"text\",\"props\":{\"margin\":\"default\",\"column_breakpoint\":\"m\",\"content\":\"\n\n<table border=\\\"0\\\" width=\\\"350\\\">\\n\n\n<tbody>\\n\n\n<tr>\\n\n\n<td><strong>Taille calcaire<\\\/strong><\\\/td>\\n\n\n<td>60 \\u00f7 180 mm<\\\/td>\\n<\\\/tr>\\n\n\n<tr>\\n\n\n<td><strong>Taille combustible<\\\/strong><\\\/td>\\n\n\n<td>20 \\u00f7 60 mm<\\\/td>\\n<\\\/tr>\\n\n\n<tr>\\n\n\n<td><strong>Production<\\\/strong><\\\/td>\\n\n\n<td>15 \\u00f7 300 Tonnes CaO\\\/D<\\\/td>\\n<\\\/tr>\\n\n\n<tr>\\n\n\n<td><strong>Combustible<\\\/strong><\\\/td>\\n\n\n<td>pet coke, houille<\\\/td>\\n<\\\/tr>\\n\n\n<tr>\\n\n\n<td><strong>Reactivit\\u00e9 T<sub>60<\\\/sub><\\\/strong><\\\/td>\\n\n\n<td>\\u2264 2,0 min (moyenne r\\u00e9activit\\u00e9)<br \\\/>\\u2264 10 min (basse r\\u00e9activit\\u00e9)<\\\/td>\\n<\\\/tr>\\n\n\n<tr>\\n\n\n<td><strong>Consommation \\u00e9lectrique<\\\/strong><\\\/td>\\n\n\n<td>&lt; 10 kWh \\\/Tonnes CaO<\\\/td>\\n<\\\/tr>\\n\n\n<tr>\\n\n\n<td><strong>Consommation calorique<\\\/strong><\\\/td>\\n\n\n<td>&lt;1.000 \\u00e0 1.050 Kcal \\\/ Kg. CaO<\\\/td>\\n<\\\/tr>\\n\n\n<tr>\\n\n\n<td><strong>L.O.I.<\\\/strong><\\\/td>\\n\n\n<td>&lt;2%<\\\/td>\\n<\\\/tr>\\n<\\\/tbody>\\n<\\\/table>\",\"text_align\":\"justify\",\"css\":\"td{\\n\\tborder-bottom: 1px solid grey;\\n}\"}}]}]}]}],\"version\":\"2.7.22\"} --><\/p>\n","protected":false},"excerpt":{"rendered":"<p>TECHNOLOGIES Fours \u00e0 cuve unique M.X. MIX FIRE NOTES TECHNOLOGIQUES Les fours du type M.X. sont de type \u00e0 cuve unique, avec section ronde et circulation des gaz \u00e0 contre-courant. Le combustible (petcoke ou charbon) est dos\u00e9 et distribu\u00e9 en taille \u00e0 l\u2019int\u00e9rieur de la cuve m\u00e9lang\u00e9e au calcaire FACTEURS DE SUCC\u00c8S Grande simplicit\u00e9 de [&hellip;]<\/p>\n","protected":false},"author":1,"featured_media":0,"parent":3830,"menu_order":0,"comment_status":"closed","ping_status":"closed","template":"","meta":{"footnotes":""},"class_list":["post-3908","page","type-page","status-publish","hentry"],"yoast_head":"<!-- This site is optimized with the Yoast SEO plugin v26.0 - https:\/\/yoast.com\/wordpress\/plugins\/seo\/ -->\n<title>M.X. MIX FIRE - SIC Lime - Societ\u00e0 Impianti Calce S.r.l.<\/title>\n<meta name=\"robots\" content=\"index, follow, max-snippet:-1, max-image-preview:large, max-video-preview:-1\" \/>\n<link rel=\"canonical\" href=\"https:\/\/sic-lime.com\/fr\/technologies\/fours\/fours-a-cuve-unique\/m-x-mix-fire\/\" \/>\n<meta property=\"og:locale\" content=\"fr_FR\" \/>\n<meta property=\"og:type\" content=\"article\" \/>\n<meta property=\"og:title\" content=\"M.X. MIX FIRE - SIC Lime - Societ\u00e0 Impianti Calce S.r.l.\" \/>\n<meta property=\"og:description\" content=\"TECHNOLOGIES Fours \u00e0 cuve unique M.X. MIX FIRE NOTES TECHNOLOGIQUES Les fours du type M.X. sont de type \u00e0 cuve unique, avec section ronde et circulation des gaz \u00e0 contre-courant. Le combustible (petcoke ou charbon) est dos\u00e9 et distribu\u00e9 en taille \u00e0 l\u2019int\u00e9rieur de la cuve m\u00e9lang\u00e9e au calcaire FACTEURS DE SUCC\u00c8S Grande simplicit\u00e9 de [&hellip;]\" \/>\n<meta property=\"og:url\" content=\"https:\/\/sic-lime.com\/fr\/technologies\/fours\/fours-a-cuve-unique\/m-x-mix-fire\/\" \/>\n<meta property=\"og:site_name\" content=\"SIC Lime - Societ\u00e0 Impianti Calce S.r.l.\" \/>\n<meta property=\"article:publisher\" content=\"https:\/\/www.facebook.com\/SIC-Lime-Plants-and-Machines-Societ-Impianti-Calce-1667391000056560\/\" \/>\n<meta property=\"article:modified_time\" content=\"2022-07-28T09:05:29+00:00\" \/>\n<meta name=\"twitter:card\" content=\"summary_large_image\" \/>\n<meta name=\"twitter:label1\" content=\"Dur\u00e9e de lecture estim\u00e9e\" \/>\n\t<meta name=\"twitter:data1\" content=\"1 minute\" \/>\n<script type=\"application\/ld+json\" class=\"yoast-schema-graph\">{\"@context\":\"https:\/\/schema.org\",\"@graph\":[{\"@type\":\"WebPage\",\"@id\":\"https:\/\/sic-lime.com\/fr\/technologies\/fours\/fours-a-cuve-unique\/m-x-mix-fire\/\",\"url\":\"https:\/\/sic-lime.com\/fr\/technologies\/fours\/fours-a-cuve-unique\/m-x-mix-fire\/\",\"name\":\"M.X. MIX FIRE - SIC Lime - Societ\u00e0 Impianti Calce S.r.l.\",\"isPartOf\":{\"@id\":\"https:\/\/sic-lime.com\/fr\/#website\"},\"datePublished\":\"2022-01-03T09:32:14+00:00\",\"dateModified\":\"2022-07-28T09:05:29+00:00\",\"breadcrumb\":{\"@id\":\"https:\/\/sic-lime.com\/fr\/technologies\/fours\/fours-a-cuve-unique\/m-x-mix-fire\/#breadcrumb\"},\"inLanguage\":\"fr-FR\",\"potentialAction\":[{\"@type\":\"ReadAction\",\"target\":[\"https:\/\/sic-lime.com\/fr\/technologies\/fours\/fours-a-cuve-unique\/m-x-mix-fire\/\"]}]},{\"@type\":\"BreadcrumbList\",\"@id\":\"https:\/\/sic-lime.com\/fr\/technologies\/fours\/fours-a-cuve-unique\/m-x-mix-fire\/#breadcrumb\",\"itemListElement\":[{\"@type\":\"ListItem\",\"position\":1,\"name\":\"Home\",\"item\":\"https:\/\/sic-lime.com\/fr\/\"},{\"@type\":\"ListItem\",\"position\":2,\"name\":\"Technologies\",\"item\":\"https:\/\/sic-lime.com\/fr\/technologies\/\"},{\"@type\":\"ListItem\",\"position\":3,\"name\":\"Fours\",\"item\":\"https:\/\/sic-lime.com\/fr\/technologies\/kilns\/\"},{\"@type\":\"ListItem\",\"position\":4,\"name\":\"Fours \u00e0 cuve unique\",\"item\":\"https:\/\/sic-lime.com\/fr\/technologies\/kilns\/single-shaft-kilns\/\"},{\"@type\":\"ListItem\",\"position\":5,\"name\":\"M.X. MIX FIRE\"}]},{\"@type\":\"WebSite\",\"@id\":\"https:\/\/sic-lime.com\/fr\/#website\",\"url\":\"https:\/\/sic-lime.com\/fr\/\",\"name\":\"SIC Lime - Societ\u00e0 Impianti Calce S.r.l.\",\"description\":\"\",\"publisher\":{\"@id\":\"https:\/\/sic-lime.com\/fr\/#organization\"},\"potentialAction\":[{\"@type\":\"SearchAction\",\"target\":{\"@type\":\"EntryPoint\",\"urlTemplate\":\"https:\/\/sic-lime.com\/fr\/?s={search_term_string}\"},\"query-input\":{\"@type\":\"PropertyValueSpecification\",\"valueRequired\":true,\"valueName\":\"search_term_string\"}}],\"inLanguage\":\"fr-FR\"},{\"@type\":\"Organization\",\"@id\":\"https:\/\/sic-lime.com\/fr\/#organization\",\"name\":\"SIC - Societ\u00e0 Impianti Calce S.r.l\",\"url\":\"https:\/\/sic-lime.com\/fr\/\",\"logo\":{\"@type\":\"ImageObject\",\"inLanguage\":\"fr-FR\",\"@id\":\"https:\/\/sic-lime.com\/fr\/#\/schema\/logo\/image\/\",\"url\":\"https:\/\/sic-lime.com\/wp-content\/uploads\/2021\/10\/logo-rosso-nero.png\",\"contentUrl\":\"https:\/\/sic-lime.com\/wp-content\/uploads\/2021\/10\/logo-rosso-nero.png\",\"width\":685,\"height\":393,\"caption\":\"SIC - Societ\u00e0 Impianti Calce S.r.l\"},\"image\":{\"@id\":\"https:\/\/sic-lime.com\/fr\/#\/schema\/logo\/image\/\"},\"sameAs\":[\"https:\/\/www.facebook.com\/SIC-Lime-Plants-and-Machines-Societ-Impianti-Calce-1667391000056560\/\",\"https:\/\/www.linkedin.com\/company\/societ-impianti-calce-srl\/\"]}]}<\/script>\n<!-- \/ Yoast SEO plugin. -->","yoast_head_json":{"title":"M.X. MIX FIRE - SIC Lime - Societ\u00e0 Impianti Calce S.r.l.","robots":{"index":"index","follow":"follow","max-snippet":"max-snippet:-1","max-image-preview":"max-image-preview:large","max-video-preview":"max-video-preview:-1"},"canonical":"https:\/\/sic-lime.com\/fr\/technologies\/fours\/fours-a-cuve-unique\/m-x-mix-fire\/","og_locale":"fr_FR","og_type":"article","og_title":"M.X. MIX FIRE - SIC Lime - Societ\u00e0 Impianti Calce S.r.l.","og_description":"TECHNOLOGIES Fours \u00e0 cuve unique M.X. MIX FIRE NOTES TECHNOLOGIQUES Les fours du type M.X. sont de type \u00e0 cuve unique, avec section ronde et circulation des gaz \u00e0 contre-courant. Le combustible (petcoke ou charbon) est dos\u00e9 et distribu\u00e9 en taille \u00e0 l\u2019int\u00e9rieur de la cuve m\u00e9lang\u00e9e au calcaire FACTEURS DE SUCC\u00c8S Grande simplicit\u00e9 de [&hellip;]","og_url":"https:\/\/sic-lime.com\/fr\/technologies\/fours\/fours-a-cuve-unique\/m-x-mix-fire\/","og_site_name":"SIC Lime - Societ\u00e0 Impianti Calce S.r.l.","article_publisher":"https:\/\/www.facebook.com\/SIC-Lime-Plants-and-Machines-Societ-Impianti-Calce-1667391000056560\/","article_modified_time":"2022-07-28T09:05:29+00:00","twitter_card":"summary_large_image","twitter_misc":{"Dur\u00e9e de lecture estim\u00e9e":"1 minute"},"schema":{"@context":"https:\/\/schema.org","@graph":[{"@type":"WebPage","@id":"https:\/\/sic-lime.com\/fr\/technologies\/fours\/fours-a-cuve-unique\/m-x-mix-fire\/","url":"https:\/\/sic-lime.com\/fr\/technologies\/fours\/fours-a-cuve-unique\/m-x-mix-fire\/","name":"M.X. MIX FIRE - SIC Lime - Societ\u00e0 Impianti Calce S.r.l.","isPartOf":{"@id":"https:\/\/sic-lime.com\/fr\/#website"},"datePublished":"2022-01-03T09:32:14+00:00","dateModified":"2022-07-28T09:05:29+00:00","breadcrumb":{"@id":"https:\/\/sic-lime.com\/fr\/technologies\/fours\/fours-a-cuve-unique\/m-x-mix-fire\/#breadcrumb"},"inLanguage":"fr-FR","potentialAction":[{"@type":"ReadAction","target":["https:\/\/sic-lime.com\/fr\/technologies\/fours\/fours-a-cuve-unique\/m-x-mix-fire\/"]}]},{"@type":"BreadcrumbList","@id":"https:\/\/sic-lime.com\/fr\/technologies\/fours\/fours-a-cuve-unique\/m-x-mix-fire\/#breadcrumb","itemListElement":[{"@type":"ListItem","position":1,"name":"Home","item":"https:\/\/sic-lime.com\/fr\/"},{"@type":"ListItem","position":2,"name":"Technologies","item":"https:\/\/sic-lime.com\/fr\/technologies\/"},{"@type":"ListItem","position":3,"name":"Fours","item":"https:\/\/sic-lime.com\/fr\/technologies\/kilns\/"},{"@type":"ListItem","position":4,"name":"Fours \u00e0 cuve unique","item":"https:\/\/sic-lime.com\/fr\/technologies\/kilns\/single-shaft-kilns\/"},{"@type":"ListItem","position":5,"name":"M.X. MIX FIRE"}]},{"@type":"WebSite","@id":"https:\/\/sic-lime.com\/fr\/#website","url":"https:\/\/sic-lime.com\/fr\/","name":"SIC Lime - Societ\u00e0 Impianti Calce S.r.l.","description":"","publisher":{"@id":"https:\/\/sic-lime.com\/fr\/#organization"},"potentialAction":[{"@type":"SearchAction","target":{"@type":"EntryPoint","urlTemplate":"https:\/\/sic-lime.com\/fr\/?s={search_term_string}"},"query-input":{"@type":"PropertyValueSpecification","valueRequired":true,"valueName":"search_term_string"}}],"inLanguage":"fr-FR"},{"@type":"Organization","@id":"https:\/\/sic-lime.com\/fr\/#organization","name":"SIC - Societ\u00e0 Impianti Calce S.r.l","url":"https:\/\/sic-lime.com\/fr\/","logo":{"@type":"ImageObject","inLanguage":"fr-FR","@id":"https:\/\/sic-lime.com\/fr\/#\/schema\/logo\/image\/","url":"https:\/\/sic-lime.com\/wp-content\/uploads\/2021\/10\/logo-rosso-nero.png","contentUrl":"https:\/\/sic-lime.com\/wp-content\/uploads\/2021\/10\/logo-rosso-nero.png","width":685,"height":393,"caption":"SIC - Societ\u00e0 Impianti Calce S.r.l"},"image":{"@id":"https:\/\/sic-lime.com\/fr\/#\/schema\/logo\/image\/"},"sameAs":["https:\/\/www.facebook.com\/SIC-Lime-Plants-and-Machines-Societ-Impianti-Calce-1667391000056560\/","https:\/\/www.linkedin.com\/company\/societ-impianti-calce-srl\/"]}]}},"_links":{"self":[{"href":"https:\/\/sic-lime.com\/fr\/wp-json\/wp\/v2\/pages\/3908","targetHints":{"allow":["GET"]}}],"collection":[{"href":"https:\/\/sic-lime.com\/fr\/wp-json\/wp\/v2\/pages"}],"about":[{"href":"https:\/\/sic-lime.com\/fr\/wp-json\/wp\/v2\/types\/page"}],"author":[{"embeddable":true,"href":"https:\/\/sic-lime.com\/fr\/wp-json\/wp\/v2\/users\/1"}],"replies":[{"embeddable":true,"href":"https:\/\/sic-lime.com\/fr\/wp-json\/wp\/v2\/comments?post=3908"}],"version-history":[{"count":1,"href":"https:\/\/sic-lime.com\/fr\/wp-json\/wp\/v2\/pages\/3908\/revisions"}],"predecessor-version":[{"id":5719,"href":"https:\/\/sic-lime.com\/fr\/wp-json\/wp\/v2\/pages\/3908\/revisions\/5719"}],"up":[{"embeddable":true,"href":"https:\/\/sic-lime.com\/fr\/wp-json\/wp\/v2\/pages\/3830"}],"wp:attachment":[{"href":"https:\/\/sic-lime.com\/fr\/wp-json\/wp\/v2\/media?parent=3908"}],"curies":[{"name":"wp","href":"https:\/\/api.w.org\/{rel}","templated":true}]}}