{"id":3853,"date":"2022-01-03T11:32:14","date_gmt":"2022-01-03T09:32:14","guid":{"rendered":"https:\/\/sic-lime.com\/fours-a-cuve-unique\/h-p-k-high-performance-kiln\/"},"modified":"2023-10-20T11:21:40","modified_gmt":"2023-10-20T09:21:40","slug":"h-p-k-high-performance-kiln","status":"publish","type":"page","link":"https:\/\/sic-lime.com\/fr\/technologies\/fours\/fours-a-cuve-unique\/h-p-k-high-performance-kiln\/","title":{"rendered":"H.P.K. HIGH PERFORMANCE KILN"},"content":{"rendered":"<h1><strong>TECHNOLOGIES <\/strong><\/h1>\n<p>\n    <a href=\"#\"><\/a>\n<\/p>\n<h2><span class=\"rosso\">F<\/span>ours \u00e0 <span class=\"rosso\">c<\/span>uve <span class=\"rosso\">u<\/span>nique<\/h2>\n<h3><span class=\"rosso\">H.<\/span>P.K. <span class=\"rosso\">H<\/span>IGH <span class=\"rosso\">P<\/span>ERFORMANCE <span class=\"rosso\">K<\/span>ILN<\/p>\n<\/h3>\n<p><img decoding=\"async\" src=\"\/wp-content\/uploads\/2022\/03\/pdf-A.png\" alt=\"\"><\/p>\n<h4><strong>NOTES TECHNOLOGIQUES<br \/>\n<\/strong><\/h4>\n<div>\n<p style=\"text-align: justify;\">Les fours du type H.P.K. (<strong><span class=\"rosso\">H<\/span><\/strong>igh <strong><span class=\"rosso\">P<\/span><\/strong>erformance <strong><span class=\"rosso\">K<\/span><\/strong>iln) sont du type \u00e0 cuve unique, avec section carr\u00e9e et circulation des gaz en contre-courant.<\/p>\n<p>Ces fours sont \u00e9quip\u00e9s de br\u00fbleurs ext\u00e9rieurs \u00e0 la chemise et de structures internes sp\u00e9ciales, en r\u00e9fractaire, qui permettent une r\u00e9partition homog\u00e8ne de la chaleur dans toute la section du four.<\/p>\n<p>Les structures en r\u00e9fractaire cr\u00e9ent des canaux vides dans le calcaire en cuisson qui permettent l\u2019utilisation d\u2019une vaste gamme de combustibles soit alternatifs que simultan\u00e9s. <\/p>\n<p>Gr\u00e2ce \u00e0 leur technologie sp\u00e9cifique, il est possible d\u2019utiliser dans ces fours, outre des combustibles liquides et gazeux, des combustibles solides pulv\u00e9ris\u00e9s tels que le pet-coke, le Coq, la sciure de bois ou d\u2019autres combustibles de r\u00e9cup\u00e9ration.<\/p>\n<\/div>\n<p><img decoding=\"async\" src=\"\/wp-content\/uploads\/2022\/03\/forni-singolo-tino-2.jpg\" alt=\"\"><\/p>\n<h4><strong>FACTEURS DE SUCC\u00c8S<\/strong><\/h4>\n<div>\n<ul>\n<li>Production quotidienne de chaux moyenne ou faible<\/li>\n<li>Faible co\u00fbt de maintenance<\/li>\n<li>Simplicit\u00e9 de gestion<\/li>\n<li>Possibilit\u00e9 d\u2019utilisation de combustibles diff\u00e9rents<\/li>\n<li>Haute concentration de CO<sub>2<\/sub> \u00e0 la chemin\u00e9e<\/li>\n<li>Faible co\u00fbt d\u2019investissement <\/li>\n<li>R\u00e9activit\u00e9 de la chaux haute ou moyen<\/li>\n<\/ul>\n<\/div>\n<h4><strong>DONN\u00c9ES TECHNIQUES <\/strong><\/h4>\n<div>\n<table border=\"0\" width=\"350\">\n<tbody>\n<tr>\n<td><strong>Taille Calcaire<\/strong><\/td>\n<td>30 \u00f7 120 mm<\/td>\n<\/tr>\n<tr>\n<td><strong>Production<\/strong><\/td>\n<td>15 \u00f7 250 Tonnes CaO\/D<\/td>\n<\/tr>\n<tr>\n<td><strong>Combustible<\/strong><\/td>\n<td>gaz\/liquide\/solide<\/td>\n<\/tr>\n<tr>\n<td><strong>R\u00e9activit\u00e9 T<sub>60<\/sub><\/strong><\/td>\n<td>\u2264 2,0 min (moyenne r\u00e9activit\u00e9)<\/td>\n<\/tr>\n<tr>\n<td><strong>Consommation \u00e9lectrique<\/strong><\/td>\n<td>10,5 \u00f7 12,5 kWh\/Tonnes CaO<\/td>\n<\/tr>\n<tr>\n<td><strong>Consommation calorique<\/strong><\/td>\n<td>&lt;950 Kcal\/Kg. CaO<\/td>\n<\/tr>\n<tr>\n<td><strong>L.O.I.<\/strong><\/td>\n<td>&lt;1,5%<\/td>\n<\/tr>\n<\/tbody>\n<\/table>\n<\/div>\n<p><!--more--><br \/>\n<!-- {\"name\":\"separatori\",\"type\":\"layout\",\"children\":[{\"type\":\"section\",\"props\":{\"class\":\"prima-sezione\",\"css\":\".uk-container{\\nbackground: rgb(0,0,0);\\nbackground: linear-gradient(0deg, rgba(0,0,0,1) 0%, rgba(0,0,0,0) 53%);\\n    max-width: none;\\n}\",\"header_transparent\":\"light\",\"image\":\"wp-content\\\/uploads\\\/2022\\\/03\\\/pdf-B.jpg\",\"image_position\":\"center-center\",\"image_size\":\"cover\",\"padding\":\"large\",\"padding_remove_bottom\":true,\"style\":\"default\",\"title_breakpoint\":\"xl\",\"title_position\":\"top-left\",\"title_rotation\":\"left\",\"vertical_align\":\"middle\",\"width\":\"default\"},\"children\":[{\"type\":\"row\",\"children\":[{\"type\":\"column\",\"props\":{\"image_position\":\"center-center\",\"media_overlay_gradient\":\"\",\"position_sticky_breakpoint\":\"m\",\"vertical_align\":\"bottom\"},\"children\":[{\"type\":\"headline\",\"props\":{\"content\":\"<strong>TECHNOLOGIES <\\\/strong>\",\"css\":\".el-element{\\n\\tcolor: #fff;\\n    text-shadow: 2px 2px 10px rgba(0,0,0,0.5);\\n}\",\"margin\":\"large\",\"margin_remove_bottom\":false,\"text_align\":\"center\",\"title_element\":\"h1\",\"title_style\":\"heading-small\"}},{\"type\":\"button\",\"props\":{\"class\":\"bottone-freccia\",\"css\":\"a{\\n\\tborder-radius: 40px;\\n    width: 60px;\\n    height: 60px;\\n    display: flex;\\n    align-items: center;\\n    border: 2px solid #fff;\\n    justify-content: center;\\n}\\n.el-content{\\n\\tpadding: 0px;\\n}\\nsvg{\\n\\twidth: 40px;\\n    height: 40px;\\n}\\n.el-element{\\n\\tposition: absolute;\\n    bottom: -30px;\\n    left: 50%;\\n    z-index: 99;\\n    transform: translate(-50%);\\n}\",\"grid_column_gap\":\"small\",\"grid_row_gap\":\"small\",\"margin\":\"default\",\"text_align\":\"center\"},\"children\":[{\"type\":\"button_item\",\"props\":{\"button_style\":\"default\",\"icon\":\"chevron-down\",\"icon_align\":\"left\",\"link\":\"#\"}}]}]}]}],\"modified\":\"2021-10-27T07:57:33.371Z\",\"name\":\"top-azienda\"},{\"type\":\"section\",\"props\":{\"image_position\":\"center-center\",\"style\":\"default\",\"title_breakpoint\":\"xl\",\"title_position\":\"top-left\",\"title_rotation\":\"left\",\"vertical_align\":\"middle\",\"width\":\"default\"},\"children\":[{\"type\":\"row\",\"children\":[{\"type\":\"column\",\"props\":{\"image_position\":\"center-center\",\"media_overlay_gradient\":\"\",\"position_sticky_breakpoint\":\"m\"},\"children\":[{\"type\":\"breadcrumbs\",\"props\":{\"show_current\":true,\"show_home\":true}}]}],\"props\":{\"margin\":\"medium\",\"margin_remove_top\":false}},{\"type\":\"row\",\"children\":[{\"type\":\"column\",\"props\":{\"image_position\":\"center-center\",\"media_overlay_gradient\":\"\",\"position_sticky_breakpoint\":\"m\"},\"children\":[{\"type\":\"headline\",\"props\":{\"content\":\"<span class=\\\"rosso\\\">F<\\\/span>ours \\u00e0 <span class=\\\"rosso\\\">c<\\\/span>uve <span class=\\\"rosso\\\">u<\\\/span>nique\",\"margin_remove_top\":true,\"text_align\":\"center\",\"title_element\":\"h2\"},\"modified\":\"2021-10-27T08:05:54.071Z\",\"name\":\"titoli\"},{\"type\":\"headline\",\"props\":{\"content\":\"<span class=\\\"rosso\\\">H.<\\\/span>P.K. <span class=\\\"rosso\\\">H<\\\/span>IGH <span class=\\\"rosso\\\">P<\\\/span>ERFORMANCE <span class=\\\"rosso\\\">K<\\\/span>ILN\\n\\n\\n\",\"margin_remove_top\":true,\"text_align\":\"center\",\"title_element\":\"h3\"},\"modified\":\"2021-10-27T08:05:54.071Z\",\"name\":\"titoli\"}]}]},{\"type\":\"row\",\"props\":{\"layout\":\"1-4,3-4\",\"margin\":\"medium\"},\"children\":[{\"type\":\"column\",\"props\":{\"image_position\":\"center-center\",\"media_overlay_gradient\":\"\",\"position_sticky_breakpoint\":\"m\",\"vertical_align\":\"middle\",\"width_medium\":\"1-4\"},\"children\":[{\"type\":\"image\",\"props\":{\"image\":\"wp-content\\\/uploads\\\/2022\\\/03\\\/pdf-A.png\",\"image_svg_color\":\"emphasis\",\"image_width\":\"auto\",\"margin\":\"default\",\"text_align\":\"left\",\"text_align_breakpoint\":\"m\",\"text_align_fallback\":\"center\"}}]},{\"type\":\"column\",\"props\":{\"image_position\":\"center-center\",\"media_overlay_gradient\":\"\",\"position_sticky_breakpoint\":\"m\",\"vertical_align\":\"middle\",\"width_medium\":\"3-4\"},\"children\":[{\"type\":\"headline\",\"props\":{\"content\":\"<strong>NOTES TECHNOLOGIQUES\\n<\\\/strong>\",\"margin_remove_top\":true,\"title_element\":\"h4\"},\"modified\":\"2021-10-27T08:05:54.071Z\",\"name\":\"titoli\"},{\"type\":\"text\",\"props\":{\"column_breakpoint\":\"m\",\"content\":\"\n\n<p style=\\\"text-align: justify;\\\">Les fours du type H.P.K. (<strong><span class=\\\"rosso\\\">H<\\\/span><\\\/strong>igh <strong><span class=\\\"rosso\\\">P<\\\/span><\\\/strong>erformance <strong><span class=\\\"rosso\\\">K<\\\/span><\\\/strong>iln) sont du type \\u00e0 cuve unique, avec section carr\\u00e9e et circulation des gaz en contre-courant.<br \\\/><br \\\/>Ces fours sont \\u00e9quip\\u00e9s de br\\u00fbleurs ext\\u00e9rieurs \\u00e0 la chemise et de structures internes sp\\u00e9ciales, en r\\u00e9fractaire, qui permettent une r\\u00e9partition homog\\u00e8ne de la chaleur dans toute la section du four.<br \\\/><br \\\/>Les structures en r\\u00e9fractaire cr\\u00e9ent des canaux vides dans le calcaire en cuisson qui permettent l\\u2019utilisation d\\u2019une vaste gamme de combustibles soit alternatifs que simultan\\u00e9s. <br \\\/><br \\\/>Gr\\u00e2ce \\u00e0 leur technologie sp\\u00e9cifique, il est possible d\\u2019utiliser dans ces fours, outre des combustibles liquides et gazeux, des combustibles solides pulv\\u00e9ris\\u00e9s tels que le pet-coke, le Coq, la sciure de bois ou d\\u2019autres combustibles de r\\u00e9cup\\u00e9ration.<br \\\/><br \\\/><\\\/p>\",\"margin\":\"default\"}}]}]},{\"type\":\"row\",\"props\":{\"layout\":\"1-4,3-4\"},\"children\":[{\"type\":\"column\",\"props\":{\"image_position\":\"center-center\",\"media_overlay_gradient\":\"\",\"position_sticky_breakpoint\":\"m\",\"vertical_align\":\"middle\",\"width_medium\":\"1-4\"},\"children\":[{\"type\":\"image\",\"props\":{\"image\":\"wp-content\\\/uploads\\\/2022\\\/03\\\/forni-singolo-tino-2.jpg\",\"image_svg_color\":\"emphasis\",\"image_width\":\"600\",\"margin\":\"default\",\"text_align\":\"right\",\"text_align_breakpoint\":\"m\",\"text_align_fallback\":\"center\"}}]},{\"type\":\"column\",\"props\":{\"image_position\":\"center-center\",\"media_overlay_gradient\":\"\",\"order_first\":\"m\",\"position_sticky_breakpoint\":\"m\",\"vertical_align\":\"middle\",\"width_medium\":\"3-4\"},\"children\":[{\"type\":\"headline\",\"props\":{\"content\":\"<strong>FACTEURS DE SUCC\\u00c8S<\\\/strong>\",\"margin_remove_top\":true,\"title_element\":\"h4\"},\"modified\":\"2021-10-27T08:05:54.071Z\",\"name\":\"titoli\"},{\"type\":\"text\",\"props\":{\"column_breakpoint\":\"m\",\"content\":\"\n\n<ul>\\n\n\n<li>Production quotidienne de chaux moyenne ou faible<\\\/li>\\n\n\n<li>Faible co\\u00fbt de maintenance<\\\/li>\\n\n\n<li>Simplicit\\u00e9 de gestion<\\\/li>\\n\n\n<li>Possibilit\\u00e9 d\\u2019utilisation de combustibles diff\\u00e9rents<\\\/li>\\n\n\n<li>Haute concentration de CO<sub>2<\\\/sub> \\u00e0 la chemin\\u00e9e<\\\/li>\\n\n\n<li>Faible co\\u00fbt d\\u2019investissement <\\\/li>\\n\n\n<li>R\\u00e9activit\\u00e9 de la chaux haute ou moyen<\\\/li>\\n<\\\/ul>\",\"margin\":\"default\"}}]}]},{\"type\":\"row\",\"children\":[{\"type\":\"column\",\"props\":{\"image_position\":\"center-center\",\"media_overlay_gradient\":\"\",\"position_sticky_breakpoint\":\"m\"},\"children\":[{\"type\":\"headline\",\"props\":{\"content\":\"<strong>DONN\\u00c9ES TECHNIQUES <\\\/strong>\",\"margin_remove_top\":true,\"title_element\":\"h4\"},\"modified\":\"2021-10-27T08:05:54.071Z\",\"name\":\"titoli\"},{\"type\":\"text\",\"props\":{\"column_breakpoint\":\"m\",\"content\":\"\n\n<table border=\\\"0\\\" width=\\\"350\\\">\\n\n\n<tbody>\\n\n\n<tr>\\n\n\n<td><strong>Taille Calcaire<\\\/strong><\\\/td>\\n\n\n<td>30 \\u00f7 120 mm<\\\/td>\\n<\\\/tr>\\n\n\n<tr>\\n\n\n<td><strong>Production<\\\/strong><\\\/td>\\n\n\n<td>15 \\u00f7 250 Tonnes CaO\\\/D<\\\/td>\\n<\\\/tr>\\n\n\n<tr>\\n\n\n<td><strong>Combustible<\\\/strong><\\\/td>\\n\n\n<td>gaz\\\/liquide\\\/solide<\\\/td>\\n<\\\/tr>\\n\n\n<tr>\\n\n\n<td><strong>R\\u00e9activit\\u00e9 T<sub>60<\\\/sub><\\\/strong><\\\/td>\\n\n\n<td>\\u2264 2,0 min (moyenne r\\u00e9activit\\u00e9)<\\\/td>\\n<\\\/tr>\\n\n\n<tr>\\n\n\n<td><strong>Consommation \\u00e9lectrique<\\\/strong><\\\/td>\\n\n\n<td>10,5 \\u00f7 12,5 kWh\\\/Tonnes CaO<\\\/td>\\n<\\\/tr>\\n\n\n<tr>\\n\n\n<td><strong>Consommation calorique<\\\/strong><\\\/td>\\n\n\n<td>&lt;950 Kcal\\\/Kg. CaO<\\\/td>\\n<\\\/tr>\\n\n\n<tr>\\n\n\n<td><strong>L.O.I.<\\\/strong><\\\/td>\\n\n\n<td>&lt;1,5%<\\\/td>\\n<\\\/tr>\\n<\\\/tbody>\\n<\\\/table>\",\"css\":\"td{\\n\\tborder-bottom: 1px solid grey;\\n}\",\"margin\":\"default\"}}]}]}]}],\"version\":\"3.0.25\"} --><\/p>\n","protected":false},"excerpt":{"rendered":"<p>TECHNOLOGIES Fours \u00e0 cuve unique H.P.K. HIGH PERFORMANCE KILN NOTES TECHNOLOGIQUES Les fours du type H.P.K. (High Performance Kiln) sont du type \u00e0 cuve unique, avec section carr\u00e9e et circulation des gaz en contre-courant. Ces fours sont \u00e9quip\u00e9s de br\u00fbleurs ext\u00e9rieurs \u00e0 la chemise et de structures internes sp\u00e9ciales, en r\u00e9fractaire, qui permettent une r\u00e9partition [&hellip;]<\/p>\n","protected":false},"author":1,"featured_media":0,"parent":3830,"menu_order":0,"comment_status":"closed","ping_status":"closed","template":"","meta":{"footnotes":""},"class_list":["post-3853","page","type-page","status-publish","hentry"],"yoast_head":"<!-- This site is optimized with the Yoast SEO plugin v26.0 - https:\/\/yoast.com\/wordpress\/plugins\/seo\/ -->\n<title>H.P.K. HIGH PERFORMANCE KILN - SIC Lime - Societ\u00e0 Impianti Calce S.r.l.<\/title>\n<meta name=\"robots\" content=\"index, follow, max-snippet:-1, max-image-preview:large, max-video-preview:-1\" \/>\n<link rel=\"canonical\" href=\"https:\/\/sic-lime.com\/fr\/technologies\/fours\/fours-a-cuve-unique\/h-p-k-high-performance-kiln\/\" \/>\n<meta property=\"og:locale\" content=\"fr_FR\" \/>\n<meta property=\"og:type\" content=\"article\" \/>\n<meta property=\"og:title\" content=\"H.P.K. HIGH PERFORMANCE KILN - SIC Lime - Societ\u00e0 Impianti Calce S.r.l.\" \/>\n<meta property=\"og:description\" content=\"TECHNOLOGIES Fours \u00e0 cuve unique H.P.K. HIGH PERFORMANCE KILN NOTES TECHNOLOGIQUES Les fours du type H.P.K. (High Performance Kiln) sont du type \u00e0 cuve unique, avec section carr\u00e9e et circulation des gaz en contre-courant. Ces fours sont \u00e9quip\u00e9s de br\u00fbleurs ext\u00e9rieurs \u00e0 la chemise et de structures internes sp\u00e9ciales, en r\u00e9fractaire, qui permettent une r\u00e9partition [&hellip;]\" \/>\n<meta property=\"og:url\" content=\"https:\/\/sic-lime.com\/fr\/technologies\/fours\/fours-a-cuve-unique\/h-p-k-high-performance-kiln\/\" \/>\n<meta property=\"og:site_name\" content=\"SIC Lime - Societ\u00e0 Impianti Calce S.r.l.\" \/>\n<meta property=\"article:publisher\" content=\"https:\/\/www.facebook.com\/SIC-Lime-Plants-and-Machines-Societ-Impianti-Calce-1667391000056560\/\" \/>\n<meta property=\"article:modified_time\" content=\"2023-10-20T09:21:40+00:00\" \/>\n<meta name=\"twitter:card\" content=\"summary_large_image\" \/>\n<meta name=\"twitter:label1\" content=\"Dur\u00e9e de lecture estim\u00e9e\" \/>\n\t<meta name=\"twitter:data1\" content=\"1 minute\" \/>\n<script type=\"application\/ld+json\" class=\"yoast-schema-graph\">{\"@context\":\"https:\/\/schema.org\",\"@graph\":[{\"@type\":\"WebPage\",\"@id\":\"https:\/\/sic-lime.com\/fr\/technologies\/fours\/fours-a-cuve-unique\/h-p-k-high-performance-kiln\/\",\"url\":\"https:\/\/sic-lime.com\/fr\/technologies\/fours\/fours-a-cuve-unique\/h-p-k-high-performance-kiln\/\",\"name\":\"H.P.K. HIGH PERFORMANCE KILN - SIC Lime - Societ\u00e0 Impianti Calce S.r.l.\",\"isPartOf\":{\"@id\":\"https:\/\/sic-lime.com\/fr\/#website\"},\"datePublished\":\"2022-01-03T09:32:14+00:00\",\"dateModified\":\"2023-10-20T09:21:40+00:00\",\"breadcrumb\":{\"@id\":\"https:\/\/sic-lime.com\/fr\/technologies\/fours\/fours-a-cuve-unique\/h-p-k-high-performance-kiln\/#breadcrumb\"},\"inLanguage\":\"fr-FR\",\"potentialAction\":[{\"@type\":\"ReadAction\",\"target\":[\"https:\/\/sic-lime.com\/fr\/technologies\/fours\/fours-a-cuve-unique\/h-p-k-high-performance-kiln\/\"]}]},{\"@type\":\"BreadcrumbList\",\"@id\":\"https:\/\/sic-lime.com\/fr\/technologies\/fours\/fours-a-cuve-unique\/h-p-k-high-performance-kiln\/#breadcrumb\",\"itemListElement\":[{\"@type\":\"ListItem\",\"position\":1,\"name\":\"Home\",\"item\":\"https:\/\/sic-lime.com\/fr\/\"},{\"@type\":\"ListItem\",\"position\":2,\"name\":\"Technologies\",\"item\":\"https:\/\/sic-lime.com\/fr\/technologies\/\"},{\"@type\":\"ListItem\",\"position\":3,\"name\":\"Fours\",\"item\":\"https:\/\/sic-lime.com\/fr\/technologies\/kilns\/\"},{\"@type\":\"ListItem\",\"position\":4,\"name\":\"Fours \u00e0 cuve unique\",\"item\":\"https:\/\/sic-lime.com\/fr\/technologies\/kilns\/single-shaft-kilns\/\"},{\"@type\":\"ListItem\",\"position\":5,\"name\":\"H.P.K. HIGH PERFORMANCE KILN\"}]},{\"@type\":\"WebSite\",\"@id\":\"https:\/\/sic-lime.com\/fr\/#website\",\"url\":\"https:\/\/sic-lime.com\/fr\/\",\"name\":\"SIC Lime - Societ\u00e0 Impianti Calce S.r.l.\",\"description\":\"\",\"publisher\":{\"@id\":\"https:\/\/sic-lime.com\/fr\/#organization\"},\"potentialAction\":[{\"@type\":\"SearchAction\",\"target\":{\"@type\":\"EntryPoint\",\"urlTemplate\":\"https:\/\/sic-lime.com\/fr\/?s={search_term_string}\"},\"query-input\":{\"@type\":\"PropertyValueSpecification\",\"valueRequired\":true,\"valueName\":\"search_term_string\"}}],\"inLanguage\":\"fr-FR\"},{\"@type\":\"Organization\",\"@id\":\"https:\/\/sic-lime.com\/fr\/#organization\",\"name\":\"SIC - Societ\u00e0 Impianti Calce S.r.l\",\"url\":\"https:\/\/sic-lime.com\/fr\/\",\"logo\":{\"@type\":\"ImageObject\",\"inLanguage\":\"fr-FR\",\"@id\":\"https:\/\/sic-lime.com\/fr\/#\/schema\/logo\/image\/\",\"url\":\"https:\/\/sic-lime.com\/wp-content\/uploads\/2021\/10\/logo-rosso-nero.png\",\"contentUrl\":\"https:\/\/sic-lime.com\/wp-content\/uploads\/2021\/10\/logo-rosso-nero.png\",\"width\":685,\"height\":393,\"caption\":\"SIC - Societ\u00e0 Impianti Calce S.r.l\"},\"image\":{\"@id\":\"https:\/\/sic-lime.com\/fr\/#\/schema\/logo\/image\/\"},\"sameAs\":[\"https:\/\/www.facebook.com\/SIC-Lime-Plants-and-Machines-Societ-Impianti-Calce-1667391000056560\/\",\"https:\/\/www.linkedin.com\/company\/societ-impianti-calce-srl\/\"]}]}<\/script>\n<!-- \/ Yoast SEO plugin. -->","yoast_head_json":{"title":"H.P.K. HIGH PERFORMANCE KILN - SIC Lime - Societ\u00e0 Impianti Calce S.r.l.","robots":{"index":"index","follow":"follow","max-snippet":"max-snippet:-1","max-image-preview":"max-image-preview:large","max-video-preview":"max-video-preview:-1"},"canonical":"https:\/\/sic-lime.com\/fr\/technologies\/fours\/fours-a-cuve-unique\/h-p-k-high-performance-kiln\/","og_locale":"fr_FR","og_type":"article","og_title":"H.P.K. HIGH PERFORMANCE KILN - SIC Lime - Societ\u00e0 Impianti Calce S.r.l.","og_description":"TECHNOLOGIES Fours \u00e0 cuve unique H.P.K. HIGH PERFORMANCE KILN NOTES TECHNOLOGIQUES Les fours du type H.P.K. (High Performance Kiln) sont du type \u00e0 cuve unique, avec section carr\u00e9e et circulation des gaz en contre-courant. Ces fours sont \u00e9quip\u00e9s de br\u00fbleurs ext\u00e9rieurs \u00e0 la chemise et de structures internes sp\u00e9ciales, en r\u00e9fractaire, qui permettent une r\u00e9partition [&hellip;]","og_url":"https:\/\/sic-lime.com\/fr\/technologies\/fours\/fours-a-cuve-unique\/h-p-k-high-performance-kiln\/","og_site_name":"SIC Lime - Societ\u00e0 Impianti Calce S.r.l.","article_publisher":"https:\/\/www.facebook.com\/SIC-Lime-Plants-and-Machines-Societ-Impianti-Calce-1667391000056560\/","article_modified_time":"2023-10-20T09:21:40+00:00","twitter_card":"summary_large_image","twitter_misc":{"Dur\u00e9e de lecture estim\u00e9e":"1 minute"},"schema":{"@context":"https:\/\/schema.org","@graph":[{"@type":"WebPage","@id":"https:\/\/sic-lime.com\/fr\/technologies\/fours\/fours-a-cuve-unique\/h-p-k-high-performance-kiln\/","url":"https:\/\/sic-lime.com\/fr\/technologies\/fours\/fours-a-cuve-unique\/h-p-k-high-performance-kiln\/","name":"H.P.K. HIGH PERFORMANCE KILN - SIC Lime - Societ\u00e0 Impianti Calce S.r.l.","isPartOf":{"@id":"https:\/\/sic-lime.com\/fr\/#website"},"datePublished":"2022-01-03T09:32:14+00:00","dateModified":"2023-10-20T09:21:40+00:00","breadcrumb":{"@id":"https:\/\/sic-lime.com\/fr\/technologies\/fours\/fours-a-cuve-unique\/h-p-k-high-performance-kiln\/#breadcrumb"},"inLanguage":"fr-FR","potentialAction":[{"@type":"ReadAction","target":["https:\/\/sic-lime.com\/fr\/technologies\/fours\/fours-a-cuve-unique\/h-p-k-high-performance-kiln\/"]}]},{"@type":"BreadcrumbList","@id":"https:\/\/sic-lime.com\/fr\/technologies\/fours\/fours-a-cuve-unique\/h-p-k-high-performance-kiln\/#breadcrumb","itemListElement":[{"@type":"ListItem","position":1,"name":"Home","item":"https:\/\/sic-lime.com\/fr\/"},{"@type":"ListItem","position":2,"name":"Technologies","item":"https:\/\/sic-lime.com\/fr\/technologies\/"},{"@type":"ListItem","position":3,"name":"Fours","item":"https:\/\/sic-lime.com\/fr\/technologies\/kilns\/"},{"@type":"ListItem","position":4,"name":"Fours \u00e0 cuve unique","item":"https:\/\/sic-lime.com\/fr\/technologies\/kilns\/single-shaft-kilns\/"},{"@type":"ListItem","position":5,"name":"H.P.K. HIGH PERFORMANCE KILN"}]},{"@type":"WebSite","@id":"https:\/\/sic-lime.com\/fr\/#website","url":"https:\/\/sic-lime.com\/fr\/","name":"SIC Lime - Societ\u00e0 Impianti Calce S.r.l.","description":"","publisher":{"@id":"https:\/\/sic-lime.com\/fr\/#organization"},"potentialAction":[{"@type":"SearchAction","target":{"@type":"EntryPoint","urlTemplate":"https:\/\/sic-lime.com\/fr\/?s={search_term_string}"},"query-input":{"@type":"PropertyValueSpecification","valueRequired":true,"valueName":"search_term_string"}}],"inLanguage":"fr-FR"},{"@type":"Organization","@id":"https:\/\/sic-lime.com\/fr\/#organization","name":"SIC - Societ\u00e0 Impianti Calce S.r.l","url":"https:\/\/sic-lime.com\/fr\/","logo":{"@type":"ImageObject","inLanguage":"fr-FR","@id":"https:\/\/sic-lime.com\/fr\/#\/schema\/logo\/image\/","url":"https:\/\/sic-lime.com\/wp-content\/uploads\/2021\/10\/logo-rosso-nero.png","contentUrl":"https:\/\/sic-lime.com\/wp-content\/uploads\/2021\/10\/logo-rosso-nero.png","width":685,"height":393,"caption":"SIC - Societ\u00e0 Impianti Calce S.r.l"},"image":{"@id":"https:\/\/sic-lime.com\/fr\/#\/schema\/logo\/image\/"},"sameAs":["https:\/\/www.facebook.com\/SIC-Lime-Plants-and-Machines-Societ-Impianti-Calce-1667391000056560\/","https:\/\/www.linkedin.com\/company\/societ-impianti-calce-srl\/"]}]}},"_links":{"self":[{"href":"https:\/\/sic-lime.com\/fr\/wp-json\/wp\/v2\/pages\/3853","targetHints":{"allow":["GET"]}}],"collection":[{"href":"https:\/\/sic-lime.com\/fr\/wp-json\/wp\/v2\/pages"}],"about":[{"href":"https:\/\/sic-lime.com\/fr\/wp-json\/wp\/v2\/types\/page"}],"author":[{"embeddable":true,"href":"https:\/\/sic-lime.com\/fr\/wp-json\/wp\/v2\/users\/1"}],"replies":[{"embeddable":true,"href":"https:\/\/sic-lime.com\/fr\/wp-json\/wp\/v2\/comments?post=3853"}],"version-history":[{"count":4,"href":"https:\/\/sic-lime.com\/fr\/wp-json\/wp\/v2\/pages\/3853\/revisions"}],"predecessor-version":[{"id":6108,"href":"https:\/\/sic-lime.com\/fr\/wp-json\/wp\/v2\/pages\/3853\/revisions\/6108"}],"up":[{"embeddable":true,"href":"https:\/\/sic-lime.com\/fr\/wp-json\/wp\/v2\/pages\/3830"}],"wp:attachment":[{"href":"https:\/\/sic-lime.com\/fr\/wp-json\/wp\/v2\/media?parent=3853"}],"curies":[{"name":"wp","href":"https:\/\/api.w.org\/{rel}","templated":true}]}}