{"id":3830,"date":"2021-12-28T09:53:09","date_gmt":"2021-12-28T07:53:09","guid":{"rendered":"https:\/\/sic-lime.com\/forni-a-singolo-tino\/"},"modified":"2023-09-28T12:12:39","modified_gmt":"2023-09-28T10:12:39","slug":"fours-a-cuve-unique","status":"publish","type":"page","link":"https:\/\/sic-lime.com\/fr\/technologies\/fours\/fours-a-cuve-unique\/","title":{"rendered":"Fours \u00e0 cuve unique"},"content":{"rendered":"<h1><strong>TECHNOLOGIES<\/strong><\/h1>\n<p>\n    <a href=\"#\"><\/a>\n<\/p>\n<h2><span class=\"rosso\">f<\/span>ours \u00e0 cuve unique<\/h2>\n<div>\n<p>Les <strong>fours \u00e0 cuve unique<\/strong> sont des fours \u00e0 contre-courant.<\/p>\n<p>Ils sont indiqu\u00e9s pour les moyennes et petites productions de chaux parce qu\u2019ils ont un faible co\u00fbt d\u2019investissement et une grande simplicit\u00e9 de maintenance et de gestion. Ils permettent \u00e9galement d\u2019obtenir des concentrations \u00e9lev\u00e9es de CO<sub>2<\/sub> \u00e0 la chemin\u00e9e.<\/p>\n<\/div>\n<ul>\n<li>\n<p>        <img decoding=\"async\" src=\"\/wp-content\/uploads\/2022\/03\/HPK.jpg\" alt=\"\"><\/p>\n<h3>H.P.K. HIGH PERFORMANCE KILN<\/h3>\n<p><a href=\"\/fr\/technologies\/fours-a-cuve-unique\/h-p-k-high-performance-kiln\/\"><\/a><\/p>\n<\/li>\n<li>\n<p>        <img decoding=\"async\" src=\"\/wp-content\/uploads\/2022\/03\/CBK.jpg\" alt=\"\"><\/p>\n<h3>C.B.K. CENTRAL BURNER KILN<\/h3>\n<p><a href=\"\/fr\/technologies\/fours-a-cuve-unique\/c-b-k-central-burner-kiln\/\"><\/a><\/p>\n<\/li>\n<li>\n<p>        <img decoding=\"async\" src=\"\/wp-content\/uploads\/2022\/03\/C.B.K.S..jpg\" alt=\"\"><\/p>\n<h3>C.B.K.S. CENTRAL BURNER KILN SPECIAL USES<\/h3>\n<p><a href=\"\/fr\/technologies\/fours\/fours-a-cuve-unique\/c-b-k-s-central-burner-kiln-special\/\"><\/a><\/p>\n<\/li>\n<li>\n<p>        <img decoding=\"async\" src=\"\/wp-content\/uploads\/2022\/03\/MX-single-shaft-kiln.jpg\" alt=\"\"><\/p>\n<h3> M.X. MIX FIRE KILN<\/h3>\n<p><a href=\"\/fr\/technologies\/fours-a-cuve-unique\/m-x-mix-fire\/\"><\/a><\/p>\n<\/li>\n<\/ul>\n<p><!--more--><br \/>\n<!-- {\"name\":\"impianti\",\"type\":\"layout\",\"children\":[{\"type\":\"section\",\"props\":{\"class\":\"prima-sezione\",\"css\":\".uk-container{\\nbackground: rgb(0,0,0);\\nbackground: linear-gradient(0deg, rgba(0,0,0,1) 0%, rgba(0,0,0,0) 53%);\\n    max-width: none;\\n}\\n.el-section .uk-container{\\n\\tpadding-bottom: 40px!important;\\n}\",\"header_transparent\":\"light\",\"image\":\"\",\"image_position\":\"center-center\",\"padding\":\"large\",\"padding_remove_bottom\":true,\"style\":\"default\",\"title_breakpoint\":\"xl\",\"title_position\":\"top-left\",\"title_rotation\":\"left\",\"vertical_align\":\"middle\",\"video\":\"wp-content\\\/uploads\\\/2022\\\/04\\\/HPK_singolo_tino-1.mp4\",\"width\":\"default\"},\"children\":[{\"type\":\"row\",\"children\":[{\"type\":\"column\",\"props\":{\"image_position\":\"center-center\",\"media_overlay_gradient\":\"\",\"position_sticky_breakpoint\":\"m\",\"vertical_align\":\"bottom\"},\"children\":[{\"type\":\"headline\",\"props\":{\"content\":\"<strong>TECHNOLOGIES<\\\/strong>\",\"css\":\".el-element{\\n\\tcolor: #fff;\\n    text-shadow: 2px 2px 10px rgba(0,0,0,0.5);\\n}\",\"margin\":\"large\",\"margin_remove_bottom\":false,\"text_align\":\"center\",\"title_element\":\"h1\",\"title_style\":\"heading-small\"}}]}]}],\"modified\":\"2021-10-27T07:57:33.371Z\",\"name\":\"top-azienda\"},{\"type\":\"section\",\"props\":{\"css\":\".el-section{\\n\\tposition: relative;\\n}\",\"image_position\":\"center-center\",\"padding\":\"none\",\"style\":\"default\",\"title_breakpoint\":\"xl\",\"title_position\":\"top-left\",\"title_rotation\":\"left\",\"vertical_align\":\"middle\",\"width\":\"default\"},\"children\":[{\"type\":\"row\",\"children\":[{\"type\":\"column\",\"props\":{\"image_position\":\"center-center\",\"media_overlay_gradient\":\"\",\"position_sticky_breakpoint\":\"m\"},\"children\":[{\"type\":\"button\",\"props\":{\"class\":\"bottone-freccia\",\"css\":\".el-element{\\n\\tdisplay: flex;\\n    justify-content: center;\\n}\\na{\\n\\tborder-radius: 40px;\\n    width: 60px;\\n    height: 60px;\\n    display: flex;\\n    align-items: center;\\n    border: 2px solid #fff;\\n    justify-content: center;\\n    margin-top: -20px;\\n    z-index: 9;\\n}\\n.el-content{\\n\\tpadding: 0px;\\n}\\nsvg{\\n\\twidth: 40px;\\n    height: 40px;\\n}\\n\",\"grid_column_gap\":\"small\",\"grid_row_gap\":\"small\",\"margin\":\"default\",\"text_align\":\"center\"},\"children\":[{\"type\":\"button_item\",\"props\":{\"button_style\":\"default\",\"icon\":\"chevron-down\",\"icon_align\":\"left\",\"link\":\"#\"}}]}]}]}],\"name\":\"sezione bottone nuova\"},{\"type\":\"section\",\"props\":{\"image_position\":\"center-center\",\"style\":\"default\",\"title_breakpoint\":\"xl\",\"title_position\":\"top-left\",\"title_rotation\":\"left\",\"vertical_align\":\"middle\",\"width\":\"default\"},\"children\":[{\"type\":\"row\",\"children\":[{\"type\":\"column\",\"props\":{\"image_position\":\"center-center\",\"media_overlay_gradient\":\"\",\"position_sticky_breakpoint\":\"m\"},\"children\":[{\"type\":\"breadcrumbs\",\"props\":{\"show_current\":true,\"show_home\":true}}]}],\"props\":{\"margin\":\"medium\",\"margin_remove_top\":false}},{\"type\":\"row\",\"children\":[{\"type\":\"column\",\"props\":{\"image_position\":\"center-center\",\"media_overlay_gradient\":\"\",\"position_sticky_breakpoint\":\"m\"},\"children\":[{\"type\":\"headline\",\"props\":{\"content\":\"<span class=\\\"rosso\\\">f<\\\/span>ours \\u00e0 cuve unique\",\"margin_remove_top\":true,\"text_align\":\"center\",\"title_element\":\"h2\"},\"modified\":\"2021-10-27T08:05:54.071Z\",\"name\":\"titoli\"},{\"type\":\"text\",\"props\":{\"column_breakpoint\":\"m\",\"content\":\"\n\n<p>Les <strong>fours \\u00e0 cuve unique<\\\/strong> sont des fours \\u00e0 contre-courant.<br \\\/><br \\\/>Ils sont indiqu\\u00e9s pour les moyennes et petites productions de chaux parce qu\\u2019ils ont un faible co\\u00fbt d\\u2019investissement et une grande simplicit\\u00e9 de maintenance et de gestion. Ils permettent \\u00e9galement d\\u2019obtenir des concentrations \\u00e9lev\\u00e9es de CO<sub>2<\\\/sub> \\u00e0 la chemin\\u00e9e.<\\\/p>\",\"margin\":\"default\",\"text_align\":\"justify\"}},{\"type\":\"grid\",\"props\":{\"content_column_breakpoint\":\"m\",\"css\":\".el-item{\\n\\ttransition: 0.2s ease-in-out;\\n}\\n.el-item:hover{\\n    transform: scale(1.07);\\n    transition: 0.2s ease-in-out;\\n}\",\"filter_align\":\"left\",\"filter_all\":true,\"filter_grid_breakpoint\":\"m\",\"filter_grid_width\":\"auto\",\"filter_position\":\"top\",\"filter_style\":\"tab\",\"grid_default\":\"1\",\"grid_medium\":\"\",\"grid_small\":\"4\",\"icon_width\":80,\"image_align\":\"top\",\"image_grid_breakpoint\":\"m\",\"image_grid_width\":\"1-2\",\"image_height\":\"160\",\"image_svg_color\":\"emphasis\",\"image_width\":\"160\",\"item_animation\":true,\"link_style\":\"default\",\"link_text\":\"\",\"margin\":\"large\",\"meta_align\":\"below-title\",\"meta_element\":\"div\",\"meta_style\":\"text-meta\",\"panel_link\":true,\"parallax_easing\":\"1\",\"show_content\":true,\"show_image\":true,\"show_link\":true,\"show_meta\":true,\"show_title\":true,\"text_align\":\"center\",\"title_align\":\"top\",\"title_element\":\"h3\",\"title_grid_breakpoint\":\"m\",\"title_grid_width\":\"1-2\",\"title_hover_style\":\"reset\",\"title_style\":\"h5\"},\"children\":[{\"type\":\"grid_item\",\"props\":{\"image\":\"wp-content\\\/uploads\\\/2022\\\/03\\\/HPK.jpg\",\"link\":\"fr\\\/technologies\\\/fours-a-cuve-unique\\\/h-p-k-high-performance-kiln\\\/\",\"title\":\"H.P.K. HIGH PERFORMANCE KILN\"}},{\"type\":\"grid_item\",\"props\":{\"image\":\"wp-content\\\/uploads\\\/2022\\\/03\\\/CBK.jpg\",\"link\":\"fr\\\/technologies\\\/fours-a-cuve-unique\\\/c-b-k-central-burner-kiln\\\/\",\"title\":\"C.B.K. CENTRAL BURNER KILN\"}},{\"type\":\"grid_item\",\"props\":{\"image\":\"wp-content\\\/uploads\\\/2022\\\/03\\\/C.B.K.S..jpg\",\"link\":\"fr\\\/technologies\\\/fours\\\/fours-a-cuve-unique\\\/c-b-k-s-central-burner-kiln-special\\\/\",\"title\":\"C.B.K.S. CENTRAL BURNER KILN SPECIAL USES\"}},{\"type\":\"grid_item\",\"props\":{\"image\":\"wp-content\\\/uploads\\\/2022\\\/03\\\/MX-single-shaft-kiln.jpg\",\"link\":\"fr\\\/technologies\\\/fours-a-cuve-unique\\\/m-x-mix-fire\\\/\",\"title\":\" M.X. MIX FIRE KILN\"}}]}]}]}]}],\"version\":\"3.0.25\"} --><\/p>\n","protected":false},"excerpt":{"rendered":"<p>TECHNOLOGIES fours \u00e0 cuve unique Les fours \u00e0 cuve unique sont des fours \u00e0 contre-courant. Ils sont indiqu\u00e9s pour les moyennes et petites productions de chaux parce qu\u2019ils ont un faible co\u00fbt d\u2019investissement et une grande simplicit\u00e9 de maintenance et de gestion. Ils permettent \u00e9galement d\u2019obtenir des concentrations \u00e9lev\u00e9es de CO2 \u00e0 la chemin\u00e9e. H.P.K. [&hellip;]<\/p>\n","protected":false},"author":1,"featured_media":0,"parent":4560,"menu_order":0,"comment_status":"closed","ping_status":"closed","template":"","meta":{"footnotes":""},"class_list":["post-3830","page","type-page","status-publish","hentry"],"yoast_head":"<!-- This site is optimized with the Yoast SEO plugin v26.0 - https:\/\/yoast.com\/wordpress\/plugins\/seo\/ -->\n<title>Fours \u00e0 cuve unique - SIC Lime - Societ\u00e0 Impianti Calce S.r.l.<\/title>\n<meta name=\"robots\" content=\"index, follow, max-snippet:-1, max-image-preview:large, max-video-preview:-1\" \/>\n<link rel=\"canonical\" href=\"https:\/\/sic-lime.com\/fr\/technologies\/fours\/fours-a-cuve-unique\/\" \/>\n<meta property=\"og:locale\" content=\"fr_FR\" \/>\n<meta property=\"og:type\" content=\"article\" \/>\n<meta property=\"og:title\" content=\"Fours \u00e0 cuve unique - SIC Lime - Societ\u00e0 Impianti Calce S.r.l.\" \/>\n<meta property=\"og:description\" content=\"TECHNOLOGIES fours \u00e0 cuve unique Les fours \u00e0 cuve unique sont des fours \u00e0 contre-courant. Ils sont indiqu\u00e9s pour les moyennes et petites productions de chaux parce qu\u2019ils ont un faible co\u00fbt d\u2019investissement et une grande simplicit\u00e9 de maintenance et de gestion. Ils permettent \u00e9galement d\u2019obtenir des concentrations \u00e9lev\u00e9es de CO2 \u00e0 la chemin\u00e9e. H.P.K. [&hellip;]\" \/>\n<meta property=\"og:url\" content=\"https:\/\/sic-lime.com\/fr\/technologies\/fours\/fours-a-cuve-unique\/\" \/>\n<meta property=\"og:site_name\" content=\"SIC Lime - Societ\u00e0 Impianti Calce S.r.l.\" \/>\n<meta property=\"article:publisher\" content=\"https:\/\/www.facebook.com\/SIC-Lime-Plants-and-Machines-Societ-Impianti-Calce-1667391000056560\/\" \/>\n<meta property=\"article:modified_time\" content=\"2023-09-28T10:12:39+00:00\" \/>\n<meta name=\"twitter:card\" content=\"summary_large_image\" \/>\n<script type=\"application\/ld+json\" class=\"yoast-schema-graph\">{\"@context\":\"https:\/\/schema.org\",\"@graph\":[{\"@type\":\"WebPage\",\"@id\":\"https:\/\/sic-lime.com\/fr\/technologies\/fours\/fours-a-cuve-unique\/\",\"url\":\"https:\/\/sic-lime.com\/fr\/technologies\/fours\/fours-a-cuve-unique\/\",\"name\":\"Fours \u00e0 cuve unique - SIC Lime - Societ\u00e0 Impianti Calce S.r.l.\",\"isPartOf\":{\"@id\":\"https:\/\/sic-lime.com\/fr\/#website\"},\"datePublished\":\"2021-12-28T07:53:09+00:00\",\"dateModified\":\"2023-09-28T10:12:39+00:00\",\"breadcrumb\":{\"@id\":\"https:\/\/sic-lime.com\/fr\/technologies\/fours\/fours-a-cuve-unique\/#breadcrumb\"},\"inLanguage\":\"fr-FR\",\"potentialAction\":[{\"@type\":\"ReadAction\",\"target\":[\"https:\/\/sic-lime.com\/fr\/technologies\/fours\/fours-a-cuve-unique\/\"]}]},{\"@type\":\"BreadcrumbList\",\"@id\":\"https:\/\/sic-lime.com\/fr\/technologies\/fours\/fours-a-cuve-unique\/#breadcrumb\",\"itemListElement\":[{\"@type\":\"ListItem\",\"position\":1,\"name\":\"Home\",\"item\":\"https:\/\/sic-lime.com\/fr\/\"},{\"@type\":\"ListItem\",\"position\":2,\"name\":\"Technologies\",\"item\":\"https:\/\/sic-lime.com\/fr\/technologies\/\"},{\"@type\":\"ListItem\",\"position\":3,\"name\":\"Fours\",\"item\":\"https:\/\/sic-lime.com\/fr\/technologies\/kilns\/\"},{\"@type\":\"ListItem\",\"position\":4,\"name\":\"Fours \u00e0 cuve unique\"}]},{\"@type\":\"WebSite\",\"@id\":\"https:\/\/sic-lime.com\/fr\/#website\",\"url\":\"https:\/\/sic-lime.com\/fr\/\",\"name\":\"SIC Lime - Societ\u00e0 Impianti Calce S.r.l.\",\"description\":\"\",\"publisher\":{\"@id\":\"https:\/\/sic-lime.com\/fr\/#organization\"},\"potentialAction\":[{\"@type\":\"SearchAction\",\"target\":{\"@type\":\"EntryPoint\",\"urlTemplate\":\"https:\/\/sic-lime.com\/fr\/?s={search_term_string}\"},\"query-input\":{\"@type\":\"PropertyValueSpecification\",\"valueRequired\":true,\"valueName\":\"search_term_string\"}}],\"inLanguage\":\"fr-FR\"},{\"@type\":\"Organization\",\"@id\":\"https:\/\/sic-lime.com\/fr\/#organization\",\"name\":\"SIC - Societ\u00e0 Impianti Calce S.r.l\",\"url\":\"https:\/\/sic-lime.com\/fr\/\",\"logo\":{\"@type\":\"ImageObject\",\"inLanguage\":\"fr-FR\",\"@id\":\"https:\/\/sic-lime.com\/fr\/#\/schema\/logo\/image\/\",\"url\":\"https:\/\/sic-lime.com\/wp-content\/uploads\/2021\/10\/logo-rosso-nero.png\",\"contentUrl\":\"https:\/\/sic-lime.com\/wp-content\/uploads\/2021\/10\/logo-rosso-nero.png\",\"width\":685,\"height\":393,\"caption\":\"SIC - Societ\u00e0 Impianti Calce S.r.l\"},\"image\":{\"@id\":\"https:\/\/sic-lime.com\/fr\/#\/schema\/logo\/image\/\"},\"sameAs\":[\"https:\/\/www.facebook.com\/SIC-Lime-Plants-and-Machines-Societ-Impianti-Calce-1667391000056560\/\",\"https:\/\/www.linkedin.com\/company\/societ-impianti-calce-srl\/\"]}]}<\/script>\n<!-- \/ Yoast SEO plugin. -->","yoast_head_json":{"title":"Fours \u00e0 cuve unique - SIC Lime - Societ\u00e0 Impianti Calce S.r.l.","robots":{"index":"index","follow":"follow","max-snippet":"max-snippet:-1","max-image-preview":"max-image-preview:large","max-video-preview":"max-video-preview:-1"},"canonical":"https:\/\/sic-lime.com\/fr\/technologies\/fours\/fours-a-cuve-unique\/","og_locale":"fr_FR","og_type":"article","og_title":"Fours \u00e0 cuve unique - SIC Lime - Societ\u00e0 Impianti Calce S.r.l.","og_description":"TECHNOLOGIES fours \u00e0 cuve unique Les fours \u00e0 cuve unique sont des fours \u00e0 contre-courant. Ils sont indiqu\u00e9s pour les moyennes et petites productions de chaux parce qu\u2019ils ont un faible co\u00fbt d\u2019investissement et une grande simplicit\u00e9 de maintenance et de gestion. Ils permettent \u00e9galement d\u2019obtenir des concentrations \u00e9lev\u00e9es de CO2 \u00e0 la chemin\u00e9e. H.P.K. [&hellip;]","og_url":"https:\/\/sic-lime.com\/fr\/technologies\/fours\/fours-a-cuve-unique\/","og_site_name":"SIC Lime - Societ\u00e0 Impianti Calce S.r.l.","article_publisher":"https:\/\/www.facebook.com\/SIC-Lime-Plants-and-Machines-Societ-Impianti-Calce-1667391000056560\/","article_modified_time":"2023-09-28T10:12:39+00:00","twitter_card":"summary_large_image","schema":{"@context":"https:\/\/schema.org","@graph":[{"@type":"WebPage","@id":"https:\/\/sic-lime.com\/fr\/technologies\/fours\/fours-a-cuve-unique\/","url":"https:\/\/sic-lime.com\/fr\/technologies\/fours\/fours-a-cuve-unique\/","name":"Fours \u00e0 cuve unique - SIC Lime - Societ\u00e0 Impianti Calce S.r.l.","isPartOf":{"@id":"https:\/\/sic-lime.com\/fr\/#website"},"datePublished":"2021-12-28T07:53:09+00:00","dateModified":"2023-09-28T10:12:39+00:00","breadcrumb":{"@id":"https:\/\/sic-lime.com\/fr\/technologies\/fours\/fours-a-cuve-unique\/#breadcrumb"},"inLanguage":"fr-FR","potentialAction":[{"@type":"ReadAction","target":["https:\/\/sic-lime.com\/fr\/technologies\/fours\/fours-a-cuve-unique\/"]}]},{"@type":"BreadcrumbList","@id":"https:\/\/sic-lime.com\/fr\/technologies\/fours\/fours-a-cuve-unique\/#breadcrumb","itemListElement":[{"@type":"ListItem","position":1,"name":"Home","item":"https:\/\/sic-lime.com\/fr\/"},{"@type":"ListItem","position":2,"name":"Technologies","item":"https:\/\/sic-lime.com\/fr\/technologies\/"},{"@type":"ListItem","position":3,"name":"Fours","item":"https:\/\/sic-lime.com\/fr\/technologies\/kilns\/"},{"@type":"ListItem","position":4,"name":"Fours \u00e0 cuve unique"}]},{"@type":"WebSite","@id":"https:\/\/sic-lime.com\/fr\/#website","url":"https:\/\/sic-lime.com\/fr\/","name":"SIC Lime - Societ\u00e0 Impianti Calce S.r.l.","description":"","publisher":{"@id":"https:\/\/sic-lime.com\/fr\/#organization"},"potentialAction":[{"@type":"SearchAction","target":{"@type":"EntryPoint","urlTemplate":"https:\/\/sic-lime.com\/fr\/?s={search_term_string}"},"query-input":{"@type":"PropertyValueSpecification","valueRequired":true,"valueName":"search_term_string"}}],"inLanguage":"fr-FR"},{"@type":"Organization","@id":"https:\/\/sic-lime.com\/fr\/#organization","name":"SIC - Societ\u00e0 Impianti Calce S.r.l","url":"https:\/\/sic-lime.com\/fr\/","logo":{"@type":"ImageObject","inLanguage":"fr-FR","@id":"https:\/\/sic-lime.com\/fr\/#\/schema\/logo\/image\/","url":"https:\/\/sic-lime.com\/wp-content\/uploads\/2021\/10\/logo-rosso-nero.png","contentUrl":"https:\/\/sic-lime.com\/wp-content\/uploads\/2021\/10\/logo-rosso-nero.png","width":685,"height":393,"caption":"SIC - Societ\u00e0 Impianti Calce S.r.l"},"image":{"@id":"https:\/\/sic-lime.com\/fr\/#\/schema\/logo\/image\/"},"sameAs":["https:\/\/www.facebook.com\/SIC-Lime-Plants-and-Machines-Societ-Impianti-Calce-1667391000056560\/","https:\/\/www.linkedin.com\/company\/societ-impianti-calce-srl\/"]}]}},"_links":{"self":[{"href":"https:\/\/sic-lime.com\/fr\/wp-json\/wp\/v2\/pages\/3830","targetHints":{"allow":["GET"]}}],"collection":[{"href":"https:\/\/sic-lime.com\/fr\/wp-json\/wp\/v2\/pages"}],"about":[{"href":"https:\/\/sic-lime.com\/fr\/wp-json\/wp\/v2\/types\/page"}],"author":[{"embeddable":true,"href":"https:\/\/sic-lime.com\/fr\/wp-json\/wp\/v2\/users\/1"}],"replies":[{"embeddable":true,"href":"https:\/\/sic-lime.com\/fr\/wp-json\/wp\/v2\/comments?post=3830"}],"version-history":[{"count":3,"href":"https:\/\/sic-lime.com\/fr\/wp-json\/wp\/v2\/pages\/3830\/revisions"}],"predecessor-version":[{"id":6081,"href":"https:\/\/sic-lime.com\/fr\/wp-json\/wp\/v2\/pages\/3830\/revisions\/6081"}],"up":[{"embeddable":true,"href":"https:\/\/sic-lime.com\/fr\/wp-json\/wp\/v2\/pages\/4560"}],"wp:attachment":[{"href":"https:\/\/sic-lime.com\/fr\/wp-json\/wp\/v2\/media?parent=3830"}],"curies":[{"name":"wp","href":"https:\/\/api.w.org\/{rel}","templated":true}]}}