{"id":3299,"date":"2021-10-11T11:58:00","date_gmt":"2021-10-11T09:58:00","guid":{"rendered":"https:\/\/sic-lime.com\/?page_id=3299"},"modified":"2023-03-07T15:30:40","modified_gmt":"2023-03-07T13:30:40","slug":"mission-vision","status":"publish","type":"page","link":"https:\/\/sic-lime.com\/fr\/entreprise\/mission-vision\/","title":{"rendered":"Vision &#038; Mission"},"content":{"rendered":"<h1><strong>Entreprise<\/strong><\/h1>\n<p>\n    <a href=\"#\"><\/a>\n<\/p>\n<h2>VISION &amp; MISSION<\/h2>\n<div>\n<p>Nous consid\u00e9rons le client comme notre plus grand atout et notre plus importante <strong>source de nouvelles exp\u00e9riences<\/strong>, d\u2019id\u00e9es et comme notre plus grande motivation \u00e0 nous am\u00e9liorer.<\/p>\n<p>Nous voulons que notre nom soit toujours <strong>synonyme de professionnalit\u00e9<\/strong> et qu\u2019il repr\u00e9sente le point de r\u00e9f\u00e9rence dans le monde de la chaux.<\/p>\n<p>La r\u00e9solution rapide et efficace aux petits probl\u00e8mes de nos clients doit trouver de notre part le m\u00eame engagement que nous mettons dans l\u2019ex\u00e9cution d\u2019un grand projet.<\/p>\n<p>Notre engagement envers nos clients ne doit pas se conclure par la signature du <strong>test de performance<\/strong>, mais cela ne doit \u00eatre que la premi\u00e8re \u00e9tape d\u2019un projet et doit repr\u00e9senter le d\u00e9but d\u2019une relation de croissance commune.<\/p>\n<p>Nous croyons que <strong>concevoir une bonne installation<\/strong> signifie, de mani\u00e8re imp\u00e9rative, r\u00e9aliser une installation qui respecte l\u2019environnement et qui soit s\u00fbre pour la sant\u00e9 de ceux qui doivent y op\u00e9rer.<\/p>\n<p>L\u2019implication directe de la propri\u00e9t\u00e9 d\u2019entreprise dans la gestion de la soci\u00e9t\u00e9 repr\u00e9sente la garantie d\u2019avoir une r\u00e9ponse imm\u00e9diate et de trouver un interlocuteur connu et motiv\u00e9 \u00e0 la <strong>recherche de la solution<\/strong> pour la satisfaction du client.<\/p>\n<\/div>\n<p><img decoding=\"async\" src=\"\/wp-content\/uploads\/2022\/02\/10-scaled.jpg\" alt=\"\"><\/p>\n<div>\n<p><strong><span class=\"rosso\">SIC<\/span><\/strong> <strong>est aujourd\u2019hui<\/strong> l\u2019un des leaders mondiaux dans la conception et la construction des installations et des machines pour la production de la chaux et de ses d\u00e9riv\u00e9s et est consid\u00e9r\u00e9 par ses clients, gr\u00e2ce \u00e0 sa vaste \u00e9tude de cas, le \u00ab\u00a0lime problem solving\u00a0\u00bb ou source d\u2019information sur le monde de la chaux. Le nouveau si\u00e8ge social construit en 2007, d\u00e8s le projet initial, na\u00eet fonctionnel au type d\u2019activit\u00e9 que<strong> <span class=\"rosso\">SIC<\/span><\/strong> accomplit et surtout \u00e0 la \u00ab\u00a0philosophie\u00a0\u00bb avec laquelle cette activit\u00e9 doit se r\u00e9aliser.<\/p>\n<p>La \u00ab\u00a0maison\u00a0\u00bb de <strong><span class=\"rosso\">SIC<\/span><\/strong> est positionn\u00e9e aux portes de la ville de Milan, une des principales r\u00e9alit\u00e9s \u00e9conomiques et technologiques en Europe, la localisation na\u00eet de la n\u00e9cessit\u00e9 de pouvoir acc\u00e9der \u00e0 toutes les facilities que seul un grand centre international comme Milan peut offrir.<\/p>\n<p>Dans plus de 1000 m<sup>2<\/sup> de bureaux trouvent leur emplacement : le bureau technique &#8211; commercial, le bureau de conception, le centre de recherche, le laboratoire d\u2019essais chimiques et physiques des mat\u00e9riaux et la zone de contr\u00f4le et d\u2019essai des machines et mat\u00e9riaux sp\u00e9ciaux.<\/p>\n<p>R\u00e9aliser toutes les activit\u00e9s critiques dans la \u00ab\u00a0maison\u00a0\u00bb, sous le contr\u00f4le attentif de notre personnel technique qualifi\u00e9, peut para\u00eetre plus on\u00e9reux, mais nous voulons que toutes les fonctions consid\u00e9r\u00e9es comme strat\u00e9giques soient concentr\u00e9es \u00e0 notre si\u00e8ge avec une cha\u00eene de contr\u00f4le et de responsabilit\u00e9 tr\u00e8s courte.<\/p>\n<p>Nous croyons que la qualit\u00e9 et le contr\u00f4le apportent globalement un grand avantage \u00e9conomique dans la r\u00e9alisation globale du projet pour nos clients et pour <strong><span class=\"rosso\">SIC<\/span><\/strong> en termes de retour d\u2019image.<\/p>\n<p>Le d\u00e9veloppement continu de technologies apparent\u00e9es m\u00eame si diff\u00e9rentes pour certaines de leurs particularit\u00e9s, est voulu pour pouvoir garantir \u00e0 nos clients que toujours, notre proposition soit le r\u00e9sultat d\u2019un choix technologique et pas seulement commercial.<\/p>\n<\/div>\n<p><!--more--><br \/>\n<!-- {\"type\":\"layout\",\"children\":[{\"type\":\"section\",\"props\":{\"class\":\"prima-sezione\",\"css\":\".uk-container{\\nbackground: rgb(0,0,0);\\nbackground: linear-gradient(0deg, rgba(0,0,0,1) 0%, rgba(0,0,0,0) 53%);\\n    max-width: none;\\n}\",\"header_transparent\":\"light\",\"image\":\"wp-content\\\/uploads\\\/2021\\\/10\\\/christian-wiediger-QNpY_ce4qqA-unsplash-scaled.jpg\",\"image_position\":\"center-center\",\"padding\":\"large\",\"padding_remove_bottom\":true,\"style\":\"default\",\"title_breakpoint\":\"xl\",\"title_position\":\"top-left\",\"title_rotation\":\"left\",\"vertical_align\":\"middle\",\"width\":\"default\"},\"children\":[{\"type\":\"row\",\"children\":[{\"type\":\"column\",\"props\":{\"image_position\":\"center-center\",\"media_overlay_gradient\":\"\",\"position_sticky_breakpoint\":\"m\",\"vertical_align\":\"bottom\"},\"children\":[{\"type\":\"headline\",\"props\":{\"content\":\"<strong>Entreprise<\\\/strong>\",\"css\":\".el-element{\\n\\tcolor: #fff;\\n    text-shadow: 2px 2px 10px rgba(0,0,0,0.5);\\n}\",\"margin\":\"large\",\"margin_remove_bottom\":false,\"text_align\":\"center\",\"title_element\":\"h1\",\"title_style\":\"heading-small\"}},{\"type\":\"button\",\"props\":{\"class\":\"bottone-freccia\",\"css\":\"a{\\n\\tborder-radius: 40px;\\n    width: 60px;\\n    height: 60px;\\n    display: flex;\\n    align-items: center;\\n    border: 2px solid #fff;\\n    justify-content: center;\\n}\\n.el-content{\\n\\tpadding: 0px;\\n}\\nsvg{\\n\\twidth: 40px;\\n    height: 40px;\\n}\\n.el-element{\\n\\tposition: absolute;\\n    bottom: -30px;\\n    left: 50%;\\n    z-index: 99;\\n    transform: translate(-50%);\\n}\",\"grid_column_gap\":\"small\",\"grid_row_gap\":\"small\",\"margin\":\"default\",\"text_align\":\"center\"},\"children\":[{\"type\":\"button_item\",\"props\":{\"button_style\":\"default\",\"icon\":\"chevron-down\",\"icon_align\":\"left\",\"link\":\"#\"}}]}]}]}],\"modified\":\"2021-10-27T07:57:33.371Z\",\"name\":\"top-azienda\"},{\"type\":\"section\",\"props\":{\"image_position\":\"center-center\",\"style\":\"default\",\"title_breakpoint\":\"xl\",\"title_position\":\"top-left\",\"title_rotation\":\"left\",\"vertical_align\":\"middle\",\"width\":\"default\"},\"children\":[{\"type\":\"row\",\"children\":[{\"type\":\"column\",\"props\":{\"image_position\":\"center-center\",\"media_overlay_gradient\":\"\",\"position_sticky_breakpoint\":\"m\"},\"children\":[{\"type\":\"breadcrumbs\",\"props\":{\"home_text\":\"\",\"show_current\":true,\"show_home\":true}}]}]},{\"type\":\"row\",\"children\":[{\"type\":\"column\",\"props\":{\"image_position\":\"center-center\",\"media_overlay_gradient\":\"\",\"position_sticky_breakpoint\":\"m\"},\"children\":[{\"type\":\"headline\",\"props\":{\"content\":\"VISION &amp; MISSION\",\"margin_remove_top\":true,\"text_align\":\"center\",\"title_element\":\"h2\"},\"modified\":\"2021-10-27T08:05:54.071Z\",\"name\":\"titoli\"}]}]},{\"type\":\"row\",\"props\":{\"layout\":\"1-2,1-2\"},\"children\":[{\"type\":\"column\",\"props\":{\"image_position\":\"center-center\",\"media_overlay_gradient\":\"\",\"position_sticky_breakpoint\":\"m\",\"width_medium\":\"1-2\"},\"children\":[{\"type\":\"text\",\"props\":{\"column_breakpoint\":\"m\",\"content\":\"\n\n<p>Nous consid\\u00e9rons le client comme notre plus grand atout et notre plus importante <strong>source de nouvelles exp\\u00e9riences<\\\/strong>, d\\u2019id\\u00e9es et comme notre plus grande motivation \\u00e0 nous am\\u00e9liorer.<\\\/p>\\n\n\n<p>Nous voulons que notre nom soit toujours <strong>synonyme de professionnalit\\u00e9<\\\/strong> et qu\\u2019il repr\\u00e9sente le point de r\\u00e9f\\u00e9rence dans le monde de la chaux.<\\\/p>\\n\n\n<p>La r\\u00e9solution rapide et efficace aux petits probl\\u00e8mes de nos clients doit trouver de notre part le m\\u00eame engagement que nous mettons dans l\\u2019ex\\u00e9cution d\\u2019un grand projet.<\\\/p>\\n\n\n<p>Notre engagement envers nos clients ne doit pas se conclure par la signature du <strong>test de performance<\\\/strong>, mais cela ne doit \\u00eatre que la premi\\u00e8re \\u00e9tape d\\u2019un projet et doit repr\\u00e9senter le d\\u00e9but d\\u2019une relation de croissance commune.<\\\/p>\\n\n\n<p>Nous croyons que <strong>concevoir une bonne installation<\\\/strong> signifie, de mani\\u00e8re imp\\u00e9rative, r\\u00e9aliser une installation qui respecte l\\u2019environnement et qui soit s\\u00fbre pour la sant\\u00e9 de ceux qui doivent y op\\u00e9rer.<\\\/p>\\n\n\n<p>L\\u2019implication directe de la propri\\u00e9t\\u00e9 d\\u2019entreprise dans la gestion de la soci\\u00e9t\\u00e9 repr\\u00e9sente la garantie d\\u2019avoir une r\\u00e9ponse imm\\u00e9diate et de trouver un interlocuteur connu et motiv\\u00e9 \\u00e0 la <strong>recherche de la solution<\\\/strong> pour la satisfaction du client.<\\\/p>\",\"margin\":\"medium\",\"text_align\":\"justify\"}}]},{\"type\":\"column\",\"props\":{\"image_position\":\"center-center\",\"media_overlay_gradient\":\"\",\"position_sticky_breakpoint\":\"m\",\"vertical_align\":\"middle\",\"width_medium\":\"1-2\"},\"children\":[{\"type\":\"image\",\"props\":{\"image\":\"wp-content\\\/uploads\\\/2022\\\/02\\\/10-scaled.jpg\",\"image_height\":\"100%\",\"image_svg_color\":\"emphasis\",\"image_width\":\"467\",\"margin\":\"default\",\"text_align\":\"center\"}}]}]},{\"type\":\"row\",\"props\":{\"row_gap\":\"small\"},\"children\":[{\"type\":\"column\",\"props\":{\"image_position\":\"center-center\",\"media_overlay_gradient\":\"\",\"position_sticky_breakpoint\":\"m\"},\"children\":[{\"type\":\"text\",\"props\":{\"column_breakpoint\":\"m\",\"content\":\"\n\n<p><strong><span class=\\\"rosso\\\">SIC<\\\/span><\\\/strong> <strong>est aujourd\\u2019hui<\\\/strong> l\\u2019un des leaders mondiaux dans la conception et la construction des installations et des machines pour la production de la chaux et de ses d\\u00e9riv\\u00e9s et est consid\\u00e9r\\u00e9 par ses clients, gr\\u00e2ce \\u00e0 sa vaste \\u00e9tude de cas, le \\\"lime problem solving\\\" ou source d\\u2019information sur le monde de la chaux. Le nouveau si\\u00e8ge social construit en 2007, d\\u00e8s le projet initial, na\\u00eet fonctionnel au type d\\u2019activit\\u00e9 que<strong> <span class=\\\"rosso\\\">SIC<\\\/span><\\\/strong> accomplit et surtout \\u00e0 la \\\"philosophie\\\" avec laquelle cette activit\\u00e9 doit se r\\u00e9aliser.<br \\\/><br \\\/>La \\\"maison\\\" de <strong><span class=\\\"rosso\\\">SIC<\\\/span><\\\/strong> est positionn\\u00e9e aux portes de la ville de Milan, une des principales r\\u00e9alit\\u00e9s \\u00e9conomiques et technologiques en Europe, la localisation na\\u00eet de la n\\u00e9cessit\\u00e9 de pouvoir acc\\u00e9der \\u00e0 toutes les facilities que seul un grand centre international comme Milan peut offrir.<\\\/p>\\n\n\n<p>Dans plus de 1000 m<sup>2<\\\/sup> de bureaux trouvent leur emplacement : le bureau technique - commercial, le bureau de conception, le centre de recherche, le laboratoire d\\u2019essais chimiques et physiques des mat\\u00e9riaux et la zone de contr\\u00f4le et d\\u2019essai des machines et mat\\u00e9riaux sp\\u00e9ciaux.<\\\/p>\\n\n\n<p>R\\u00e9aliser toutes les activit\\u00e9s critiques dans la \\\"maison\\\", sous le contr\\u00f4le attentif de notre personnel technique qualifi\\u00e9, peut para\\u00eetre plus on\\u00e9reux, mais nous voulons que toutes les fonctions consid\\u00e9r\\u00e9es comme strat\\u00e9giques soient concentr\\u00e9es \\u00e0 notre si\\u00e8ge avec une cha\\u00eene de contr\\u00f4le et de responsabilit\\u00e9 tr\\u00e8s courte.<\\\/p>\\n\n\n<p>Nous croyons que la qualit\\u00e9 et le contr\\u00f4le apportent globalement un grand avantage \\u00e9conomique dans la r\\u00e9alisation globale du projet pour nos clients et pour <strong><span class=\\\"rosso\\\">SIC<\\\/span><\\\/strong> en termes de retour d\\u2019image.<\\\/p>\\n\n\n<p>Le d\\u00e9veloppement continu de technologies apparent\\u00e9es m\\u00eame si diff\\u00e9rentes pour certaines de leurs particularit\\u00e9s, est voulu pour pouvoir garantir \\u00e0 nos clients que toujours, notre proposition soit le r\\u00e9sultat d\\u2019un choix technologique et pas seulement commercial.<\\\/p>\",\"css\":\"@media only screen and (max-width:960px) {\\n    .el-element{\\n    margin-top:20px;\\n    }\\n}\",\"margin\":\"default\",\"text_align\":\"justify\"}}]}]}]}],\"version\":\"3.0.25\"} --><\/p>\n","protected":false},"excerpt":{"rendered":"<p>Entreprise VISION &amp; MISSION Nous consid\u00e9rons le client comme notre plus grand atout et notre plus importante source de nouvelles exp\u00e9riences, d\u2019id\u00e9es et comme notre plus grande motivation \u00e0 nous am\u00e9liorer. Nous voulons que notre nom soit toujours synonyme de professionnalit\u00e9 et qu\u2019il repr\u00e9sente le point de r\u00e9f\u00e9rence dans le monde de la chaux. La [&hellip;]<\/p>\n","protected":false},"author":1,"featured_media":0,"parent":3289,"menu_order":0,"comment_status":"closed","ping_status":"closed","template":"","meta":{"footnotes":""},"class_list":["post-3299","page","type-page","status-publish","hentry"],"yoast_head":"<!-- This site is optimized with the Yoast SEO plugin v26.0 - https:\/\/yoast.com\/wordpress\/plugins\/seo\/ -->\n<title>Vision &amp; Mission - SIC Lime - Societ\u00e0 Impianti Calce S.r.l.<\/title>\n<meta name=\"robots\" content=\"index, follow, max-snippet:-1, max-image-preview:large, max-video-preview:-1\" \/>\n<link rel=\"canonical\" href=\"https:\/\/sic-lime.com\/fr\/entreprise\/mission-vision\/\" \/>\n<meta property=\"og:locale\" content=\"fr_FR\" \/>\n<meta property=\"og:type\" content=\"article\" \/>\n<meta property=\"og:title\" content=\"Vision &amp; Mission - SIC Lime - Societ\u00e0 Impianti Calce S.r.l.\" \/>\n<meta property=\"og:description\" content=\"Entreprise VISION &amp; MISSION Nous consid\u00e9rons le client comme notre plus grand atout et notre plus importante source de nouvelles exp\u00e9riences, d\u2019id\u00e9es et comme notre plus grande motivation \u00e0 nous am\u00e9liorer. Nous voulons que notre nom soit toujours synonyme de professionnalit\u00e9 et qu\u2019il repr\u00e9sente le point de r\u00e9f\u00e9rence dans le monde de la chaux. La [&hellip;]\" \/>\n<meta property=\"og:url\" content=\"https:\/\/sic-lime.com\/fr\/entreprise\/mission-vision\/\" \/>\n<meta property=\"og:site_name\" content=\"SIC Lime - Societ\u00e0 Impianti Calce S.r.l.\" \/>\n<meta property=\"article:publisher\" content=\"https:\/\/www.facebook.com\/SIC-Lime-Plants-and-Machines-Societ-Impianti-Calce-1667391000056560\/\" \/>\n<meta property=\"article:modified_time\" content=\"2023-03-07T13:30:40+00:00\" \/>\n<meta name=\"twitter:card\" content=\"summary_large_image\" \/>\n<meta name=\"twitter:label1\" content=\"Dur\u00e9e de lecture estim\u00e9e\" \/>\n\t<meta name=\"twitter:data1\" content=\"3 minutes\" \/>\n<script type=\"application\/ld+json\" class=\"yoast-schema-graph\">{\"@context\":\"https:\/\/schema.org\",\"@graph\":[{\"@type\":\"WebPage\",\"@id\":\"https:\/\/sic-lime.com\/fr\/entreprise\/mission-vision\/\",\"url\":\"https:\/\/sic-lime.com\/fr\/entreprise\/mission-vision\/\",\"name\":\"Vision & Mission - SIC Lime - Societ\u00e0 Impianti Calce S.r.l.\",\"isPartOf\":{\"@id\":\"https:\/\/sic-lime.com\/fr\/#website\"},\"datePublished\":\"2021-10-11T09:58:00+00:00\",\"dateModified\":\"2023-03-07T13:30:40+00:00\",\"breadcrumb\":{\"@id\":\"https:\/\/sic-lime.com\/fr\/entreprise\/mission-vision\/#breadcrumb\"},\"inLanguage\":\"fr-FR\",\"potentialAction\":[{\"@type\":\"ReadAction\",\"target\":[\"https:\/\/sic-lime.com\/fr\/entreprise\/mission-vision\/\"]}]},{\"@type\":\"BreadcrumbList\",\"@id\":\"https:\/\/sic-lime.com\/fr\/entreprise\/mission-vision\/#breadcrumb\",\"itemListElement\":[{\"@type\":\"ListItem\",\"position\":1,\"name\":\"Home\",\"item\":\"https:\/\/sic-lime.com\/fr\/\"},{\"@type\":\"ListItem\",\"position\":2,\"name\":\"Entreprise\",\"item\":\"https:\/\/sic-lime.com\/fr\/entreprise\/\"},{\"@type\":\"ListItem\",\"position\":3,\"name\":\"Vision &#038; Mission\"}]},{\"@type\":\"WebSite\",\"@id\":\"https:\/\/sic-lime.com\/fr\/#website\",\"url\":\"https:\/\/sic-lime.com\/fr\/\",\"name\":\"SIC Lime - Societ\u00e0 Impianti Calce S.r.l.\",\"description\":\"\",\"publisher\":{\"@id\":\"https:\/\/sic-lime.com\/fr\/#organization\"},\"potentialAction\":[{\"@type\":\"SearchAction\",\"target\":{\"@type\":\"EntryPoint\",\"urlTemplate\":\"https:\/\/sic-lime.com\/fr\/?s={search_term_string}\"},\"query-input\":{\"@type\":\"PropertyValueSpecification\",\"valueRequired\":true,\"valueName\":\"search_term_string\"}}],\"inLanguage\":\"fr-FR\"},{\"@type\":\"Organization\",\"@id\":\"https:\/\/sic-lime.com\/fr\/#organization\",\"name\":\"SIC - Societ\u00e0 Impianti Calce S.r.l\",\"url\":\"https:\/\/sic-lime.com\/fr\/\",\"logo\":{\"@type\":\"ImageObject\",\"inLanguage\":\"fr-FR\",\"@id\":\"https:\/\/sic-lime.com\/fr\/#\/schema\/logo\/image\/\",\"url\":\"https:\/\/sic-lime.com\/wp-content\/uploads\/2021\/10\/logo-rosso-nero.png\",\"contentUrl\":\"https:\/\/sic-lime.com\/wp-content\/uploads\/2021\/10\/logo-rosso-nero.png\",\"width\":685,\"height\":393,\"caption\":\"SIC - Societ\u00e0 Impianti Calce S.r.l\"},\"image\":{\"@id\":\"https:\/\/sic-lime.com\/fr\/#\/schema\/logo\/image\/\"},\"sameAs\":[\"https:\/\/www.facebook.com\/SIC-Lime-Plants-and-Machines-Societ-Impianti-Calce-1667391000056560\/\",\"https:\/\/www.linkedin.com\/company\/societ-impianti-calce-srl\/\"]}]}<\/script>\n<!-- \/ Yoast SEO plugin. -->","yoast_head_json":{"title":"Vision & Mission - SIC Lime - Societ\u00e0 Impianti Calce S.r.l.","robots":{"index":"index","follow":"follow","max-snippet":"max-snippet:-1","max-image-preview":"max-image-preview:large","max-video-preview":"max-video-preview:-1"},"canonical":"https:\/\/sic-lime.com\/fr\/entreprise\/mission-vision\/","og_locale":"fr_FR","og_type":"article","og_title":"Vision & Mission - SIC Lime - Societ\u00e0 Impianti Calce S.r.l.","og_description":"Entreprise VISION &amp; MISSION Nous consid\u00e9rons le client comme notre plus grand atout et notre plus importante source de nouvelles exp\u00e9riences, d\u2019id\u00e9es et comme notre plus grande motivation \u00e0 nous am\u00e9liorer. Nous voulons que notre nom soit toujours synonyme de professionnalit\u00e9 et qu\u2019il repr\u00e9sente le point de r\u00e9f\u00e9rence dans le monde de la chaux. La [&hellip;]","og_url":"https:\/\/sic-lime.com\/fr\/entreprise\/mission-vision\/","og_site_name":"SIC Lime - Societ\u00e0 Impianti Calce S.r.l.","article_publisher":"https:\/\/www.facebook.com\/SIC-Lime-Plants-and-Machines-Societ-Impianti-Calce-1667391000056560\/","article_modified_time":"2023-03-07T13:30:40+00:00","twitter_card":"summary_large_image","twitter_misc":{"Dur\u00e9e de lecture estim\u00e9e":"3 minutes"},"schema":{"@context":"https:\/\/schema.org","@graph":[{"@type":"WebPage","@id":"https:\/\/sic-lime.com\/fr\/entreprise\/mission-vision\/","url":"https:\/\/sic-lime.com\/fr\/entreprise\/mission-vision\/","name":"Vision & Mission - SIC Lime - Societ\u00e0 Impianti Calce S.r.l.","isPartOf":{"@id":"https:\/\/sic-lime.com\/fr\/#website"},"datePublished":"2021-10-11T09:58:00+00:00","dateModified":"2023-03-07T13:30:40+00:00","breadcrumb":{"@id":"https:\/\/sic-lime.com\/fr\/entreprise\/mission-vision\/#breadcrumb"},"inLanguage":"fr-FR","potentialAction":[{"@type":"ReadAction","target":["https:\/\/sic-lime.com\/fr\/entreprise\/mission-vision\/"]}]},{"@type":"BreadcrumbList","@id":"https:\/\/sic-lime.com\/fr\/entreprise\/mission-vision\/#breadcrumb","itemListElement":[{"@type":"ListItem","position":1,"name":"Home","item":"https:\/\/sic-lime.com\/fr\/"},{"@type":"ListItem","position":2,"name":"Entreprise","item":"https:\/\/sic-lime.com\/fr\/entreprise\/"},{"@type":"ListItem","position":3,"name":"Vision &#038; Mission"}]},{"@type":"WebSite","@id":"https:\/\/sic-lime.com\/fr\/#website","url":"https:\/\/sic-lime.com\/fr\/","name":"SIC Lime - Societ\u00e0 Impianti Calce S.r.l.","description":"","publisher":{"@id":"https:\/\/sic-lime.com\/fr\/#organization"},"potentialAction":[{"@type":"SearchAction","target":{"@type":"EntryPoint","urlTemplate":"https:\/\/sic-lime.com\/fr\/?s={search_term_string}"},"query-input":{"@type":"PropertyValueSpecification","valueRequired":true,"valueName":"search_term_string"}}],"inLanguage":"fr-FR"},{"@type":"Organization","@id":"https:\/\/sic-lime.com\/fr\/#organization","name":"SIC - Societ\u00e0 Impianti Calce S.r.l","url":"https:\/\/sic-lime.com\/fr\/","logo":{"@type":"ImageObject","inLanguage":"fr-FR","@id":"https:\/\/sic-lime.com\/fr\/#\/schema\/logo\/image\/","url":"https:\/\/sic-lime.com\/wp-content\/uploads\/2021\/10\/logo-rosso-nero.png","contentUrl":"https:\/\/sic-lime.com\/wp-content\/uploads\/2021\/10\/logo-rosso-nero.png","width":685,"height":393,"caption":"SIC - Societ\u00e0 Impianti Calce S.r.l"},"image":{"@id":"https:\/\/sic-lime.com\/fr\/#\/schema\/logo\/image\/"},"sameAs":["https:\/\/www.facebook.com\/SIC-Lime-Plants-and-Machines-Societ-Impianti-Calce-1667391000056560\/","https:\/\/www.linkedin.com\/company\/societ-impianti-calce-srl\/"]}]}},"_links":{"self":[{"href":"https:\/\/sic-lime.com\/fr\/wp-json\/wp\/v2\/pages\/3299","targetHints":{"allow":["GET"]}}],"collection":[{"href":"https:\/\/sic-lime.com\/fr\/wp-json\/wp\/v2\/pages"}],"about":[{"href":"https:\/\/sic-lime.com\/fr\/wp-json\/wp\/v2\/types\/page"}],"author":[{"embeddable":true,"href":"https:\/\/sic-lime.com\/fr\/wp-json\/wp\/v2\/users\/1"}],"replies":[{"embeddable":true,"href":"https:\/\/sic-lime.com\/fr\/wp-json\/wp\/v2\/comments?post=3299"}],"version-history":[{"count":1,"href":"https:\/\/sic-lime.com\/fr\/wp-json\/wp\/v2\/pages\/3299\/revisions"}],"predecessor-version":[{"id":5910,"href":"https:\/\/sic-lime.com\/fr\/wp-json\/wp\/v2\/pages\/3299\/revisions\/5910"}],"up":[{"embeddable":true,"href":"https:\/\/sic-lime.com\/fr\/wp-json\/wp\/v2\/pages\/3289"}],"wp:attachment":[{"href":"https:\/\/sic-lime.com\/fr\/wp-json\/wp\/v2\/media?parent=3299"}],"curies":[{"name":"wp","href":"https:\/\/api.w.org\/{rel}","templated":true}]}}